{"id":1867,"date":"2019-08-05T18:23:19","date_gmt":"2019-08-05T18:23:19","guid":{"rendered":"http:\/\/niapurenature.com\/?page_id=1867"},"modified":"2024-05-06T00:01:50","modified_gmt":"2024-05-06T04:01:50","slug":"about-moringa","status":"publish","type":"page","link":"https:\/\/niapurenature.com\/fr\/about-us\/about-moringa","title":{"rendered":"\u00c0 propos du moringa"},"content":{"rendered":"\t\t<div data-elementor-type=\"wp-post\" data-elementor-id=\"1867\" class=\"elementor elementor-1867 elementor-1385\" data-elementor-post-type=\"page\">\n\t\t\t\t\t\t<section class=\"elementor-section elementor-top-section elementor-element elementor-element-3249c1b4 elementor-section-boxed elementor-section-height-default elementor-section-height-default\" data-id=\"3249c1b4\" data-element_type=\"section\" data-e-type=\"section\">\n\t\t\t\t\t\t<div class=\"elementor-container elementor-column-gap-default\">\n\t\t\t\t\t<div class=\"elementor-column elementor-col-100 elementor-top-column elementor-element elementor-element-798d355a\" data-id=\"798d355a\" data-element_type=\"column\" data-e-type=\"column\">\n\t\t\t<div class=\"elementor-widget-wrap elementor-element-populated\">\n\t\t\t\t\t\t<div class=\"elementor-element elementor-element-ba2c577 elementor-widget elementor-widget-heading\" data-id=\"ba2c577\" data-element_type=\"widget\" data-e-type=\"widget\" data-widget_type=\"heading.default\">\n\t\t\t\t<div class=\"elementor-widget-container\">\n\t\t\t\t\t<h2 class=\"elementor-heading-title elementor-size-default\">Moringa Ol\u00e9ifera - L'arbre miracle<\/h2>\t\t\t\t<\/div>\n\t\t\t\t<\/div>\n\t\t\t\t<div class=\"elementor-element elementor-element-4d15674 elementor-widget elementor-widget-image\" data-id=\"4d15674\" data-element_type=\"widget\" data-e-type=\"widget\" data-widget_type=\"image.default\">\n\t\t\t\t<div class=\"elementor-widget-container\">\n\t\t\t\t\t\t\t\t\t\t\t\t\t\t\t<img fetchpriority=\"high\" decoding=\"async\" width=\"339\" height=\"339\" src=\"https:\/\/i0.wp.com\/niapurenature.com\/wp-content\/uploads\/2019\/07\/moringa-tree-nia.png?fit=339%2C339&amp;ssl=1\" class=\"attachment-large size-large wp-image-1390\" alt=\"\" srcset=\"https:\/\/i0.wp.com\/niapurenature.com\/wp-content\/uploads\/2019\/07\/moringa-tree-nia.png?resize=300%2C300&amp;ssl=1 300w, https:\/\/i0.wp.com\/niapurenature.com\/wp-content\/uploads\/2019\/07\/moringa-tree-nia.png?resize=100%2C100&amp;ssl=1 100w\" sizes=\"(max-width: 339px) 100vw, 339px\" \/>\t\t\t\t\t\t\t\t\t\t\t\t\t\t\t<\/div>\n\t\t\t\t<\/div>\n\t\t\t\t<div class=\"elementor-element elementor-element-6753904e elementor-widget elementor-widget-text-editor\" data-id=\"6753904e\" data-element_type=\"widget\" data-e-type=\"widget\" data-widget_type=\"text-editor.default\">\n\t\t\t\t<div class=\"elementor-widget-container\">\n\t\t\t\t\t\t\t\t\t<p>Le Moringa Oleifera (Moringa) est un arbre originaire de l&rsquo;Asie et de l&rsquo;Afrique, qui est maintenant bien distribu\u00e9 dans les r\u00e9gions semi-arides, tropicales et subtropicales de notre plan\u00e8te. Depuis des temps imm\u00e9moriaux, le Moringa est connu pour offrir une gamme impressionnante d&rsquo;utilisations m\u00e9dicinales et \u00e9tait d&rsquo;une grande valeur nutritive pour les civilisations anciennes. Le syst\u00e8me m\u00e9dical Unani l\u2019a recommand\u00e9 ainsi que l\u2019ancien syst\u00e8me m\u00e9dical ayurv\u00e9dique qui l&rsquo;a appel\u00e9\u00a0 \u00abl\u2019arbre qui peut gu\u00e9rir 300 maladies\u00bb.<\/p><p>Moringa a beaucoup de noms en fonction des r\u00e9gions. De nos jours, il est commun\u00e9ment appel\u00e9 \u00abl&rsquo;arbre miracle\u00bb et \u00abl&rsquo;arbre de vie\u00bb, \u00abmalunggay\u00bb (en inde), \u00abarbre ail\u00e9\u00bb, \u00abpois quenique\u00bb et \u00abbenzolive\u00bb.<\/p><p>Les Africains ont honor\u00e9 l\u2019arbre de Moringa avec des noms qui se traduisent par \u00abNebedie (meurt jamais)\u00bb et \u00abLe seul arbre qui pousse \u00e0 la saison s\u00e8che\u00bb, \u00abArbre \u00e0 vitamines\u00bb et \u00abLait de m\u00e8re\u00bb car les m\u00e8res allaitante qui consomme le moringa fournissent du lait nutritif en abondance \u00e0 ses nourrissants.<\/p><p>Le Moringa fournit une nutrition compl\u00e8te, mais aussi sert de d\u00e9toxifiant et d\u2019\u00e9nergisant hors paire.<\/p>\t\t\t\t\t\t\t\t<\/div>\n\t\t\t\t<\/div>\n\t\t\t\t<div class=\"elementor-element elementor-element-690bf76 elementor-widget elementor-widget-text-editor\" data-id=\"690bf76\" data-element_type=\"widget\" data-e-type=\"widget\" data-widget_type=\"text-editor.default\">\n\t\t\t\t<div class=\"elementor-widget-container\">\n\t\t\t\t\t\t\t\t\t<p><img decoding=\"async\" data-recalc-dims=\"1\" class=\"alignnone size-full wp-image-2853\" src=\"https:\/\/i0.wp.com\/niapurenature.com\/wp-content\/uploads\/2019\/10\/Kick-start-your-day.-French-MOBILE-headerpdf.jpg?resize=800%2C400\" alt=\"\" width=\"800\" height=\"400\" srcset=\"https:\/\/i0.wp.com\/niapurenature.com\/wp-content\/uploads\/2019\/10\/Kick-start-your-day.-French-MOBILE-headerpdf.jpg?w=800&amp;ssl=1 800w, https:\/\/i0.wp.com\/niapurenature.com\/wp-content\/uploads\/2019\/10\/Kick-start-your-day.-French-MOBILE-headerpdf.jpg?resize=600%2C300&amp;ssl=1 600w\" sizes=\"(max-width: 800px) 100vw, 800px\" \/><\/p>\t\t\t\t\t\t\t\t<\/div>\n\t\t\t\t<\/div>\n\t\t\t\t<div class=\"elementor-element elementor-element-424907f elementor-widget elementor-widget-heading\" data-id=\"424907f\" data-element_type=\"widget\" data-e-type=\"widget\" data-widget_type=\"heading.default\">\n\t\t\t\t<div class=\"elementor-widget-container\">\n\t\t\t\t\t<h3 class=\"elementor-heading-title elementor-size-default\">Quelle est la particularit\u00e9 du Moringa de Nia Pure Nature?<\/h3>\t\t\t\t<\/div>\n\t\t\t\t<\/div>\n\t\t\t\t<div class=\"elementor-element elementor-element-9955f40 elementor-widget elementor-widget-text-editor\" data-id=\"9955f40\" data-element_type=\"widget\" data-e-type=\"widget\" data-widget_type=\"text-editor.default\">\n\t\t\t\t<div class=\"elementor-widget-container\">\n\t\t\t\t\t\t\t\t\t<p><img decoding=\"async\" data-recalc-dims=\"1\" class=\"wp-image-1184 alignleft\" src=\"https:\/\/i0.wp.com\/niapurenature.com\/wp-content\/uploads\/2019\/07\/Moringa-powder-ENGLISH-brochure-front.-May-26-2017.jpg?resize=219%2C207\" alt=\"\" width=\"219\" height=\"207\" \/>Les feuilles de <a href=\"https:\/\/niapurenature.com\/fr\/boutique\/page\/2\/\">Moringa de Nia Pure Nature<\/a> sont r\u00e9colt\u00e9es \u00e0 partir d\u2019arbres issus de l\u2019agriculture biologique en Inde. Les feuilles jeunes et tendres sont s\u00e9lectionn\u00e9es, tri\u00e9es et lyophilis\u00e9es pour maintenir au maximum leur valeur nutritive. Les feuilles sont ensuite broy\u00e9es pour donner une fine poudre \u00e0 l\u2019\u00e9tat pur. Notre poudre de feuilles de Moringa a conserv\u00e9 sa couleur vert vif et sa saveur fra\u00eeche qui est d\u00e9crite comme similaire aux \u00e9pinards. C\u2019est une source riche de fibres, de prot\u00e9ines, de vitamines et de min\u00e9raux.<\/p>\t\t\t\t\t\t\t\t<\/div>\n\t\t\t\t<\/div>\n\t\t\t\t<div class=\"elementor-element elementor-element-818438d elementor-widget elementor-widget-heading\" data-id=\"818438d\" data-element_type=\"widget\" data-e-type=\"widget\" data-widget_type=\"heading.default\">\n\t\t\t\t<div class=\"elementor-widget-container\">\n\t\t\t\t\t<h3 class=\"elementor-heading-title elementor-size-default\">Combien de Moringa faut-il prendre?<\/h3>\t\t\t\t<\/div>\n\t\t\t\t<\/div>\n\t\t\t\t<div class=\"elementor-element elementor-element-49bb4ac elementor-widget elementor-widget-text-editor\" data-id=\"49bb4ac\" data-element_type=\"widget\" data-e-type=\"widget\" data-widget_type=\"text-editor.default\">\n\t\t\t\t<div class=\"elementor-widget-container\">\n\t\t\t\t\t\t\t\t\t<p>Prenez une demi-cuill\u00e8re \u00e0 caf\u00e9 une fois par jour avec de la nourriture.<\/p>\t\t\t\t\t\t\t\t<\/div>\n\t\t\t\t<\/div>\n\t\t\t\t\t<\/div>\n\t\t<\/div>\n\t\t\t\t\t<\/div>\n\t\t<\/section>\n\t\t\t\t<\/div>\n\t\t","protected":false},"excerpt":{"rendered":"<p>Moringa Ol\u00e9ifera &#8211; L&rsquo;arbre miracle Le Moringa Oleifera (Moringa) est un arbre originaire de l&rsquo;Asie et de l&rsquo;Afrique, qui est maintenant bien distribu\u00e9 dans les r\u00e9gions semi-arides, tropicales et subtropicales [&hellip;]<\/p>\n","protected":false},"author":3,"featured_media":1391,"parent":1874,"menu_order":0,"comment_status":"closed","ping_status":"closed","template":"","meta":{"om_disable_all_campaigns":false,"_monsterinsights_skip_tracking":false,"_monsterinsights_sitenote_active":false,"_monsterinsights_sitenote_note":"","_monsterinsights_sitenote_category":0,"site-sidebar-layout":"right-sidebar","site-content-layout":"plain-container","ast-site-content-layout":"default","site-content-style":"default","site-sidebar-style":"default","ast-global-header-display":"","ast-banner-title-visibility":"","ast-main-header-display":"","ast-hfb-above-header-display":"","ast-hfb-below-header-display":"","ast-hfb-mobile-header-display":"","site-post-title":"disabled","ast-breadcrumbs-content":"","ast-featured-img":"disabled","footer-sml-layout":"","ast-disable-related-posts":"","theme-transparent-header-meta":"default","adv-header-id-meta":"","stick-header-meta":"","header-above-stick-meta":"","header-main-stick-meta":"","header-below-stick-meta":"","astra-migrate-meta-layouts":"default","ast-page-background-enabled":"default","ast-page-background-meta":{"desktop":{"background-color":"","background-image":"","background-repeat":"repeat","background-position":"center center","background-size":"auto","background-attachment":"scroll","background-type":"","background-media":"","overlay-type":"","overlay-color":"","overlay-opacity":"","overlay-gradient":""},"tablet":{"background-color":"","background-image":"","background-repeat":"repeat","background-position":"center center","background-size":"auto","background-attachment":"scroll","background-type":"","background-media":"","overlay-type":"","overlay-color":"","overlay-opacity":"","overlay-gradient":""},"mobile":{"background-color":"","background-image":"","background-repeat":"repeat","background-position":"center center","background-size":"auto","background-attachment":"scroll","background-type":"","background-media":"","overlay-type":"","overlay-color":"","overlay-opacity":"","overlay-gradient":""}},"ast-content-background-meta":{"desktop":{"background-color":"var(--ast-global-color-5)","background-image":"","background-repeat":"repeat","background-position":"center center","background-size":"auto","background-attachment":"scroll","background-type":"","background-media":"","overlay-type":"","overlay-color":"","overlay-opacity":"","overlay-gradient":""},"tablet":{"background-color":"var(--ast-global-color-5)","background-image":"","background-repeat":"repeat","background-position":"center center","background-size":"auto","background-attachment":"scroll","background-type":"","background-media":"","overlay-type":"","overlay-color":"","overlay-opacity":"","overlay-gradient":""},"mobile":{"background-color":"var(--ast-global-color-5)","background-image":"","background-repeat":"repeat","background-position":"center center","background-size":"auto","background-attachment":"scroll","background-type":"","background-media":"","overlay-type":"","overlay-color":"","overlay-opacity":"","overlay-gradient":""}},"footnotes":""},"class_list":["post-1867","page","type-page","status-publish","has-post-thumbnail","hentry"],"aioseo_notices":[],"jetpack-related-posts":[],"jetpack_sharing_enabled":true,"_links":{"self":[{"href":"https:\/\/niapurenature.com\/fr\/wp-json\/wp\/v2\/pages\/1867","targetHints":{"allow":["GET"]}}],"collection":[{"href":"https:\/\/niapurenature.com\/fr\/wp-json\/wp\/v2\/pages"}],"about":[{"href":"https:\/\/niapurenature.com\/fr\/wp-json\/wp\/v2\/types\/page"}],"author":[{"embeddable":true,"href":"https:\/\/niapurenature.com\/fr\/wp-json\/wp\/v2\/users\/3"}],"replies":[{"embeddable":true,"href":"https:\/\/niapurenature.com\/fr\/wp-json\/wp\/v2\/comments?post=1867"}],"version-history":[{"count":9,"href":"https:\/\/niapurenature.com\/fr\/wp-json\/wp\/v2\/pages\/1867\/revisions"}],"predecessor-version":[{"id":12810,"href":"https:\/\/niapurenature.com\/fr\/wp-json\/wp\/v2\/pages\/1867\/revisions\/12810"}],"up":[{"embeddable":true,"href":"https:\/\/niapurenature.com\/fr\/wp-json\/wp\/v2\/pages\/1874"}],"wp:featuredmedia":[{"embeddable":true,"href":"https:\/\/niapurenature.com\/fr\/wp-json\/wp\/v2\/media\/1391"}],"wp:attachment":[{"href":"https:\/\/niapurenature.com\/fr\/wp-json\/wp\/v2\/media?parent=1867"}],"curies":[{"name":"wp","href":"https:\/\/api.w.org\/{rel}","templated":true}]}}