{"id":1874,"date":"2018-01-03T07:04:47","date_gmt":"2018-01-03T07:04:47","guid":{"rendered":"http:\/\/niapurenature.com\/about-us\/"},"modified":"2019-09-20T22:13:38","modified_gmt":"2019-09-20T22:13:38","slug":"about-us","status":"publish","type":"page","link":"https:\/\/niapurenature.com\/fr\/about-us","title":{"rendered":"\u00c0 propos de NIA"},"content":{"rendered":"\t\t<div data-elementor-type=\"wp-post\" data-elementor-id=\"1874\" class=\"elementor elementor-1874 elementor-238\" data-elementor-post-type=\"page\">\n\t\t\t\t\t\t<section class=\"elementor-section elementor-top-section elementor-element elementor-element-71607002 elementor-section-boxed elementor-section-height-default elementor-section-height-default\" data-id=\"71607002\" data-element_type=\"section\" data-e-type=\"section\">\n\t\t\t\t\t\t<div class=\"elementor-container elementor-column-gap-default\">\n\t\t\t\t\t<div class=\"elementor-column elementor-col-100 elementor-top-column elementor-element elementor-element-289b059d\" data-id=\"289b059d\" data-element_type=\"column\" data-e-type=\"column\">\n\t\t\t<div class=\"elementor-widget-wrap elementor-element-populated\">\n\t\t\t\t\t\t<div class=\"elementor-element elementor-element-54a2d7f5 elementor-widget elementor-widget-text-editor\" data-id=\"54a2d7f5\" data-element_type=\"widget\" data-e-type=\"widget\" data-widget_type=\"text-editor.default\">\n\t\t\t\t<div class=\"elementor-widget-container\">\n\t\t\t\t\t\t\t\t\t<p>Nia Pure Nature a \u00e9t\u00e9 cr\u00e9\u00e9e dans le but de toujours nous engager \u00e0 offrir des produits de sant\u00e9 de qualit\u00e9 sup\u00e9rieur qui profitent aux utilisateurs, aux agriculteurs et \u00e0 notre plan\u00e8te. Nous vous proposons des produits biologiques, 100% purement naturels et \u00e9cologiques, tels que le superaliment Moringa Oleifera, les d\u00e9licieux latt\u00e9s au curcuma et les produits uniques de soin de la peau.<\/p><h6><img fetchpriority=\"high\" decoding=\"async\" data-recalc-dims=\"1\" class=\"size-medium wp-image-2677 alignleft\" src=\"https:\/\/i0.wp.com\/niapurenature.com\/wp-content\/uploads\/2019\/09\/Amina-5-243x300.jpg?resize=243%2C300\" alt=\"\" width=\"243\" height=\"300\" \/>\u00abEn 2013, apr\u00e8s avoir vu trois membres de ma famille proche succomb\u00e9s d&rsquo;un cancer, je suis devenu motiv\u00e9 par une mission et j&rsquo;ai fond\u00e9 Nia Pure Nature afin de pr\u00e9senter au peuple canadien le moringa de qualit\u00e9 sup\u00e9rieure issu des sols purement \u00e9cologiques des sous-r\u00e9gions himalayennes de l&rsquo;Inde. Ma mission \u00e9tait et reste toujours d\u2019informer les gens des avantages pour la sant\u00e9 de bien vivre avec un r\u00e9gime comprenant des aliments sains et non transform\u00e9s et des plantes enti\u00e8res. En tant qu&rsquo;\u00e9valuatrice scientifique travaillant pour Sant\u00e9 Canada, je connaissais les vitamines artificielles et les effets n\u00e9fastes des aliments transform\u00e9s sur la sant\u00e9. Maintenant, en tant que m\u00e8re de quatre beaux enfants \u00e0 la croissance rapide et actifs (\u00e2g\u00e9s de 10 \u00e0 18 ans), je compte d\u00e9sormais sur des aliments complets et tr\u00e8s nutritifs, tels que le Moringa, la groseille \u00e0 maquereau et le curcuma. Cette combinaison de vitamines des superaliments am\u00e9liore la qualit\u00e9 de nos aliments quotidiens, nous fournit de l\u2019\u00e9nergie, nous maintient dans le calme (y compris les sautes d\u2019humeur de mes adolescentes) et renforce notre syst\u00e8me immunitaire. \u00a0\u00bb <em>Amina Badar, foundatrice, chimiste\/ toxicologue et pr\u00e9sidente<\/em><\/h6><p>Notre objectif principal est de fournir et de nous concentrer sur des produits vraiment naturels et biologiques qui sont recherch\u00e9s pour leur qualit\u00e9, cr\u00e9\u00e9s et approuv\u00e9s par la nature.<\/p><p>Chez Nia Pure Nature, on promeut de bonnes habitudes de sant\u00e9 et nous donnons des conseils \u00e0 travers nos blog. Nous tenons \u00e0 contribuer \u00e0 la sant\u00e9 et au bien-\u00eatre de la communaut\u00e9 locale, mais aussi \u00e0 aider \u00e0 att\u00e9nuer la pauvret\u00e9 et la malnutrition dans les zones les plus pauvres de notre plan\u00e8te en plantant un arbre Moringa pour chaque achat.<\/p><p>Notre moringa et nos autres ingr\u00e9dients sont cultiv\u00e9s selon des pratiques agricoles non seulement conformes aux normes de l&rsquo;agriculture biologique, mais vont au-del\u00e0: r\u00e9g\u00e9n\u00e9rer les sols, prot\u00e9ger la biodiversit\u00e9 et \u00eatre pleinement \u00e9thiques et durables.<\/p><p>Nia Pure nature est la marque pour ceux qui savent que les produits qu\u2019ils consomment ou mettent sur leur peau auront un impact sur leur sant\u00e9 et se retrouveront aussi dans leur approvisionnement en eau et dans leur environnement. Donc, c\u2019est la marque pour ceux qui veulent non seulement que leurs produits de sant\u00e9 et de beaut\u00e9 soient respectueux de l\u2019environnement, mais aussi qu\u2019ils aient des bienfaits sur leur sant\u00e9.<\/p><p>Nous nous engageons \u00e0 servir nos clients avec honn\u00eatet\u00e9, avec la plus grande courtoisie et la meilleure satisfaction possible.<\/p>\t\t\t\t\t\t\t\t<\/div>\n\t\t\t\t<\/div>\n\t\t\t\t<div class=\"elementor-element elementor-element-c59821c elementor-widget-divider--view-line elementor-widget elementor-widget-divider\" data-id=\"c59821c\" data-element_type=\"widget\" data-e-type=\"widget\" data-widget_type=\"divider.default\">\n\t\t\t\t<div class=\"elementor-widget-container\">\n\t\t\t\t\t\t\t<div class=\"elementor-divider\">\n\t\t\t<span class=\"elementor-divider-separator\">\n\t\t\t\t\t\t<\/span>\n\t\t<\/div>\n\t\t\t\t\t\t<\/div>\n\t\t\t\t<\/div>\n\t\t\t\t\t<\/div>\n\t\t<\/div>\n\t\t\t\t\t<\/div>\n\t\t<\/section>\n\t\t\t\t<section class=\"elementor-section elementor-top-section elementor-element elementor-element-295f1f3 elementor-section-content-middle elementor-section-boxed elementor-section-height-default elementor-section-height-default\" data-id=\"295f1f3\" data-element_type=\"section\" data-e-type=\"section\" id=\"biologique\">\n\t\t\t\t\t\t<div class=\"elementor-container elementor-column-gap-default\">\n\t\t\t\t\t<div class=\"elementor-column elementor-col-50 elementor-top-column elementor-element elementor-element-cf7b0f9\" data-id=\"cf7b0f9\" data-element_type=\"column\" data-e-type=\"column\">\n\t\t\t<div class=\"elementor-widget-wrap elementor-element-populated\">\n\t\t\t\t\t\t<div class=\"elementor-element elementor-element-d3e8b14 elementor-position-top elementor-widget elementor-widget-image-box\" data-id=\"d3e8b14\" data-element_type=\"widget\" data-e-type=\"widget\" data-widget_type=\"image-box.default\">\n\t\t\t\t<div class=\"elementor-widget-container\">\n\t\t\t\t\t<div class=\"elementor-image-box-wrapper\"><figure class=\"elementor-image-box-img\"><img decoding=\"async\" width=\"150\" height=\"150\" src=\"https:\/\/i0.wp.com\/niapurenature.com\/wp-content\/uploads\/2019\/08\/organic-150.png?fit=150%2C150&amp;ssl=1\" class=\"attachment-full size-full wp-image-2103\" alt=\"\" srcset=\"https:\/\/i0.wp.com\/niapurenature.com\/wp-content\/uploads\/2019\/08\/organic-150.png?w=150&amp;ssl=1 150w, https:\/\/i0.wp.com\/niapurenature.com\/wp-content\/uploads\/2019\/08\/organic-150.png?resize=100%2C100&amp;ssl=1 100w\" sizes=\"(max-width: 150px) 100vw, 150px\" \/><\/figure><div class=\"elementor-image-box-content\"><h3 class=\"elementor-image-box-title\">Biologique<\/h3><\/div><\/div>\t\t\t\t<\/div>\n\t\t\t\t<\/div>\n\t\t\t\t\t<\/div>\n\t\t<\/div>\n\t\t\t\t<div class=\"elementor-column elementor-col-50 elementor-top-column elementor-element elementor-element-78c0874\" data-id=\"78c0874\" data-element_type=\"column\" data-e-type=\"column\">\n\t\t\t<div class=\"elementor-widget-wrap elementor-element-populated\">\n\t\t\t\t\t\t<div class=\"elementor-element elementor-element-3ac706d elementor-widget elementor-widget-text-editor\" data-id=\"3ac706d\" data-element_type=\"widget\" data-e-type=\"widget\" data-widget_type=\"text-editor.default\">\n\t\t\t\t<div class=\"elementor-widget-container\">\n\t\t\t\t\t\t\t\t\t<p>Notre engagement est de mettre l&rsquo;accent sur des ingr\u00e9dients 100% naturels et biologiques dans nos produits. Nos m\u00e9thodes de d\u00e9shydratation garantissent que nos ingr\u00e9dients \u00e0 base de plantes conservent leur puissance maximale pour fournir des produits de la plus haute qualit\u00e9 disponible sur le march\u00e9.<\/p>\t\t\t\t\t\t\t\t<\/div>\n\t\t\t\t<\/div>\n\t\t\t\t\t<\/div>\n\t\t<\/div>\n\t\t\t\t\t<\/div>\n\t\t<\/section>\n\t\t\t\t<section class=\"elementor-section elementor-top-section elementor-element elementor-element-ec46a0c elementor-section-content-middle elementor-section-boxed elementor-section-height-default elementor-section-height-default\" data-id=\"ec46a0c\" data-element_type=\"section\" data-e-type=\"section\" id=\"durable\">\n\t\t\t\t\t\t<div class=\"elementor-container elementor-column-gap-default\">\n\t\t\t\t\t<div class=\"elementor-column elementor-col-50 elementor-top-column elementor-element elementor-element-6e1a7f6\" data-id=\"6e1a7f6\" data-element_type=\"column\" data-e-type=\"column\">\n\t\t\t<div class=\"elementor-widget-wrap elementor-element-populated\">\n\t\t\t\t\t\t<div class=\"elementor-element elementor-element-30373667 elementor-position-top elementor-widget elementor-widget-image-box\" data-id=\"30373667\" data-element_type=\"widget\" data-e-type=\"widget\" data-widget_type=\"image-box.default\">\n\t\t\t\t<div class=\"elementor-widget-container\">\n\t\t\t\t\t<div class=\"elementor-image-box-wrapper\"><figure class=\"elementor-image-box-img\"><img decoding=\"async\" width=\"150\" height=\"150\" src=\"https:\/\/i0.wp.com\/niapurenature.com\/wp-content\/uploads\/2019\/08\/sustainable-150.png?fit=150%2C150&amp;ssl=1\" class=\"attachment-full size-full wp-image-2105\" alt=\"\" srcset=\"https:\/\/i0.wp.com\/niapurenature.com\/wp-content\/uploads\/2019\/08\/sustainable-150.png?w=150&amp;ssl=1 150w, https:\/\/i0.wp.com\/niapurenature.com\/wp-content\/uploads\/2019\/08\/sustainable-150.png?resize=100%2C100&amp;ssl=1 100w\" sizes=\"(max-width: 150px) 100vw, 150px\" \/><\/figure><div class=\"elementor-image-box-content\"><h3 class=\"elementor-image-box-title\">Durable<\/h3><\/div><\/div>\t\t\t\t<\/div>\n\t\t\t\t<\/div>\n\t\t\t\t\t<\/div>\n\t\t<\/div>\n\t\t\t\t<div class=\"elementor-column elementor-col-50 elementor-top-column elementor-element elementor-element-20a0552\" data-id=\"20a0552\" data-element_type=\"column\" data-e-type=\"column\">\n\t\t\t<div class=\"elementor-widget-wrap elementor-element-populated\">\n\t\t\t\t\t\t<div class=\"elementor-element elementor-element-209067b elementor-widget elementor-widget-text-editor\" data-id=\"209067b\" data-element_type=\"widget\" data-e-type=\"widget\" data-widget_type=\"text-editor.default\">\n\t\t\t\t<div class=\"elementor-widget-container\">\n\t\t\t\t\t\t\t\t\t<div>En achetant directement aux familles d&rsquo;agriculteurs, nous sommes en mesure de les soutenir avec un revenu durable tout en am\u00e9liorant et en pr\u00e9servant leur sant\u00e9 et leur environnement naturel.<\/div>\t\t\t\t\t\t\t\t<\/div>\n\t\t\t\t<\/div>\n\t\t\t\t\t<\/div>\n\t\t<\/div>\n\t\t\t\t\t<\/div>\n\t\t<\/section>\n\t\t\t\t<section class=\"elementor-section elementor-top-section elementor-element elementor-element-28a1d39 elementor-section-content-middle elementor-section-boxed elementor-section-height-default elementor-section-height-default\" data-id=\"28a1d39\" data-element_type=\"section\" data-e-type=\"section\" id=\"fairtrade\">\n\t\t\t\t\t\t<div class=\"elementor-container elementor-column-gap-default\">\n\t\t\t\t\t<div class=\"elementor-column elementor-col-50 elementor-top-column elementor-element elementor-element-0dd12d0\" data-id=\"0dd12d0\" data-element_type=\"column\" data-e-type=\"column\">\n\t\t\t<div class=\"elementor-widget-wrap elementor-element-populated\">\n\t\t\t\t\t\t<div class=\"elementor-element elementor-element-40a9f6ce elementor-position-top elementor-widget elementor-widget-image-box\" data-id=\"40a9f6ce\" data-element_type=\"widget\" data-e-type=\"widget\" data-widget_type=\"image-box.default\">\n\t\t\t\t<div class=\"elementor-widget-container\">\n\t\t\t\t\t<div class=\"elementor-image-box-wrapper\"><figure class=\"elementor-image-box-img\"><img loading=\"lazy\" decoding=\"async\" width=\"150\" height=\"150\" src=\"https:\/\/i0.wp.com\/niapurenature.com\/wp-content\/uploads\/2019\/08\/fairtrade-150.png?fit=150%2C150&amp;ssl=1\" class=\"attachment-full size-full wp-image-2095\" alt=\"\" srcset=\"https:\/\/i0.wp.com\/niapurenature.com\/wp-content\/uploads\/2019\/08\/fairtrade-150.png?w=150&amp;ssl=1 150w, https:\/\/i0.wp.com\/niapurenature.com\/wp-content\/uploads\/2019\/08\/fairtrade-150.png?resize=100%2C100&amp;ssl=1 100w\" sizes=\"(max-width: 150px) 100vw, 150px\" \/><\/figure><div class=\"elementor-image-box-content\"><h3 class=\"elementor-image-box-title\">Commerce \u00e9quitable<\/h3><\/div><\/div>\t\t\t\t<\/div>\n\t\t\t\t<\/div>\n\t\t\t\t\t<\/div>\n\t\t<\/div>\n\t\t\t\t<div class=\"elementor-column elementor-col-50 elementor-top-column elementor-element elementor-element-8b27f40\" data-id=\"8b27f40\" data-element_type=\"column\" data-e-type=\"column\">\n\t\t\t<div class=\"elementor-widget-wrap elementor-element-populated\">\n\t\t\t\t\t\t<div class=\"elementor-element elementor-element-e22d17d elementor-widget elementor-widget-text-editor\" data-id=\"e22d17d\" data-element_type=\"widget\" data-e-type=\"widget\" data-widget_type=\"text-editor.default\">\n\t\t\t\t<div class=\"elementor-widget-container\">\n\t\t\t\t\t\t\t\t\t<p>Nous sommes fiers d\u2019avoir une relation directe avec les agriculteurs qui cultivent et fournissent nos ingr\u00e9dients botaniques. Cela rev\u00eat une grande importance pour nous, car cela permet aux agriculteurs de tirer pleinement parti de leurs cultures tout en \u00e9vitant toute d\u00e9gradation de l\u2019environnement et tout traitement inappropri\u00e9 de nos ingr\u00e9dients.<\/p>\t\t\t\t\t\t\t\t<\/div>\n\t\t\t\t<\/div>\n\t\t\t\t\t<\/div>\n\t\t<\/div>\n\t\t\t\t\t<\/div>\n\t\t<\/section>\n\t\t\t\t<section class=\"elementor-section elementor-top-section elementor-element elementor-element-ccb3b7c elementor-section-content-middle elementor-section-boxed elementor-section-height-default elementor-section-height-default\" data-id=\"ccb3b7c\" data-element_type=\"section\" data-e-type=\"section\" id=\"crueltyfree\">\n\t\t\t\t\t\t<div class=\"elementor-container elementor-column-gap-default\">\n\t\t\t\t\t<div class=\"elementor-column elementor-col-50 elementor-top-column elementor-element elementor-element-57b21c7\" data-id=\"57b21c7\" data-element_type=\"column\" data-e-type=\"column\">\n\t\t\t<div class=\"elementor-widget-wrap elementor-element-populated\">\n\t\t\t\t\t\t<div class=\"elementor-element elementor-element-581da68f elementor-position-top elementor-widget elementor-widget-image-box\" data-id=\"581da68f\" data-element_type=\"widget\" data-e-type=\"widget\" data-widget_type=\"image-box.default\">\n\t\t\t\t<div class=\"elementor-widget-container\">\n\t\t\t\t\t<div class=\"elementor-image-box-wrapper\"><figure class=\"elementor-image-box-img\"><img loading=\"lazy\" decoding=\"async\" width=\"150\" height=\"150\" src=\"https:\/\/i0.wp.com\/niapurenature.com\/wp-content\/uploads\/2019\/08\/no-animal-testing-150.png?fit=150%2C150&amp;ssl=1\" class=\"attachment-full size-full wp-image-2099\" alt=\"\" srcset=\"https:\/\/i0.wp.com\/niapurenature.com\/wp-content\/uploads\/2019\/08\/no-animal-testing-150.png?w=150&amp;ssl=1 150w, https:\/\/i0.wp.com\/niapurenature.com\/wp-content\/uploads\/2019\/08\/no-animal-testing-150.png?resize=100%2C100&amp;ssl=1 100w\" sizes=\"(max-width: 150px) 100vw, 150px\" \/><\/figure><div class=\"elementor-image-box-content\"><h3 class=\"elementor-image-box-title\">Sans Cruaut\u00e9<\/h3><\/div><\/div>\t\t\t\t<\/div>\n\t\t\t\t<\/div>\n\t\t\t\t\t<\/div>\n\t\t<\/div>\n\t\t\t\t<div class=\"elementor-column elementor-col-50 elementor-top-column elementor-element elementor-element-009c6e7\" data-id=\"009c6e7\" data-element_type=\"column\" data-e-type=\"column\">\n\t\t\t<div class=\"elementor-widget-wrap elementor-element-populated\">\n\t\t\t\t\t\t<div class=\"elementor-element elementor-element-0897a8c elementor-widget elementor-widget-text-editor\" data-id=\"0897a8c\" data-element_type=\"widget\" data-e-type=\"widget\" data-widget_type=\"text-editor.default\">\n\t\t\t\t<div class=\"elementor-widget-container\">\n\t\t\t\t\t\t\t\t\t<div>Nous utilisons des ingr\u00e9dients botaniques 100% naturels et sans cruaut\u00e9, qui sont v\u00e9g\u00e9taliens, biologiques et sans OGM.<\/div>\t\t\t\t\t\t\t\t<\/div>\n\t\t\t\t<\/div>\n\t\t\t\t\t<\/div>\n\t\t<\/div>\n\t\t\t\t\t<\/div>\n\t\t<\/section>\n\t\t\t\t<\/div>\n\t\t","protected":false},"excerpt":{"rendered":"<p>Nia Pure Nature a &Atilde;&copy;t&Atilde;&copy; cr&Atilde;&copy;&Atilde;&copy;e dans le but de toujours nous engager &Atilde;&nbsp; offrir des produits de sant&Atilde;&copy; de qualit&Atilde;&copy; sup&Atilde;&copy;rieur qui profitent aux utilisateurs, aux agriculteurs et &Atilde;&nbsp; [&hellip;]<\/p>\n","protected":false},"author":6,"featured_media":0,"parent":0,"menu_order":0,"comment_status":"closed","ping_status":"closed","template":"elementor_header_footer","meta":{"om_disable_all_campaigns":false,"_monsterinsights_skip_tracking":false,"_monsterinsights_sitenote_active":false,"_monsterinsights_sitenote_note":"","_monsterinsights_sitenote_category":0,"site-sidebar-layout":"right-sidebar","site-content-layout":"plain-container","ast-site-content-layout":"normal-width-container","site-content-style":"unboxed","site-sidebar-style":"unboxed","ast-global-header-display":"","ast-banner-title-visibility":"","ast-main-header-display":"","ast-hfb-above-header-display":"","ast-hfb-below-header-display":"","ast-hfb-mobile-header-display":"","site-post-title":"disabled","ast-breadcrumbs-content":"","ast-featured-img":"","footer-sml-layout":"","ast-disable-related-posts":"","theme-transparent-header-meta":"default","adv-header-id-meta":"","stick-header-meta":"","header-above-stick-meta":"","header-main-stick-meta":"","header-below-stick-meta":"","astra-migrate-meta-layouts":"default","ast-page-background-enabled":"default","ast-page-background-meta":{"desktop":{"background-color":"","background-image":"","background-repeat":"repeat","background-position":"center center","background-size":"auto","background-attachment":"scroll","background-type":"","background-media":"","overlay-type":"","overlay-color":"","overlay-opacity":"","overlay-gradient":""},"tablet":{"background-color":"","background-image":"","background-repeat":"repeat","background-position":"center center","background-size":"auto","background-attachment":"scroll","background-type":"","background-media":"","overlay-type":"","overlay-color":"","overlay-opacity":"","overlay-gradient":""},"mobile":{"background-color":"","background-image":"","background-repeat":"repeat","background-position":"center center","background-size":"auto","background-attachment":"scroll","background-type":"","background-media":"","overlay-type":"","overlay-color":"","overlay-opacity":"","overlay-gradient":""}},"ast-content-background-meta":{"desktop":{"background-color":"var(--ast-global-color-5)","background-image":"","background-repeat":"repeat","background-position":"center center","background-size":"auto","background-attachment":"scroll","background-type":"","background-media":"","overlay-type":"","overlay-color":"","overlay-opacity":"","overlay-gradient":""},"tablet":{"background-color":"var(--ast-global-color-5)","background-image":"","background-repeat":"repeat","background-position":"center center","background-size":"auto","background-attachment":"scroll","background-type":"","background-media":"","overlay-type":"","overlay-color":"","overlay-opacity":"","overlay-gradient":""},"mobile":{"background-color":"var(--ast-global-color-5)","background-image":"","background-repeat":"repeat","background-position":"center center","background-size":"auto","background-attachment":"scroll","background-type":"","background-media":"","overlay-type":"","overlay-color":"","overlay-opacity":"","overlay-gradient":""}},"footnotes":""},"class_list":["post-1874","page","type-page","status-publish","hentry"],"aioseo_notices":[],"jetpack-related-posts":[],"jetpack_sharing_enabled":true,"_links":{"self":[{"href":"https:\/\/niapurenature.com\/fr\/wp-json\/wp\/v2\/pages\/1874","targetHints":{"allow":["GET"]}}],"collection":[{"href":"https:\/\/niapurenature.com\/fr\/wp-json\/wp\/v2\/pages"}],"about":[{"href":"https:\/\/niapurenature.com\/fr\/wp-json\/wp\/v2\/types\/page"}],"author":[{"embeddable":true,"href":"https:\/\/niapurenature.com\/fr\/wp-json\/wp\/v2\/users\/6"}],"replies":[{"embeddable":true,"href":"https:\/\/niapurenature.com\/fr\/wp-json\/wp\/v2\/comments?post=1874"}],"version-history":[{"count":0,"href":"https:\/\/niapurenature.com\/fr\/wp-json\/wp\/v2\/pages\/1874\/revisions"}],"wp:attachment":[{"href":"https:\/\/niapurenature.com\/fr\/wp-json\/wp\/v2\/media?parent=1874"}],"curies":[{"name":"wp","href":"https:\/\/api.w.org\/{rel}","templated":true}]}}