{"id":1887,"date":"2019-08-05T18:56:55","date_gmt":"2019-08-05T18:56:55","guid":{"rendered":"http:\/\/niapurenature.com\/foire-aux-questions\/"},"modified":"2019-09-20T22:16:59","modified_gmt":"2019-09-20T22:16:59","slug":"foire-aux-questions","status":"publish","type":"page","link":"https:\/\/niapurenature.com\/fr\/about-us\/about-moringa\/foire-aux-questions","title":{"rendered":"Foire aux questions"},"content":{"rendered":"\t\t<div data-elementor-type=\"wp-post\" data-elementor-id=\"1887\" class=\"elementor elementor-1887 elementor-1422\" data-elementor-post-type=\"page\">\n\t\t\t\t\t\t<section class=\"elementor-section elementor-top-section elementor-element elementor-element-d801d1d elementor-section-boxed elementor-section-height-default elementor-section-height-default\" data-id=\"d801d1d\" data-element_type=\"section\" data-e-type=\"section\">\n\t\t\t\t\t\t<div class=\"elementor-container elementor-column-gap-default\">\n\t\t\t\t\t<div class=\"elementor-column elementor-col-100 elementor-top-column elementor-element elementor-element-fad581e\" data-id=\"fad581e\" data-element_type=\"column\" data-e-type=\"column\">\n\t\t\t<div class=\"elementor-widget-wrap elementor-element-populated\">\n\t\t\t\t\t\t<div class=\"elementor-element elementor-element-e6d1178 elementor-widget elementor-widget-accordion\" data-id=\"e6d1178\" data-element_type=\"widget\" data-e-type=\"widget\" data-widget_type=\"accordion.default\">\n\t\t\t\t<div class=\"elementor-widget-container\">\n\t\t\t\t\t\t\t<div class=\"elementor-accordion\">\n\t\t\t\t\t\t\t<div class=\"elementor-accordion-item\">\n\t\t\t\t\t<div id=\"elementor-tab-title-2421\" class=\"elementor-tab-title\" data-tab=\"1\" role=\"button\" aria-controls=\"elementor-tab-content-2421\" aria-expanded=\"false\">\n\t\t\t\t\t\t\t\t\t\t\t\t\t<span class=\"elementor-accordion-icon elementor-accordion-icon-left\" aria-hidden=\"true\">\n\t\t\t\t\t\t\t\t\t\t\t\t\t\t\t<span class=\"elementor-accordion-icon-closed\"><i class=\"fas fa-plus\"><\/i><\/span>\n\t\t\t\t\t\t\t\t<span class=\"elementor-accordion-icon-opened\"><i class=\"fas fa-minus\"><\/i><\/span>\n\t\t\t\t\t\t\t\t\t\t\t\t\t\t<\/span>\n\t\t\t\t\t\t\t\t\t\t\t\t<a class=\"elementor-accordion-title\" tabindex=\"0\">Quel est son go\u00fbt?<\/a>\n\t\t\t\t\t<\/div>\n\t\t\t\t\t<div id=\"elementor-tab-content-2421\" class=\"elementor-tab-content elementor-clearfix\" data-tab=\"1\" role=\"region\" aria-labelledby=\"elementor-tab-title-2421\"><p>La poudre de Moringa a le m\u00eame go\u00fbt que l\u2019agropyre mais contient une saveur plus pouss\u00e9e comme ce que vous obtiendriez lorsque vous mangez un brocoli ou des \u00e9pinards garnis de noix de p\u00e9can. Ceci est d\u00fb au fait que les plantes avec des quantit\u00e9s \u00e9lev\u00e9es de nutriments d\u00e9gagent des phytonutriments. Ce type de nutriments contient suffisamment de saveur pour apporter de la valeur. Avec son contenu nutritif \u00e9lev\u00e9, vous vivrez une exp\u00e9rience douce et apaisante.<\/p><\/div>\n\t\t\t\t<\/div>\n\t\t\t\t\t\t\t<div class=\"elementor-accordion-item\">\n\t\t\t\t\t<div id=\"elementor-tab-title-2422\" class=\"elementor-tab-title\" data-tab=\"2\" role=\"button\" aria-controls=\"elementor-tab-content-2422\" aria-expanded=\"false\">\n\t\t\t\t\t\t\t\t\t\t\t\t\t<span class=\"elementor-accordion-icon elementor-accordion-icon-left\" aria-hidden=\"true\">\n\t\t\t\t\t\t\t\t\t\t\t\t\t\t\t<span class=\"elementor-accordion-icon-closed\"><i class=\"fas fa-plus\"><\/i><\/span>\n\t\t\t\t\t\t\t\t<span class=\"elementor-accordion-icon-opened\"><i class=\"fas fa-minus\"><\/i><\/span>\n\t\t\t\t\t\t\t\t\t\t\t\t\t\t<\/span>\n\t\t\t\t\t\t\t\t\t\t\t\t<a class=\"elementor-accordion-title\" tabindex=\"0\">Comment est ce que je dois utiliser le Moringa?<\/a>\n\t\t\t\t\t<\/div>\n\t\t\t\t\t<div id=\"elementor-tab-content-2422\" class=\"elementor-tab-content elementor-clearfix\" data-tab=\"2\" role=\"region\" aria-labelledby=\"elementor-tab-title-2422\"><p>Vous pouvez ajouter le Moringa dans une grande vari\u00e9t\u00e9 de recettes (voir la brochure de recette) smoothies, jus frais, ou tout simplement utilis\u00e9 comme un asaissonement parfait pour votre repas. Si vous d\u00e9sirez des sauces ou des soupes, vous pouvez les saupoudrer et profiter de la saveur. Si vous \u00eates quelqu\u2019un de presss\u00e9, vous pouvez le m\u00e9langer avec de l\u2019eau et savourer ses qualit\u00e9s nutritives non filtr\u00e9es.<\/p><\/div>\n\t\t\t\t<\/div>\n\t\t\t\t\t\t\t<div class=\"elementor-accordion-item\">\n\t\t\t\t\t<div id=\"elementor-tab-title-2423\" class=\"elementor-tab-title\" data-tab=\"3\" role=\"button\" aria-controls=\"elementor-tab-content-2423\" aria-expanded=\"false\">\n\t\t\t\t\t\t\t\t\t\t\t\t\t<span class=\"elementor-accordion-icon elementor-accordion-icon-left\" aria-hidden=\"true\">\n\t\t\t\t\t\t\t\t\t\t\t\t\t\t\t<span class=\"elementor-accordion-icon-closed\"><i class=\"fas fa-plus\"><\/i><\/span>\n\t\t\t\t\t\t\t\t<span class=\"elementor-accordion-icon-opened\"><i class=\"fas fa-minus\"><\/i><\/span>\n\t\t\t\t\t\t\t\t\t\t\t\t\t\t<\/span>\n\t\t\t\t\t\t\t\t\t\t\t\t<a class=\"elementor-accordion-title\" tabindex=\"0\">Combien est ce que je dois en prendre?<\/a>\n\t\t\t\t\t<\/div>\n\t\t\t\t\t<div id=\"elementor-tab-content-2423\" class=\"elementor-tab-content elementor-clearfix\" data-tab=\"3\" role=\"region\" aria-labelledby=\"elementor-tab-title-2423\"><p>Vous pouvez commencer par un quart (1\/4) d\u2019une cuill\u00e8re \u00e0 caf\u00e9 2 \u00e0 3 fois par jour pendant quelques jours, de pr\u00e9f\u00e9rence avec le petit-d\u00e9jeuner et toujours avec de la nourriture. Apr\u00e8s 3 \u00e0 5 jours, augmentez votre consommation \u00e0 la moiti\u00e9 (1\/2) d\u2019une cuill\u00e8re \u00e0 caf\u00e9 deux fois par jour. Si vous \u00eates tr\u00e8s actif, vous voudrez peut-\u00eatre augmenter progressivement \u00e0 1 cuill\u00e8re \u00e0 caf\u00e9 deux fois par jour. Comme pour tout autre aliment ou suppl\u00e9ment, il est conseill\u00e9 d\u2019augmenter progressivement le dosage.<\/p><\/div>\n\t\t\t\t<\/div>\n\t\t\t\t\t\t\t<div class=\"elementor-accordion-item\">\n\t\t\t\t\t<div id=\"elementor-tab-title-2424\" class=\"elementor-tab-title\" data-tab=\"4\" role=\"button\" aria-controls=\"elementor-tab-content-2424\" aria-expanded=\"false\">\n\t\t\t\t\t\t\t\t\t\t\t\t\t<span class=\"elementor-accordion-icon elementor-accordion-icon-left\" aria-hidden=\"true\">\n\t\t\t\t\t\t\t\t\t\t\t\t\t\t\t<span class=\"elementor-accordion-icon-closed\"><i class=\"fas fa-plus\"><\/i><\/span>\n\t\t\t\t\t\t\t\t<span class=\"elementor-accordion-icon-opened\"><i class=\"fas fa-minus\"><\/i><\/span>\n\t\t\t\t\t\t\t\t\t\t\t\t\t\t<\/span>\n\t\t\t\t\t\t\t\t\t\t\t\t<a class=\"elementor-accordion-title\" tabindex=\"0\">Quels sont les avantages pour la sant\u00e9 du Moringa?<\/a>\n\t\t\t\t\t<\/div>\n\t\t\t\t\t<div id=\"elementor-tab-content-2424\" class=\"elementor-tab-content elementor-clearfix\" data-tab=\"4\" role=\"region\" aria-labelledby=\"elementor-tab-title-2424\"><p>Le Moringa est soutenu par de nombreuses recherches scientifiques approuv\u00e9es. M\u00eame avant l\u2019av\u00e8nement des \u00e9tudes scientifiques, la population de certaines parties du monde mangeaient des feuilles de moringa comme nourriture quotidienne ou comme substance curative. Le Moringa donne de l\u2019\u00e9nergie, d\u00e9toxifie, aide \u00e0 rajeunir les cellules et aide \u00e0 la gu\u00e9rison des beaucoup de maladies. C\u2019est une plante qui a \u00e9t\u00e9 utilis\u00e9e pendant plus de 5000 ans dans la m\u00e9decine Ayurveda et Unani.<\/p><\/div>\n\t\t\t\t<\/div>\n\t\t\t\t\t\t\t<div class=\"elementor-accordion-item\">\n\t\t\t\t\t<div id=\"elementor-tab-title-2425\" class=\"elementor-tab-title\" data-tab=\"5\" role=\"button\" aria-controls=\"elementor-tab-content-2425\" aria-expanded=\"false\">\n\t\t\t\t\t\t\t\t\t\t\t\t\t<span class=\"elementor-accordion-icon elementor-accordion-icon-left\" aria-hidden=\"true\">\n\t\t\t\t\t\t\t\t\t\t\t\t\t\t\t<span class=\"elementor-accordion-icon-closed\"><i class=\"fas fa-plus\"><\/i><\/span>\n\t\t\t\t\t\t\t\t<span class=\"elementor-accordion-icon-opened\"><i class=\"fas fa-minus\"><\/i><\/span>\n\t\t\t\t\t\t\t\t\t\t\t\t\t\t<\/span>\n\t\t\t\t\t\t\t\t\t\t\t\t<a class=\"elementor-accordion-title\" tabindex=\"0\">Qui devrait prendre du Moringa?<\/a>\n\t\t\t\t\t<\/div>\n\t\t\t\t\t<div id=\"elementor-tab-content-2425\" class=\"elementor-tab-content elementor-clearfix\" data-tab=\"5\" role=\"region\" aria-labelledby=\"elementor-tab-title-2425\"><p>Le Moringa est id\u00e9al pour tous ceux qui cherchent \u00e0 stimuler leur apport en antioxydant et leur niveau global de nutriments. Il est particuli\u00e8rement bon pour les personnes en d\u00e9placement qui ont besoin d\u2019une alimentation ultra rapide. Il est \u00e9galement parfait pour tous ceux qui savent qu\u2019il existe des lacunes dans leur alimentation. Parmi les autres cat\u00e9gories de personnes qui devraient prendre du Moringa on trouve:<br \/>Les parents, qui souhaitent que la nutrition de leurs enfants soit de meilleure qualit\u00e9, peuvent facilement ajouter de la poudre de Moringa dans leurs smoothies ou dans tout autre plat. Les v\u00e9g\u00e9tarien ou ceux qui ont un r\u00e9gime \u00e0 base de plantes. C\u2019est parce que le Moringa regorge de quantit\u00e9s \u00e9lev\u00e9es de fer, de calcium, de prot\u00e9ines v\u00e9g\u00e9tales, de complexe des vitamines B et d\u2019un nutriment suppl\u00e9mentaire \u2013 50% de la vitamine D quotidienne. Toute personne atteinte d\u2019an\u00e9mie, avec un taux de cholest\u00e9rol \u00e9lev\u00e9 ou les personnes atteintes de diab\u00e8te peuvent prendre du Moringa comme m\u00e9dicament naturel. Les personnes souffrant d\u2019an\u00e9mie ont de bonnes chances de r\u00e9ussir si elles ajoutent ou compl\u00e8tent leurs repas avec du Moringa. Ceux qui cherchent \u00e0 perdre du poids et qui souhaitent se sentir repus sans avoir \u00e0 manger beaucoup de nourriture.<\/p><\/div>\n\t\t\t\t<\/div>\n\t\t\t\t\t\t\t<div class=\"elementor-accordion-item\">\n\t\t\t\t\t<div id=\"elementor-tab-title-2426\" class=\"elementor-tab-title\" data-tab=\"6\" role=\"button\" aria-controls=\"elementor-tab-content-2426\" aria-expanded=\"false\">\n\t\t\t\t\t\t\t\t\t\t\t\t\t<span class=\"elementor-accordion-icon elementor-accordion-icon-left\" aria-hidden=\"true\">\n\t\t\t\t\t\t\t\t\t\t\t\t\t\t\t<span class=\"elementor-accordion-icon-closed\"><i class=\"fas fa-plus\"><\/i><\/span>\n\t\t\t\t\t\t\t\t<span class=\"elementor-accordion-icon-opened\"><i class=\"fas fa-minus\"><\/i><\/span>\n\t\t\t\t\t\t\t\t\t\t\t\t\t\t<\/span>\n\t\t\t\t\t\t\t\t\t\t\t\t<a class=\"elementor-accordion-title\" tabindex=\"0\">Est ce que je peux prendre du Moringa si je suis enceinte ou si j\u2019all\u00e8te un b\u00e9b\u00e9?<\/a>\n\t\t\t\t\t<\/div>\n\t\t\t\t\t<div id=\"elementor-tab-content-2426\" class=\"elementor-tab-content elementor-clearfix\" data-tab=\"6\" role=\"region\" aria-labelledby=\"elementor-tab-title-2426\"><p>Dans les pays o\u00f9 le Moringa pousse, les femmes enceintes ou apr\u00e8s l\u2019accouchement sont encourag\u00e9es \u00e0 prendre du moringa. Cependant, nous vous sugg\u00e9rons de consulter un professionnel de la sant\u00e9 certifi\u00e9 avant de prendre du Moringa si vous \u00eates enceinte. Pour les m\u00e8res allaitantes, certains chercheurs cliniques ont prouv\u00e9 que le Moringa peut stimuler la production de lait maternel chez les nouvelles m\u00e8res. Veuillez lire les liens suivants https:\/\/miracletrees.org\/moringa-doc\/moringa_breastfeeding_study.pdf et \u00a0<a href=\"https:\/\/miracletrees.org\/moringa-doc\/moringa_breastfeeding_study.pdf\">https:\/\/miracletrees.org\/moringa-doc\/moringa_breastfeeding_study.pdf<\/a>\u00a0&amp;\u00a0<a href=\"https:\/\/www.drugs.com\/breastfeeding\/moringa.html\">https:\/\/www.drugs.com\/breastfeeding\/moringa.html<\/a><\/p><\/div>\n\t\t\t\t<\/div>\n\t\t\t\t\t\t\t<div class=\"elementor-accordion-item\">\n\t\t\t\t\t<div id=\"elementor-tab-title-2427\" class=\"elementor-tab-title\" data-tab=\"7\" role=\"button\" aria-controls=\"elementor-tab-content-2427\" aria-expanded=\"false\">\n\t\t\t\t\t\t\t\t\t\t\t\t\t<span class=\"elementor-accordion-icon elementor-accordion-icon-left\" aria-hidden=\"true\">\n\t\t\t\t\t\t\t\t\t\t\t\t\t\t\t<span class=\"elementor-accordion-icon-closed\"><i class=\"fas fa-plus\"><\/i><\/span>\n\t\t\t\t\t\t\t\t<span class=\"elementor-accordion-icon-opened\"><i class=\"fas fa-minus\"><\/i><\/span>\n\t\t\t\t\t\t\t\t\t\t\t\t\t\t<\/span>\n\t\t\t\t\t\t\t\t\t\t\t\t<a class=\"elementor-accordion-title\" tabindex=\"0\">Le Moringa est-il s\u00fbr pour les enfants?<\/a>\n\t\t\t\t\t<\/div>\n\t\t\t\t\t<div id=\"elementor-tab-content-2427\" class=\"elementor-tab-content elementor-clearfix\" data-tab=\"7\" role=\"region\" aria-labelledby=\"elementor-tab-title-2427\"><p>Le Moringa est agr\u00e9ment\u00e9 avec de nombreux nutriments n\u00e9cessaires \u00e0 la bonne croissance d\u2019un enfant. Ces \u00e9l\u00e9ments nutritifs comprennent le fer, la vitamine A, le calcium, les acides gras sains ainsi que les om\u00e9ga-3, etc\u2026<br \/>Tout comme les aliments, il est conseill\u00e9 de commencer avec de petites quantit\u00e9s lors de l\u2019alimentation d\u2019un enfant, puis au fur et \u00e0 mesure qu\u2019il grandit, essayez d\u2019ajouter plus de poudre de Moringa au repas de l\u2019enfant ou aux smoothies.<\/p><\/div>\n\t\t\t\t<\/div>\n\t\t\t\t\t\t\t<div class=\"elementor-accordion-item\">\n\t\t\t\t\t<div id=\"elementor-tab-title-2428\" class=\"elementor-tab-title\" data-tab=\"8\" role=\"button\" aria-controls=\"elementor-tab-content-2428\" aria-expanded=\"false\">\n\t\t\t\t\t\t\t\t\t\t\t\t\t<span class=\"elementor-accordion-icon elementor-accordion-icon-left\" aria-hidden=\"true\">\n\t\t\t\t\t\t\t\t\t\t\t\t\t\t\t<span class=\"elementor-accordion-icon-closed\"><i class=\"fas fa-plus\"><\/i><\/span>\n\t\t\t\t\t\t\t\t<span class=\"elementor-accordion-icon-opened\"><i class=\"fas fa-minus\"><\/i><\/span>\n\t\t\t\t\t\t\t\t\t\t\t\t\t\t<\/span>\n\t\t\t\t\t\t\t\t\t\t\t\t<a class=\"elementor-accordion-title\" tabindex=\"0\">Y a-t-il des risques d\u2019effets secondaires?<\/a>\n\t\t\t\t\t<\/div>\n\t\t\t\t\t<div id=\"elementor-tab-content-2428\" class=\"elementor-tab-content elementor-clearfix\" data-tab=\"8\" role=\"region\" aria-labelledby=\"elementor-tab-title-2428\"><p>Le Moringa est parfaitement s\u00fbr car de nombreux types de recherche ont prouv\u00e9 qu\u2019il poss\u00e8de des avantages importants pour la sant\u00e9 tels que le nivellement de la glyc\u00e9mie, de la tension art\u00e9rielle et du cholest\u00e9rol en raison de ses propri\u00e9t\u00e9s adaptog\u00e8nes.<\/p><\/div>\n\t\t\t\t<\/div>\n\t\t\t\t\t\t\t<div class=\"elementor-accordion-item\">\n\t\t\t\t\t<div id=\"elementor-tab-title-2429\" class=\"elementor-tab-title\" data-tab=\"9\" role=\"button\" aria-controls=\"elementor-tab-content-2429\" aria-expanded=\"false\">\n\t\t\t\t\t\t\t\t\t\t\t\t\t<span class=\"elementor-accordion-icon elementor-accordion-icon-left\" aria-hidden=\"true\">\n\t\t\t\t\t\t\t\t\t\t\t\t\t\t\t<span class=\"elementor-accordion-icon-closed\"><i class=\"fas fa-plus\"><\/i><\/span>\n\t\t\t\t\t\t\t\t<span class=\"elementor-accordion-icon-opened\"><i class=\"fas fa-minus\"><\/i><\/span>\n\t\t\t\t\t\t\t\t\t\t\t\t\t\t<\/span>\n\t\t\t\t\t\t\t\t\t\t\t\t<a class=\"elementor-accordion-title\" tabindex=\"0\">\u00c0 quelle heure est-il pr\u00e9f\u00e9rable de prendre du Moringa?<\/a>\n\t\t\t\t\t<\/div>\n\t\t\t\t\t<div id=\"elementor-tab-content-2429\" class=\"elementor-tab-content elementor-clearfix\" data-tab=\"9\" role=\"region\" aria-labelledby=\"elementor-tab-title-2429\"><p>Il n\u2019y a pas d\u2019heure particuli\u00e8re \u00e0 laquelle vous devez prendre le Moringa car il ne contient ni caf\u00e9ine ni aucune forme de stimulants. Mais, puisqu\u2019il offre de nombreuses propri\u00e9t\u00e9s \u00e9nerg\u00e9tiques, la plupart des gens ont choisi de le prendre le matin ou pendant la journ\u00e9e.<\/p><\/div>\n\t\t\t\t<\/div>\n\t\t\t\t\t\t\t<div class=\"elementor-accordion-item\">\n\t\t\t\t\t<div id=\"elementor-tab-title-24210\" class=\"elementor-tab-title\" data-tab=\"10\" role=\"button\" aria-controls=\"elementor-tab-content-24210\" aria-expanded=\"false\">\n\t\t\t\t\t\t\t\t\t\t\t\t\t<span class=\"elementor-accordion-icon elementor-accordion-icon-left\" aria-hidden=\"true\">\n\t\t\t\t\t\t\t\t\t\t\t\t\t\t\t<span class=\"elementor-accordion-icon-closed\"><i class=\"fas fa-plus\"><\/i><\/span>\n\t\t\t\t\t\t\t\t<span class=\"elementor-accordion-icon-opened\"><i class=\"fas fa-minus\"><\/i><\/span>\n\t\t\t\t\t\t\t\t\t\t\t\t\t\t<\/span>\n\t\t\t\t\t\t\t\t\t\t\t\t<a class=\"elementor-accordion-title\" tabindex=\"0\">Qu\u2019y a-t-il dans la poudre de Moringa de Nia?<\/a>\n\t\t\t\t\t<\/div>\n\t\t\t\t\t<div id=\"elementor-tab-content-24210\" class=\"elementor-tab-content elementor-clearfix\" data-tab=\"10\" role=\"region\" aria-labelledby=\"elementor-tab-title-24210\"><p>Un seul ingr\u00e9dient, 100% de feuilles lyophilis\u00e9es de Moringa issus de l\u2019agriculture biologique.<\/p><\/div>\n\t\t\t\t<\/div>\n\t\t\t\t\t\t\t\t<\/div>\n\t\t\t\t\t\t<\/div>\n\t\t\t\t<\/div>\n\t\t\t\t\t<\/div>\n\t\t<\/div>\n\t\t\t\t\t<\/div>\n\t\t<\/section>\n\t\t\t\t<\/div>\n\t\t","protected":false},"excerpt":{"rendered":"<p>Quel est son go&Atilde;&raquo;t? La poudre de Moringa a le m&Atilde;&ordf;me go&Atilde;&raquo;t que l&acirc;&#128;&#153;agropyre mais contient une saveur plus pouss&Atilde;&copy;e comme ce que vous obtiendriez lorsque vous mangez un brocoli [&hellip;]<\/p>\n","protected":false},"author":3,"featured_media":7775,"parent":1867,"menu_order":0,"comment_status":"closed","ping_status":"closed","template":"","meta":{"om_disable_all_campaigns":false,"_monsterinsights_skip_tracking":false,"_monsterinsights_sitenote_active":false,"_monsterinsights_sitenote_note":"","_monsterinsights_sitenote_category":0,"site-sidebar-layout":"right-sidebar","site-content-layout":"plain-container","ast-site-content-layout":"default","site-content-style":"default","site-sidebar-style":"default","ast-global-header-display":"","ast-banner-title-visibility":"","ast-main-header-display":"","ast-hfb-above-header-display":"","ast-hfb-below-header-display":"","ast-hfb-mobile-header-display":"","site-post-title":"disabled","ast-breadcrumbs-content":"","ast-featured-img":"disabled","footer-sml-layout":"","ast-disable-related-posts":"","theme-transparent-header-meta":"default","adv-header-id-meta":"","stick-header-meta":"","header-above-stick-meta":"","header-main-stick-meta":"","header-below-stick-meta":"","astra-migrate-meta-layouts":"default","ast-page-background-enabled":"default","ast-page-background-meta":{"desktop":{"background-color":"","background-image":"","background-repeat":"repeat","background-position":"center center","background-size":"auto","background-attachment":"scroll","background-type":"","background-media":"","overlay-type":"","overlay-color":"","overlay-opacity":"","overlay-gradient":""},"tablet":{"background-color":"","background-image":"","background-repeat":"repeat","background-position":"center center","background-size":"auto","background-attachment":"scroll","background-type":"","background-media":"","overlay-type":"","overlay-color":"","overlay-opacity":"","overlay-gradient":""},"mobile":{"background-color":"","background-image":"","background-repeat":"repeat","background-position":"center center","background-size":"auto","background-attachment":"scroll","background-type":"","background-media":"","overlay-type":"","overlay-color":"","overlay-opacity":"","overlay-gradient":""}},"ast-content-background-meta":{"desktop":{"background-color":"var(--ast-global-color-5)","background-image":"","background-repeat":"repeat","background-position":"center center","background-size":"auto","background-attachment":"scroll","background-type":"","background-media":"","overlay-type":"","overlay-color":"","overlay-opacity":"","overlay-gradient":""},"tablet":{"background-color":"var(--ast-global-color-5)","background-image":"","background-repeat":"repeat","background-position":"center center","background-size":"auto","background-attachment":"scroll","background-type":"","background-media":"","overlay-type":"","overlay-color":"","overlay-opacity":"","overlay-gradient":""},"mobile":{"background-color":"var(--ast-global-color-5)","background-image":"","background-repeat":"repeat","background-position":"center center","background-size":"auto","background-attachment":"scroll","background-type":"","background-media":"","overlay-type":"","overlay-color":"","overlay-opacity":"","overlay-gradient":""}},"footnotes":""},"class_list":["post-1887","page","type-page","status-publish","has-post-thumbnail","hentry"],"aioseo_notices":[],"jetpack-related-posts":[],"jetpack_sharing_enabled":true,"_links":{"self":[{"href":"https:\/\/niapurenature.com\/fr\/wp-json\/wp\/v2\/pages\/1887","targetHints":{"allow":["GET"]}}],"collection":[{"href":"https:\/\/niapurenature.com\/fr\/wp-json\/wp\/v2\/pages"}],"about":[{"href":"https:\/\/niapurenature.com\/fr\/wp-json\/wp\/v2\/types\/page"}],"author":[{"embeddable":true,"href":"https:\/\/niapurenature.com\/fr\/wp-json\/wp\/v2\/users\/3"}],"replies":[{"embeddable":true,"href":"https:\/\/niapurenature.com\/fr\/wp-json\/wp\/v2\/comments?post=1887"}],"version-history":[{"count":0,"href":"https:\/\/niapurenature.com\/fr\/wp-json\/wp\/v2\/pages\/1887\/revisions"}],"up":[{"embeddable":true,"href":"https:\/\/niapurenature.com\/fr\/wp-json\/wp\/v2\/pages\/1867"}],"wp:featuredmedia":[{"embeddable":true,"href":"https:\/\/niapurenature.com\/fr\/wp-json\/wp\/v2\/media\/7775"}],"wp:attachment":[{"href":"https:\/\/niapurenature.com\/fr\/wp-json\/wp\/v2\/media?parent=1887"}],"curies":[{"name":"wp","href":"https:\/\/api.w.org\/{rel}","templated":true}]}}