{"id":2279,"date":"2019-08-19T17:19:29","date_gmt":"2019-08-19T17:19:29","guid":{"rendered":"http:\/\/niapurenature.com\/termes-et-conditions\/"},"modified":"2021-07-07T21:20:14","modified_gmt":"2021-07-07T21:20:14","slug":"termes-et-conditions","status":"publish","type":"page","link":"https:\/\/niapurenature.com\/fr\/termes-et-conditions","title":{"rendered":"Termes et conditions"},"content":{"rendered":"\t\t<div data-elementor-type=\"wp-post\" data-elementor-id=\"2279\" class=\"elementor elementor-2279 elementor-2276\" data-elementor-post-type=\"page\">\n\t\t\t\t\t\t<section class=\"elementor-section elementor-top-section elementor-element elementor-element-4ad86d9e elementor-section-boxed elementor-section-height-default elementor-section-height-default\" data-id=\"4ad86d9e\" data-element_type=\"section\" data-e-type=\"section\">\n\t\t\t\t\t\t<div class=\"elementor-container elementor-column-gap-default\">\n\t\t\t\t\t<div class=\"elementor-column elementor-col-100 elementor-top-column elementor-element elementor-element-29442fe\" data-id=\"29442fe\" data-element_type=\"column\" data-e-type=\"column\">\n\t\t\t<div class=\"elementor-widget-wrap elementor-element-populated\">\n\t\t\t\t\t\t<div class=\"elementor-element elementor-element-75b6ea9d elementor-widget elementor-widget-text-editor\" data-id=\"75b6ea9d\" data-element_type=\"widget\" data-e-type=\"widget\" data-widget_type=\"text-editor.default\">\n\t\t\t\t<div class=\"elementor-widget-container\">\n\t\t\t\t\t\t\t\t\t<h5>\u00a0<\/h5><p>Bienvenue sur <a href=\"http:\/\/niapurenature.com\">niapurenature.com<\/a>. Ce site appartient et est g\u00e9r\u00e9 par Nia Pure Nature Inc. Cette politique de confidentialit\u00e9 est con\u00e7ue pour vous indiquer comment ce site recueille, utilise et divulgue les informations que vous fournissez via ce site.<\/p><p>En utilisant ce site, vous reconnaissez avoir examin\u00e9 et accept\u00e9 les conditions de la pr\u00e9sente politique de confidentialit\u00e9 et les conditions d&rsquo;utilisation.<\/p><p>Lorsque vous achetez des produits sur <a href=\"http:\/\/niapurenature.com\">niapurenature.com<\/a>, vous fournissez des informations telles que votre nom, votre adresse \u00e9lectronique, un num\u00e9ro de t\u00e9l\u00e9phone, des informations relatives \u00e0 l&rsquo;exp\u00e9dition et au num\u00e9ro de carte de cr\u00e9dit, ainsi que d&rsquo;autres informations que vous avez fournies. Nous ne partagerons ces informations personnelles avec aucun tiers (\u00e0 l&rsquo;exclusion des partenaires avec lesquels vous auriez pu cr\u00e9er un lien vers notre site) sans votre permission.<\/p><p>Les informations que vous fournissez peuvent \u00eatre utilis\u00e9es par Nia Pure Nature Inc. pour vous tenir au courant des produits, actualit\u00e9s, \u00e9v\u00e9nements et offres.<\/p><p>La communication entre <a href=\"http:\/\/niapurenature.com\">niapurenature.com<\/a> peut se faire par courrier ou par courrier \u00e9lectronique. En vous inscrivant sur <a href=\"http:\/\/niapurenature.com\">niapurenature.com<\/a>, vous acceptez que nous utilisions vos informations de cette mani\u00e8re.<\/p><p>Nous utilisons les informations collect\u00e9es pour:<\/p><ul><li>compl\u00e9ter nos transactions avec vous et garder une trace de nos transactions avec vous;<\/li><li>vous fournir un support client;<\/li><li>offrir, personnaliser, faciliter et am\u00e9liorer nos produits et services;<\/li><li>effectuer l&rsquo;assurance qualit\u00e9;<\/li><li>communiquer avec vous \u00e0 propos de nos produits et services;<\/li><li>mieux comprendre votre exp\u00e9rience <a href=\"http:\/\/niapurenature.com\">niapurenature.com<\/a> et vos besoins et int\u00e9r\u00eats; et\u00a0<\/li><li><span style=\"font-size: 15px;\">partager des newsletters<\/span><\/li><\/ul><p><b>Votre compte:<\/b><\/p><p>Les utilisateurs sont tenus d&rsquo;obtenir un compte aupr\u00e8s de <a href=\"http:\/\/niapurenature.com\">niapurenature.com<\/a> pour commander des produits sur le site. Vous \u00eates responsable du maintien de la confidentialit\u00e9 de votre compte et de votre mot de passe et de la restriction de l&rsquo;acc\u00e8s \u00e0 votre ordinateur. Vous acceptez la responsabilit\u00e9 de toutes les activit\u00e9s qui se d\u00e9roulent sous votre compte ou votre mot de passe et une telle utilisation sera r\u00e9put\u00e9e \u00eatre utilis\u00e9e par vous. Vous vous assurerez que toute utilisation de votre compte est enti\u00e8rement conforme aux dispositions du pr\u00e9sent contrat d&rsquo;utilisation, sans exception.<\/p><p><b>Corrections:<\/b><\/p><p><span style=\"font-size: 15px;\">niapurenature.com se r\u00e9serve le droit \u00e0 tout moment de corriger toute erreur de prix ou de description de la marchandise et \/ ou d&rsquo;annuler ou de refuser d&rsquo;accepter toute commande bas\u00e9e sur une liste de prix incorrecte. Les prix des marchandises peuvent \u00eatre modifi\u00e9s sans pr\u00e9avis et sans engager la responsabilit\u00e9 de Nia Pure Nature Inc. Nia Pure Nature Inc. se r\u00e9serve \u00e9galement le droit de limiter les quantit\u00e9s command\u00e9es.<\/span><\/p><p><b>Paiement et exp\u00e9dition:<\/b><\/p><p>Nos prix sont affich\u00e9s en dollars canadiens. Nous avons le droit de modifier les prix \u00e0 tout moment, sans avoir \u00e0 vous informer. Tous les modes de paiement doivent \u00eatre effac\u00e9s avant la livraison. Nia Pure Nature Inc. ne conservera jamais de d\u00e9tails financiers (PayPal ou cr\u00e9dit). Toutes les commandes pass\u00e9es seront normalement exp\u00e9di\u00e9es sous 1 \u00e0 3 jours ouvrables apr\u00e8s r\u00e9ception du paiement.\u00a0<\/p><p><strong>Politique de remboursement<\/strong><\/p><p>Nous acceptons les retours. Vous pouvez retourner les articles non ouverts dans leur emballage d&rsquo;origine dans les 30 jours suivant votre achat avec un re\u00e7u ou une preuve d&rsquo;achat. Si 30 jours ou plus se sont \u00e9coul\u00e9s depuis votre achat, nous ne pouvons pas vous offrir un remboursement ou un \u00e9change.<\/p><p>D\u00e8s r\u00e9ception de l&rsquo;article retourn\u00e9, nous l&rsquo;examinerons en d\u00e9tail et vous informerons par e-mail, dans un d\u00e9lai raisonnable, si vous avez droit \u00e0 un retour. Si vous avez droit \u00e0 un retour, nous vous rembourserons votre prix d&rsquo;achat et un cr\u00e9dit sera automatiquement appliqu\u00e9 \u00e0 votre mode de paiement initial.<\/p><p>Seuls les articles \u00e0 prix r\u00e9gulier peuvent \u00eatre rembours\u00e9s. Les articles sold\u00e9s ne sont pas remboursables.<\/p><p>Pour suivre l&rsquo;\u00e9tat de votre retour, veuillez nous contacter \u00e0 <strong>info@niapurenature.com<\/strong><\/p><p><b>Collecte d&rsquo;informations par des sites tiers:<\/b><\/p><p><span style=\"font-size: 15px;\">Notre site Web peut contenir des liens vers d&rsquo;autres sites ou des int\u00e9grations avec d&rsquo;autres sites, tels que des sites Web de m\u00e9dias sociaux, des plates-formes de r\u00e9troaction communautaires, etc., dont les pratiques en mati\u00e8re d&rsquo;informations peuvent diff\u00e9rer des n\u00f4tres. Les visiteurs doivent consulter les avis de confidentialit\u00e9 des autres sites, car nous n\u2019avons aucun contr\u00f4le sur les informations recueillies par ces tiers.<\/span><\/p><p><b>Visiteurs du site:<\/b><\/p><p>Comme la plupart des exploitants de sites Web, <a href=\"http:\/\/niapurenature.com\">niapurenature.com<\/a> collecte des informations non personnellement identifiables, telles que le type de navigateur, les pr\u00e9f\u00e9rences de langue, le site r\u00e9f\u00e9rent, ainsi que la date et l&rsquo;heure de chaque demande de visiteur. Afin de collecter des informations d&rsquo;identification non personnelle, <a href=\"http:\/\/niapurenature.com\">niapurenature.com<\/a> a pour objectif de mieux comprendre comment les visiteurs de <a href=\"http:\/\/niapurenature.com\">niapurenature.com<\/a> utilisent son site Web.<\/p><p><b>Cookies:<\/b><\/p><p>Un cookie est une cha\u00eene d\u2019informations qu\u2019un site Web stocke sur l\u2019ordinateur du visiteur et que son navigateur fournit au site Web \u00e0 chaque retour du visiteur. <a href=\"http:\/\/niapurenature.com\">niapurenature.com<\/a> utilise des cookies pour aider Nia Pure Nature Inc. \u00e0 identifier et suivre les visiteurs, leur utilisation du site Web <a href=\"http:\/\/niapurenature.com\">niapurenature.com<\/a> et leurs pr\u00e9f\u00e9rences d&rsquo;acc\u00e8s au site Web. Les visiteurs de niapurenature.com qui ne souhaitent pas que des cookies soient plac\u00e9s sur leur ordinateur doivent configurer leur navigateur de mani\u00e8re \u00e0 ce qu&rsquo;ils refusent les cookies avant d&rsquo;utiliser les sites Web niapurenature.com. Toutefois, certaines fonctionnalit\u00e9s des sites Web de <a href=\"http:\/\/niapurenature.com\">niapurenature.com<\/a> risquent de ne pas fonctionner correctement sans l&rsquo;aide de cookies.<\/p><p><b>Modifications et mises \u00e0 jour de la politique de confidentialit\u00e9:<\/b><\/p><p>Bien que la plupart des modifications soient probablement mineures, Nia Pure Nature Inc. peut modifier sa politique de confidentialit\u00e9 de temps \u00e0 autre et \u00e0 la seule discr\u00e9tion de la soci\u00e9t\u00e9.<br \/>Nia Pure Nature Inc. encourage les visiteurs \u00e0 consulter fr\u00e9quemment cette page pour toute modification de sa politique de confidentialit\u00e9. Votre utilisation continue de ce site apr\u00e8s tout changement dans cette politique de confidentialit\u00e9 constituera votre acceptation de ce changement.<\/p><p><i>Ceci prend effet le 17 septembre 2015.<\/i><\/p><p><b>Nous contacter:<\/b><br \/>Si vous avez des questions ou des pr\u00e9occupations concernant cette politique de confidentialit\u00e9, veuillez nous contacter \u00e0 <a href=\"mailto:info@niapurenature.com\">info@niapurenature.com<\/a><\/p>\t\t\t\t\t\t\t\t<\/div>\n\t\t\t\t<\/div>\n\t\t\t\t\t<\/div>\n\t\t<\/div>\n\t\t\t\t\t<\/div>\n\t\t<\/section>\n\t\t\t\t<\/div>\n\t\t","protected":false},"excerpt":{"rendered":"<p>\u00a0 Bienvenue sur niapurenature.com. Ce site appartient et est g\u00e9r\u00e9 par Nia Pure Nature Inc. Cette politique de confidentialit\u00e9 est con\u00e7ue pour vous indiquer comment ce site recueille, utilise et [&hellip;]<\/p>\n","protected":false},"author":6,"featured_media":0,"parent":0,"menu_order":0,"comment_status":"closed","ping_status":"closed","template":"","meta":{"om_disable_all_campaigns":false,"_monsterinsights_skip_tracking":false,"_monsterinsights_sitenote_active":false,"_monsterinsights_sitenote_note":"","_monsterinsights_sitenote_category":0,"site-sidebar-layout":"default","site-content-layout":"content-boxed-container","ast-site-content-layout":"default","site-content-style":"default","site-sidebar-style":"default","ast-global-header-display":"","ast-banner-title-visibility":"","ast-main-header-display":"","ast-hfb-above-header-display":"","ast-hfb-below-header-display":"","ast-hfb-mobile-header-display":"","site-post-title":"","ast-breadcrumbs-content":"","ast-featured-img":"","footer-sml-layout":"","ast-disable-related-posts":"","theme-transparent-header-meta":"default","adv-header-id-meta":"","stick-header-meta":"","header-above-stick-meta":"","header-main-stick-meta":"","header-below-stick-meta":"","astra-migrate-meta-layouts":"default","ast-page-background-enabled":"default","ast-page-background-meta":{"desktop":{"background-color":"","background-image":"","background-repeat":"repeat","background-position":"center center","background-size":"auto","background-attachment":"scroll","background-type":"","background-media":"","overlay-type":"","overlay-color":"","overlay-opacity":"","overlay-gradient":""},"tablet":{"background-color":"","background-image":"","background-repeat":"repeat","background-position":"center center","background-size":"auto","background-attachment":"scroll","background-type":"","background-media":"","overlay-type":"","overlay-color":"","overlay-opacity":"","overlay-gradient":""},"mobile":{"background-color":"","background-image":"","background-repeat":"repeat","background-position":"center center","background-size":"auto","background-attachment":"scroll","background-type":"","background-media":"","overlay-type":"","overlay-color":"","overlay-opacity":"","overlay-gradient":""}},"ast-content-background-meta":{"desktop":{"background-color":"var(--ast-global-color-5)","background-image":"","background-repeat":"repeat","background-position":"center center","background-size":"auto","background-attachment":"scroll","background-type":"","background-media":"","overlay-type":"","overlay-color":"","overlay-opacity":"","overlay-gradient":""},"tablet":{"background-color":"var(--ast-global-color-5)","background-image":"","background-repeat":"repeat","background-position":"center center","background-size":"auto","background-attachment":"scroll","background-type":"","background-media":"","overlay-type":"","overlay-color":"","overlay-opacity":"","overlay-gradient":""},"mobile":{"background-color":"var(--ast-global-color-5)","background-image":"","background-repeat":"repeat","background-position":"center center","background-size":"auto","background-attachment":"scroll","background-type":"","background-media":"","overlay-type":"","overlay-color":"","overlay-opacity":"","overlay-gradient":""}},"footnotes":""},"class_list":["post-2279","page","type-page","status-publish","hentry"],"aioseo_notices":[],"jetpack-related-posts":[],"jetpack_sharing_enabled":true,"_links":{"self":[{"href":"https:\/\/niapurenature.com\/fr\/wp-json\/wp\/v2\/pages\/2279","targetHints":{"allow":["GET"]}}],"collection":[{"href":"https:\/\/niapurenature.com\/fr\/wp-json\/wp\/v2\/pages"}],"about":[{"href":"https:\/\/niapurenature.com\/fr\/wp-json\/wp\/v2\/types\/page"}],"author":[{"embeddable":true,"href":"https:\/\/niapurenature.com\/fr\/wp-json\/wp\/v2\/users\/6"}],"replies":[{"embeddable":true,"href":"https:\/\/niapurenature.com\/fr\/wp-json\/wp\/v2\/comments?post=2279"}],"version-history":[{"count":0,"href":"https:\/\/niapurenature.com\/fr\/wp-json\/wp\/v2\/pages\/2279\/revisions"}],"wp:attachment":[{"href":"https:\/\/niapurenature.com\/fr\/wp-json\/wp\/v2\/media?parent=2279"}],"curies":[{"name":"wp","href":"https:\/\/api.w.org\/{rel}","templated":true}]}}