{"id":9365,"date":"2023-03-07T16:07:27","date_gmt":"2023-03-07T16:07:27","guid":{"rendered":"https:\/\/niapurenature.com\/haritaki\/"},"modified":"2023-03-24T16:55:20","modified_gmt":"2023-03-24T16:55:20","slug":"haritaki","status":"publish","type":"page","link":"https:\/\/niapurenature.com\/fr\/haritaki","title":{"rendered":"Haritaki"},"content":{"rendered":"\t\t<div data-elementor-type=\"wp-page\" data-elementor-id=\"9365\" class=\"elementor elementor-9365\" data-elementor-post-type=\"page\">\n\t\t\t\t\t\t<section class=\"elementor-section elementor-top-section elementor-element elementor-element-4ac897ae elementor-section-boxed elementor-section-height-default elementor-section-height-default\" data-id=\"4ac897ae\" data-element_type=\"section\" data-e-type=\"section\">\n\t\t\t\t\t\t<div class=\"elementor-container elementor-column-gap-default\">\n\t\t\t\t\t<div class=\"elementor-column elementor-col-100 elementor-top-column elementor-element elementor-element-5ebdc1bd\" data-id=\"5ebdc1bd\" data-element_type=\"column\" data-e-type=\"column\">\n\t\t\t<div class=\"elementor-widget-wrap elementor-element-populated\">\n\t\t\t\t\t\t<div class=\"elementor-element elementor-element-2a7d4e5d elementor-widget elementor-widget-image\" data-id=\"2a7d4e5d\" data-element_type=\"widget\" data-e-type=\"widget\" data-widget_type=\"image.default\">\n\t\t\t\t<div class=\"elementor-widget-container\">\n\t\t\t\t\t\t\t\t\t\t\t\t\t\t\t<img decoding=\"async\" src=\"https:\/\/i0.wp.com\/niapurenature.com\/wp-content\/uploads\/2023\/03\/Haritaki-1.jpg?fit=1400%2C400&#038;ssl=1\" title=\"Haritaki\" alt=\"Haritaki\" loading=\"lazy\" \/>\t\t\t\t\t\t\t\t\t\t\t\t\t\t\t<\/div>\n\t\t\t\t<\/div>\n\t\t\t\t\t<\/div>\n\t\t<\/div>\n\t\t\t\t\t<\/div>\n\t\t<\/section>\n\t\t\t\t<section class=\"elementor-section elementor-top-section elementor-element elementor-element-1fc3e9c6 elementor-section-boxed elementor-section-height-default elementor-section-height-default\" data-id=\"1fc3e9c6\" data-element_type=\"section\" data-e-type=\"section\">\n\t\t\t\t\t\t<div class=\"elementor-container elementor-column-gap-default\">\n\t\t\t\t\t<div class=\"elementor-column elementor-col-100 elementor-top-column elementor-element elementor-element-339c0758\" data-id=\"339c0758\" data-element_type=\"column\" data-e-type=\"column\">\n\t\t\t<div class=\"elementor-widget-wrap elementor-element-populated\">\n\t\t\t\t\t\t<div class=\"elementor-element elementor-element-6f5cc779 elementor-widget elementor-widget-heading\" data-id=\"6f5cc779\" data-element_type=\"widget\" data-e-type=\"widget\" data-widget_type=\"heading.default\">\n\t\t\t\t<div class=\"elementor-widget-container\">\n\t\t\t\t\t<h3 class=\"elementor-heading-title elementor-size-default\">L'haritaki, \u00e9galement connu sous le nom de Terminalia chebula, est un arbre fruitier originaire d'Asie du Sud-Est qui regorge de rem\u00e8des naturels pour la sant\u00e9 et la beaut\u00e9.<\/h3>\t\t\t\t<\/div>\n\t\t\t\t<\/div>\n\t\t\t\t\t<\/div>\n\t\t<\/div>\n\t\t\t\t\t<\/div>\n\t\t<\/section>\n\t\t\t\t<section class=\"elementor-section elementor-top-section elementor-element elementor-element-45478bb8 elementor-section-boxed elementor-section-height-default elementor-section-height-default\" data-id=\"45478bb8\" data-element_type=\"section\" data-e-type=\"section\">\n\t\t\t\t\t\t<div class=\"elementor-container elementor-column-gap-default\">\n\t\t\t\t\t<div class=\"elementor-column elementor-col-100 elementor-top-column elementor-element elementor-element-155e1412\" data-id=\"155e1412\" data-element_type=\"column\" data-e-type=\"column\">\n\t\t\t<div class=\"elementor-widget-wrap elementor-element-populated\">\n\t\t\t\t\t\t<div class=\"elementor-element elementor-element-7f3154b6 elementor-widget elementor-widget-heading\" data-id=\"7f3154b6\" data-element_type=\"widget\" data-e-type=\"widget\" data-widget_type=\"heading.default\">\n\t\t\t\t<div class=\"elementor-widget-container\">\n\t\t\t\t\t<h2 class=\"elementor-heading-title elementor-size-default\">Les bienfaits de l'haritaki<\/h2>\t\t\t\t<\/div>\n\t\t\t\t<\/div>\n\t\t\t\t\t<\/div>\n\t\t<\/div>\n\t\t\t\t\t<\/div>\n\t\t<\/section>\n\t\t\t\t<section class=\"elementor-section elementor-top-section elementor-element elementor-element-694f330a elementor-section-boxed elementor-section-height-default elementor-section-height-default\" data-id=\"694f330a\" data-element_type=\"section\" data-e-type=\"section\">\n\t\t\t\t\t\t<div class=\"elementor-container elementor-column-gap-default\">\n\t\t\t\t\t<div class=\"elementor-column elementor-col-100 elementor-top-column elementor-element elementor-element-60e405f0\" data-id=\"60e405f0\" data-element_type=\"column\" data-e-type=\"column\">\n\t\t\t<div class=\"elementor-widget-wrap elementor-element-populated\">\n\t\t\t\t\t\t<section class=\"elementor-section elementor-inner-section elementor-element elementor-element-325c1b9d elementor-section-boxed elementor-section-height-default elementor-section-height-default\" data-id=\"325c1b9d\" data-element_type=\"section\" data-e-type=\"section\">\n\t\t\t\t\t\t<div class=\"elementor-container elementor-column-gap-default\">\n\t\t\t\t\t<div class=\"elementor-column elementor-col-50 elementor-inner-column elementor-element elementor-element-6f6cbda0\" data-id=\"6f6cbda0\" data-element_type=\"column\" data-e-type=\"column\">\n\t\t\t<div class=\"elementor-widget-wrap elementor-element-populated\">\n\t\t\t\t\t\t<div class=\"elementor-element elementor-element-264d0d9e elementor-widget elementor-widget-image\" data-id=\"264d0d9e\" data-element_type=\"widget\" data-e-type=\"widget\" data-widget_type=\"image.default\">\n\t\t\t\t<div class=\"elementor-widget-container\">\n\t\t\t\t\t\t\t\t\t\t\t\t\t\t\t<img fetchpriority=\"high\" decoding=\"async\" width=\"270\" height=\"270\" src=\"https:\/\/i0.wp.com\/niapurenature.com\/wp-content\/uploads\/2023\/03\/Haritaki-.jpeg?fit=270%2C270&amp;ssl=1\" class=\"attachment-large size-large wp-image-7863\" alt=\"\" srcset=\"https:\/\/i0.wp.com\/niapurenature.com\/wp-content\/uploads\/2023\/03\/Haritaki-.jpeg?resize=150%2C150&amp;ssl=1 150w, https:\/\/i0.wp.com\/niapurenature.com\/wp-content\/uploads\/2023\/03\/Haritaki-.jpeg?resize=100%2C100&amp;ssl=1 100w\" sizes=\"(max-width: 270px) 100vw, 270px\" \/>\t\t\t\t\t\t\t\t\t\t\t\t\t\t\t<\/div>\n\t\t\t\t<\/div>\n\t\t\t\t\t<\/div>\n\t\t<\/div>\n\t\t\t\t<div class=\"elementor-column elementor-col-50 elementor-inner-column elementor-element elementor-element-2733dbd2\" data-id=\"2733dbd2\" data-element_type=\"column\" data-e-type=\"column\">\n\t\t\t<div class=\"elementor-widget-wrap elementor-element-populated\">\n\t\t\t\t\t\t<div class=\"elementor-element elementor-element-7c3cf508 elementor-widget elementor-widget-text-editor\" data-id=\"7c3cf508\" data-element_type=\"widget\" data-e-type=\"widget\" data-widget_type=\"text-editor.default\">\n\t\t\t\t<div class=\"elementor-widget-container\">\n\t\t\t\t\t\t\t\t\t<p>L&rsquo;haritaki est une plante populaire dans la m\u00e9decine ayurv\u00e9dique, et il est utilis\u00e9 depuis des si\u00e8cles pour traiter divers probl\u00e8mes de sant\u00e9. Le fruit de l&rsquo;haritaki aurait plusieurs effets b\u00e9n\u00e9fiques sur la sant\u00e9. Tout d&rsquo;abord, il peut am\u00e9liorer la sant\u00e9 digestive et soulager la constipation gr\u00e2ce \u00e0 ses propri\u00e9t\u00e9s laxatives. Deuxi\u00e8mement, certaines \u00e9tudes sugg\u00e8rent que l&rsquo;haritaki pourrait avoir des effets anti-inflammatoires susceptibles de r\u00e9duire l&rsquo;inflammation dans l&rsquo;organisme. Troisi\u00e8mement, l&rsquo;haritaki contient plusieurs compos\u00e9s aux propri\u00e9t\u00e9s antioxydantes qui peuvent aider \u00e0 prot\u00e9ger contre le stress oxydatif et les radicaux libres. Enfin, certaines recherches sugg\u00e8rent que l&rsquo;haritaki pourrait avoir des propri\u00e9t\u00e9s anticanc\u00e9reuses en raison de sa capacit\u00e9 \u00e0 emp\u00eacher la croissance des cellules canc\u00e9reuses.<\/p>\t\t\t\t\t\t\t\t<\/div>\n\t\t\t\t<\/div>\n\t\t\t\t\t<\/div>\n\t\t<\/div>\n\t\t\t\t\t<\/div>\n\t\t<\/section>\n\t\t\t\t\t<\/div>\n\t\t<\/div>\n\t\t\t\t\t<\/div>\n\t\t<\/section>\n\t\t\t\t<section class=\"elementor-section elementor-top-section elementor-element elementor-element-31df5e54 elementor-section-boxed elementor-section-height-default elementor-section-height-default\" data-id=\"31df5e54\" data-element_type=\"section\" data-e-type=\"section\" data-settings=\"{&quot;shape_divider_top&quot;:&quot;arrow&quot;}\">\n\t\t\t\t\t<div class=\"elementor-shape elementor-shape-top\" aria-hidden=\"true\" data-negative=\"false\">\n\t\t\t<svg xmlns=\"http:\/\/www.w3.org\/2000\/svg\" viewBox=\"0 0 700 10\" preserveAspectRatio=\"none\">\n\t<path class=\"elementor-shape-fill\" d=\"M350,10L340,0h20L350,10z\"\/>\n<\/svg>\t\t<\/div>\n\t\t\t\t\t<div class=\"elementor-container elementor-column-gap-default\">\n\t\t\t\t\t<div class=\"elementor-column elementor-col-50 elementor-top-column elementor-element elementor-element-43472b8b\" data-id=\"43472b8b\" data-element_type=\"column\" data-e-type=\"column\">\n\t\t\t<div class=\"elementor-widget-wrap elementor-element-populated\">\n\t\t\t\t\t\t<div class=\"elementor-element elementor-element-1acdfc88 elementor-widget elementor-widget-image\" data-id=\"1acdfc88\" data-element_type=\"widget\" data-e-type=\"widget\" data-widget_type=\"image.default\">\n\t\t\t\t<div class=\"elementor-widget-container\">\n\t\t\t\t\t\t\t\t\t\t\t\t<figure class=\"wp-caption\">\n\t\t\t\t\t\t\t\t\t\t<img decoding=\"async\" width=\"150\" height=\"150\" src=\"https:\/\/i0.wp.com\/niapurenature.com\/wp-content\/uploads\/2023\/03\/Digestive-Health.png?resize=150%2C150&amp;ssl=1\" class=\"attachment-thumbnail size-thumbnail wp-image-7976\" alt=\"\" srcset=\"https:\/\/i0.wp.com\/niapurenature.com\/wp-content\/uploads\/2023\/03\/Digestive-Health.png?w=300&amp;ssl=1 300w, https:\/\/i0.wp.com\/niapurenature.com\/wp-content\/uploads\/2023\/03\/Digestive-Health.png?resize=150%2C150&amp;ssl=1 150w, https:\/\/i0.wp.com\/niapurenature.com\/wp-content\/uploads\/2023\/03\/Digestive-Health.png?resize=100%2C100&amp;ssl=1 100w\" sizes=\"(max-width: 150px) 100vw, 150px\" \/>\t\t\t\t\t\t\t\t\t\t\t<figcaption class=\"widget-image-caption wp-caption-text\">Sant\u00e9 digestive<\/figcaption>\n\t\t\t\t\t\t\t\t\t\t<\/figure>\n\t\t\t\t\t\t\t\t\t<\/div>\n\t\t\t\t<\/div>\n\t\t\t\t\t<\/div>\n\t\t<\/div>\n\t\t\t\t<div class=\"elementor-column elementor-col-50 elementor-top-column elementor-element elementor-element-4a08bdcd\" data-id=\"4a08bdcd\" data-element_type=\"column\" data-e-type=\"column\">\n\t\t\t<div class=\"elementor-widget-wrap elementor-element-populated\">\n\t\t\t\t\t\t<div class=\"elementor-element elementor-element-13ec4baf elementor-widget elementor-widget-text-editor\" data-id=\"13ec4baf\" data-element_type=\"widget\" data-e-type=\"widget\" data-widget_type=\"text-editor.default\">\n\t\t\t\t<div class=\"elementor-widget-container\">\n\t\t\t\t\t\t\t\t\t<p>\u00a0L&rsquo;haritaki peut contribuer \u00e0 am\u00e9liorer la digestion et \u00e0 soulager la constipation gr\u00e2ce \u00e0 ses propri\u00e9t\u00e9s laxatives.<\/p>\t\t\t\t\t\t\t\t<\/div>\n\t\t\t\t<\/div>\n\t\t\t\t\t<\/div>\n\t\t<\/div>\n\t\t\t\t\t<\/div>\n\t\t<\/section>\n\t\t\t\t<section class=\"elementor-section elementor-top-section elementor-element elementor-element-2f2f0d5 elementor-section-boxed elementor-section-height-default elementor-section-height-default\" data-id=\"2f2f0d5\" data-element_type=\"section\" data-e-type=\"section\">\n\t\t\t\t\t\t<div class=\"elementor-container elementor-column-gap-default\">\n\t\t\t\t\t<div class=\"elementor-column elementor-col-50 elementor-top-column elementor-element elementor-element-501d3241\" data-id=\"501d3241\" data-element_type=\"column\" data-e-type=\"column\">\n\t\t\t<div class=\"elementor-widget-wrap elementor-element-populated\">\n\t\t\t\t\t\t<div class=\"elementor-element elementor-element-5aadf23d elementor-widget elementor-widget-image\" data-id=\"5aadf23d\" data-element_type=\"widget\" data-e-type=\"widget\" data-widget_type=\"image.default\">\n\t\t\t\t<div class=\"elementor-widget-container\">\n\t\t\t\t\t\t\t\t\t\t\t\t<figure class=\"wp-caption\">\n\t\t\t\t\t\t\t\t\t\t<img decoding=\"async\" width=\"150\" height=\"150\" src=\"https:\/\/i0.wp.com\/niapurenature.com\/wp-content\/uploads\/2023\/03\/Anti-inflammatory.png?resize=150%2C150&amp;ssl=1\" class=\"attachment-thumbnail size-thumbnail wp-image-7850\" alt=\"\" srcset=\"https:\/\/i0.wp.com\/niapurenature.com\/wp-content\/uploads\/2023\/03\/Anti-inflammatory.png?w=300&amp;ssl=1 300w, https:\/\/i0.wp.com\/niapurenature.com\/wp-content\/uploads\/2023\/03\/Anti-inflammatory.png?resize=150%2C150&amp;ssl=1 150w, https:\/\/i0.wp.com\/niapurenature.com\/wp-content\/uploads\/2023\/03\/Anti-inflammatory.png?resize=100%2C100&amp;ssl=1 100w\" sizes=\"(max-width: 150px) 100vw, 150px\" \/>\t\t\t\t\t\t\t\t\t\t\t<figcaption class=\"widget-image-caption wp-caption-text\">Anti-inflammatoire<\/figcaption>\n\t\t\t\t\t\t\t\t\t\t<\/figure>\n\t\t\t\t\t\t\t\t\t<\/div>\n\t\t\t\t<\/div>\n\t\t\t\t\t<\/div>\n\t\t<\/div>\n\t\t\t\t<div class=\"elementor-column elementor-col-50 elementor-top-column elementor-element elementor-element-3f6cd594\" data-id=\"3f6cd594\" data-element_type=\"column\" data-e-type=\"column\">\n\t\t\t<div class=\"elementor-widget-wrap elementor-element-populated\">\n\t\t\t\t\t\t<div class=\"elementor-element elementor-element-15f84b6d elementor-widget elementor-widget-text-editor\" data-id=\"15f84b6d\" data-element_type=\"widget\" data-e-type=\"widget\" data-widget_type=\"text-editor.default\">\n\t\t\t\t<div class=\"elementor-widget-container\">\n\t\t\t\t\t\t\t\t\t<p>Certaines \u00e9tudes sugg\u00e8rent que l&rsquo;haritaki peut avoir des effets anti-inflammatoires qui pourraient potentiellement r\u00e9duire l&rsquo;inflammation dans le corps.<\/p>\t\t\t\t\t\t\t\t<\/div>\n\t\t\t\t<\/div>\n\t\t\t\t\t<\/div>\n\t\t<\/div>\n\t\t\t\t\t<\/div>\n\t\t<\/section>\n\t\t\t\t<section class=\"elementor-section elementor-top-section elementor-element elementor-element-7102d7e0 elementor-section-boxed elementor-section-height-default elementor-section-height-default\" data-id=\"7102d7e0\" data-element_type=\"section\" data-e-type=\"section\">\n\t\t\t\t\t\t<div class=\"elementor-container elementor-column-gap-default\">\n\t\t\t\t\t<div class=\"elementor-column elementor-col-50 elementor-top-column elementor-element elementor-element-4a91c07\" data-id=\"4a91c07\" data-element_type=\"column\" data-e-type=\"column\">\n\t\t\t<div class=\"elementor-widget-wrap elementor-element-populated\">\n\t\t\t\t\t\t<div class=\"elementor-element elementor-element-49b230b5 elementor-widget elementor-widget-image\" data-id=\"49b230b5\" data-element_type=\"widget\" data-e-type=\"widget\" data-widget_type=\"image.default\">\n\t\t\t\t<div class=\"elementor-widget-container\">\n\t\t\t\t\t\t\t\t\t\t\t\t<figure class=\"wp-caption\">\n\t\t\t\t\t\t\t\t\t\t<img loading=\"lazy\" decoding=\"async\" width=\"150\" height=\"150\" src=\"https:\/\/i0.wp.com\/niapurenature.com\/wp-content\/uploads\/2023\/03\/Antioxidant-Support.png?resize=150%2C150&amp;ssl=1\" class=\"attachment-thumbnail size-thumbnail wp-image-7947\" alt=\"\" srcset=\"https:\/\/i0.wp.com\/niapurenature.com\/wp-content\/uploads\/2023\/03\/Antioxidant-Support.png?w=300&amp;ssl=1 300w, https:\/\/i0.wp.com\/niapurenature.com\/wp-content\/uploads\/2023\/03\/Antioxidant-Support.png?resize=150%2C150&amp;ssl=1 150w, https:\/\/i0.wp.com\/niapurenature.com\/wp-content\/uploads\/2023\/03\/Antioxidant-Support.png?resize=100%2C100&amp;ssl=1 100w\" sizes=\"(max-width: 150px) 100vw, 150px\" \/>\t\t\t\t\t\t\t\t\t\t\t<figcaption class=\"widget-image-caption wp-caption-text\">            Antioxydant<\/figcaption>\n\t\t\t\t\t\t\t\t\t\t<\/figure>\n\t\t\t\t\t\t\t\t\t<\/div>\n\t\t\t\t<\/div>\n\t\t\t\t\t<\/div>\n\t\t<\/div>\n\t\t\t\t<div class=\"elementor-column elementor-col-50 elementor-top-column elementor-element elementor-element-547ad125\" data-id=\"547ad125\" data-element_type=\"column\" data-e-type=\"column\">\n\t\t\t<div class=\"elementor-widget-wrap elementor-element-populated\">\n\t\t\t\t\t\t<div class=\"elementor-element elementor-element-7f064c elementor-widget elementor-widget-text-editor\" data-id=\"7f064c\" data-element_type=\"widget\" data-e-type=\"widget\" data-widget_type=\"text-editor.default\">\n\t\t\t\t<div class=\"elementor-widget-container\">\n\t\t\t\t\t\t\t\t\t<p>\u00a0L&rsquo;haritaki contient plusieurs compos\u00e9s aux propri\u00e9t\u00e9s antioxydantes qui peuvent aider \u00e0 prot\u00e9ger contre le stress oxydatif et les radicaux libres.<\/p>\t\t\t\t\t\t\t\t<\/div>\n\t\t\t\t<\/div>\n\t\t\t\t\t<\/div>\n\t\t<\/div>\n\t\t\t\t\t<\/div>\n\t\t<\/section>\n\t\t\t\t<section class=\"elementor-section elementor-top-section elementor-element elementor-element-28e6032 elementor-section-boxed elementor-section-height-default elementor-section-height-default\" data-id=\"28e6032\" data-element_type=\"section\" data-e-type=\"section\">\n\t\t\t\t\t\t<div class=\"elementor-container elementor-column-gap-default\">\n\t\t\t\t\t<div class=\"elementor-column elementor-col-100 elementor-top-column elementor-element elementor-element-7143547\" data-id=\"7143547\" data-element_type=\"column\" data-e-type=\"column\">\n\t\t\t<div class=\"elementor-widget-wrap elementor-element-populated\">\n\t\t\t\t\t\t<div class=\"elementor-element elementor-element-69a9a3b elementor-widget elementor-widget-heading\" data-id=\"69a9a3b\" data-element_type=\"widget\" data-e-type=\"widget\" data-widget_type=\"heading.default\">\n\t\t\t\t<div class=\"elementor-widget-container\">\n\t\t\t\t\t<h1 class=\"elementor-heading-title elementor-size-default\">Acheter des produits Haritaki<\/h1>\t\t\t\t<\/div>\n\t\t\t\t<\/div>\n\t\t\t\t\t<\/div>\n\t\t<\/div>\n\t\t\t\t\t<\/div>\n\t\t<\/section>\n\t\t\t\t<section class=\"elementor-section elementor-top-section elementor-element elementor-element-1879b7d elementor-section-boxed elementor-section-height-default elementor-section-height-default\" data-id=\"1879b7d\" data-element_type=\"section\" data-e-type=\"section\">\n\t\t\t\t\t\t<div class=\"elementor-container elementor-column-gap-default\">\n\t\t\t\t\t<div class=\"elementor-column elementor-col-100 elementor-top-column elementor-element elementor-element-8e0b8dc\" data-id=\"8e0b8dc\" data-element_type=\"column\" data-e-type=\"column\">\n\t\t\t<div class=\"elementor-widget-wrap elementor-element-populated\">\n\t\t\t\t\t\t<div class=\"elementor-element elementor-element-ed76802 elementor-widget elementor-widget-spacer\" data-id=\"ed76802\" data-element_type=\"widget\" data-e-type=\"widget\" data-widget_type=\"spacer.default\">\n\t\t\t\t<div class=\"elementor-widget-container\">\n\t\t\t\t\t\t\t<div class=\"elementor-spacer\">\n\t\t\t<div class=\"elementor-spacer-inner\"><\/div>\n\t\t<\/div>\n\t\t\t\t\t\t<\/div>\n\t\t\t\t<\/div>\n\t\t\t\t<div class=\"elementor-element elementor-element-e03dba1 elementor-grid-4 elementor-grid-tablet-3 elementor-grid-mobile-2 elementor-products-grid elementor-wc-products elementor-widget elementor-widget-woocommerce-products\" data-id=\"e03dba1\" data-element_type=\"widget\" data-e-type=\"widget\" data-widget_type=\"woocommerce-products.default\">\n\t\t\t\t<div class=\"elementor-widget-container\">\n\t\t\t\t\t<div class=\"woocommerce columns-4 \"><ul class=\"products elementor-grid columns-4\">\n<li class=\"desktop-align-left tablet-align-left mobile-align-left ast-product-gallery-layout-vertical ast-product-tabs-layout-vertical ast-qv-on-image product type-product post-3411 status-publish first instock product_cat-sante-des-hommes product_cat-superaliments-en-latte product_cat-supplements-naturels product_tag-amla-fr product_tag-energy-fr product_tag-indian-gooseberry-fr product_tag-moringa-fr product_tag-organic-fr product_tag-superfood-fr has-post-thumbnail taxable shipping-taxable purchasable product-type-simple\">\n\t<a href=\"https:\/\/niapurenature.com\/fr\/product\/nouveau-nia-pure-max-power\" class=\"woocommerce-LoopProduct-link woocommerce-loop-product__link\"><img loading=\"lazy\" decoding=\"async\" width=\"300\" height=\"300\" src=\"https:\/\/i0.wp.com\/niapurenature.com\/wp-content\/uploads\/2020\/02\/Max-Power-200g.jpg?resize=300%2C300&amp;ssl=1\" class=\"attachment-woocommerce_thumbnail size-woocommerce_thumbnail\" alt=\"Nia Pure MAX POWER\" srcset=\"https:\/\/i0.wp.com\/niapurenature.com\/wp-content\/uploads\/2020\/02\/Max-Power-200g.jpg?w=1280&amp;ssl=1 1280w, https:\/\/i0.wp.com\/niapurenature.com\/wp-content\/uploads\/2020\/02\/Max-Power-200g.jpg?resize=300%2C300&amp;ssl=1 300w, https:\/\/i0.wp.com\/niapurenature.com\/wp-content\/uploads\/2020\/02\/Max-Power-200g.jpg?resize=1024%2C1024&amp;ssl=1 1024w, https:\/\/i0.wp.com\/niapurenature.com\/wp-content\/uploads\/2020\/02\/Max-Power-200g.jpg?resize=150%2C150&amp;ssl=1 150w, https:\/\/i0.wp.com\/niapurenature.com\/wp-content\/uploads\/2020\/02\/Max-Power-200g.jpg?resize=768%2C768&amp;ssl=1 768w, https:\/\/i0.wp.com\/niapurenature.com\/wp-content\/uploads\/2020\/02\/Max-Power-200g.jpg?resize=600%2C600&amp;ssl=1 600w, https:\/\/i0.wp.com\/niapurenature.com\/wp-content\/uploads\/2020\/02\/Max-Power-200g.jpg?resize=100%2C100&amp;ssl=1 100w\" sizes=\"(max-width: 300px) 100vw, 300px\" \/><h2 class=\"woocommerce-loop-product__title\">Nia Pure MAX POWER<\/h2>\n\t<span class=\"price\"><span class=\"woocommerce-Price-amount amount\"><bdi><span class=\"woocommerce-Price-currencySymbol\">&#36;<\/span>33.99<\/bdi><\/span><\/span>\n<\/a><a href=\"\/fr\/wp-json\/wp\/v2\/pages\/9365?add-to-cart=3411\" aria-describedby=\"woocommerce_loop_add_to_cart_link_describedby_3411\" data-quantity=\"1\" class=\"button product_type_simple add_to_cart_button ajax_add_to_cart \" data-product_id=\"3411\" data-product_sku=\"\" aria-label=\"Ajouter au panier\u00a0: &ldquo;Nia Pure MAX POWER&rdquo;\" rel=\"nofollow\" data-success_message=\"\u00ab\u00a0Nia Pure MAX POWER\u00a0\u00bb a \u00e9t\u00e9 ajout\u00e9 \u00e0 votre panier\" role=\"button\">Ajouter au panier<\/a>\t<span id=\"woocommerce_loop_add_to_cart_link_describedby_3411\" class=\"screen-reader-text\">\n\t\t\t<\/span>\n<\/li>\n<\/ul>\n<\/div>\t\t\t\t<\/div>\n\t\t\t\t<\/div>\n\t\t\t\t\t<\/div>\n\t\t<\/div>\n\t\t\t\t\t<\/div>\n\t\t<\/section>\n\t\t\t\t<\/div>\n\t\t","protected":false},"excerpt":{"rendered":"<p>L&rsquo;haritaki, \u00e9galement connu sous le nom de Terminalia chebula, est un arbre fruitier originaire d&rsquo;Asie du Sud-Est qui regorge de rem\u00e8des naturels pour la sant\u00e9 et la beaut\u00e9. Les bienfaits [&hellip;]<\/p>\n","protected":false},"author":48,"featured_media":8218,"parent":0,"menu_order":0,"comment_status":"closed","ping_status":"closed","template":"","meta":{"om_disable_all_campaigns":false,"_monsterinsights_skip_tracking":false,"_monsterinsights_sitenote_active":false,"_monsterinsights_sitenote_note":"","_monsterinsights_sitenote_category":0,"site-sidebar-layout":"no-sidebar","site-content-layout":"page-builder","ast-site-content-layout":"default","site-content-style":"default","site-sidebar-style":"default","ast-global-header-display":"","ast-banner-title-visibility":"","ast-main-header-display":"","ast-hfb-above-header-display":"","ast-hfb-below-header-display":"","ast-hfb-mobile-header-display":"","site-post-title":"disabled","ast-breadcrumbs-content":"","ast-featured-img":"disabled","footer-sml-layout":"","ast-disable-related-posts":"","theme-transparent-header-meta":"","adv-header-id-meta":"","stick-header-meta":"","header-above-stick-meta":"","header-main-stick-meta":"","header-below-stick-meta":"","astra-migrate-meta-layouts":"default","ast-page-background-enabled":"default","ast-page-background-meta":{"desktop":{"background-color":"","background-image":"","background-repeat":"repeat","background-position":"center center","background-size":"auto","background-attachment":"scroll","background-type":"","background-media":"","overlay-type":"","overlay-color":"","overlay-opacity":"","overlay-gradient":""},"tablet":{"background-color":"","background-image":"","background-repeat":"repeat","background-position":"center center","background-size":"auto","background-attachment":"scroll","background-type":"","background-media":"","overlay-type":"","overlay-color":"","overlay-opacity":"","overlay-gradient":""},"mobile":{"background-color":"","background-image":"","background-repeat":"repeat","background-position":"center center","background-size":"auto","background-attachment":"scroll","background-type":"","background-media":"","overlay-type":"","overlay-color":"","overlay-opacity":"","overlay-gradient":""}},"ast-content-background-meta":{"desktop":{"background-color":"var(--ast-global-color-5)","background-image":"","background-repeat":"repeat","background-position":"center center","background-size":"auto","background-attachment":"scroll","background-type":"","background-media":"","overlay-type":"","overlay-color":"","overlay-opacity":"","overlay-gradient":""},"tablet":{"background-color":"var(--ast-global-color-5)","background-image":"","background-repeat":"repeat","background-position":"center center","background-size":"auto","background-attachment":"scroll","background-type":"","background-media":"","overlay-type":"","overlay-color":"","overlay-opacity":"","overlay-gradient":""},"mobile":{"background-color":"var(--ast-global-color-5)","background-image":"","background-repeat":"repeat","background-position":"center center","background-size":"auto","background-attachment":"scroll","background-type":"","background-media":"","overlay-type":"","overlay-color":"","overlay-opacity":"","overlay-gradient":""}},"footnotes":""},"class_list":["post-9365","page","type-page","status-publish","has-post-thumbnail","hentry"],"aioseo_notices":[],"jetpack-related-posts":[],"jetpack_sharing_enabled":true,"_links":{"self":[{"href":"https:\/\/niapurenature.com\/fr\/wp-json\/wp\/v2\/pages\/9365","targetHints":{"allow":["GET"]}}],"collection":[{"href":"https:\/\/niapurenature.com\/fr\/wp-json\/wp\/v2\/pages"}],"about":[{"href":"https:\/\/niapurenature.com\/fr\/wp-json\/wp\/v2\/types\/page"}],"author":[{"embeddable":true,"href":"https:\/\/niapurenature.com\/fr\/wp-json\/wp\/v2\/users\/48"}],"replies":[{"embeddable":true,"href":"https:\/\/niapurenature.com\/fr\/wp-json\/wp\/v2\/comments?post=9365"}],"version-history":[{"count":0,"href":"https:\/\/niapurenature.com\/fr\/wp-json\/wp\/v2\/pages\/9365\/revisions"}],"wp:featuredmedia":[{"embeddable":true,"href":"https:\/\/niapurenature.com\/fr\/wp-json\/wp\/v2\/media\/8218"}],"wp:attachment":[{"href":"https:\/\/niapurenature.com\/fr\/wp-json\/wp\/v2\/media?parent=9365"}],"curies":[{"name":"wp","href":"https:\/\/api.w.org\/{rel}","templated":true}]}}