{"id":9393,"date":"2023-03-07T16:07:27","date_gmt":"2023-03-07T16:07:27","guid":{"rendered":"https:\/\/niapurenature.com\/ginkgo-biloba\/"},"modified":"2023-03-24T17:23:44","modified_gmt":"2023-03-24T17:23:44","slug":"ginkgo-biloba","status":"publish","type":"page","link":"https:\/\/niapurenature.com\/fr\/ginkgo-biloba","title":{"rendered":"Ginkgo Biloba"},"content":{"rendered":"\t\t<div data-elementor-type=\"wp-page\" data-elementor-id=\"9393\" class=\"elementor elementor-9393\" data-elementor-post-type=\"page\">\n\t\t\t\t\t\t<section class=\"elementor-section elementor-top-section elementor-element elementor-element-5905367c elementor-section-boxed elementor-section-height-default elementor-section-height-default\" data-id=\"5905367c\" data-element_type=\"section\" data-e-type=\"section\">\n\t\t\t\t\t\t<div class=\"elementor-container elementor-column-gap-default\">\n\t\t\t\t\t<div class=\"elementor-column elementor-col-100 elementor-top-column elementor-element elementor-element-3f013c94\" data-id=\"3f013c94\" data-element_type=\"column\" data-e-type=\"column\">\n\t\t\t<div class=\"elementor-widget-wrap elementor-element-populated\">\n\t\t\t\t\t\t<div class=\"elementor-element elementor-element-45bd3ab0 elementor-widget elementor-widget-image\" data-id=\"45bd3ab0\" data-element_type=\"widget\" data-e-type=\"widget\" data-widget_type=\"image.default\">\n\t\t\t\t<div class=\"elementor-widget-container\">\n\t\t\t\t\t\t\t\t\t\t\t\t\t\t\t<img decoding=\"async\" src=\"https:\/\/i0.wp.com\/niapurenature.com\/wp-content\/uploads\/2023\/03\/Ginkgo-Biloba-1-1.jpg?fit=1400%2C400&#038;ssl=1\" title=\"Ginkgo Biloba (1)\" alt=\"Ginkgo Biloba (1)\" loading=\"lazy\" \/>\t\t\t\t\t\t\t\t\t\t\t\t\t\t\t<\/div>\n\t\t\t\t<\/div>\n\t\t\t\t\t<\/div>\n\t\t<\/div>\n\t\t\t\t\t<\/div>\n\t\t<\/section>\n\t\t\t\t<section class=\"elementor-section elementor-top-section elementor-element elementor-element-a700f20 elementor-section-boxed elementor-section-height-default elementor-section-height-default\" data-id=\"a700f20\" data-element_type=\"section\" data-e-type=\"section\">\n\t\t\t\t\t\t<div class=\"elementor-container elementor-column-gap-default\">\n\t\t\t\t\t<div class=\"elementor-column elementor-col-100 elementor-top-column elementor-element elementor-element-7c3f1a46\" data-id=\"7c3f1a46\" data-element_type=\"column\" data-e-type=\"column\">\n\t\t\t<div class=\"elementor-widget-wrap elementor-element-populated\">\n\t\t\t\t\t\t<div class=\"elementor-element elementor-element-14bef710 elementor-widget elementor-widget-heading\" data-id=\"14bef710\" data-element_type=\"widget\" data-e-type=\"widget\" data-widget_type=\"heading.default\">\n\t\t\t\t<div class=\"elementor-widget-container\">\n\t\t\t\t\t<h3 class=\"elementor-heading-title elementor-size-default\">Le ginkgo biloba est un suppl\u00e9ment \u00e0 base de plantes d\u00e9riv\u00e9 des feuilles de l'arbre Ginkgo biloba, l'une des plus anciennes esp\u00e8ces d'arbres vivants au monde. Il est utilis\u00e9 dans la m\u00e9decine traditionnelle depuis des milliers d'ann\u00e9es et on lui attribue de nombreux bienfaits potentiels pour la sant\u00e9.<\/h3>\t\t\t\t<\/div>\n\t\t\t\t<\/div>\n\t\t\t\t\t<\/div>\n\t\t<\/div>\n\t\t\t\t\t<\/div>\n\t\t<\/section>\n\t\t\t\t<section class=\"elementor-section elementor-top-section elementor-element elementor-element-59e3bdaa elementor-section-boxed elementor-section-height-default elementor-section-height-default\" data-id=\"59e3bdaa\" data-element_type=\"section\" data-e-type=\"section\">\n\t\t\t\t\t\t<div class=\"elementor-container elementor-column-gap-default\">\n\t\t\t\t\t<div class=\"elementor-column elementor-col-100 elementor-top-column elementor-element elementor-element-47b12415\" data-id=\"47b12415\" data-element_type=\"column\" data-e-type=\"column\">\n\t\t\t<div class=\"elementor-widget-wrap elementor-element-populated\">\n\t\t\t\t\t\t<div class=\"elementor-element elementor-element-78895970 elementor-widget elementor-widget-heading\" data-id=\"78895970\" data-element_type=\"widget\" data-e-type=\"widget\" data-widget_type=\"heading.default\">\n\t\t\t\t<div class=\"elementor-widget-container\">\n\t\t\t\t\t<h2 class=\"elementor-heading-title elementor-size-default\">Les bienfaits du ginkgo biloba<\/h2>\t\t\t\t<\/div>\n\t\t\t\t<\/div>\n\t\t\t\t\t<\/div>\n\t\t<\/div>\n\t\t\t\t\t<\/div>\n\t\t<\/section>\n\t\t\t\t<section class=\"elementor-section elementor-top-section elementor-element elementor-element-3a94f217 elementor-section-boxed elementor-section-height-default elementor-section-height-default\" data-id=\"3a94f217\" data-element_type=\"section\" data-e-type=\"section\">\n\t\t\t\t\t\t<div class=\"elementor-container elementor-column-gap-default\">\n\t\t\t\t\t<div class=\"elementor-column elementor-col-100 elementor-top-column elementor-element elementor-element-4c7a1c62\" data-id=\"4c7a1c62\" data-element_type=\"column\" data-e-type=\"column\">\n\t\t\t<div class=\"elementor-widget-wrap elementor-element-populated\">\n\t\t\t\t\t\t<section class=\"elementor-section elementor-inner-section elementor-element elementor-element-7f21d4a2 elementor-section-boxed elementor-section-height-default elementor-section-height-default\" data-id=\"7f21d4a2\" data-element_type=\"section\" data-e-type=\"section\">\n\t\t\t\t\t\t<div class=\"elementor-container elementor-column-gap-default\">\n\t\t\t\t\t<div class=\"elementor-column elementor-col-50 elementor-inner-column elementor-element elementor-element-2584837f\" data-id=\"2584837f\" data-element_type=\"column\" data-e-type=\"column\">\n\t\t\t<div class=\"elementor-widget-wrap elementor-element-populated\">\n\t\t\t\t\t\t<div class=\"elementor-element elementor-element-4a38da7 elementor-widget elementor-widget-image\" data-id=\"4a38da7\" data-element_type=\"widget\" data-e-type=\"widget\" data-widget_type=\"image.default\">\n\t\t\t\t<div class=\"elementor-widget-container\">\n\t\t\t\t\t\t\t\t\t\t\t\t\t\t\t<img fetchpriority=\"high\" decoding=\"async\" width=\"500\" height=\"500\" src=\"https:\/\/i0.wp.com\/niapurenature.com\/wp-content\/uploads\/2023\/03\/Ginkgo-Biloba.png?fit=500%2C500&amp;ssl=1\" class=\"attachment-large size-large wp-image-7887\" alt=\"\" srcset=\"https:\/\/i0.wp.com\/niapurenature.com\/wp-content\/uploads\/2023\/03\/Ginkgo-Biloba.png?w=500&amp;ssl=1 500w, https:\/\/i0.wp.com\/niapurenature.com\/wp-content\/uploads\/2023\/03\/Ginkgo-Biloba.png?resize=300%2C300&amp;ssl=1 300w, https:\/\/i0.wp.com\/niapurenature.com\/wp-content\/uploads\/2023\/03\/Ginkgo-Biloba.png?resize=150%2C150&amp;ssl=1 150w, https:\/\/i0.wp.com\/niapurenature.com\/wp-content\/uploads\/2023\/03\/Ginkgo-Biloba.png?resize=100%2C100&amp;ssl=1 100w\" sizes=\"(max-width: 500px) 100vw, 500px\" \/>\t\t\t\t\t\t\t\t\t\t\t\t\t\t\t<\/div>\n\t\t\t\t<\/div>\n\t\t\t\t\t<\/div>\n\t\t<\/div>\n\t\t\t\t<div class=\"elementor-column elementor-col-50 elementor-inner-column elementor-element elementor-element-4f1d0ede\" data-id=\"4f1d0ede\" data-element_type=\"column\" data-e-type=\"column\">\n\t\t\t<div class=\"elementor-widget-wrap elementor-element-populated\">\n\t\t\t\t\t\t<div class=\"elementor-element elementor-element-50bdda5d elementor-widget elementor-widget-text-editor\" data-id=\"50bdda5d\" data-element_type=\"widget\" data-e-type=\"widget\" data-widget_type=\"text-editor.default\">\n\t\t\t\t<div class=\"elementor-widget-container\">\n\t\t\t\t\t\t\t\t\t<div class=\"break-words markdown-formatted-text\"><p>Le ginkgo biloba est un suppl\u00e9ment \u00e0 base de plantes utilis\u00e9 en m\u00e9decine traditionnelle depuis des milliers d&rsquo;ann\u00e9es. On lui attribue de nombreux bienfaits potentiels pour la sant\u00e9, notamment l&rsquo;am\u00e9lioration des fonctions cognitives, la r\u00e9duction de l&rsquo;anxi\u00e9t\u00e9, l&rsquo;am\u00e9lioration de la circulation, le soutien de la sant\u00e9 oculaire et le renforcement du syst\u00e8me immunitaire. Le ginkgo biloba peut \u00eatre particuli\u00e8rement utile aux personnes atteintes de la maladie d&rsquo;Alzheimer ou d&rsquo;autres formes de d\u00e9mence, ainsi qu&rsquo;\u00e0 celles qui souffrent de maladies telles que la maladie de Raynaud et l&rsquo;art\u00e9riopathie p\u00e9riph\u00e9rique. Bien que des recherches suppl\u00e9mentaires soient n\u00e9cessaires pour comprendre pleinement les avantages potentiels du ginkgo biloba, ces r\u00e9sultats sugg\u00e8rent qu&rsquo;il peut \u00eatre un compl\u00e9ment utile \u00e0 un mode de vie sain pour promouvoir la sant\u00e9 et le bien-\u00eatre en g\u00e9n\u00e9ral.<\/p><\/div>\t\t\t\t\t\t\t\t<\/div>\n\t\t\t\t<\/div>\n\t\t\t\t\t<\/div>\n\t\t<\/div>\n\t\t\t\t\t<\/div>\n\t\t<\/section>\n\t\t\t\t\t<\/div>\n\t\t<\/div>\n\t\t\t\t\t<\/div>\n\t\t<\/section>\n\t\t\t\t<section class=\"elementor-section elementor-top-section elementor-element elementor-element-642a4582 elementor-section-boxed elementor-section-height-default elementor-section-height-default\" data-id=\"642a4582\" data-element_type=\"section\" data-e-type=\"section\" data-settings=\"{&quot;shape_divider_top&quot;:&quot;arrow&quot;}\">\n\t\t\t\t\t<div class=\"elementor-shape elementor-shape-top\" aria-hidden=\"true\" data-negative=\"false\">\n\t\t\t<svg xmlns=\"http:\/\/www.w3.org\/2000\/svg\" viewBox=\"0 0 700 10\" preserveAspectRatio=\"none\">\n\t<path class=\"elementor-shape-fill\" d=\"M350,10L340,0h20L350,10z\"\/>\n<\/svg>\t\t<\/div>\n\t\t\t\t\t<div class=\"elementor-container elementor-column-gap-default\">\n\t\t\t\t\t<div class=\"elementor-column elementor-col-50 elementor-top-column elementor-element elementor-element-470226d6\" data-id=\"470226d6\" data-element_type=\"column\" data-e-type=\"column\">\n\t\t\t<div class=\"elementor-widget-wrap elementor-element-populated\">\n\t\t\t\t\t\t<div class=\"elementor-element elementor-element-109b1741 elementor-widget elementor-widget-image\" data-id=\"109b1741\" data-element_type=\"widget\" data-e-type=\"widget\" data-widget_type=\"image.default\">\n\t\t\t\t<div class=\"elementor-widget-container\">\n\t\t\t\t\t\t\t\t\t\t\t\t<figure class=\"wp-caption\">\n\t\t\t\t\t\t\t\t\t\t<img decoding=\"async\" width=\"150\" height=\"150\" src=\"https:\/\/i0.wp.com\/niapurenature.com\/wp-content\/uploads\/2023\/03\/Brain-Function.png?resize=150%2C150&amp;ssl=1\" class=\"attachment-thumbnail size-thumbnail wp-image-7956\" alt=\"\" srcset=\"https:\/\/i0.wp.com\/niapurenature.com\/wp-content\/uploads\/2023\/03\/Brain-Function.png?w=300&amp;ssl=1 300w, https:\/\/i0.wp.com\/niapurenature.com\/wp-content\/uploads\/2023\/03\/Brain-Function.png?resize=150%2C150&amp;ssl=1 150w, https:\/\/i0.wp.com\/niapurenature.com\/wp-content\/uploads\/2023\/03\/Brain-Function.png?resize=100%2C100&amp;ssl=1 100w\" sizes=\"(max-width: 150px) 100vw, 150px\" \/>\t\t\t\t\t\t\t\t\t\t\t<figcaption class=\"widget-image-caption wp-caption-text\">Fonction c\u00e9r\u00e9brale<\/figcaption>\n\t\t\t\t\t\t\t\t\t\t<\/figure>\n\t\t\t\t\t\t\t\t\t<\/div>\n\t\t\t\t<\/div>\n\t\t\t\t\t<\/div>\n\t\t<\/div>\n\t\t\t\t<div class=\"elementor-column elementor-col-50 elementor-top-column elementor-element elementor-element-3839b81\" data-id=\"3839b81\" data-element_type=\"column\" data-e-type=\"column\">\n\t\t\t<div class=\"elementor-widget-wrap elementor-element-populated\">\n\t\t\t\t\t\t<div class=\"elementor-element elementor-element-683c2055 elementor-widget elementor-widget-text-editor\" data-id=\"683c2055\" data-element_type=\"widget\" data-e-type=\"widget\" data-widget_type=\"text-editor.default\">\n\t\t\t\t<div class=\"elementor-widget-container\">\n\t\t\t\t\t\t\t\t\t<p>Le ginkgo biloba peut contribuer \u00e0 am\u00e9liorer la m\u00e9moire et la concentration, ce qui le rend potentiellement utile pour les personnes atteintes de la maladie d&rsquo;Alzheimer ou d&rsquo;autres formes de d\u00e9mence.<\/p>\t\t\t\t\t\t\t\t<\/div>\n\t\t\t\t<\/div>\n\t\t\t\t\t<\/div>\n\t\t<\/div>\n\t\t\t\t\t<\/div>\n\t\t<\/section>\n\t\t\t\t<section class=\"elementor-section elementor-top-section elementor-element elementor-element-526a2bd1 elementor-section-boxed elementor-section-height-default elementor-section-height-default\" data-id=\"526a2bd1\" data-element_type=\"section\" data-e-type=\"section\">\n\t\t\t\t\t\t<div class=\"elementor-container elementor-column-gap-default\">\n\t\t\t\t\t<div class=\"elementor-column elementor-col-50 elementor-top-column elementor-element elementor-element-f6926a\" data-id=\"f6926a\" data-element_type=\"column\" data-e-type=\"column\">\n\t\t\t<div class=\"elementor-widget-wrap elementor-element-populated\">\n\t\t\t\t\t\t<div class=\"elementor-element elementor-element-2c3f3895 elementor-widget elementor-widget-image\" data-id=\"2c3f3895\" data-element_type=\"widget\" data-e-type=\"widget\" data-widget_type=\"image.default\">\n\t\t\t\t<div class=\"elementor-widget-container\">\n\t\t\t\t\t\t\t\t\t\t\t\t<figure class=\"wp-caption\">\n\t\t\t\t\t\t\t\t\t\t<img decoding=\"async\" width=\"150\" height=\"150\" src=\"https:\/\/i0.wp.com\/niapurenature.com\/wp-content\/uploads\/2023\/03\/Blood-sugar.png?resize=150%2C150&amp;ssl=1\" class=\"attachment-thumbnail size-thumbnail wp-image-8037\" alt=\"\" srcset=\"https:\/\/i0.wp.com\/niapurenature.com\/wp-content\/uploads\/2023\/03\/Blood-sugar.png?w=300&amp;ssl=1 300w, https:\/\/i0.wp.com\/niapurenature.com\/wp-content\/uploads\/2023\/03\/Blood-sugar.png?resize=150%2C150&amp;ssl=1 150w, https:\/\/i0.wp.com\/niapurenature.com\/wp-content\/uploads\/2023\/03\/Blood-sugar.png?resize=100%2C100&amp;ssl=1 100w\" sizes=\"(max-width: 150px) 100vw, 150px\" \/>\t\t\t\t\t\t\t\t\t\t\t<figcaption class=\"widget-image-caption wp-caption-text\">Sant\u00e9 du sang<\/figcaption>\n\t\t\t\t\t\t\t\t\t\t<\/figure>\n\t\t\t\t\t\t\t\t\t<\/div>\n\t\t\t\t<\/div>\n\t\t\t\t\t<\/div>\n\t\t<\/div>\n\t\t\t\t<div class=\"elementor-column elementor-col-50 elementor-top-column elementor-element elementor-element-255489a6\" data-id=\"255489a6\" data-element_type=\"column\" data-e-type=\"column\">\n\t\t\t<div class=\"elementor-widget-wrap elementor-element-populated\">\n\t\t\t\t\t\t<div class=\"elementor-element elementor-element-750034e2 elementor-widget elementor-widget-text-editor\" data-id=\"750034e2\" data-element_type=\"widget\" data-e-type=\"widget\" data-widget_type=\"text-editor.default\">\n\t\t\t\t<div class=\"elementor-widget-container\">\n\t\t\t\t\t\t\t\t\t<p>Il a \u00e9t\u00e9 d\u00e9montr\u00e9 que le ginkgo biloba am\u00e9liore la circulation sanguine dans l&rsquo;ensemble de l&rsquo;organisme, ce qui peut \u00eatre b\u00e9n\u00e9fique pour des affections telles que la maladie de Raynaud et les maladies art\u00e9rielles p\u00e9riph\u00e9riques.<\/p>\t\t\t\t\t\t\t\t<\/div>\n\t\t\t\t<\/div>\n\t\t\t\t\t<\/div>\n\t\t<\/div>\n\t\t\t\t\t<\/div>\n\t\t<\/section>\n\t\t\t\t<section class=\"elementor-section elementor-top-section elementor-element elementor-element-4f9986db elementor-section-boxed elementor-section-height-default elementor-section-height-default\" data-id=\"4f9986db\" data-element_type=\"section\" data-e-type=\"section\">\n\t\t\t\t\t\t<div class=\"elementor-container elementor-column-gap-default\">\n\t\t\t\t\t<div class=\"elementor-column elementor-col-50 elementor-top-column elementor-element elementor-element-155eb114\" data-id=\"155eb114\" data-element_type=\"column\" data-e-type=\"column\">\n\t\t\t<div class=\"elementor-widget-wrap elementor-element-populated\">\n\t\t\t\t\t\t<div class=\"elementor-element elementor-element-129f836b elementor-widget elementor-widget-image\" data-id=\"129f836b\" data-element_type=\"widget\" data-e-type=\"widget\" data-widget_type=\"image.default\">\n\t\t\t\t<div class=\"elementor-widget-container\">\n\t\t\t\t\t\t\t\t\t\t\t\t<figure class=\"wp-caption\">\n\t\t\t\t\t\t\t\t\t\t<img loading=\"lazy\" decoding=\"async\" width=\"150\" height=\"150\" src=\"https:\/\/i0.wp.com\/niapurenature.com\/wp-content\/uploads\/2023\/03\/stress-support.png?resize=150%2C150&amp;ssl=1\" class=\"attachment-thumbnail size-thumbnail wp-image-7837\" alt=\"\" srcset=\"https:\/\/i0.wp.com\/niapurenature.com\/wp-content\/uploads\/2023\/03\/stress-support.png?w=500&amp;ssl=1 500w, https:\/\/i0.wp.com\/niapurenature.com\/wp-content\/uploads\/2023\/03\/stress-support.png?resize=300%2C300&amp;ssl=1 300w, https:\/\/i0.wp.com\/niapurenature.com\/wp-content\/uploads\/2023\/03\/stress-support.png?resize=150%2C150&amp;ssl=1 150w, https:\/\/i0.wp.com\/niapurenature.com\/wp-content\/uploads\/2023\/03\/stress-support.png?resize=100%2C100&amp;ssl=1 100w\" sizes=\"(max-width: 150px) 100vw, 150px\" \/>\t\t\t\t\t\t\t\t\t\t\t<figcaption class=\"widget-image-caption wp-caption-text\">Soutien de l'humeur<\/figcaption>\n\t\t\t\t\t\t\t\t\t\t<\/figure>\n\t\t\t\t\t\t\t\t\t<\/div>\n\t\t\t\t<\/div>\n\t\t\t\t\t<\/div>\n\t\t<\/div>\n\t\t\t\t<div class=\"elementor-column elementor-col-50 elementor-top-column elementor-element elementor-element-610bf4a1\" data-id=\"610bf4a1\" data-element_type=\"column\" data-e-type=\"column\">\n\t\t\t<div class=\"elementor-widget-wrap elementor-element-populated\">\n\t\t\t\t\t\t<div class=\"elementor-element elementor-element-4bc5da38 elementor-widget elementor-widget-text-editor\" data-id=\"4bc5da38\" data-element_type=\"widget\" data-e-type=\"widget\" data-widget_type=\"text-editor.default\">\n\t\t\t\t<div class=\"elementor-widget-container\">\n\t\t\t\t\t\t\t\t\t<p>Certaines \u00e9tudes ont sugg\u00e9r\u00e9 que le ginkgo biloba pourrait aider \u00e0 r\u00e9duire les sympt\u00f4mes de l&rsquo;anxi\u00e9t\u00e9 et de la d\u00e9pression en augmentant les niveaux de certains neurotransmetteurs dans le cerveau.<\/p>\t\t\t\t\t\t\t\t<\/div>\n\t\t\t\t<\/div>\n\t\t\t\t\t<\/div>\n\t\t<\/div>\n\t\t\t\t\t<\/div>\n\t\t<\/section>\n\t\t\t\t<section class=\"elementor-section elementor-top-section elementor-element elementor-element-54ad7af4 elementor-section-boxed elementor-section-height-default elementor-section-height-default\" data-id=\"54ad7af4\" data-element_type=\"section\" data-e-type=\"section\">\n\t\t\t\t\t\t<div class=\"elementor-container elementor-column-gap-default\">\n\t\t\t\t\t<div class=\"elementor-column elementor-col-50 elementor-top-column elementor-element elementor-element-3cf05f0d\" data-id=\"3cf05f0d\" data-element_type=\"column\" data-e-type=\"column\">\n\t\t\t<div class=\"elementor-widget-wrap elementor-element-populated\">\n\t\t\t\t\t\t<div class=\"elementor-element elementor-element-125b87e elementor-widget elementor-widget-image\" data-id=\"125b87e\" data-element_type=\"widget\" data-e-type=\"widget\" data-widget_type=\"image.default\">\n\t\t\t\t<div class=\"elementor-widget-container\">\n\t\t\t\t\t\t\t\t\t\t\t\t<figure class=\"wp-caption\">\n\t\t\t\t\t\t\t\t\t\t<img loading=\"lazy\" decoding=\"async\" width=\"150\" height=\"150\" src=\"https:\/\/i0.wp.com\/niapurenature.com\/wp-content\/uploads\/2023\/03\/Immune-Boosting.png?resize=150%2C150&amp;ssl=1\" class=\"attachment-thumbnail size-thumbnail wp-image-7949\" alt=\"\" srcset=\"https:\/\/i0.wp.com\/niapurenature.com\/wp-content\/uploads\/2023\/03\/Immune-Boosting.png?w=300&amp;ssl=1 300w, https:\/\/i0.wp.com\/niapurenature.com\/wp-content\/uploads\/2023\/03\/Immune-Boosting.png?resize=150%2C150&amp;ssl=1 150w, https:\/\/i0.wp.com\/niapurenature.com\/wp-content\/uploads\/2023\/03\/Immune-Boosting.png?resize=100%2C100&amp;ssl=1 100w\" sizes=\"(max-width: 150px) 100vw, 150px\" \/>\t\t\t\t\t\t\t\t\t\t\t<figcaption class=\"widget-image-caption wp-caption-text\">Renforcement du syst\u00e8me immunitaire<\/figcaption>\n\t\t\t\t\t\t\t\t\t\t<\/figure>\n\t\t\t\t\t\t\t\t\t<\/div>\n\t\t\t\t<\/div>\n\t\t\t\t\t<\/div>\n\t\t<\/div>\n\t\t\t\t<div class=\"elementor-column elementor-col-50 elementor-top-column elementor-element elementor-element-4e077296\" data-id=\"4e077296\" data-element_type=\"column\" data-e-type=\"column\">\n\t\t\t<div class=\"elementor-widget-wrap elementor-element-populated\">\n\t\t\t\t\t\t<div class=\"elementor-element elementor-element-25ab4d3c elementor-widget elementor-widget-text-editor\" data-id=\"25ab4d3c\" data-element_type=\"widget\" data-e-type=\"widget\" data-widget_type=\"text-editor.default\">\n\t\t\t\t<div class=\"elementor-widget-container\">\n\t\t\t\t\t\t\t\t\t<p>Le ginkgo biloba contient des antioxydants qui peuvent aider \u00e0 prot\u00e9ger contre les dommages caus\u00e9s par les radicaux libres et \u00e0 soutenir le fonctionnement du syst\u00e8me immunitaire.<\/p>\t\t\t\t\t\t\t\t<\/div>\n\t\t\t\t<\/div>\n\t\t\t\t\t<\/div>\n\t\t<\/div>\n\t\t\t\t\t<\/div>\n\t\t<\/section>\n\t\t\t\t<section class=\"elementor-section elementor-top-section elementor-element elementor-element-26d0d33 elementor-section-boxed elementor-section-height-default elementor-section-height-default\" data-id=\"26d0d33\" data-element_type=\"section\" data-e-type=\"section\">\n\t\t\t\t\t\t<div class=\"elementor-container elementor-column-gap-default\">\n\t\t\t\t\t<div class=\"elementor-column elementor-col-100 elementor-top-column elementor-element elementor-element-7c2ae19\" data-id=\"7c2ae19\" data-element_type=\"column\" data-e-type=\"column\">\n\t\t\t<div class=\"elementor-widget-wrap elementor-element-populated\">\n\t\t\t\t\t\t<div class=\"elementor-element elementor-element-028970c elementor-widget elementor-widget-heading\" data-id=\"028970c\" data-element_type=\"widget\" data-e-type=\"widget\" data-widget_type=\"heading.default\">\n\t\t\t\t<div class=\"elementor-widget-container\">\n\t\t\t\t\t<h2 class=\"elementor-heading-title elementor-size-default\">Acheter des produits \u00e0 base de Ginkgo Biloba<\/h2>\t\t\t\t<\/div>\n\t\t\t\t<\/div>\n\t\t\t\t\t<\/div>\n\t\t<\/div>\n\t\t\t\t\t<\/div>\n\t\t<\/section>\n\t\t\t\t<section class=\"elementor-section elementor-top-section elementor-element elementor-element-67943e8 elementor-section-boxed elementor-section-height-default elementor-section-height-default\" data-id=\"67943e8\" data-element_type=\"section\" data-e-type=\"section\">\n\t\t\t\t\t\t<div class=\"elementor-container elementor-column-gap-default\">\n\t\t\t\t\t<div class=\"elementor-column elementor-col-100 elementor-top-column elementor-element elementor-element-d85ed9c\" data-id=\"d85ed9c\" data-element_type=\"column\" data-e-type=\"column\">\n\t\t\t<div class=\"elementor-widget-wrap elementor-element-populated\">\n\t\t\t\t\t\t<div class=\"elementor-element elementor-element-c5f3d5e elementor-widget elementor-widget-spacer\" data-id=\"c5f3d5e\" data-element_type=\"widget\" data-e-type=\"widget\" data-widget_type=\"spacer.default\">\n\t\t\t\t<div class=\"elementor-widget-container\">\n\t\t\t\t\t\t\t<div class=\"elementor-spacer\">\n\t\t\t<div class=\"elementor-spacer-inner\"><\/div>\n\t\t<\/div>\n\t\t\t\t\t\t<\/div>\n\t\t\t\t<\/div>\n\t\t\t\t\t<\/div>\n\t\t<\/div>\n\t\t\t\t\t<\/div>\n\t\t<\/section>\n\t\t\t\t<section class=\"elementor-section elementor-top-section elementor-element elementor-element-d872335 elementor-section-boxed elementor-section-height-default elementor-section-height-default\" data-id=\"d872335\" data-element_type=\"section\" data-e-type=\"section\">\n\t\t\t\t\t\t<div class=\"elementor-container elementor-column-gap-default\">\n\t\t\t\t\t<div class=\"elementor-column elementor-col-100 elementor-top-column elementor-element elementor-element-649b5d7\" data-id=\"649b5d7\" data-element_type=\"column\" data-e-type=\"column\">\n\t\t\t<div class=\"elementor-widget-wrap elementor-element-populated\">\n\t\t\t\t\t\t\t<\/div>\n\t\t<\/div>\n\t\t\t\t\t<\/div>\n\t\t<\/section>\n\t\t\t\t<\/div>\n\t\t","protected":false},"excerpt":{"rendered":"<p>Le ginkgo biloba est un suppl\u00e9ment \u00e0 base de plantes d\u00e9riv\u00e9 des feuilles de l&rsquo;arbre Ginkgo biloba, l&rsquo;une des plus anciennes esp\u00e8ces d&rsquo;arbres vivants au monde. Il est utilis\u00e9 dans [&hellip;]<\/p>\n","protected":false},"author":48,"featured_media":7888,"parent":0,"menu_order":0,"comment_status":"closed","ping_status":"closed","template":"","meta":{"om_disable_all_campaigns":false,"_monsterinsights_skip_tracking":false,"_monsterinsights_sitenote_active":false,"_monsterinsights_sitenote_note":"","_monsterinsights_sitenote_category":0,"site-sidebar-layout":"no-sidebar","site-content-layout":"page-builder","ast-site-content-layout":"default","site-content-style":"default","site-sidebar-style":"default","ast-global-header-display":"","ast-banner-title-visibility":"","ast-main-header-display":"","ast-hfb-above-header-display":"","ast-hfb-below-header-display":"","ast-hfb-mobile-header-display":"","site-post-title":"disabled","ast-breadcrumbs-content":"","ast-featured-img":"disabled","footer-sml-layout":"","ast-disable-related-posts":"","theme-transparent-header-meta":"","adv-header-id-meta":"","stick-header-meta":"","header-above-stick-meta":"","header-main-stick-meta":"","header-below-stick-meta":"","astra-migrate-meta-layouts":"default","ast-page-background-enabled":"default","ast-page-background-meta":{"desktop":{"background-color":"","background-image":"","background-repeat":"repeat","background-position":"center center","background-size":"auto","background-attachment":"scroll","background-type":"","background-media":"","overlay-type":"","overlay-color":"","overlay-opacity":"","overlay-gradient":""},"tablet":{"background-color":"","background-image":"","background-repeat":"repeat","background-position":"center center","background-size":"auto","background-attachment":"scroll","background-type":"","background-media":"","overlay-type":"","overlay-color":"","overlay-opacity":"","overlay-gradient":""},"mobile":{"background-color":"","background-image":"","background-repeat":"repeat","background-position":"center center","background-size":"auto","background-attachment":"scroll","background-type":"","background-media":"","overlay-type":"","overlay-color":"","overlay-opacity":"","overlay-gradient":""}},"ast-content-background-meta":{"desktop":{"background-color":"var(--ast-global-color-5)","background-image":"","background-repeat":"repeat","background-position":"center center","background-size":"auto","background-attachment":"scroll","background-type":"","background-media":"","overlay-type":"","overlay-color":"","overlay-opacity":"","overlay-gradient":""},"tablet":{"background-color":"var(--ast-global-color-5)","background-image":"","background-repeat":"repeat","background-position":"center center","background-size":"auto","background-attachment":"scroll","background-type":"","background-media":"","overlay-type":"","overlay-color":"","overlay-opacity":"","overlay-gradient":""},"mobile":{"background-color":"var(--ast-global-color-5)","background-image":"","background-repeat":"repeat","background-position":"center center","background-size":"auto","background-attachment":"scroll","background-type":"","background-media":"","overlay-type":"","overlay-color":"","overlay-opacity":"","overlay-gradient":""}},"footnotes":""},"class_list":["post-9393","page","type-page","status-publish","has-post-thumbnail","hentry"],"aioseo_notices":[],"jetpack-related-posts":[],"jetpack_sharing_enabled":true,"_links":{"self":[{"href":"https:\/\/niapurenature.com\/fr\/wp-json\/wp\/v2\/pages\/9393","targetHints":{"allow":["GET"]}}],"collection":[{"href":"https:\/\/niapurenature.com\/fr\/wp-json\/wp\/v2\/pages"}],"about":[{"href":"https:\/\/niapurenature.com\/fr\/wp-json\/wp\/v2\/types\/page"}],"author":[{"embeddable":true,"href":"https:\/\/niapurenature.com\/fr\/wp-json\/wp\/v2\/users\/48"}],"replies":[{"embeddable":true,"href":"https:\/\/niapurenature.com\/fr\/wp-json\/wp\/v2\/comments?post=9393"}],"version-history":[{"count":0,"href":"https:\/\/niapurenature.com\/fr\/wp-json\/wp\/v2\/pages\/9393\/revisions"}],"wp:featuredmedia":[{"embeddable":true,"href":"https:\/\/niapurenature.com\/fr\/wp-json\/wp\/v2\/media\/7888"}],"wp:attachment":[{"href":"https:\/\/niapurenature.com\/fr\/wp-json\/wp\/v2\/media?parent=9393"}],"curies":[{"name":"wp","href":"https:\/\/api.w.org\/{rel}","templated":true}]}}