{"id":9850,"date":"2023-03-31T13:55:25","date_gmt":"2023-03-31T13:55:25","guid":{"rendered":"https:\/\/niapurenature.com\/?page_id=9850"},"modified":"2023-04-05T13:49:16","modified_gmt":"2023-04-05T13:49:16","slug":"huile-de-moringa","status":"publish","type":"page","link":"https:\/\/niapurenature.com\/fr\/huile-de-moringa","title":{"rendered":"Huile de moringa"},"content":{"rendered":"\t\t<div data-elementor-type=\"wp-page\" data-elementor-id=\"9850\" class=\"elementor elementor-9850\" data-elementor-post-type=\"page\">\n\t\t\t\t\t\t<section class=\"elementor-section elementor-top-section elementor-element elementor-element-471626b6 elementor-section-boxed elementor-section-height-default elementor-section-height-default\" data-id=\"471626b6\" data-element_type=\"section\" data-e-type=\"section\">\n\t\t\t\t\t\t<div class=\"elementor-container elementor-column-gap-default\">\n\t\t\t\t\t<div class=\"elementor-column elementor-col-100 elementor-top-column elementor-element elementor-element-7d681f08\" data-id=\"7d681f08\" data-element_type=\"column\" data-e-type=\"column\">\n\t\t\t<div class=\"elementor-widget-wrap elementor-element-populated\">\n\t\t\t\t\t\t<div class=\"elementor-element elementor-element-1ea80591 elementor-widget elementor-widget-image\" data-id=\"1ea80591\" data-element_type=\"widget\" data-e-type=\"widget\" data-widget_type=\"image.default\">\n\t\t\t\t<div class=\"elementor-widget-container\">\n\t\t\t\t\t\t\t\t\t\t\t\t\t\t\t<img data-recalc-dims=\"1\" decoding=\"async\" src=\"https:\/\/i0.wp.com\/niapurenature.com\/wp-content\/uploads\/2023\/03\/Moringa-oil-cover-image2.jpg?ssl=1\" title=\"\" alt=\"\" loading=\"lazy\" \/>\t\t\t\t\t\t\t\t\t\t\t\t\t\t\t<\/div>\n\t\t\t\t<\/div>\n\t\t\t\t\t<\/div>\n\t\t<\/div>\n\t\t\t\t\t<\/div>\n\t\t<\/section>\n\t\t\t\t<section class=\"elementor-section elementor-top-section elementor-element elementor-element-465e88c8 elementor-section-boxed elementor-section-height-default elementor-section-height-default\" data-id=\"465e88c8\" data-element_type=\"section\" data-e-type=\"section\">\n\t\t\t\t\t\t<div class=\"elementor-container elementor-column-gap-default\">\n\t\t\t\t\t<div class=\"elementor-column elementor-col-100 elementor-top-column elementor-element elementor-element-671796a8\" data-id=\"671796a8\" data-element_type=\"column\" data-e-type=\"column\">\n\t\t\t<div class=\"elementor-widget-wrap elementor-element-populated\">\n\t\t\t\t\t\t<div class=\"elementor-element elementor-element-2759cadd elementor-widget elementor-widget-heading\" data-id=\"2759cadd\" data-element_type=\"widget\" data-e-type=\"widget\" data-widget_type=\"heading.default\">\n\t\t\t\t<div class=\"elementor-widget-container\">\n\t\t\t\t\t<h3 class=\"elementor-heading-title elementor-size-default\">Tous nos produits de soins de la peau (\u00e0 l'exception de Nia Pure Qasil) sont formul\u00e9s avec de l'huile de Moringa. Cette huile provient des graines de l'arbre Moringa Oleifera, connu sous le nom d'arbre miracle\". L'huile est souvent trouv\u00e9e dans les tombes de l'ancienne \u00c9gypte, miraculeusement bien conserv\u00e9e gr\u00e2ce \u00e0 ses propri\u00e9t\u00e9s antibact\u00e9riennes, anti-inflammatoires et antifongiques.<\/h3>\t\t\t\t<\/div>\n\t\t\t\t<\/div>\n\t\t\t\t\t<\/div>\n\t\t<\/div>\n\t\t\t\t\t<\/div>\n\t\t<\/section>\n\t\t\t\t<section class=\"elementor-section elementor-top-section elementor-element elementor-element-17763e0c elementor-section-boxed elementor-section-height-default elementor-section-height-default\" data-id=\"17763e0c\" data-element_type=\"section\" data-e-type=\"section\">\n\t\t\t\t\t\t<div class=\"elementor-container elementor-column-gap-default\">\n\t\t\t\t\t<div class=\"elementor-column elementor-col-100 elementor-top-column elementor-element elementor-element-4f3efb6c\" data-id=\"4f3efb6c\" data-element_type=\"column\" data-e-type=\"column\">\n\t\t\t<div class=\"elementor-widget-wrap elementor-element-populated\">\n\t\t\t\t\t\t<div class=\"elementor-element elementor-element-6ba18923 elementor-widget elementor-widget-heading\" data-id=\"6ba18923\" data-element_type=\"widget\" data-e-type=\"widget\" data-widget_type=\"heading.default\">\n\t\t\t\t<div class=\"elementor-widget-container\">\n\t\t\t\t\t<h2 class=\"elementor-heading-title elementor-size-default\">Bienfaits de l'huile de Moringa\n\n\n\n<\/h2>\t\t\t\t<\/div>\n\t\t\t\t<\/div>\n\t\t\t\t\t<\/div>\n\t\t<\/div>\n\t\t\t\t\t<\/div>\n\t\t<\/section>\n\t\t\t\t<section class=\"elementor-section elementor-top-section elementor-element elementor-element-20283c3a elementor-section-boxed elementor-section-height-default elementor-section-height-default\" data-id=\"20283c3a\" data-element_type=\"section\" data-e-type=\"section\">\n\t\t\t\t\t\t<div class=\"elementor-container elementor-column-gap-default\">\n\t\t\t\t\t<div class=\"elementor-column elementor-col-100 elementor-top-column elementor-element elementor-element-234ffcb6\" data-id=\"234ffcb6\" data-element_type=\"column\" data-e-type=\"column\">\n\t\t\t<div class=\"elementor-widget-wrap elementor-element-populated\">\n\t\t\t\t\t\t<section class=\"elementor-section elementor-inner-section elementor-element elementor-element-210e15a7 elementor-section-boxed elementor-section-height-default elementor-section-height-default\" data-id=\"210e15a7\" data-element_type=\"section\" data-e-type=\"section\">\n\t\t\t\t\t\t<div class=\"elementor-container elementor-column-gap-default\">\n\t\t\t\t\t<div class=\"elementor-column elementor-col-50 elementor-inner-column elementor-element elementor-element-29f33a77\" data-id=\"29f33a77\" data-element_type=\"column\" data-e-type=\"column\">\n\t\t\t<div class=\"elementor-widget-wrap elementor-element-populated\">\n\t\t\t\t\t\t<div class=\"elementor-element elementor-element-12b48a9f elementor-widget elementor-widget-image\" data-id=\"12b48a9f\" data-element_type=\"widget\" data-e-type=\"widget\" data-widget_type=\"image.default\">\n\t\t\t\t<div class=\"elementor-widget-container\">\n\t\t\t\t\t\t\t\t\t\t\t\t\t\t\t<img data-recalc-dims=\"1\" decoding=\"async\" src=\"https:\/\/i0.wp.com\/niapurenature.com\/wp-content\/uploads\/2023\/03\/moringa-oil2.jpeg?ssl=1\" title=\"\" alt=\"\" loading=\"lazy\" \/>\t\t\t\t\t\t\t\t\t\t\t\t\t\t\t<\/div>\n\t\t\t\t<\/div>\n\t\t\t\t\t<\/div>\n\t\t<\/div>\n\t\t\t\t<div class=\"elementor-column elementor-col-50 elementor-inner-column elementor-element elementor-element-6e1e39ec\" data-id=\"6e1e39ec\" data-element_type=\"column\" data-e-type=\"column\">\n\t\t\t<div class=\"elementor-widget-wrap elementor-element-populated\">\n\t\t\t\t\t\t<div class=\"elementor-element elementor-element-22293077 elementor-widget elementor-widget-text-editor\" data-id=\"22293077\" data-element_type=\"widget\" data-e-type=\"widget\" data-widget_type=\"text-editor.default\">\n\t\t\t\t<div class=\"elementor-widget-container\">\n\t\t\t\t\t\t\t\t\t<p>Contrairement aux huiles populaires telles que l&rsquo;argan et le jojoba, l&rsquo;huile de moringa est tr\u00e8s riche en cytokinine z\u00e9tocite, connue pour stimuler la croissance cellulaire de la peau. L&rsquo;huile de moringa est riche en acides gras essentiels et en antioxydants qui combattent les radicaux libres responsables du vieillissement pr\u00e9matur\u00e9.<\/p><p>L&rsquo;huile de moringa offre une hydratation et une protection intenses. L&rsquo;huile de moringa Nia est press\u00e9e \u00e0 froid, par cons\u00e9quent, elle est riche en acide ol\u00e9ique, et linol\u00e9ique, qui lui conf\u00e8rent des vertus g\u00e9n\u00e9ratrices et reconstituantes des lipides de l&rsquo;\u00e9piderme. Ses poly\u00e9lectrolytes cationiques r\u00e9gulent le pH de la peau et sa richesse en vitamine A stabilise la perte de vitamine A qui r\u00e9sulte d&rsquo;une longue exposition au soleil. Cette huile est id\u00e9ale pour tous les types de peau. L&rsquo;huile de moringa est une huile l\u00e9g\u00e8re qui p\u00e9n\u00e8tre facilement. Toutes les peaux, qu&rsquo;elles soient s\u00e8ches ou matures, b\u00e9n\u00e9ficieront de ses propri\u00e9t\u00e9s anti-\u00e2ge et d&rsquo;hydratation en profondeur. Les peaux grasses ou \u00e0 probl\u00e8mes b\u00e9n\u00e9ficieront de ses propri\u00e9t\u00e9s apaisantes, minimisant les cicatrices et tonifiantes.<\/p><p>\u00a0<\/p>\t\t\t\t\t\t\t\t<\/div>\n\t\t\t\t<\/div>\n\t\t\t\t\t<\/div>\n\t\t<\/div>\n\t\t\t\t\t<\/div>\n\t\t<\/section>\n\t\t\t\t\t<\/div>\n\t\t<\/div>\n\t\t\t\t\t<\/div>\n\t\t<\/section>\n\t\t\t\t<section class=\"elementor-section elementor-top-section elementor-element elementor-element-3ce48567 elementor-section-boxed elementor-section-height-default elementor-section-height-default\" data-id=\"3ce48567\" data-element_type=\"section\" data-e-type=\"section\">\n\t\t\t\t\t\t<div class=\"elementor-container elementor-column-gap-default\">\n\t\t\t\t\t<div class=\"elementor-column elementor-col-100 elementor-top-column elementor-element elementor-element-37fb105c\" data-id=\"37fb105c\" data-element_type=\"column\" data-e-type=\"column\">\n\t\t\t<div class=\"elementor-widget-wrap elementor-element-populated\">\n\t\t\t\t\t\t<div class=\"elementor-element elementor-element-619c3b8c elementor-widget elementor-widget-heading\" data-id=\"619c3b8c\" data-element_type=\"widget\" data-e-type=\"widget\" data-widget_type=\"heading.default\">\n\t\t\t\t<div class=\"elementor-widget-container\">\n\t\t\t\t\t<h2 class=\"elementor-heading-title elementor-size-default\">Achetez des produits \u00e0 base d'huile de Moringa<\/h2>\t\t\t\t<\/div>\n\t\t\t\t<\/div>\n\t\t\t\t\t<\/div>\n\t\t<\/div>\n\t\t\t\t\t<\/div>\n\t\t<\/section>\n\t\t\t\t<section class=\"elementor-section elementor-top-section elementor-element elementor-element-6cb34cb2 elementor-section-boxed elementor-section-height-default elementor-section-height-default\" data-id=\"6cb34cb2\" data-element_type=\"section\" data-e-type=\"section\">\n\t\t\t\t\t\t<div class=\"elementor-container elementor-column-gap-default\">\n\t\t\t\t\t<div class=\"elementor-column elementor-col-100 elementor-top-column elementor-element elementor-element-5f7f90fd\" data-id=\"5f7f90fd\" data-element_type=\"column\" data-e-type=\"column\">\n\t\t\t<div class=\"elementor-widget-wrap elementor-element-populated\">\n\t\t\t\t\t\t<div class=\"elementor-element elementor-element-3cff77a elementor-widget elementor-widget-spacer\" data-id=\"3cff77a\" data-element_type=\"widget\" data-e-type=\"widget\" data-widget_type=\"spacer.default\">\n\t\t\t\t<div class=\"elementor-widget-container\">\n\t\t\t\t\t\t\t<div class=\"elementor-spacer\">\n\t\t\t<div class=\"elementor-spacer-inner\"><\/div>\n\t\t<\/div>\n\t\t\t\t\t\t<\/div>\n\t\t\t\t<\/div>\n\t\t\t\t\t<\/div>\n\t\t<\/div>\n\t\t\t\t\t<\/div>\n\t\t<\/section>\n\t\t\t\t<section class=\"elementor-section elementor-top-section elementor-element elementor-element-7b39b3df elementor-section-boxed elementor-section-height-default elementor-section-height-default\" data-id=\"7b39b3df\" data-element_type=\"section\" data-e-type=\"section\">\n\t\t\t\t\t\t<div class=\"elementor-container elementor-column-gap-default\">\n\t\t\t\t\t<div class=\"elementor-column elementor-col-100 elementor-top-column elementor-element elementor-element-3434b78b\" data-id=\"3434b78b\" data-element_type=\"column\" data-e-type=\"column\">\n\t\t\t<div class=\"elementor-widget-wrap elementor-element-populated\">\n\t\t\t\t\t\t<div class=\"elementor-element elementor-element-34eacc6 elementor-grid-4 elementor-grid-tablet-3 elementor-grid-mobile-2 elementor-products-grid elementor-wc-products elementor-widget elementor-widget-woocommerce-products\" data-id=\"34eacc6\" data-element_type=\"widget\" data-e-type=\"widget\" data-widget_type=\"woocommerce-products.default\">\n\t\t\t\t<div class=\"elementor-widget-container\">\n\t\t\t\t\t<div class=\"woocommerce columns-4 \"><ul class=\"products elementor-grid columns-4\">\n<li class=\"desktop-align-left tablet-align-left mobile-align-left ast-product-gallery-layout-vertical ast-product-tabs-layout-vertical ast-qv-on-image product type-product post-5202 status-publish first instock product_cat-creme-anti-agecreme-anti-age product_cat-ensembles-de-produits product_cat-hydratant product_cat-nettoyant-botanique-facial product_cat-produits-en-soldes product_cat-soins-de-la-peau has-post-thumbnail sale taxable shipping-taxable purchasable product-type-simple\">\n\t<a href=\"https:\/\/niapurenature.com\/fr\/product\/offre-groupee-gamme-anti-age-au-moringa-bio-nettoyant-qasil\" class=\"woocommerce-LoopProduct-link woocommerce-loop-product__link\">\n\t<span  class=\"onsale circle-outline\" data-sale=\"[]\" data-notification=\"default\">Soldes !<\/span>\n\t<img fetchpriority=\"high\" decoding=\"async\" width=\"300\" height=\"300\" src=\"https:\/\/i0.wp.com\/niapurenature.com\/wp-content\/uploads\/2022\/01\/Moringa-Anti-aging-Qasil-deal.jpg?resize=300%2C300&amp;ssl=1\" class=\"attachment-woocommerce_thumbnail size-woocommerce_thumbnail\" alt=\"Offre group\u00e9e - Gamme anti-\u00e2ge au Moringa bio &amp; Nettoyant Qasil\" srcset=\"https:\/\/i0.wp.com\/niapurenature.com\/wp-content\/uploads\/2022\/01\/Moringa-Anti-aging-Qasil-deal.jpg?w=1200&amp;ssl=1 1200w, https:\/\/i0.wp.com\/niapurenature.com\/wp-content\/uploads\/2022\/01\/Moringa-Anti-aging-Qasil-deal.jpg?resize=300%2C300&amp;ssl=1 300w, https:\/\/i0.wp.com\/niapurenature.com\/wp-content\/uploads\/2022\/01\/Moringa-Anti-aging-Qasil-deal.jpg?resize=1024%2C1024&amp;ssl=1 1024w, https:\/\/i0.wp.com\/niapurenature.com\/wp-content\/uploads\/2022\/01\/Moringa-Anti-aging-Qasil-deal.jpg?resize=150%2C150&amp;ssl=1 150w, https:\/\/i0.wp.com\/niapurenature.com\/wp-content\/uploads\/2022\/01\/Moringa-Anti-aging-Qasil-deal.jpg?resize=768%2C768&amp;ssl=1 768w, https:\/\/i0.wp.com\/niapurenature.com\/wp-content\/uploads\/2022\/01\/Moringa-Anti-aging-Qasil-deal.jpg?resize=600%2C600&amp;ssl=1 600w, https:\/\/i0.wp.com\/niapurenature.com\/wp-content\/uploads\/2022\/01\/Moringa-Anti-aging-Qasil-deal.jpg?resize=100%2C100&amp;ssl=1 100w\" sizes=\"(max-width: 300px) 100vw, 300px\" \/><h2 class=\"woocommerce-loop-product__title\">Offre group\u00e9e &#8211; Gamme anti-\u00e2ge au Moringa bio &#038; Nettoyant Qasil<\/h2>\n\t<span class=\"price\"><del aria-hidden=\"true\"><span class=\"woocommerce-Price-amount amount\"><bdi><span class=\"woocommerce-Price-currencySymbol\">&#36;<\/span>115.91<\/bdi><\/span><\/del> <span class=\"screen-reader-text\">Le prix initial \u00e9tait\u00a0: &#036;115.91.<\/span><ins aria-hidden=\"true\"><span class=\"woocommerce-Price-amount amount\"><bdi><span class=\"woocommerce-Price-currencySymbol\">&#36;<\/span>98.52<\/bdi><\/span><\/ins><span class=\"screen-reader-text\">Le prix actuel est\u00a0: &#036;98.52.<\/span><\/span>\n<\/a><a href=\"\/fr\/wp-json\/wp\/v2\/pages\/9850?add-to-cart=5202\" aria-describedby=\"woocommerce_loop_add_to_cart_link_describedby_5202\" data-quantity=\"1\" class=\"button product_type_simple add_to_cart_button ajax_add_to_cart \" data-product_id=\"5202\" data-product_sku=\"\" aria-label=\"Ajouter au panier\u00a0: &ldquo;Offre group\u00e9e - Gamme anti-\u00e2ge au Moringa bio &amp; Nettoyant Qasil&rdquo;\" rel=\"nofollow\" data-success_message=\"\u00ab\u00a0Offre group\u00e9e - Gamme anti-\u00e2ge au Moringa bio &amp; Nettoyant Qasil\u00a0\u00bb a \u00e9t\u00e9 ajout\u00e9 \u00e0 votre panier\" role=\"button\">Ajouter au panier<\/a>\t<span id=\"woocommerce_loop_add_to_cart_link_describedby_5202\" class=\"screen-reader-text\">\n\t\t\t<\/span>\n<\/li>\n<li class=\"desktop-align-left tablet-align-left mobile-align-left ast-product-gallery-layout-vertical ast-product-tabs-layout-vertical ast-qv-on-image product type-product post-4607 status-publish instock product_cat-creme-anti-agecreme-anti-age product_cat-hydratant product_cat-soins-de-la-peau product_tag-moringa-fr product_tag-organic-fr has-post-thumbnail taxable shipping-taxable purchasable product-type-simple\">\n\t<a href=\"https:\/\/niapurenature.com\/fr\/product\/nouveau-creme-de-jour-hydratante-au-moringa-anti-age-pure\" class=\"woocommerce-LoopProduct-link woocommerce-loop-product__link\"><img decoding=\"async\" width=\"300\" height=\"300\" src=\"https:\/\/i0.wp.com\/niapurenature.com\/wp-content\/uploads\/2021\/03\/Nia-Moringa-Peptides-DAY-Cream.jpg?resize=300%2C300&amp;ssl=1\" class=\"attachment-woocommerce_thumbnail size-woocommerce_thumbnail\" alt=\"Nouveau! Cr\u00e8me de jour hydratante au Moringa - Anti-\u00e2ge PURE\" srcset=\"https:\/\/i0.wp.com\/niapurenature.com\/wp-content\/uploads\/2021\/03\/Nia-Moringa-Peptides-DAY-Cream.jpg?w=1200&amp;ssl=1 1200w, https:\/\/i0.wp.com\/niapurenature.com\/wp-content\/uploads\/2021\/03\/Nia-Moringa-Peptides-DAY-Cream.jpg?resize=300%2C300&amp;ssl=1 300w, https:\/\/i0.wp.com\/niapurenature.com\/wp-content\/uploads\/2021\/03\/Nia-Moringa-Peptides-DAY-Cream.jpg?resize=100%2C100&amp;ssl=1 100w, https:\/\/i0.wp.com\/niapurenature.com\/wp-content\/uploads\/2021\/03\/Nia-Moringa-Peptides-DAY-Cream.jpg?resize=600%2C600&amp;ssl=1 600w\" sizes=\"(max-width: 300px) 100vw, 300px\" \/><h2 class=\"woocommerce-loop-product__title\">Nouveau! Cr\u00e8me de jour hydratante au Moringa &#8211; Anti-\u00e2ge PURE<\/h2>\n\t<span class=\"price\"><span class=\"woocommerce-Price-amount amount\"><bdi><span class=\"woocommerce-Price-currencySymbol\">&#36;<\/span>43.97<\/bdi><\/span><\/span>\n<\/a><a href=\"\/fr\/wp-json\/wp\/v2\/pages\/9850?add-to-cart=4607\" aria-describedby=\"woocommerce_loop_add_to_cart_link_describedby_4607\" data-quantity=\"1\" class=\"button product_type_simple add_to_cart_button ajax_add_to_cart \" data-product_id=\"4607\" data-product_sku=\"\" aria-label=\"Ajouter au panier\u00a0: &ldquo;Nouveau! Cr\u00e8me de jour hydratante au Moringa - Anti-\u00e2ge PURE&rdquo;\" rel=\"nofollow\" data-success_message=\"\u00ab\u00a0Nouveau! Cr\u00e8me de jour hydratante au Moringa - Anti-\u00e2ge PURE\u00a0\u00bb a \u00e9t\u00e9 ajout\u00e9 \u00e0 votre panier\" role=\"button\">Ajouter au panier<\/a>\t<span id=\"woocommerce_loop_add_to_cart_link_describedby_4607\" class=\"screen-reader-text\">\n\t\t\t<\/span>\n<\/li>\n<li class=\"desktop-align-left tablet-align-left mobile-align-left ast-product-gallery-layout-vertical ast-product-tabs-layout-vertical ast-qv-on-image product type-product post-4597 status-publish instock product_cat-creme-anti-agecreme-anti-age product_cat-hydratant product_cat-serum-contour-des-yeux product_cat-soins-de-la-peau product_tag-moringa-fr product_tag-organic-fr has-post-thumbnail taxable shipping-taxable purchasable product-type-simple\">\n\t<a href=\"https:\/\/niapurenature.com\/fr\/product\/nouveau-serum-contour-des-yeux-au-moringa\" class=\"woocommerce-LoopProduct-link woocommerce-loop-product__link\"><img decoding=\"async\" width=\"300\" height=\"300\" src=\"https:\/\/i0.wp.com\/niapurenature.com\/wp-content\/uploads\/2021\/03\/Nia-Moringa-EYE-Contour-Serum-Cream.jpg?resize=300%2C300&amp;ssl=1\" class=\"attachment-woocommerce_thumbnail size-woocommerce_thumbnail\" alt=\"Nouveau! S\u00e9rum Contour des Yeux au Moringa\" srcset=\"https:\/\/i0.wp.com\/niapurenature.com\/wp-content\/uploads\/2021\/03\/Nia-Moringa-EYE-Contour-Serum-Cream.jpg?w=1200&amp;ssl=1 1200w, https:\/\/i0.wp.com\/niapurenature.com\/wp-content\/uploads\/2021\/03\/Nia-Moringa-EYE-Contour-Serum-Cream.jpg?resize=300%2C300&amp;ssl=1 300w, https:\/\/i0.wp.com\/niapurenature.com\/wp-content\/uploads\/2021\/03\/Nia-Moringa-EYE-Contour-Serum-Cream.jpg?resize=100%2C100&amp;ssl=1 100w, https:\/\/i0.wp.com\/niapurenature.com\/wp-content\/uploads\/2021\/03\/Nia-Moringa-EYE-Contour-Serum-Cream.jpg?resize=600%2C600&amp;ssl=1 600w\" sizes=\"(max-width: 300px) 100vw, 300px\" \/><h2 class=\"woocommerce-loop-product__title\">Nouveau! S\u00e9rum Contour des Yeux au Moringa<\/h2>\n\t<span class=\"price\"><span class=\"woocommerce-Price-amount amount\"><bdi><span class=\"woocommerce-Price-currencySymbol\">&#36;<\/span>39.97<\/bdi><\/span><\/span>\n<\/a><a href=\"\/fr\/wp-json\/wp\/v2\/pages\/9850?add-to-cart=4597\" aria-describedby=\"woocommerce_loop_add_to_cart_link_describedby_4597\" data-quantity=\"1\" class=\"button product_type_simple add_to_cart_button ajax_add_to_cart \" data-product_id=\"4597\" data-product_sku=\"\" aria-label=\"Ajouter au panier\u00a0: &ldquo;Nouveau! S\u00e9rum Contour des Yeux au Moringa&rdquo;\" rel=\"nofollow\" data-success_message=\"\u00ab\u00a0Nouveau! S\u00e9rum Contour des Yeux au Moringa\u00a0\u00bb a \u00e9t\u00e9 ajout\u00e9 \u00e0 votre panier\" role=\"button\">Ajouter au panier<\/a>\t<span id=\"woocommerce_loop_add_to_cart_link_describedby_4597\" class=\"screen-reader-text\">\n\t\t\t<\/span>\n<\/li>\n<li class=\"desktop-align-left tablet-align-left mobile-align-left ast-product-gallery-layout-vertical ast-product-tabs-layout-vertical ast-qv-on-image product type-product post-2247 status-publish last instock product_cat-antioxydant product_cat-hydratant product_cat-soins-de-la-peau has-post-thumbnail taxable shipping-taxable purchasable product-type-simple\">\n\t<a href=\"https:\/\/niapurenature.com\/fr\/product\/huile-de-moringa-biologique-pressee-a-froid-100huile-de-moringa-biologique-pressee-a-froid-100\" class=\"woocommerce-LoopProduct-link woocommerce-loop-product__link\"><img loading=\"lazy\" decoding=\"async\" width=\"300\" height=\"300\" src=\"https:\/\/i0.wp.com\/niapurenature.com\/wp-content\/uploads\/2019\/07\/Aug-2022-Nia-Pure-Moringa-Oil.jpg?resize=300%2C300&amp;ssl=1\" class=\"attachment-woocommerce_thumbnail size-woocommerce_thumbnail\" alt=\"Huile de moringa biologique press\u00e9e \u00e0 froid 100%\" srcset=\"https:\/\/i0.wp.com\/niapurenature.com\/wp-content\/uploads\/2019\/07\/Aug-2022-Nia-Pure-Moringa-Oil.jpg?resize=150%2C150&amp;ssl=1 150w, https:\/\/i0.wp.com\/niapurenature.com\/wp-content\/uploads\/2019\/07\/Aug-2022-Nia-Pure-Moringa-Oil.jpg?resize=300%2C300&amp;ssl=1 300w, https:\/\/i0.wp.com\/niapurenature.com\/wp-content\/uploads\/2019\/07\/Aug-2022-Nia-Pure-Moringa-Oil.jpg?resize=100%2C100&amp;ssl=1 100w, https:\/\/i0.wp.com\/niapurenature.com\/wp-content\/uploads\/2019\/07\/Aug-2022-Nia-Pure-Moringa-Oil.jpg?zoom=2&amp;resize=300%2C300&amp;ssl=1 600w, https:\/\/i0.wp.com\/niapurenature.com\/wp-content\/uploads\/2019\/07\/Aug-2022-Nia-Pure-Moringa-Oil.jpg?zoom=3&amp;resize=300%2C300&amp;ssl=1 900w\" sizes=\"(max-width: 300px) 100vw, 300px\" \/><h2 class=\"woocommerce-loop-product__title\">Huile de moringa biologique press\u00e9e \u00e0 froid 100%<\/h2>\n\t<span class=\"price\"><span class=\"woocommerce-Price-amount amount\"><bdi><span class=\"woocommerce-Price-currencySymbol\">&#36;<\/span>39.99<\/bdi><\/span><\/span>\n<\/a><a href=\"\/fr\/wp-json\/wp\/v2\/pages\/9850?add-to-cart=2247\" aria-describedby=\"woocommerce_loop_add_to_cart_link_describedby_2247\" data-quantity=\"1\" class=\"button product_type_simple add_to_cart_button ajax_add_to_cart \" data-product_id=\"2247\" data-product_sku=\"\" aria-label=\"Ajouter au panier\u00a0: &ldquo;Huile de moringa biologique press\u00e9e \u00e0 froid 100%&rdquo;\" rel=\"nofollow\" data-success_message=\"\u00ab\u00a0Huile de moringa biologique press\u00e9e \u00e0 froid 100%\u00a0\u00bb a \u00e9t\u00e9 ajout\u00e9 \u00e0 votre panier\" role=\"button\">Ajouter au panier<\/a>\t<span id=\"woocommerce_loop_add_to_cart_link_describedby_2247\" class=\"screen-reader-text\">\n\t\t\t<\/span>\n<\/li>\n<\/ul>\n<\/div>\t\t\t\t<\/div>\n\t\t\t\t<\/div>\n\t\t\t\t\t<\/div>\n\t\t<\/div>\n\t\t\t\t\t<\/div>\n\t\t<\/section>\n\t\t\t\t<\/div>\n\t\t","protected":false},"excerpt":{"rendered":"<p>Tous nos produits de soins de la peau (\u00e0 l&rsquo;exception de Nia Pure Qasil) sont formul\u00e9s avec de l&rsquo;huile de Moringa. Cette huile provient des graines de l&rsquo;arbre Moringa Oleifera, [&hellip;]<\/p>\n","protected":false},"author":48,"featured_media":0,"parent":0,"menu_order":0,"comment_status":"closed","ping_status":"closed","template":"","meta":{"om_disable_all_campaigns":false,"_monsterinsights_skip_tracking":false,"_monsterinsights_sitenote_active":false,"_monsterinsights_sitenote_note":"","_monsterinsights_sitenote_category":0,"site-sidebar-layout":"no-sidebar","site-content-layout":"page-builder","ast-site-content-layout":"default","site-content-style":"default","site-sidebar-style":"default","ast-global-header-display":"","ast-banner-title-visibility":"","ast-main-header-display":"","ast-hfb-above-header-display":"","ast-hfb-below-header-display":"","ast-hfb-mobile-header-display":"","site-post-title":"disabled","ast-breadcrumbs-content":"","ast-featured-img":"disabled","footer-sml-layout":"","ast-disable-related-posts":"","theme-transparent-header-meta":"","adv-header-id-meta":"","stick-header-meta":"","header-above-stick-meta":"","header-main-stick-meta":"","header-below-stick-meta":"","astra-migrate-meta-layouts":"default","ast-page-background-enabled":"default","ast-page-background-meta":{"desktop":{"background-color":"","background-image":"","background-repeat":"repeat","background-position":"center center","background-size":"auto","background-attachment":"scroll","background-type":"","background-media":"","overlay-type":"","overlay-color":"","overlay-opacity":"","overlay-gradient":""},"tablet":{"background-color":"","background-image":"","background-repeat":"repeat","background-position":"center center","background-size":"auto","background-attachment":"scroll","background-type":"","background-media":"","overlay-type":"","overlay-color":"","overlay-opacity":"","overlay-gradient":""},"mobile":{"background-color":"","background-image":"","background-repeat":"repeat","background-position":"center center","background-size":"auto","background-attachment":"scroll","background-type":"","background-media":"","overlay-type":"","overlay-color":"","overlay-opacity":"","overlay-gradient":""}},"ast-content-background-meta":{"desktop":{"background-color":"var(--ast-global-color-5)","background-image":"","background-repeat":"repeat","background-position":"center center","background-size":"auto","background-attachment":"scroll","background-type":"","background-media":"","overlay-type":"","overlay-color":"","overlay-opacity":"","overlay-gradient":""},"tablet":{"background-color":"var(--ast-global-color-5)","background-image":"","background-repeat":"repeat","background-position":"center center","background-size":"auto","background-attachment":"scroll","background-type":"","background-media":"","overlay-type":"","overlay-color":"","overlay-opacity":"","overlay-gradient":""},"mobile":{"background-color":"var(--ast-global-color-5)","background-image":"","background-repeat":"repeat","background-position":"center center","background-size":"auto","background-attachment":"scroll","background-type":"","background-media":"","overlay-type":"","overlay-color":"","overlay-opacity":"","overlay-gradient":""}},"footnotes":""},"class_list":["post-9850","page","type-page","status-publish","hentry"],"aioseo_notices":[],"jetpack-related-posts":[],"jetpack_sharing_enabled":true,"_links":{"self":[{"href":"https:\/\/niapurenature.com\/fr\/wp-json\/wp\/v2\/pages\/9850","targetHints":{"allow":["GET"]}}],"collection":[{"href":"https:\/\/niapurenature.com\/fr\/wp-json\/wp\/v2\/pages"}],"about":[{"href":"https:\/\/niapurenature.com\/fr\/wp-json\/wp\/v2\/types\/page"}],"author":[{"embeddable":true,"href":"https:\/\/niapurenature.com\/fr\/wp-json\/wp\/v2\/users\/48"}],"replies":[{"embeddable":true,"href":"https:\/\/niapurenature.com\/fr\/wp-json\/wp\/v2\/comments?post=9850"}],"version-history":[{"count":0,"href":"https:\/\/niapurenature.com\/fr\/wp-json\/wp\/v2\/pages\/9850\/revisions"}],"wp:attachment":[{"href":"https:\/\/niapurenature.com\/fr\/wp-json\/wp\/v2\/media?parent=9850"}],"curies":[{"name":"wp","href":"https:\/\/api.w.org\/{rel}","templated":true}]}}