{"id":9908,"date":"2023-03-31T14:41:39","date_gmt":"2023-03-31T14:41:39","guid":{"rendered":"https:\/\/niapurenature.com\/?page_id=9908"},"modified":"2023-03-31T14:48:32","modified_gmt":"2023-03-31T14:48:32","slug":"fruit-du-guarana-biologique","status":"publish","type":"page","link":"https:\/\/niapurenature.com\/fr\/fruit-du-guarana-biologique","title":{"rendered":"Fruit du guarana biologique"},"content":{"rendered":"\t\t<div data-elementor-type=\"wp-page\" data-elementor-id=\"9908\" class=\"elementor elementor-9908\" data-elementor-post-type=\"page\">\n\t\t\t\t\t\t<section class=\"elementor-section elementor-top-section elementor-element elementor-element-29412ba2 elementor-section-boxed elementor-section-height-default elementor-section-height-default\" data-id=\"29412ba2\" data-element_type=\"section\" data-e-type=\"section\">\n\t\t\t\t\t\t<div class=\"elementor-container elementor-column-gap-default\">\n\t\t\t\t\t<div class=\"elementor-column elementor-col-100 elementor-top-column elementor-element elementor-element-182623f8\" data-id=\"182623f8\" data-element_type=\"column\" data-e-type=\"column\">\n\t\t\t<div class=\"elementor-widget-wrap elementor-element-populated\">\n\t\t\t\t\t\t<div class=\"elementor-element elementor-element-5e13db87 elementor-widget elementor-widget-image\" data-id=\"5e13db87\" data-element_type=\"widget\" data-e-type=\"widget\" data-widget_type=\"image.default\">\n\t\t\t\t<div class=\"elementor-widget-container\">\n\t\t\t\t\t\t\t\t\t\t\t\t\t\t\t<img decoding=\"async\" src=\"https:\/\/i0.wp.com\/niapurenature.com\/wp-content\/uploads\/2023\/03\/Organic-guarana-fruit-page-3.jpg?fit=1400%2C400&#038;ssl=1\" title=\"Organic guarana\u0301 fruit page\" alt=\"Organic guarana\u0301 fruit page\" loading=\"lazy\" \/>\t\t\t\t\t\t\t\t\t\t\t\t\t\t\t<\/div>\n\t\t\t\t<\/div>\n\t\t\t\t\t<\/div>\n\t\t<\/div>\n\t\t\t\t\t<\/div>\n\t\t<\/section>\n\t\t\t\t<section class=\"elementor-section elementor-top-section elementor-element elementor-element-73e56b35 elementor-section-boxed elementor-section-height-default elementor-section-height-default\" data-id=\"73e56b35\" data-element_type=\"section\" data-e-type=\"section\">\n\t\t\t\t\t\t<div class=\"elementor-container elementor-column-gap-default\">\n\t\t\t\t\t<div class=\"elementor-column elementor-col-100 elementor-top-column elementor-element elementor-element-4fed3ff8\" data-id=\"4fed3ff8\" data-element_type=\"column\" data-e-type=\"column\">\n\t\t\t<div class=\"elementor-widget-wrap elementor-element-populated\">\n\t\t\t\t\t\t<div class=\"elementor-element elementor-element-11bbc127 elementor-widget elementor-widget-heading\" data-id=\"11bbc127\" data-element_type=\"widget\" data-e-type=\"widget\" data-widget_type=\"heading.default\">\n\t\t\t\t<div class=\"elementor-widget-container\">\n\t\t\t\t\t<h3 class=\"elementor-heading-title elementor-size-default\">Le fruit de Guarana biologique est un compl\u00e9ment alimentaire naturel d\u00e9riv\u00e9 des graines de la plante de guarana.\n\n\n\n<\/h3>\t\t\t\t<\/div>\n\t\t\t\t<\/div>\n\t\t\t\t\t<\/div>\n\t\t<\/div>\n\t\t\t\t\t<\/div>\n\t\t<\/section>\n\t\t\t\t<section class=\"elementor-section elementor-top-section elementor-element elementor-element-47dfd69e elementor-section-boxed elementor-section-height-default elementor-section-height-default\" data-id=\"47dfd69e\" data-element_type=\"section\" data-e-type=\"section\">\n\t\t\t\t\t\t<div class=\"elementor-container elementor-column-gap-default\">\n\t\t\t\t\t<div class=\"elementor-column elementor-col-100 elementor-top-column elementor-element elementor-element-7660208\" data-id=\"7660208\" data-element_type=\"column\" data-e-type=\"column\">\n\t\t\t<div class=\"elementor-widget-wrap elementor-element-populated\">\n\t\t\t\t\t\t<div class=\"elementor-element elementor-element-1efbff17 elementor-widget elementor-widget-heading\" data-id=\"1efbff17\" data-element_type=\"widget\" data-e-type=\"widget\" data-widget_type=\"heading.default\">\n\t\t\t\t<div class=\"elementor-widget-container\">\n\t\t\t\t\t<h2 class=\"elementor-heading-title elementor-size-default\">Bienfaits du Fruit de Guarana biologique\n\n\n\n<\/h2>\t\t\t\t<\/div>\n\t\t\t\t<\/div>\n\t\t\t\t\t<\/div>\n\t\t<\/div>\n\t\t\t\t\t<\/div>\n\t\t<\/section>\n\t\t\t\t<section class=\"elementor-section elementor-top-section elementor-element elementor-element-181b41df elementor-section-boxed elementor-section-height-default elementor-section-height-default\" data-id=\"181b41df\" data-element_type=\"section\" data-e-type=\"section\">\n\t\t\t\t\t\t<div class=\"elementor-container elementor-column-gap-default\">\n\t\t\t\t\t<div class=\"elementor-column elementor-col-100 elementor-top-column elementor-element elementor-element-60fd0211\" data-id=\"60fd0211\" data-element_type=\"column\" data-e-type=\"column\">\n\t\t\t<div class=\"elementor-widget-wrap elementor-element-populated\">\n\t\t\t\t\t\t<section class=\"elementor-section elementor-inner-section elementor-element elementor-element-41e1d07d elementor-section-boxed elementor-section-height-default elementor-section-height-default\" data-id=\"41e1d07d\" data-element_type=\"section\" data-e-type=\"section\">\n\t\t\t\t\t\t<div class=\"elementor-container elementor-column-gap-default\">\n\t\t\t\t\t<div class=\"elementor-column elementor-col-50 elementor-inner-column elementor-element elementor-element-758599b7\" data-id=\"758599b7\" data-element_type=\"column\" data-e-type=\"column\">\n\t\t\t<div class=\"elementor-widget-wrap elementor-element-populated\">\n\t\t\t\t\t\t<div class=\"elementor-element elementor-element-19440e25 elementor-widget elementor-widget-image\" data-id=\"19440e25\" data-element_type=\"widget\" data-e-type=\"widget\" data-widget_type=\"image.default\">\n\t\t\t\t<div class=\"elementor-widget-container\">\n\t\t\t\t\t\t\t\t\t\t\t\t\t\t\t<img fetchpriority=\"high\" decoding=\"async\" width=\"307\" height=\"307\" src=\"https:\/\/i0.wp.com\/niapurenature.com\/wp-content\/uploads\/2020\/12\/guarana-fruit.jpg?fit=307%2C307&amp;ssl=1\" class=\"attachment-large size-large wp-image-3981\" alt=\"\" srcset=\"https:\/\/i0.wp.com\/niapurenature.com\/wp-content\/uploads\/2020\/12\/guarana-fruit.jpg?resize=300%2C300&amp;ssl=1 300w, https:\/\/i0.wp.com\/niapurenature.com\/wp-content\/uploads\/2020\/12\/guarana-fruit.jpg?resize=100%2C100&amp;ssl=1 100w\" sizes=\"(max-width: 307px) 100vw, 307px\" \/>\t\t\t\t\t\t\t\t\t\t\t\t\t\t\t<\/div>\n\t\t\t\t<\/div>\n\t\t\t\t\t<\/div>\n\t\t<\/div>\n\t\t\t\t<div class=\"elementor-column elementor-col-50 elementor-inner-column elementor-element elementor-element-436c8ea8\" data-id=\"436c8ea8\" data-element_type=\"column\" data-e-type=\"column\">\n\t\t\t<div class=\"elementor-widget-wrap elementor-element-populated\">\n\t\t\t\t\t\t<div class=\"elementor-element elementor-element-3dd89785 elementor-widget elementor-widget-text-editor\" data-id=\"3dd89785\" data-element_type=\"widget\" data-e-type=\"widget\" data-widget_type=\"text-editor.default\">\n\t\t\t\t<div class=\"elementor-widget-container\">\n\t\t\t\t\t\t\t\t\t<div class=\"group w-full text-gray-800 dark:text-gray-100 border-b border-black\/10 dark:border-gray-900\/50 bg-gray-50 dark:bg-[#444654]\"><div class=\"text-base gap-4 md:gap-6 md:max-w-2xl lg:max-w-xl xl:max-w-3xl p-4 md:py-6 flex lg:px-0 m-auto\"><div class=\"relative flex w-[calc(100%-50px)] flex-col gap-1 md:gap-3 lg:w-[calc(100%-115px)]\"><div class=\"flex flex-grow flex-col gap-3\"><div class=\"min-h-[20px] flex flex-col items-start gap-4 whitespace-pre-wrap\"><div class=\"markdown prose w-full break-words dark:prose-invert light\"><p>Le fruit de guarana biologique contient des antioxydants qui peuvent aider \u00e0 r\u00e9duire l&rsquo;inflammation et prot\u00e9ger la peau contre les dommages caus\u00e9s par les radicaux libres. Cela peut aider \u00e0 pr\u00e9venir le vieillissement pr\u00e9matur\u00e9, tel que l&rsquo;apparition de ridules et de rides. De plus, la teneur en caf\u00e9ine dans le guarana peut aider \u00e0 am\u00e9liorer la circulation sanguine vers la peau, ce qui peut donner un aspect plus lumineux et plus jeune. Le guarana contient \u00e9galement des compos\u00e9s qui ont des propri\u00e9t\u00e9s astringentes, ce qui peut aider \u00e0 resserrer et tonifier la peau. Cela peut \u00eatre particuli\u00e8rement b\u00e9n\u00e9fique pour les personnes ayant une peau grasse ou sujette \u00e0 l&rsquo;acn\u00e9, car cela peut aider \u00e0 r\u00e9duire l&rsquo;apparence des pores et pr\u00e9venir les \u00e9ruptions cutan\u00e9es.<\/p><\/div><\/div><\/div><\/div><\/div><\/div>\t\t\t\t\t\t\t\t<\/div>\n\t\t\t\t<\/div>\n\t\t\t\t\t<\/div>\n\t\t<\/div>\n\t\t\t\t\t<\/div>\n\t\t<\/section>\n\t\t\t\t\t<\/div>\n\t\t<\/div>\n\t\t\t\t\t<\/div>\n\t\t<\/section>\n\t\t\t\t<section class=\"elementor-section elementor-top-section elementor-element elementor-element-1a355db6 elementor-section-boxed elementor-section-height-default elementor-section-height-default\" data-id=\"1a355db6\" data-element_type=\"section\" data-e-type=\"section\">\n\t\t\t\t\t\t<div class=\"elementor-container elementor-column-gap-default\">\n\t\t\t\t\t<div class=\"elementor-column elementor-col-100 elementor-top-column elementor-element elementor-element-ff16f7c\" data-id=\"ff16f7c\" data-element_type=\"column\" data-e-type=\"column\">\n\t\t\t<div class=\"elementor-widget-wrap elementor-element-populated\">\n\t\t\t\t\t\t<div class=\"elementor-element elementor-element-5e892b8d elementor-widget elementor-widget-heading\" data-id=\"5e892b8d\" data-element_type=\"widget\" data-e-type=\"widget\" data-widget_type=\"heading.default\">\n\t\t\t\t<div class=\"elementor-widget-container\">\n\t\t\t\t\t<h2 class=\"elementor-heading-title elementor-size-default\">Acheter des produits \u00e0 base de Fruit de Guarana biologique\n\n<\/h2>\t\t\t\t<\/div>\n\t\t\t\t<\/div>\n\t\t\t\t\t<\/div>\n\t\t<\/div>\n\t\t\t\t\t<\/div>\n\t\t<\/section>\n\t\t\t\t<section class=\"elementor-section elementor-top-section elementor-element elementor-element-c0b5f69 elementor-section-boxed elementor-section-height-default elementor-section-height-default\" data-id=\"c0b5f69\" data-element_type=\"section\" data-e-type=\"section\">\n\t\t\t\t\t\t<div class=\"elementor-container elementor-column-gap-default\">\n\t\t\t\t\t<div class=\"elementor-column elementor-col-100 elementor-top-column elementor-element elementor-element-116ebbc0\" data-id=\"116ebbc0\" data-element_type=\"column\" data-e-type=\"column\">\n\t\t\t<div class=\"elementor-widget-wrap elementor-element-populated\">\n\t\t\t\t\t\t<div class=\"elementor-element elementor-element-51cc72b1 elementor-widget elementor-widget-spacer\" data-id=\"51cc72b1\" data-element_type=\"widget\" data-e-type=\"widget\" data-widget_type=\"spacer.default\">\n\t\t\t\t<div class=\"elementor-widget-container\">\n\t\t\t\t\t\t\t<div class=\"elementor-spacer\">\n\t\t\t<div class=\"elementor-spacer-inner\"><\/div>\n\t\t<\/div>\n\t\t\t\t\t\t<\/div>\n\t\t\t\t<\/div>\n\t\t\t\t\t<\/div>\n\t\t<\/div>\n\t\t\t\t\t<\/div>\n\t\t<\/section>\n\t\t\t\t<section class=\"elementor-section elementor-top-section elementor-element elementor-element-7fff935d elementor-section-boxed elementor-section-height-default elementor-section-height-default\" data-id=\"7fff935d\" data-element_type=\"section\" data-e-type=\"section\">\n\t\t\t\t\t\t<div class=\"elementor-container elementor-column-gap-default\">\n\t\t\t\t\t<div class=\"elementor-column elementor-col-100 elementor-top-column elementor-element elementor-element-5d969a71\" data-id=\"5d969a71\" data-element_type=\"column\" data-e-type=\"column\">\n\t\t\t<div class=\"elementor-widget-wrap elementor-element-populated\">\n\t\t\t\t\t\t<div class=\"elementor-element elementor-element-3c9a472f elementor-grid-4 elementor-grid-tablet-3 elementor-grid-mobile-2 elementor-products-grid elementor-wc-products elementor-widget elementor-widget-woocommerce-products\" data-id=\"3c9a472f\" data-element_type=\"widget\" data-e-type=\"widget\" data-widget_type=\"woocommerce-products.default\">\n\t\t\t\t<div class=\"elementor-widget-container\">\n\t\t\t\t\t<div class=\"woocommerce columns-4 \"><ul class=\"products elementor-grid columns-4\">\n<li class=\"desktop-align-left tablet-align-left mobile-align-left ast-product-gallery-layout-vertical ast-product-tabs-layout-vertical ast-qv-on-image product type-product post-4597 status-publish first instock product_cat-creme-anti-agecreme-anti-age product_cat-hydratant product_cat-serum-contour-des-yeux product_cat-soins-de-la-peau product_tag-moringa-fr product_tag-organic-fr has-post-thumbnail taxable shipping-taxable purchasable product-type-simple\">\n\t<a href=\"https:\/\/niapurenature.com\/fr\/product\/nouveau-serum-contour-des-yeux-au-moringa\" class=\"woocommerce-LoopProduct-link woocommerce-loop-product__link\"><img decoding=\"async\" width=\"300\" height=\"300\" src=\"https:\/\/i0.wp.com\/niapurenature.com\/wp-content\/uploads\/2021\/03\/Nia-Moringa-EYE-Contour-Serum-Cream.jpg?resize=300%2C300&amp;ssl=1\" class=\"attachment-woocommerce_thumbnail size-woocommerce_thumbnail\" alt=\"Nouveau! S\u00e9rum Contour des Yeux au Moringa\" srcset=\"https:\/\/i0.wp.com\/niapurenature.com\/wp-content\/uploads\/2021\/03\/Nia-Moringa-EYE-Contour-Serum-Cream.jpg?w=1200&amp;ssl=1 1200w, https:\/\/i0.wp.com\/niapurenature.com\/wp-content\/uploads\/2021\/03\/Nia-Moringa-EYE-Contour-Serum-Cream.jpg?resize=300%2C300&amp;ssl=1 300w, https:\/\/i0.wp.com\/niapurenature.com\/wp-content\/uploads\/2021\/03\/Nia-Moringa-EYE-Contour-Serum-Cream.jpg?resize=100%2C100&amp;ssl=1 100w, https:\/\/i0.wp.com\/niapurenature.com\/wp-content\/uploads\/2021\/03\/Nia-Moringa-EYE-Contour-Serum-Cream.jpg?resize=600%2C600&amp;ssl=1 600w\" sizes=\"(max-width: 300px) 100vw, 300px\" \/><h2 class=\"woocommerce-loop-product__title\">Nouveau! S\u00e9rum Contour des Yeux au Moringa<\/h2>\n\t<span class=\"price\"><span class=\"woocommerce-Price-amount amount\"><bdi><span class=\"woocommerce-Price-currencySymbol\">&#36;<\/span>39.97<\/bdi><\/span><\/span>\n<\/a><a href=\"\/fr\/wp-json\/wp\/v2\/pages\/9908?add-to-cart=4597\" aria-describedby=\"woocommerce_loop_add_to_cart_link_describedby_4597\" data-quantity=\"1\" class=\"button product_type_simple add_to_cart_button ajax_add_to_cart \" data-product_id=\"4597\" data-product_sku=\"\" aria-label=\"Ajouter au panier\u00a0: &ldquo;Nouveau! S\u00e9rum Contour des Yeux au Moringa&rdquo;\" rel=\"nofollow\" data-success_message=\"\u00ab\u00a0Nouveau! S\u00e9rum Contour des Yeux au Moringa\u00a0\u00bb a \u00e9t\u00e9 ajout\u00e9 \u00e0 votre panier\" role=\"button\">Ajouter au panier<\/a>\t<span id=\"woocommerce_loop_add_to_cart_link_describedby_4597\" class=\"screen-reader-text\">\n\t\t\t<\/span>\n<\/li>\n<li class=\"desktop-align-left tablet-align-left mobile-align-left ast-product-gallery-layout-vertical ast-product-tabs-layout-vertical ast-qv-on-image product type-product post-3991 status-publish instock product_cat-beaute product_cat-creme-anti-agecreme-anti-age product_cat-soins-de-la-peau product_cat-soins-visage-corps-fr has-post-thumbnail taxable shipping-taxable purchasable product-type-simple\">\n\t<a href=\"https:\/\/niapurenature.com\/fr\/product\/ageless-creme-de-jour-naturelle-fermete-eclat\" class=\"woocommerce-LoopProduct-link woocommerce-loop-product__link\"><img decoding=\"async\" width=\"300\" height=\"300\" src=\"https:\/\/i0.wp.com\/niapurenature.com\/wp-content\/uploads\/2020\/12\/product-Guarana-Day-Box-tube-1024x1024-1.jpg?resize=300%2C300&amp;ssl=1\" class=\"attachment-woocommerce_thumbnail size-woocommerce_thumbnail\" alt=\"Nouveau! Ageless - Cr\u00e8me de jour naturelle fermet\u00e9 &amp; \u00e9clat\" srcset=\"https:\/\/i0.wp.com\/niapurenature.com\/wp-content\/uploads\/2020\/12\/product-Guarana-Day-Box-tube-1024x1024-1.jpg?w=1200&amp;ssl=1 1200w, https:\/\/i0.wp.com\/niapurenature.com\/wp-content\/uploads\/2020\/12\/product-Guarana-Day-Box-tube-1024x1024-1.jpg?resize=300%2C300&amp;ssl=1 300w, https:\/\/i0.wp.com\/niapurenature.com\/wp-content\/uploads\/2020\/12\/product-Guarana-Day-Box-tube-1024x1024-1.jpg?resize=100%2C100&amp;ssl=1 100w, https:\/\/i0.wp.com\/niapurenature.com\/wp-content\/uploads\/2020\/12\/product-Guarana-Day-Box-tube-1024x1024-1.jpg?resize=600%2C600&amp;ssl=1 600w\" sizes=\"(max-width: 300px) 100vw, 300px\" \/><h2 class=\"woocommerce-loop-product__title\">Nouveau! Ageless &#8211; Cr\u00e8me de jour naturelle fermet\u00e9 &#038; \u00e9clat<\/h2>\n\t<span class=\"price\"><span class=\"woocommerce-Price-amount amount\"><bdi><span class=\"woocommerce-Price-currencySymbol\">&#36;<\/span>47.97<\/bdi><\/span><\/span>\n<\/a><a href=\"\/fr\/wp-json\/wp\/v2\/pages\/9908?add-to-cart=3991\" aria-describedby=\"woocommerce_loop_add_to_cart_link_describedby_3991\" data-quantity=\"1\" class=\"button product_type_simple add_to_cart_button ajax_add_to_cart \" data-product_id=\"3991\" data-product_sku=\"\" aria-label=\"Ajouter au panier\u00a0: &ldquo;Nouveau! Ageless - Cr\u00e8me de jour naturelle fermet\u00e9 &amp; \u00e9clat&rdquo;\" rel=\"nofollow\" data-success_message=\"\u00ab\u00a0Nouveau! Ageless - Cr\u00e8me de jour naturelle fermet\u00e9 &amp; \u00e9clat\u00a0\u00bb a \u00e9t\u00e9 ajout\u00e9 \u00e0 votre panier\" role=\"button\">Ajouter au panier<\/a>\t<span id=\"woocommerce_loop_add_to_cart_link_describedby_3991\" class=\"screen-reader-text\">\n\t\t\t<\/span>\n<\/li>\n<li class=\"desktop-align-left tablet-align-left mobile-align-left ast-product-gallery-layout-vertical ast-product-tabs-layout-vertical ast-qv-on-image product type-product post-3990 status-publish instock product_cat-creme-anti-agecreme-anti-age product_cat-hydratant product_cat-soins-de-la-peau has-post-thumbnail sale taxable shipping-taxable purchasable product-type-simple\">\n\t<a href=\"https:\/\/niapurenature.com\/fr\/product\/ageless-creme-de-nuit-naturelle-lift-fermete\" class=\"woocommerce-LoopProduct-link woocommerce-loop-product__link\">\n\t<span  class=\"onsale circle-outline\" data-sale=\"[]\" data-notification=\"default\">Soldes !<\/span>\n\t<img loading=\"lazy\" decoding=\"async\" width=\"300\" height=\"300\" src=\"https:\/\/i0.wp.com\/niapurenature.com\/wp-content\/uploads\/2020\/12\/ageless-skincare-nia.png?resize=300%2C300&amp;ssl=1\" class=\"attachment-woocommerce_thumbnail size-woocommerce_thumbnail\" alt=\"Ageless - Cr\u00e8me de nuit naturelle Lift &amp; fermet\u00e9\" srcset=\"https:\/\/i0.wp.com\/niapurenature.com\/wp-content\/uploads\/2020\/12\/ageless-skincare-nia.png?w=1980&amp;ssl=1 1980w, https:\/\/i0.wp.com\/niapurenature.com\/wp-content\/uploads\/2020\/12\/ageless-skincare-nia.png?resize=300%2C300&amp;ssl=1 300w, https:\/\/i0.wp.com\/niapurenature.com\/wp-content\/uploads\/2020\/12\/ageless-skincare-nia.png?resize=1024%2C1024&amp;ssl=1 1024w, https:\/\/i0.wp.com\/niapurenature.com\/wp-content\/uploads\/2020\/12\/ageless-skincare-nia.png?resize=150%2C150&amp;ssl=1 150w, https:\/\/i0.wp.com\/niapurenature.com\/wp-content\/uploads\/2020\/12\/ageless-skincare-nia.png?resize=768%2C768&amp;ssl=1 768w, https:\/\/i0.wp.com\/niapurenature.com\/wp-content\/uploads\/2020\/12\/ageless-skincare-nia.png?resize=1536%2C1536&amp;ssl=1 1536w, https:\/\/i0.wp.com\/niapurenature.com\/wp-content\/uploads\/2020\/12\/ageless-skincare-nia.png?resize=600%2C600&amp;ssl=1 600w, https:\/\/i0.wp.com\/niapurenature.com\/wp-content\/uploads\/2020\/12\/ageless-skincare-nia.png?resize=100%2C100&amp;ssl=1 100w\" sizes=\"(max-width: 300px) 100vw, 300px\" \/><h2 class=\"woocommerce-loop-product__title\">Ageless &#8211; Cr\u00e8me de nuit naturelle Lift &#038; fermet\u00e9<\/h2>\n\t<span class=\"price\"><del aria-hidden=\"true\"><span class=\"woocommerce-Price-amount amount\"><bdi><span class=\"woocommerce-Price-currencySymbol\">&#36;<\/span>47.97<\/bdi><\/span><\/del> <span class=\"screen-reader-text\">Le prix initial \u00e9tait\u00a0: &#036;47.97.<\/span><ins aria-hidden=\"true\"><span class=\"woocommerce-Price-amount amount\"><bdi><span class=\"woocommerce-Price-currencySymbol\">&#36;<\/span>31.19<\/bdi><\/span><\/ins><span class=\"screen-reader-text\">Le prix actuel est\u00a0: &#036;31.19.<\/span><\/span>\n<\/a><a href=\"\/fr\/wp-json\/wp\/v2\/pages\/9908?add-to-cart=3990\" aria-describedby=\"woocommerce_loop_add_to_cart_link_describedby_3990\" data-quantity=\"1\" class=\"button product_type_simple add_to_cart_button ajax_add_to_cart \" data-product_id=\"3990\" data-product_sku=\"\" aria-label=\"Ajouter au panier\u00a0: &ldquo;Ageless - Cr\u00e8me de nuit naturelle Lift &amp; fermet\u00e9&rdquo;\" rel=\"nofollow\" data-success_message=\"\u00ab\u00a0Ageless - Cr\u00e8me de nuit naturelle Lift &amp; fermet\u00e9\u00a0\u00bb a \u00e9t\u00e9 ajout\u00e9 \u00e0 votre panier\" role=\"button\">Ajouter au panier<\/a>\t<span id=\"woocommerce_loop_add_to_cart_link_describedby_3990\" class=\"screen-reader-text\">\n\t\t\t<\/span>\n<\/li>\n<\/ul>\n<\/div>\t\t\t\t<\/div>\n\t\t\t\t<\/div>\n\t\t\t\t\t<\/div>\n\t\t<\/div>\n\t\t\t\t\t<\/div>\n\t\t<\/section>\n\t\t\t\t<\/div>\n\t\t","protected":false},"excerpt":{"rendered":"<p>Le fruit de Guarana biologique est un compl\u00e9ment alimentaire naturel d\u00e9riv\u00e9 des graines de la plante de guarana. Bienfaits du Fruit de Guarana biologique Le fruit de guarana biologique contient [&hellip;]<\/p>\n","protected":false},"author":48,"featured_media":3982,"parent":0,"menu_order":0,"comment_status":"closed","ping_status":"closed","template":"","meta":{"om_disable_all_campaigns":false,"_monsterinsights_skip_tracking":false,"_monsterinsights_sitenote_active":false,"_monsterinsights_sitenote_note":"","_monsterinsights_sitenote_category":0,"site-sidebar-layout":"no-sidebar","site-content-layout":"page-builder","ast-site-content-layout":"default","site-content-style":"default","site-sidebar-style":"default","ast-global-header-display":"","ast-banner-title-visibility":"","ast-main-header-display":"","ast-hfb-above-header-display":"","ast-hfb-below-header-display":"","ast-hfb-mobile-header-display":"","site-post-title":"disabled","ast-breadcrumbs-content":"","ast-featured-img":"disabled","footer-sml-layout":"","ast-disable-related-posts":"","theme-transparent-header-meta":"","adv-header-id-meta":"","stick-header-meta":"","header-above-stick-meta":"","header-main-stick-meta":"","header-below-stick-meta":"","astra-migrate-meta-layouts":"default","ast-page-background-enabled":"default","ast-page-background-meta":{"desktop":{"background-color":"","background-image":"","background-repeat":"repeat","background-position":"center center","background-size":"auto","background-attachment":"scroll","background-type":"","background-media":"","overlay-type":"","overlay-color":"","overlay-opacity":"","overlay-gradient":""},"tablet":{"background-color":"","background-image":"","background-repeat":"repeat","background-position":"center center","background-size":"auto","background-attachment":"scroll","background-type":"","background-media":"","overlay-type":"","overlay-color":"","overlay-opacity":"","overlay-gradient":""},"mobile":{"background-color":"","background-image":"","background-repeat":"repeat","background-position":"center center","background-size":"auto","background-attachment":"scroll","background-type":"","background-media":"","overlay-type":"","overlay-color":"","overlay-opacity":"","overlay-gradient":""}},"ast-content-background-meta":{"desktop":{"background-color":"var(--ast-global-color-5)","background-image":"","background-repeat":"repeat","background-position":"center center","background-size":"auto","background-attachment":"scroll","background-type":"","background-media":"","overlay-type":"","overlay-color":"","overlay-opacity":"","overlay-gradient":""},"tablet":{"background-color":"var(--ast-global-color-5)","background-image":"","background-repeat":"repeat","background-position":"center center","background-size":"auto","background-attachment":"scroll","background-type":"","background-media":"","overlay-type":"","overlay-color":"","overlay-opacity":"","overlay-gradient":""},"mobile":{"background-color":"var(--ast-global-color-5)","background-image":"","background-repeat":"repeat","background-position":"center center","background-size":"auto","background-attachment":"scroll","background-type":"","background-media":"","overlay-type":"","overlay-color":"","overlay-opacity":"","overlay-gradient":""}},"footnotes":""},"class_list":["post-9908","page","type-page","status-publish","has-post-thumbnail","hentry"],"aioseo_notices":[],"jetpack-related-posts":[],"jetpack_sharing_enabled":true,"_links":{"self":[{"href":"https:\/\/niapurenature.com\/fr\/wp-json\/wp\/v2\/pages\/9908","targetHints":{"allow":["GET"]}}],"collection":[{"href":"https:\/\/niapurenature.com\/fr\/wp-json\/wp\/v2\/pages"}],"about":[{"href":"https:\/\/niapurenature.com\/fr\/wp-json\/wp\/v2\/types\/page"}],"author":[{"embeddable":true,"href":"https:\/\/niapurenature.com\/fr\/wp-json\/wp\/v2\/users\/48"}],"replies":[{"embeddable":true,"href":"https:\/\/niapurenature.com\/fr\/wp-json\/wp\/v2\/comments?post=9908"}],"version-history":[{"count":0,"href":"https:\/\/niapurenature.com\/fr\/wp-json\/wp\/v2\/pages\/9908\/revisions"}],"wp:featuredmedia":[{"embeddable":true,"href":"https:\/\/niapurenature.com\/fr\/wp-json\/wp\/v2\/media\/3982"}],"wp:attachment":[{"href":"https:\/\/niapurenature.com\/fr\/wp-json\/wp\/v2\/media?parent=9908"}],"curies":[{"name":"wp","href":"https:\/\/api.w.org\/{rel}","templated":true}]}}