{"id":9928,"date":"2023-03-31T15:14:53","date_gmt":"2023-03-31T15:14:53","guid":{"rendered":"https:\/\/niapurenature.com\/?page_id=9928"},"modified":"2023-03-31T15:16:37","modified_gmt":"2023-03-31T15:16:37","slug":"ignames-sauvages","status":"publish","type":"page","link":"https:\/\/niapurenature.com\/fr\/ignames-sauvages","title":{"rendered":"Ignames sauvages"},"content":{"rendered":"\t\t<div data-elementor-type=\"wp-page\" data-elementor-id=\"9928\" class=\"elementor elementor-9928\" data-elementor-post-type=\"page\">\n\t\t\t\t\t\t<section class=\"elementor-section elementor-top-section elementor-element elementor-element-770be516 elementor-section-boxed elementor-section-height-default elementor-section-height-default\" data-id=\"770be516\" data-element_type=\"section\" data-e-type=\"section\">\n\t\t\t\t\t\t<div class=\"elementor-container elementor-column-gap-default\">\n\t\t\t\t\t<div class=\"elementor-column elementor-col-100 elementor-top-column elementor-element elementor-element-4258c85a\" data-id=\"4258c85a\" data-element_type=\"column\" data-e-type=\"column\">\n\t\t\t<div class=\"elementor-widget-wrap elementor-element-populated\">\n\t\t\t\t\t\t<div class=\"elementor-element elementor-element-713af784 elementor-widget elementor-widget-image\" data-id=\"713af784\" data-element_type=\"widget\" data-e-type=\"widget\" data-widget_type=\"image.default\">\n\t\t\t\t<div class=\"elementor-widget-container\">\n\t\t\t\t\t\t\t\t\t\t\t\t\t\t\t<img decoding=\"async\" src=\"https:\/\/i0.wp.com\/niapurenature.com\/wp-content\/uploads\/2023\/03\/Wild-yams-1.jpg?fit=1400%2C400&#038;ssl=1\" title=\"Wild yams (1)\" alt=\"Wild yams (1)\" loading=\"lazy\" \/>\t\t\t\t\t\t\t\t\t\t\t\t\t\t\t<\/div>\n\t\t\t\t<\/div>\n\t\t\t\t\t<\/div>\n\t\t<\/div>\n\t\t\t\t\t<\/div>\n\t\t<\/section>\n\t\t\t\t<section class=\"elementor-section elementor-top-section elementor-element elementor-element-589996e5 elementor-section-boxed elementor-section-height-default elementor-section-height-default\" data-id=\"589996e5\" data-element_type=\"section\" data-e-type=\"section\">\n\t\t\t\t\t\t<div class=\"elementor-container elementor-column-gap-default\">\n\t\t\t\t\t<div class=\"elementor-column elementor-col-100 elementor-top-column elementor-element elementor-element-7ad872de\" data-id=\"7ad872de\" data-element_type=\"column\" data-e-type=\"column\">\n\t\t\t<div class=\"elementor-widget-wrap elementor-element-populated\">\n\t\t\t\t\t\t<div class=\"elementor-element elementor-element-44d17019 elementor-widget elementor-widget-heading\" data-id=\"44d17019\" data-element_type=\"widget\" data-e-type=\"widget\" data-widget_type=\"heading.default\">\n\t\t\t\t<div class=\"elementor-widget-container\">\n\t\t\t\t\t<h3 class=\"elementor-heading-title elementor-size-default\">L'igname sauvage, \u00e9galement connue sous le nom de Dioscorea villosa, est utilis\u00e9e depuis des si\u00e8cles pour ses propri\u00e9t\u00e9s m\u00e9dicinales. L'un des avantages potentiels de l'igname sauvage est sa capacit\u00e9 \u00e0 am\u00e9liorer la sant\u00e9 de la peau.<\/h3>\t\t\t\t<\/div>\n\t\t\t\t<\/div>\n\t\t\t\t\t<\/div>\n\t\t<\/div>\n\t\t\t\t\t<\/div>\n\t\t<\/section>\n\t\t\t\t<section class=\"elementor-section elementor-top-section elementor-element elementor-element-3f23a3ca elementor-section-boxed elementor-section-height-default elementor-section-height-default\" data-id=\"3f23a3ca\" data-element_type=\"section\" data-e-type=\"section\">\n\t\t\t\t\t\t<div class=\"elementor-container elementor-column-gap-default\">\n\t\t\t\t\t<div class=\"elementor-column elementor-col-100 elementor-top-column elementor-element elementor-element-4446d79d\" data-id=\"4446d79d\" data-element_type=\"column\" data-e-type=\"column\">\n\t\t\t<div class=\"elementor-widget-wrap elementor-element-populated\">\n\t\t\t\t\t\t<div class=\"elementor-element elementor-element-48bc8819 elementor-widget elementor-widget-heading\" data-id=\"48bc8819\" data-element_type=\"widget\" data-e-type=\"widget\" data-widget_type=\"heading.default\">\n\t\t\t\t<div class=\"elementor-widget-container\">\n\t\t\t\t\t<h2 class=\"elementor-heading-title elementor-size-default\">Les bienfaits de l'igname sauvage<\/h2>\t\t\t\t<\/div>\n\t\t\t\t<\/div>\n\t\t\t\t\t<\/div>\n\t\t<\/div>\n\t\t\t\t\t<\/div>\n\t\t<\/section>\n\t\t\t\t<section class=\"elementor-section elementor-top-section elementor-element elementor-element-f2122f3 elementor-section-boxed elementor-section-height-default elementor-section-height-default\" data-id=\"f2122f3\" data-element_type=\"section\" data-e-type=\"section\">\n\t\t\t\t\t\t<div class=\"elementor-container elementor-column-gap-default\">\n\t\t\t\t\t<div class=\"elementor-column elementor-col-100 elementor-top-column elementor-element elementor-element-2624f8ad\" data-id=\"2624f8ad\" data-element_type=\"column\" data-e-type=\"column\">\n\t\t\t<div class=\"elementor-widget-wrap elementor-element-populated\">\n\t\t\t\t\t\t<section class=\"elementor-section elementor-inner-section elementor-element elementor-element-765a373b elementor-section-boxed elementor-section-height-default elementor-section-height-default\" data-id=\"765a373b\" data-element_type=\"section\" data-e-type=\"section\">\n\t\t\t\t\t\t<div class=\"elementor-container elementor-column-gap-default\">\n\t\t\t\t\t<div class=\"elementor-column elementor-col-50 elementor-inner-column elementor-element elementor-element-4df53b05\" data-id=\"4df53b05\" data-element_type=\"column\" data-e-type=\"column\">\n\t\t\t<div class=\"elementor-widget-wrap elementor-element-populated\">\n\t\t\t\t\t\t<div class=\"elementor-element elementor-element-249c39ed elementor-widget elementor-widget-image\" data-id=\"249c39ed\" data-element_type=\"widget\" data-e-type=\"widget\" data-widget_type=\"image.default\">\n\t\t\t\t<div class=\"elementor-widget-container\">\n\t\t\t\t\t\t\t\t\t\t\t\t\t\t\t<img fetchpriority=\"high\" decoding=\"async\" width=\"320\" height=\"320\" src=\"https:\/\/i0.wp.com\/niapurenature.com\/wp-content\/uploads\/2019\/10\/Wild-yam.jpg?fit=320%2C320&amp;ssl=1\" class=\"attachment-large size-large wp-image-3055\" alt=\"\" srcset=\"https:\/\/i0.wp.com\/niapurenature.com\/wp-content\/uploads\/2019\/10\/Wild-yam.jpg?resize=300%2C300&amp;ssl=1 300w, https:\/\/i0.wp.com\/niapurenature.com\/wp-content\/uploads\/2019\/10\/Wild-yam.jpg?resize=100%2C100&amp;ssl=1 100w\" sizes=\"(max-width: 320px) 100vw, 320px\" \/>\t\t\t\t\t\t\t\t\t\t\t\t\t\t\t<\/div>\n\t\t\t\t<\/div>\n\t\t\t\t\t<\/div>\n\t\t<\/div>\n\t\t\t\t<div class=\"elementor-column elementor-col-50 elementor-inner-column elementor-element elementor-element-284aa089\" data-id=\"284aa089\" data-element_type=\"column\" data-e-type=\"column\">\n\t\t\t<div class=\"elementor-widget-wrap elementor-element-populated\">\n\t\t\t\t\t\t<div class=\"elementor-element elementor-element-61b704f7 elementor-widget elementor-widget-text-editor\" data-id=\"61b704f7\" data-element_type=\"widget\" data-e-type=\"widget\" data-widget_type=\"text-editor.default\">\n\t\t\t\t<div class=\"elementor-widget-container\">\n\t\t\t\t\t\t\t\t\t<p>L&rsquo;igname sauvage est une riche source de diosg\u00e9nine, un compos\u00e9 v\u00e9g\u00e9tal qui peut \u00eatre converti en \u0153strog\u00e8ne dans l&rsquo;organisme. Les \u0153strog\u00e8nes jouent un r\u00f4le important dans le maintien d&rsquo;une peau saine en favorisant la production de collag\u00e8ne, en augmentant l&rsquo;\u00e9paisseur de la peau et en am\u00e9liorant son hydratation. En outre, les ignames sauvages ont des propri\u00e9t\u00e9s anti-inflammatoires qui peuvent contribuer \u00e0 r\u00e9duire l&rsquo;inflammation et les rougeurs de la peau. Elles contiennent \u00e9galement des antioxydants qui peuvent prot\u00e9ger la peau des dommages caus\u00e9s par les radicaux libres. Certaines \u00e9tudes sugg\u00e8rent que l&rsquo;application topique d&rsquo;extrait d&rsquo;igname sauvage peut contribuer \u00e0 am\u00e9liorer l&rsquo;apparence des rides et ridules, ainsi que l&rsquo;\u00e9lasticit\u00e9 de la peau.<\/p>\t\t\t\t\t\t\t\t<\/div>\n\t\t\t\t<\/div>\n\t\t\t\t\t<\/div>\n\t\t<\/div>\n\t\t\t\t\t<\/div>\n\t\t<\/section>\n\t\t\t\t\t<\/div>\n\t\t<\/div>\n\t\t\t\t\t<\/div>\n\t\t<\/section>\n\t\t\t\t<section class=\"elementor-section elementor-top-section elementor-element elementor-element-2b4cc3a8 elementor-section-boxed elementor-section-height-default elementor-section-height-default\" data-id=\"2b4cc3a8\" data-element_type=\"section\" data-e-type=\"section\">\n\t\t\t\t\t\t<div class=\"elementor-container elementor-column-gap-default\">\n\t\t\t\t\t<div class=\"elementor-column elementor-col-100 elementor-top-column elementor-element elementor-element-48a6a285\" data-id=\"48a6a285\" data-element_type=\"column\" data-e-type=\"column\">\n\t\t\t<div class=\"elementor-widget-wrap elementor-element-populated\">\n\t\t\t\t\t\t<div class=\"elementor-element elementor-element-393658ff elementor-widget elementor-widget-heading\" data-id=\"393658ff\" data-element_type=\"widget\" data-e-type=\"widget\" data-widget_type=\"heading.default\">\n\t\t\t\t<div class=\"elementor-widget-container\">\n\t\t\t\t\t<h2 class=\"elementor-heading-title elementor-size-default\">Acheter des produits \u00e0 base d'igname sauvage<\/h2>\t\t\t\t<\/div>\n\t\t\t\t<\/div>\n\t\t\t\t\t<\/div>\n\t\t<\/div>\n\t\t\t\t\t<\/div>\n\t\t<\/section>\n\t\t\t\t<section class=\"elementor-section elementor-top-section elementor-element elementor-element-1eba38eb elementor-section-boxed elementor-section-height-default elementor-section-height-default\" data-id=\"1eba38eb\" data-element_type=\"section\" data-e-type=\"section\">\n\t\t\t\t\t\t<div class=\"elementor-container elementor-column-gap-default\">\n\t\t\t\t\t<div class=\"elementor-column elementor-col-100 elementor-top-column elementor-element elementor-element-764233e0\" data-id=\"764233e0\" data-element_type=\"column\" data-e-type=\"column\">\n\t\t\t<div class=\"elementor-widget-wrap elementor-element-populated\">\n\t\t\t\t\t\t<div class=\"elementor-element elementor-element-7dd6d516 elementor-widget elementor-widget-spacer\" data-id=\"7dd6d516\" data-element_type=\"widget\" data-e-type=\"widget\" data-widget_type=\"spacer.default\">\n\t\t\t\t<div class=\"elementor-widget-container\">\n\t\t\t\t\t\t\t<div class=\"elementor-spacer\">\n\t\t\t<div class=\"elementor-spacer-inner\"><\/div>\n\t\t<\/div>\n\t\t\t\t\t\t<\/div>\n\t\t\t\t<\/div>\n\t\t\t\t\t<\/div>\n\t\t<\/div>\n\t\t\t\t\t<\/div>\n\t\t<\/section>\n\t\t\t\t<section class=\"elementor-section elementor-top-section elementor-element elementor-element-7d760447 elementor-section-boxed elementor-section-height-default elementor-section-height-default\" data-id=\"7d760447\" data-element_type=\"section\" data-e-type=\"section\">\n\t\t\t\t\t\t<div class=\"elementor-container elementor-column-gap-default\">\n\t\t\t\t\t<div class=\"elementor-column elementor-col-100 elementor-top-column elementor-element elementor-element-697c1d9\" data-id=\"697c1d9\" data-element_type=\"column\" data-e-type=\"column\">\n\t\t\t<div class=\"elementor-widget-wrap elementor-element-populated\">\n\t\t\t\t\t\t<div class=\"elementor-element elementor-element-31beb7ff elementor-grid-4 elementor-grid-tablet-3 elementor-grid-mobile-2 elementor-products-grid elementor-wc-products elementor-widget elementor-widget-woocommerce-products\" data-id=\"31beb7ff\" data-element_type=\"widget\" data-e-type=\"widget\" data-widget_type=\"woocommerce-products.default\">\n\t\t\t\t<div class=\"elementor-widget-container\">\n\t\t\t\t\t<div class=\"woocommerce columns-4 \"><ul class=\"products elementor-grid columns-4\">\n<li class=\"desktop-align-left tablet-align-left mobile-align-left ast-product-gallery-layout-vertical ast-product-tabs-layout-vertical ast-qv-on-image product type-product post-4597 status-publish first instock product_cat-creme-anti-agecreme-anti-age product_cat-hydratant product_cat-serum-contour-des-yeux product_cat-soins-de-la-peau product_tag-moringa-fr product_tag-organic-fr has-post-thumbnail taxable shipping-taxable purchasable product-type-simple\">\n\t<a href=\"https:\/\/niapurenature.com\/fr\/product\/nouveau-serum-contour-des-yeux-au-moringa\" class=\"woocommerce-LoopProduct-link woocommerce-loop-product__link\"><img decoding=\"async\" width=\"300\" height=\"300\" src=\"https:\/\/i0.wp.com\/niapurenature.com\/wp-content\/uploads\/2021\/03\/Nia-Moringa-EYE-Contour-Serum-Cream.jpg?resize=300%2C300&amp;ssl=1\" class=\"attachment-woocommerce_thumbnail size-woocommerce_thumbnail\" alt=\"Nouveau! S\u00e9rum Contour des Yeux au Moringa\" srcset=\"https:\/\/i0.wp.com\/niapurenature.com\/wp-content\/uploads\/2021\/03\/Nia-Moringa-EYE-Contour-Serum-Cream.jpg?w=1200&amp;ssl=1 1200w, https:\/\/i0.wp.com\/niapurenature.com\/wp-content\/uploads\/2021\/03\/Nia-Moringa-EYE-Contour-Serum-Cream.jpg?resize=300%2C300&amp;ssl=1 300w, https:\/\/i0.wp.com\/niapurenature.com\/wp-content\/uploads\/2021\/03\/Nia-Moringa-EYE-Contour-Serum-Cream.jpg?resize=100%2C100&amp;ssl=1 100w, https:\/\/i0.wp.com\/niapurenature.com\/wp-content\/uploads\/2021\/03\/Nia-Moringa-EYE-Contour-Serum-Cream.jpg?resize=600%2C600&amp;ssl=1 600w\" sizes=\"(max-width: 300px) 100vw, 300px\" \/><h2 class=\"woocommerce-loop-product__title\">Nouveau! S\u00e9rum Contour des Yeux au Moringa<\/h2>\n\t<span class=\"price\"><span class=\"woocommerce-Price-amount amount\"><bdi><span class=\"woocommerce-Price-currencySymbol\">&#36;<\/span>39.97<\/bdi><\/span><\/span>\n<\/a><a href=\"\/fr\/wp-json\/wp\/v2\/pages\/9928?add-to-cart=4597\" aria-describedby=\"woocommerce_loop_add_to_cart_link_describedby_4597\" data-quantity=\"1\" class=\"button product_type_simple add_to_cart_button ajax_add_to_cart \" data-product_id=\"4597\" data-product_sku=\"\" aria-label=\"Ajouter au panier\u00a0: &ldquo;Nouveau! S\u00e9rum Contour des Yeux au Moringa&rdquo;\" rel=\"nofollow\" data-success_message=\"\u00ab\u00a0Nouveau! S\u00e9rum Contour des Yeux au Moringa\u00a0\u00bb a \u00e9t\u00e9 ajout\u00e9 \u00e0 votre panier\" role=\"button\">Ajouter au panier<\/a>\t<span id=\"woocommerce_loop_add_to_cart_link_describedby_4597\" class=\"screen-reader-text\">\n\t\t\t<\/span>\n<\/li>\n<li class=\"desktop-align-left tablet-align-left mobile-align-left ast-product-gallery-layout-vertical ast-product-tabs-layout-vertical ast-qv-on-image product type-product post-3990 status-publish instock product_cat-creme-anti-agecreme-anti-age product_cat-hydratant product_cat-soins-de-la-peau has-post-thumbnail sale taxable shipping-taxable purchasable product-type-simple\">\n\t<a href=\"https:\/\/niapurenature.com\/fr\/product\/ageless-creme-de-nuit-naturelle-lift-fermete\" class=\"woocommerce-LoopProduct-link woocommerce-loop-product__link\">\n\t<span  class=\"onsale circle-outline\" data-sale=\"[]\" data-notification=\"default\">Soldes !<\/span>\n\t<img decoding=\"async\" width=\"300\" height=\"300\" src=\"https:\/\/i0.wp.com\/niapurenature.com\/wp-content\/uploads\/2020\/12\/ageless-skincare-nia.png?resize=300%2C300&amp;ssl=1\" class=\"attachment-woocommerce_thumbnail size-woocommerce_thumbnail\" alt=\"Ageless - Cr\u00e8me de nuit naturelle Lift &amp; fermet\u00e9\" srcset=\"https:\/\/i0.wp.com\/niapurenature.com\/wp-content\/uploads\/2020\/12\/ageless-skincare-nia.png?w=1980&amp;ssl=1 1980w, https:\/\/i0.wp.com\/niapurenature.com\/wp-content\/uploads\/2020\/12\/ageless-skincare-nia.png?resize=300%2C300&amp;ssl=1 300w, https:\/\/i0.wp.com\/niapurenature.com\/wp-content\/uploads\/2020\/12\/ageless-skincare-nia.png?resize=1024%2C1024&amp;ssl=1 1024w, https:\/\/i0.wp.com\/niapurenature.com\/wp-content\/uploads\/2020\/12\/ageless-skincare-nia.png?resize=150%2C150&amp;ssl=1 150w, https:\/\/i0.wp.com\/niapurenature.com\/wp-content\/uploads\/2020\/12\/ageless-skincare-nia.png?resize=768%2C768&amp;ssl=1 768w, https:\/\/i0.wp.com\/niapurenature.com\/wp-content\/uploads\/2020\/12\/ageless-skincare-nia.png?resize=1536%2C1536&amp;ssl=1 1536w, https:\/\/i0.wp.com\/niapurenature.com\/wp-content\/uploads\/2020\/12\/ageless-skincare-nia.png?resize=600%2C600&amp;ssl=1 600w, https:\/\/i0.wp.com\/niapurenature.com\/wp-content\/uploads\/2020\/12\/ageless-skincare-nia.png?resize=100%2C100&amp;ssl=1 100w\" sizes=\"(max-width: 300px) 100vw, 300px\" \/><h2 class=\"woocommerce-loop-product__title\">Ageless &#8211; Cr\u00e8me de nuit naturelle Lift &#038; fermet\u00e9<\/h2>\n\t<span class=\"price\"><del aria-hidden=\"true\"><span class=\"woocommerce-Price-amount amount\"><bdi><span class=\"woocommerce-Price-currencySymbol\">&#36;<\/span>47.97<\/bdi><\/span><\/del> <span class=\"screen-reader-text\">Le prix initial \u00e9tait\u00a0: &#036;47.97.<\/span><ins aria-hidden=\"true\"><span class=\"woocommerce-Price-amount amount\"><bdi><span class=\"woocommerce-Price-currencySymbol\">&#36;<\/span>31.19<\/bdi><\/span><\/ins><span class=\"screen-reader-text\">Le prix actuel est\u00a0: &#036;31.19.<\/span><\/span>\n<\/a><a href=\"\/fr\/wp-json\/wp\/v2\/pages\/9928?add-to-cart=3990\" aria-describedby=\"woocommerce_loop_add_to_cart_link_describedby_3990\" data-quantity=\"1\" class=\"button product_type_simple add_to_cart_button ajax_add_to_cart \" data-product_id=\"3990\" data-product_sku=\"\" aria-label=\"Ajouter au panier\u00a0: &ldquo;Ageless - Cr\u00e8me de nuit naturelle Lift &amp; fermet\u00e9&rdquo;\" rel=\"nofollow\" data-success_message=\"\u00ab\u00a0Ageless - Cr\u00e8me de nuit naturelle Lift &amp; fermet\u00e9\u00a0\u00bb a \u00e9t\u00e9 ajout\u00e9 \u00e0 votre panier\" role=\"button\">Ajouter au panier<\/a>\t<span id=\"woocommerce_loop_add_to_cart_link_describedby_3990\" class=\"screen-reader-text\">\n\t\t\t<\/span>\n<\/li>\n<\/ul>\n<\/div>\t\t\t\t<\/div>\n\t\t\t\t<\/div>\n\t\t\t\t\t<\/div>\n\t\t<\/div>\n\t\t\t\t\t<\/div>\n\t\t<\/section>\n\t\t\t\t<\/div>\n\t\t","protected":false},"excerpt":{"rendered":"<p>L&rsquo;igname sauvage, \u00e9galement connue sous le nom de Dioscorea villosa, est utilis\u00e9e depuis des si\u00e8cles pour ses propri\u00e9t\u00e9s m\u00e9dicinales. L&rsquo;un des avantages potentiels de l&rsquo;igname sauvage est sa capacit\u00e9 \u00e0 [&hellip;]<\/p>\n","protected":false},"author":48,"featured_media":3056,"parent":0,"menu_order":0,"comment_status":"closed","ping_status":"closed","template":"","meta":{"om_disable_all_campaigns":false,"_monsterinsights_skip_tracking":false,"_monsterinsights_sitenote_active":false,"_monsterinsights_sitenote_note":"","_monsterinsights_sitenote_category":0,"site-sidebar-layout":"no-sidebar","site-content-layout":"page-builder","ast-site-content-layout":"default","site-content-style":"default","site-sidebar-style":"default","ast-global-header-display":"","ast-banner-title-visibility":"","ast-main-header-display":"","ast-hfb-above-header-display":"","ast-hfb-below-header-display":"","ast-hfb-mobile-header-display":"","site-post-title":"disabled","ast-breadcrumbs-content":"","ast-featured-img":"disabled","footer-sml-layout":"","ast-disable-related-posts":"","theme-transparent-header-meta":"","adv-header-id-meta":"","stick-header-meta":"","header-above-stick-meta":"","header-main-stick-meta":"","header-below-stick-meta":"","astra-migrate-meta-layouts":"default","ast-page-background-enabled":"default","ast-page-background-meta":{"desktop":{"background-color":"","background-image":"","background-repeat":"repeat","background-position":"center center","background-size":"auto","background-attachment":"scroll","background-type":"","background-media":"","overlay-type":"","overlay-color":"","overlay-opacity":"","overlay-gradient":""},"tablet":{"background-color":"","background-image":"","background-repeat":"repeat","background-position":"center center","background-size":"auto","background-attachment":"scroll","background-type":"","background-media":"","overlay-type":"","overlay-color":"","overlay-opacity":"","overlay-gradient":""},"mobile":{"background-color":"","background-image":"","background-repeat":"repeat","background-position":"center center","background-size":"auto","background-attachment":"scroll","background-type":"","background-media":"","overlay-type":"","overlay-color":"","overlay-opacity":"","overlay-gradient":""}},"ast-content-background-meta":{"desktop":{"background-color":"var(--ast-global-color-5)","background-image":"","background-repeat":"repeat","background-position":"center center","background-size":"auto","background-attachment":"scroll","background-type":"","background-media":"","overlay-type":"","overlay-color":"","overlay-opacity":"","overlay-gradient":""},"tablet":{"background-color":"var(--ast-global-color-5)","background-image":"","background-repeat":"repeat","background-position":"center center","background-size":"auto","background-attachment":"scroll","background-type":"","background-media":"","overlay-type":"","overlay-color":"","overlay-opacity":"","overlay-gradient":""},"mobile":{"background-color":"var(--ast-global-color-5)","background-image":"","background-repeat":"repeat","background-position":"center center","background-size":"auto","background-attachment":"scroll","background-type":"","background-media":"","overlay-type":"","overlay-color":"","overlay-opacity":"","overlay-gradient":""}},"footnotes":""},"class_list":["post-9928","page","type-page","status-publish","has-post-thumbnail","hentry"],"aioseo_notices":[],"jetpack-related-posts":[],"jetpack_sharing_enabled":true,"_links":{"self":[{"href":"https:\/\/niapurenature.com\/fr\/wp-json\/wp\/v2\/pages\/9928","targetHints":{"allow":["GET"]}}],"collection":[{"href":"https:\/\/niapurenature.com\/fr\/wp-json\/wp\/v2\/pages"}],"about":[{"href":"https:\/\/niapurenature.com\/fr\/wp-json\/wp\/v2\/types\/page"}],"author":[{"embeddable":true,"href":"https:\/\/niapurenature.com\/fr\/wp-json\/wp\/v2\/users\/48"}],"replies":[{"embeddable":true,"href":"https:\/\/niapurenature.com\/fr\/wp-json\/wp\/v2\/comments?post=9928"}],"version-history":[{"count":0,"href":"https:\/\/niapurenature.com\/fr\/wp-json\/wp\/v2\/pages\/9928\/revisions"}],"wp:featuredmedia":[{"embeddable":true,"href":"https:\/\/niapurenature.com\/fr\/wp-json\/wp\/v2\/media\/3056"}],"wp:attachment":[{"href":"https:\/\/niapurenature.com\/fr\/wp-json\/wp\/v2\/media?parent=9928"}],"curies":[{"name":"wp","href":"https:\/\/api.w.org\/{rel}","templated":true}]}}