{"id":13048,"date":"2024-07-19T14:04:07","date_gmt":"2024-09-01T05:42:29","guid":{"rendered":"https:\/\/niapurenature.com\/?post_type=product&#038;p=13048"},"modified":"2024-09-01T01:46:43","modified_gmt":"2024-09-01T05:46:43","slug":"ashwagandha-bio","status":"publish","type":"product","link":"https:\/\/niapurenature.com\/fr\/product\/ashwagandha-bio","title":{"rendered":"Nouveau! Ashwagandha BIO"},"content":{"rendered":"<div id=\"tab-description\" class=\"entry-content woocommerce-Tabs-panel woocommerce-Tabs-panel--description wd-active panel wc-tab\" role=\"tabpanel\" aria-labelledby=\"tab-title-description\" data-accordion-index=\"description\">\n<div class=\"wc-tab-inner\">\n<p><strong>Utilisation ou objectif recommand\u00e9\u00a0:<\/strong><\/p>\n<p>Traditionnellement utilis\u00e9 en Ayurveda, les bienfaits de l&rsquo;Ashwagandha sont nombreux.<\/p>\n<p>C&rsquo;est un puissant tonique rajeunissant qui :<\/p>\n<ul>\n<li style=\"list-style-type: none;\">\n<ul>\n<li>Apaise les nerfs<\/li>\n<li>Favorise le sommeil<\/li>\n<li>Soutient l&rsquo;\u00e9quilibre hormonal<\/li>\n<li>Renforce le syst\u00e8me immunitaire<\/li>\n<li>Augmente l&rsquo;\u00e9nergie<\/li>\n<li>G\u00e8re la fatigue et favorise le bien-\u00eatre g\u00e9n\u00e9ral<\/li>\n<\/ul>\n<\/li>\n<\/ul>\n<p><strong>Dose recommand\u00e9e :<\/strong> Adultes : Prendre 2 capsules 2 fois par jour, ou selon les directives d\u2019un professionnel de la sant\u00e9.<\/p>\n<p><strong>Attention :<\/strong> certaines personnes peuvent ressentir de la somnolence. Soyez prudent si vous conduisez, utilisez des machines lourdes ou participez \u00e0 des activit\u00e9s n\u00e9cessitant une vigilance mentale.<\/p>\n<p><strong>Ingr\u00e9dients m\u00e9dicinaux <\/strong> <strong>(par capsule) :<\/strong><\/p>\n<p>Racine d&rsquo;Ashwagandha biologique (Withania somnifera)\u2026.500 mg<\/p>\n<p><strong>Ingr\u00e9dients non m\u00e9dicinaux :<\/strong><\/p>\n<p>100% cellulose v\u00e9g\u00e9tale<\/p>\n<p><strong>Conserver \u00e0 temp\u00e9rature ambiante<\/strong><\/p>\n<\/div>\n<\/div>\n","protected":false},"excerpt":{"rendered":"<div class=\"woocommerce-product-details__short-description\">\n<ul>\n<li><span class=\"\">Agit comme un adaptog\u00e8ne, aidant le corps \u00e0 faire face au stress.<\/span><\/li>\n<li>R\u00e9duit les sympt\u00f4mes d\u2019anxi\u00e9t\u00e9 et favorise un sentiment de calme.<\/li>\n<li>Favorise le bien-\u00eatre physique et mental g\u00e9n\u00e9ral.<\/li>\n<li>Agit comme un tonique rajeunissant, soutenant les fonctions naturelles du corps.<\/li>\n<\/ul>\n<\/div>\n","protected":false},"featured_media":12980,"comment_status":"open","ping_status":"closed","template":"","meta":{"om_disable_all_campaigns":false,"_monsterinsights_skip_tracking":false,"_monsterinsights_sitenote_active":false,"_monsterinsights_sitenote_note":"","_monsterinsights_sitenote_category":0,"site-sidebar-layout":"default","site-content-layout":"","ast-site-content-layout":"default","site-content-style":"default","site-sidebar-style":"default","ast-global-header-display":"","ast-banner-title-visibility":"","ast-main-header-display":"","ast-hfb-above-header-display":"","ast-hfb-below-header-display":"","ast-hfb-mobile-header-display":"","site-post-title":"","ast-breadcrumbs-content":"","ast-featured-img":"","footer-sml-layout":"","ast-disable-related-posts":"","theme-transparent-header-meta":"default","adv-header-id-meta":"","stick-header-meta":"","header-above-stick-meta":"","header-main-stick-meta":"","header-below-stick-meta":"","astra-migrate-meta-layouts":"set","ast-page-background-enabled":"default","ast-page-background-meta":{"desktop":{"background-color":"","background-image":"","background-repeat":"repeat","background-position":"center center","background-size":"auto","background-attachment":"scroll","background-type":"","background-media":"","overlay-type":"","overlay-color":"","overlay-opacity":"","overlay-gradient":""},"tablet":{"background-color":"","background-image":"","background-repeat":"repeat","background-position":"center center","background-size":"auto","background-attachment":"scroll","background-type":"","background-media":"","overlay-type":"","overlay-color":"","overlay-opacity":"","overlay-gradient":""},"mobile":{"background-color":"","background-image":"","background-repeat":"repeat","background-position":"center center","background-size":"auto","background-attachment":"scroll","background-type":"","background-media":"","overlay-type":"","overlay-color":"","overlay-opacity":"","overlay-gradient":""}},"ast-content-background-meta":{"desktop":{"background-color":"var(--ast-global-color-5)","background-image":"","background-repeat":"repeat","background-position":"center center","background-size":"auto","background-attachment":"scroll","background-type":"","background-media":"","overlay-type":"","overlay-color":"","overlay-opacity":"","overlay-gradient":""},"tablet":{"background-color":"var(--ast-global-color-5)","background-image":"","background-repeat":"repeat","background-position":"center center","background-size":"auto","background-attachment":"scroll","background-type":"","background-media":"","overlay-type":"","overlay-color":"","overlay-opacity":"","overlay-gradient":""},"mobile":{"background-color":"var(--ast-global-color-5)","background-image":"","background-repeat":"repeat","background-position":"center center","background-size":"auto","background-attachment":"scroll","background-type":"","background-media":"","overlay-type":"","overlay-color":"","overlay-opacity":"","overlay-gradient":""}}},"product_brand":[],"product_cat":[1451,1402],"product_tag":[],"class_list":{"0":"post-13048","1":"product","2":"type-product","3":"status-publish","4":"has-post-thumbnail","6":"product_cat-sante-des-hommes","7":"product_cat-supplements-naturels","8":"desktop-align-left","9":"tablet-align-left","10":"mobile-align-left","11":"ast-product-gallery-layout-vertical","12":"ast-product-gallery-with-no-image","13":"ast-product-tabs-layout-vertical","14":"ast-qv-on-image","16":"first","17":"instock","18":"taxable","19":"shipping-taxable","20":"purchasable","21":"product-type-simple"},"aioseo_notices":[],"jetpack-related-posts":[],"jetpack_sharing_enabled":true,"_links":{"self":[{"href":"https:\/\/niapurenature.com\/fr\/wp-json\/wp\/v2\/product\/13048","targetHints":{"allow":["GET"]}}],"collection":[{"href":"https:\/\/niapurenature.com\/fr\/wp-json\/wp\/v2\/product"}],"about":[{"href":"https:\/\/niapurenature.com\/fr\/wp-json\/wp\/v2\/types\/product"}],"replies":[{"embeddable":true,"href":"https:\/\/niapurenature.com\/fr\/wp-json\/wp\/v2\/comments?post=13048"}],"wp:featuredmedia":[{"embeddable":true,"href":"https:\/\/niapurenature.com\/fr\/wp-json\/wp\/v2\/media\/12980"}],"wp:attachment":[{"href":"https:\/\/niapurenature.com\/fr\/wp-json\/wp\/v2\/media?parent=13048"}],"wp:term":[{"taxonomy":"product_brand","embeddable":true,"href":"https:\/\/niapurenature.com\/fr\/wp-json\/wp\/v2\/product_brand?post=13048"},{"taxonomy":"product_cat","embeddable":true,"href":"https:\/\/niapurenature.com\/fr\/wp-json\/wp\/v2\/product_cat?post=13048"},{"taxonomy":"product_tag","embeddable":true,"href":"https:\/\/niapurenature.com\/fr\/wp-json\/wp\/v2\/product_tag?post=13048"}],"curies":[{"name":"wp","href":"https:\/\/api.w.org\/{rel}","templated":true}]}}