{"id":13050,"date":"2024-07-19T13:55:37","date_gmt":"2024-09-01T05:54:40","guid":{"rendered":"https:\/\/niapurenature.com\/?post_type=product&#038;p=13050"},"modified":"2024-09-01T02:17:19","modified_gmt":"2024-09-01T06:17:19","slug":"nouveau-criniere-de-lion-bio","status":"publish","type":"product","link":"https:\/\/niapurenature.com\/fr\/product\/nouveau-criniere-de-lion-bio","title":{"rendered":"Nouveau! Crini\u00e8re de lion BIO"},"content":{"rendered":"<div id=\"tab-description\" class=\"entry-content woocommerce-Tabs-panel woocommerce-Tabs-panel--description wd-active panel wc-tab\" role=\"tabpanel\" aria-labelledby=\"tab-title-description\" data-accordion-index=\"description\">\n<div class=\"wc-tab-inner\">\n<p><strong>Utilisation ou objectif recommand\u00e9\u00a0:<\/strong><\/p>\n<p>La crini\u00e8re de lion est une source de polysaccharides fongiques connus pour poss\u00e9der des propri\u00e9t\u00e9s immunomodulatrices.<\/p>\n<p>La consommation de champignons crini\u00e8re de lion a \u00e9t\u00e9 associ\u00e9e \u00e0 une am\u00e9lioration de la fonction immunitaire et de la fonction c\u00e9r\u00e9brale, contribuant \u00e0 une meilleure m\u00e9moire, \u00e0 une concentration accrue et \u00e0 une concentration accrue.<\/p>\n<p><strong>Dose recommand\u00e9e :<\/strong> Adultes : Prendre 2 capsules 2 fois par jour, ou selon les directives d\u2019un professionnel de la sant\u00e9.<\/p>\n<p>Ingr\u00e9dients <strong>m\u00e9dicinaux <\/strong><strong>(par capsule) :<\/strong><\/p>\n<p>Crini\u00e8re de lion biologique (Hericium erinaceus) \u2026. 500 mg<\/p>\n<p><strong>Ingr\u00e9dients non m\u00e9dicinaux :<\/strong><\/p>\n<p>100% cellulose v\u00e9g\u00e9tale<\/p>\n<p><strong>Conserver \u00e0 temp\u00e9rature ambiante<\/strong><\/p>\n<\/div>\n<\/div>\n","protected":false},"excerpt":{"rendered":"<ul>\n<li><strong>Soutien cognitif :<\/strong> am\u00e9liore la m\u00e9moire, la concentration et la clart\u00e9 mentale.<\/li>\n<li><strong>Neuroprotection :<\/strong> favorise la croissance nerveuse et la sant\u00e9 du cerveau.<\/li>\n<li><strong>Am\u00e9lioration de l\u2019humeur :<\/strong> aide \u00e0 r\u00e9duire les sympt\u00f4mes d\u2019anxi\u00e9t\u00e9 et de d\u00e9pression.<\/li>\n<li><strong>Renforcement immunitaire :<\/strong> stimule le syst\u00e8me immunitaire gr\u00e2ce \u00e0 ses compos\u00e9s bioactifs.<\/li>\n<\/ul>\n","protected":false},"featured_media":12992,"comment_status":"open","ping_status":"closed","template":"","meta":{"om_disable_all_campaigns":false,"_monsterinsights_skip_tracking":false,"_monsterinsights_sitenote_active":false,"_monsterinsights_sitenote_note":"","_monsterinsights_sitenote_category":0,"site-sidebar-layout":"default","site-content-layout":"","ast-site-content-layout":"default","site-content-style":"default","site-sidebar-style":"default","ast-global-header-display":"","ast-banner-title-visibility":"","ast-main-header-display":"","ast-hfb-above-header-display":"","ast-hfb-below-header-display":"","ast-hfb-mobile-header-display":"","site-post-title":"","ast-breadcrumbs-content":"","ast-featured-img":"","footer-sml-layout":"","ast-disable-related-posts":"","theme-transparent-header-meta":"default","adv-header-id-meta":"","stick-header-meta":"","header-above-stick-meta":"","header-main-stick-meta":"","header-below-stick-meta":"","astra-migrate-meta-layouts":"set","ast-page-background-enabled":"default","ast-page-background-meta":{"desktop":{"background-color":"","background-image":"","background-repeat":"repeat","background-position":"center center","background-size":"auto","background-attachment":"scroll","background-type":"","background-media":"","overlay-type":"","overlay-color":"","overlay-opacity":"","overlay-gradient":""},"tablet":{"background-color":"","background-image":"","background-repeat":"repeat","background-position":"center center","background-size":"auto","background-attachment":"scroll","background-type":"","background-media":"","overlay-type":"","overlay-color":"","overlay-opacity":"","overlay-gradient":""},"mobile":{"background-color":"","background-image":"","background-repeat":"repeat","background-position":"center center","background-size":"auto","background-attachment":"scroll","background-type":"","background-media":"","overlay-type":"","overlay-color":"","overlay-opacity":"","overlay-gradient":""}},"ast-content-background-meta":{"desktop":{"background-color":"var(--ast-global-color-5)","background-image":"","background-repeat":"repeat","background-position":"center center","background-size":"auto","background-attachment":"scroll","background-type":"","background-media":"","overlay-type":"","overlay-color":"","overlay-opacity":"","overlay-gradient":""},"tablet":{"background-color":"var(--ast-global-color-5)","background-image":"","background-repeat":"repeat","background-position":"center center","background-size":"auto","background-attachment":"scroll","background-type":"","background-media":"","overlay-type":"","overlay-color":"","overlay-opacity":"","overlay-gradient":""},"mobile":{"background-color":"var(--ast-global-color-5)","background-image":"","background-repeat":"repeat","background-position":"center center","background-size":"auto","background-attachment":"scroll","background-type":"","background-media":"","overlay-type":"","overlay-color":"","overlay-opacity":"","overlay-gradient":""}}},"product_brand":[],"product_cat":[1402],"product_tag":[],"class_list":{"0":"post-13050","1":"product","2":"type-product","3":"status-publish","4":"has-post-thumbnail","6":"product_cat-supplements-naturels","7":"desktop-align-left","8":"tablet-align-left","9":"mobile-align-left","10":"ast-product-gallery-layout-vertical","11":"ast-product-gallery-with-no-image","12":"ast-product-tabs-layout-vertical","13":"ast-qv-on-image","15":"first","16":"instock","17":"taxable","18":"shipping-taxable","19":"purchasable","20":"product-type-simple"},"aioseo_notices":[],"jetpack-related-posts":[],"jetpack_sharing_enabled":true,"_links":{"self":[{"href":"https:\/\/niapurenature.com\/fr\/wp-json\/wp\/v2\/product\/13050","targetHints":{"allow":["GET"]}}],"collection":[{"href":"https:\/\/niapurenature.com\/fr\/wp-json\/wp\/v2\/product"}],"about":[{"href":"https:\/\/niapurenature.com\/fr\/wp-json\/wp\/v2\/types\/product"}],"replies":[{"embeddable":true,"href":"https:\/\/niapurenature.com\/fr\/wp-json\/wp\/v2\/comments?post=13050"}],"wp:featuredmedia":[{"embeddable":true,"href":"https:\/\/niapurenature.com\/fr\/wp-json\/wp\/v2\/media\/12992"}],"wp:attachment":[{"href":"https:\/\/niapurenature.com\/fr\/wp-json\/wp\/v2\/media?parent=13050"}],"wp:term":[{"taxonomy":"product_brand","embeddable":true,"href":"https:\/\/niapurenature.com\/fr\/wp-json\/wp\/v2\/product_brand?post=13050"},{"taxonomy":"product_cat","embeddable":true,"href":"https:\/\/niapurenature.com\/fr\/wp-json\/wp\/v2\/product_cat?post=13050"},{"taxonomy":"product_tag","embeddable":true,"href":"https:\/\/niapurenature.com\/fr\/wp-json\/wp\/v2\/product_tag?post=13050"}],"curies":[{"name":"wp","href":"https:\/\/api.w.org\/{rel}","templated":true}]}}