{"id":13154,"date":"2024-09-27T10:47:40","date_gmt":"2024-09-27T14:47:40","guid":{"rendered":"https:\/\/niapurenature.com\/?post_type=product&#038;p=13154"},"modified":"2024-09-27T11:40:27","modified_gmt":"2024-09-27T15:40:27","slug":"nouveau-criniere-de-lion-bio-copy","status":"publish","type":"product","link":"https:\/\/niapurenature.com\/fr\/product\/nouveau-criniere-de-lion-bio-copy","title":{"rendered":"Nouveau! Camu Camu"},"content":{"rendered":"<p><strong>Utilisation ou but recommand\u00e9 :<\/strong><\/p>\n<p>Le Camu Camu, r\u00e9put\u00e9 comme \u00e9tant la source la plus riche en vitamine C d&rsquo;origine alimentaire, offre de puissants antioxydants qui prot\u00e8gent les cellules contre les radicaux libres nocifs. La vitamine C est essentielle au soutien du syst\u00e8me immunitaire, \u00e0 la synth\u00e8se du collag\u00e8ne et \u00e0 la lutte contre le stress oxydatif. Ce superfruit traditionnel de l&rsquo;Amazonie est appr\u00e9ci\u00e9 pour ses bienfaits nutritionnels exceptionnels, vous aidant \u00e0 vous sentir au mieux de votre forme chaque jour.<\/p>\n<p><strong>Dose recommand\u00e9e :<\/strong><\/p>\n<ul>\n<li>Adultes : Prendre 1 capsule par jour.<\/li>\n<\/ul>\n<p><strong>Ingr\u00e9dients m\u00e9dicinaux (par capsule) :<\/strong><\/p>\n<ul>\n<li>Camu Camu (Myrciaria dubia \u2013 Fruits) (10:1; \u00c9QSP 1500 mg) &#8230; 150 mg<\/li>\n<\/ul>\n<p><strong>Ingr\u00e9dients non m\u00e9dicinaux :<\/strong><\/p>\n<ul>\n<li>Pullulane \/ Cellulose v\u00e9g\u00e9tale<\/li>\n<\/ul>\n<p><strong>Conservation :<\/strong><\/p>\n<ul>\n<li>Conserver \u00e0 temp\u00e9rature ambiante.<\/li>\n<\/ul>\n","protected":false},"excerpt":{"rendered":"<div class=\"flex-shrink-0 flex flex-col relative items-end\">\n<div>\n<div class=\"pt-0\">\n<div class=\"gizmo-bot-avatar flex h-8 w-8 items-center justify-center overflow-hidden rounded-full\">\n<div class=\"relative p-1 rounded-sm flex items-center justify-center bg-token-main-surface-primary text-token-text-primary h-8 w-8\"><\/div>\n<\/div>\n<\/div>\n<\/div>\n<\/div>\n<div class=\"group\/conversation-turn relative flex w-full min-w-0 flex-col agent-turn\">\n<div class=\"flex-col gap-1 md:gap-3\">\n<div class=\"flex max-w-full flex-col flex-grow\">\n<div class=\"min-h-[20px] text-message flex w-full flex-col items-end gap-2 whitespace-normal break-words [.text-message+&amp;]:mt-5\" dir=\"auto\" data-message-author-role=\"assistant\" data-message-id=\"c0359cd3-013d-46c1-9e32-b6c62d0d438b\">\n<div class=\"flex w-full flex-col gap-1 empty:hidden first:pt-[3px]\">\n<div class=\"markdown prose w-full break-words dark:prose-invert light\">\n<ul>\n<li><strong>Riche en vitamine C<\/strong> : Aide \u00e0 renforcer l\u2019immunit\u00e9 et la sant\u00e9 de la peau.<\/li>\n<li><strong>Riche en antioxydants<\/strong> : Aide \u00e0 combattre l&rsquo;inflammation et le stress oxydatif.<\/li>\n<li><strong>Soutient la sant\u00e9 des yeux<\/strong> : Aide \u00e0 prot\u00e9ger la vision gr\u00e2ce \u00e0 des nutriments comme le b\u00eata-carot\u00e8ne.<\/li>\n<li><strong>Soutien de l\u2019humeur<\/strong> : Peut am\u00e9liorer l\u2019humeur en favorisant la production de s\u00e9rotonine.<\/li>\n<\/ul>\n<\/div>\n<\/div>\n<\/div>\n<\/div>\n<\/div>\n<\/div>\n","protected":false},"featured_media":13138,"comment_status":"open","ping_status":"closed","template":"","meta":{"om_disable_all_campaigns":false,"_monsterinsights_skip_tracking":false,"_monsterinsights_sitenote_active":false,"_monsterinsights_sitenote_note":"","_monsterinsights_sitenote_category":0,"site-sidebar-layout":"default","site-content-layout":"","ast-site-content-layout":"default","site-content-style":"default","site-sidebar-style":"default","ast-global-header-display":"","ast-banner-title-visibility":"","ast-main-header-display":"","ast-hfb-above-header-display":"","ast-hfb-below-header-display":"","ast-hfb-mobile-header-display":"","site-post-title":"","ast-breadcrumbs-content":"","ast-featured-img":"","footer-sml-layout":"","ast-disable-related-posts":"","theme-transparent-header-meta":"default","adv-header-id-meta":"","stick-header-meta":"","header-above-stick-meta":"","header-main-stick-meta":"","header-below-stick-meta":"","astra-migrate-meta-layouts":"set","ast-page-background-enabled":"default","ast-page-background-meta":{"desktop":{"background-color":"","background-image":"","background-repeat":"repeat","background-position":"center center","background-size":"auto","background-attachment":"scroll","background-type":"","background-media":"","overlay-type":"","overlay-color":"","overlay-opacity":"","overlay-gradient":""},"tablet":{"background-color":"","background-image":"","background-repeat":"repeat","background-position":"center center","background-size":"auto","background-attachment":"scroll","background-type":"","background-media":"","overlay-type":"","overlay-color":"","overlay-opacity":"","overlay-gradient":""},"mobile":{"background-color":"","background-image":"","background-repeat":"repeat","background-position":"center center","background-size":"auto","background-attachment":"scroll","background-type":"","background-media":"","overlay-type":"","overlay-color":"","overlay-opacity":"","overlay-gradient":""}},"ast-content-background-meta":{"desktop":{"background-color":"var(--ast-global-color-5)","background-image":"","background-repeat":"repeat","background-position":"center center","background-size":"auto","background-attachment":"scroll","background-type":"","background-media":"","overlay-type":"","overlay-color":"","overlay-opacity":"","overlay-gradient":""},"tablet":{"background-color":"var(--ast-global-color-5)","background-image":"","background-repeat":"repeat","background-position":"center center","background-size":"auto","background-attachment":"scroll","background-type":"","background-media":"","overlay-type":"","overlay-color":"","overlay-opacity":"","overlay-gradient":""},"mobile":{"background-color":"var(--ast-global-color-5)","background-image":"","background-repeat":"repeat","background-position":"center center","background-size":"auto","background-attachment":"scroll","background-type":"","background-media":"","overlay-type":"","overlay-color":"","overlay-opacity":"","overlay-gradient":""}}},"product_brand":[],"product_cat":[1204,1402],"product_tag":[],"class_list":{"0":"post-13154","1":"product","2":"type-product","3":"status-publish","4":"has-post-thumbnail","6":"product_cat-antioxydant","7":"product_cat-supplements-naturels","8":"desktop-align-left","9":"tablet-align-left","10":"mobile-align-left","11":"ast-product-gallery-layout-vertical","12":"ast-product-gallery-with-no-image","13":"ast-product-tabs-layout-vertical","14":"ast-qv-on-image","16":"first","17":"instock","18":"taxable","19":"shipping-taxable","20":"purchasable","21":"product-type-simple"},"aioseo_notices":[],"jetpack-related-posts":[],"jetpack_sharing_enabled":true,"_links":{"self":[{"href":"https:\/\/niapurenature.com\/fr\/wp-json\/wp\/v2\/product\/13154","targetHints":{"allow":["GET"]}}],"collection":[{"href":"https:\/\/niapurenature.com\/fr\/wp-json\/wp\/v2\/product"}],"about":[{"href":"https:\/\/niapurenature.com\/fr\/wp-json\/wp\/v2\/types\/product"}],"replies":[{"embeddable":true,"href":"https:\/\/niapurenature.com\/fr\/wp-json\/wp\/v2\/comments?post=13154"}],"wp:featuredmedia":[{"embeddable":true,"href":"https:\/\/niapurenature.com\/fr\/wp-json\/wp\/v2\/media\/13138"}],"wp:attachment":[{"href":"https:\/\/niapurenature.com\/fr\/wp-json\/wp\/v2\/media?parent=13154"}],"wp:term":[{"taxonomy":"product_brand","embeddable":true,"href":"https:\/\/niapurenature.com\/fr\/wp-json\/wp\/v2\/product_brand?post=13154"},{"taxonomy":"product_cat","embeddable":true,"href":"https:\/\/niapurenature.com\/fr\/wp-json\/wp\/v2\/product_cat?post=13154"},{"taxonomy":"product_tag","embeddable":true,"href":"https:\/\/niapurenature.com\/fr\/wp-json\/wp\/v2\/product_tag?post=13154"}],"curies":[{"name":"wp","href":"https:\/\/api.w.org\/{rel}","templated":true}]}}