{"id":13156,"date":"2024-09-27T11:41:19","date_gmt":"2024-09-27T15:41:19","guid":{"rendered":"https:\/\/niapurenature.com\/?post_type=product&#038;p=13156"},"modified":"2025-05-04T10:08:37","modified_gmt":"2025-05-04T14:08:37","slug":"nouveau-camu-camu-copy","status":"publish","type":"product","link":"https:\/\/niapurenature.com\/fr\/product\/nouveau-camu-camu-copy","title":{"rendered":"Nouveau! Shatavari BIO"},"content":{"rendered":"<p><strong>Utilisation ou but recommand\u00e9 :<\/strong><\/p>\n<p>La racine de Shatavari est traditionnellement utilis\u00e9e en Ayurveda comme tonique r\u00e9g\u00e9n\u00e9rant pour les femmes. En tant qu\u2019adaptog\u00e8ne, le Shatavari augmente l\u2019\u00e9nergie, r\u00e9duit le stress et favorise la sant\u00e9 et la vitalit\u00e9 quotidiennes des femmes. Ce tonique aide \u00e0 \u00e9quilibrer les hormones et soutient la sant\u00e9 reproductive \u00e0 toutes les \u00e9tapes de la vie.<\/p>\n<p><strong>Dose recommand\u00e9e :<\/strong><\/p>\n<ul>\n<li>Adultes : Prendre 2 capsules 3 fois par jour, ou selon les indications d&rsquo;un professionnel de la sant\u00e9.<\/li>\n<\/ul>\n<p><strong>Ingr\u00e9dients m\u00e9dicinaux (par capsule) :<\/strong><\/p>\n<ul>\n<li>Shatavari 100% biologique (Asparagus racemosus \u2013 Racine) &#8230;. 500 mg<\/li>\n<\/ul>\n<p><strong>Ingr\u00e9dients non m\u00e9dicinaux :<\/strong><\/p>\n<ul>\n<li>Cellulose v\u00e9g\u00e9tarienne 100%<\/li>\n<\/ul>\n<p><strong>Conservation :<\/strong><\/p>\n<ul>\n<li>Conserver \u00e0 temp\u00e9rature ambiante.<\/li>\n<\/ul>\n","protected":false},"excerpt":{"rendered":"<ul>\n<li><strong>\u00c9quilibre hormonal<\/strong> : Soutient la sant\u00e9 reproductive et le cycle menstruel.<\/li>\n<li><strong>R\u00e9duit le stress<\/strong> : Agit comme un adaptog\u00e8ne pour diminuer le stress et l&rsquo;anxi\u00e9t\u00e9.<\/li>\n<li><strong>Soulage les bouff\u00e9es de chaleur<\/strong> : Aide \u00e0 g\u00e9rer les sympt\u00f4mes de la m\u00e9nopause, comme les bouff\u00e9es de chaleur.<\/li>\n<li><strong>Augmente l&rsquo;\u00e9nergie<\/strong> : Am\u00e9liore la vitalit\u00e9 et l&rsquo;endurance.<\/li>\n<\/ul>\n","protected":false},"featured_media":13131,"comment_status":"open","ping_status":"closed","template":"","meta":{"om_disable_all_campaigns":false,"_monsterinsights_skip_tracking":false,"_monsterinsights_sitenote_active":false,"_monsterinsights_sitenote_note":"","_monsterinsights_sitenote_category":0,"site-sidebar-layout":"default","site-content-layout":"","ast-site-content-layout":"default","site-content-style":"default","site-sidebar-style":"default","ast-global-header-display":"","ast-banner-title-visibility":"","ast-main-header-display":"","ast-hfb-above-header-display":"","ast-hfb-below-header-display":"","ast-hfb-mobile-header-display":"","site-post-title":"","ast-breadcrumbs-content":"","ast-featured-img":"","footer-sml-layout":"","ast-disable-related-posts":"","theme-transparent-header-meta":"default","adv-header-id-meta":"","stick-header-meta":"","header-above-stick-meta":"","header-main-stick-meta":"","header-below-stick-meta":"","astra-migrate-meta-layouts":"set","ast-page-background-enabled":"default","ast-page-background-meta":{"desktop":{"background-color":"","background-image":"","background-repeat":"repeat","background-position":"center center","background-size":"auto","background-attachment":"scroll","background-type":"","background-media":"","overlay-type":"","overlay-color":"","overlay-opacity":"","overlay-gradient":""},"tablet":{"background-color":"","background-image":"","background-repeat":"repeat","background-position":"center center","background-size":"auto","background-attachment":"scroll","background-type":"","background-media":"","overlay-type":"","overlay-color":"","overlay-opacity":"","overlay-gradient":""},"mobile":{"background-color":"","background-image":"","background-repeat":"repeat","background-position":"center center","background-size":"auto","background-attachment":"scroll","background-type":"","background-media":"","overlay-type":"","overlay-color":"","overlay-opacity":"","overlay-gradient":""}},"ast-content-background-meta":{"desktop":{"background-color":"var(--ast-global-color-5)","background-image":"","background-repeat":"repeat","background-position":"center center","background-size":"auto","background-attachment":"scroll","background-type":"","background-media":"","overlay-type":"","overlay-color":"","overlay-opacity":"","overlay-gradient":""},"tablet":{"background-color":"var(--ast-global-color-5)","background-image":"","background-repeat":"repeat","background-position":"center center","background-size":"auto","background-attachment":"scroll","background-type":"","background-media":"","overlay-type":"","overlay-color":"","overlay-opacity":"","overlay-gradient":""},"mobile":{"background-color":"var(--ast-global-color-5)","background-image":"","background-repeat":"repeat","background-position":"center center","background-size":"auto","background-attachment":"scroll","background-type":"","background-media":"","overlay-type":"","overlay-color":"","overlay-opacity":"","overlay-gradient":""}}},"product_brand":[],"product_cat":[1452,1402],"product_tag":[],"class_list":{"0":"post-13156","1":"product","2":"type-product","3":"status-publish","4":"has-post-thumbnail","6":"product_cat-sante-des-femmes","7":"product_cat-supplements-naturels","8":"desktop-align-left","9":"tablet-align-left","10":"mobile-align-left","11":"ast-product-gallery-layout-vertical","12":"ast-product-gallery-with-no-image","13":"ast-product-tabs-layout-vertical","14":"ast-qv-on-image","16":"first","17":"instock","18":"taxable","19":"shipping-taxable","20":"purchasable","21":"product-type-simple"},"aioseo_notices":[],"jetpack-related-posts":[],"jetpack_sharing_enabled":true,"_links":{"self":[{"href":"https:\/\/niapurenature.com\/fr\/wp-json\/wp\/v2\/product\/13156","targetHints":{"allow":["GET"]}}],"collection":[{"href":"https:\/\/niapurenature.com\/fr\/wp-json\/wp\/v2\/product"}],"about":[{"href":"https:\/\/niapurenature.com\/fr\/wp-json\/wp\/v2\/types\/product"}],"replies":[{"embeddable":true,"href":"https:\/\/niapurenature.com\/fr\/wp-json\/wp\/v2\/comments?post=13156"}],"wp:featuredmedia":[{"embeddable":true,"href":"https:\/\/niapurenature.com\/fr\/wp-json\/wp\/v2\/media\/13131"}],"wp:attachment":[{"href":"https:\/\/niapurenature.com\/fr\/wp-json\/wp\/v2\/media?parent=13156"}],"wp:term":[{"taxonomy":"product_brand","embeddable":true,"href":"https:\/\/niapurenature.com\/fr\/wp-json\/wp\/v2\/product_brand?post=13156"},{"taxonomy":"product_cat","embeddable":true,"href":"https:\/\/niapurenature.com\/fr\/wp-json\/wp\/v2\/product_cat?post=13156"},{"taxonomy":"product_tag","embeddable":true,"href":"https:\/\/niapurenature.com\/fr\/wp-json\/wp\/v2\/product_tag?post=13156"}],"curies":[{"name":"wp","href":"https:\/\/api.w.org\/{rel}","templated":true}]}}