{"id":13158,"date":"2024-09-27T11:50:31","date_gmt":"2024-09-27T15:50:31","guid":{"rendered":"https:\/\/niapurenature.com\/?post_type=product&#038;p=13158"},"modified":"2025-11-03T00:32:10","modified_gmt":"2025-11-03T05:32:10","slug":"nouveau-shatavari-bio-copy","status":"publish","type":"product","link":"https:\/\/niapurenature.com\/fr\/product\/nouveau-shatavari-bio-copy","title":{"rendered":"Nouveau! Soutien Digestive BIO"},"content":{"rendered":"<p><strong>Utilisation ou but recommand\u00e9 :<\/strong><\/p>\n<p>La r\u00e9glisse, le gingembre et le poivre noir forment un trio puissant pour la sant\u00e9 digestive. La r\u00e9glisse apaise l&rsquo;inconfort gastro-intestinal et prot\u00e8ge la muqueuse de l&rsquo;estomac, le gingembre r\u00e9duit les ballonnements et favorise la vidange gastrique, tandis que le poivre noir am\u00e9liore l&rsquo;absorption des nutriments et stimule les enzymes digestives. Ensemble, ils offrent un soulagement efficace des inconforts digestifs et am\u00e9liorent la digestion globale.<\/p>\n<p><strong>Dose recommand\u00e9e :<\/strong><\/p>\n<ul>\n<li>Adultes : Prendre 1 capsule 3 fois par jour ou toutes les 4 heures si n\u00e9cessaire.<\/li>\n<\/ul>\n<p><strong>Ingr\u00e9dients m\u00e9dicinaux (par capsule) :<\/strong><\/p>\n<ul>\n<li>R\u00e9glisse (Glycyrrhiza glabra \u2013 Racine)<\/li>\n<li>Gingembre (Zingiber officinale \u2013 Rhizome)<\/li>\n<li>Poivre noir (Piper nigrum \u2013 Fruit)<\/li>\n<\/ul>\n<p><strong>Ingr\u00e9dients non m\u00e9dicinaux :<\/strong><\/p>\n<ul>\n<li>Cellulose v\u00e9g\u00e9tarienne \u00e0 100 %<\/li>\n<\/ul>\n<p><strong>Conservation :<\/strong><\/p>\n<ul>\n<li>Conserver \u00e0 temp\u00e9rature ambiante.<\/li>\n<\/ul>\n","protected":false},"excerpt":{"rendered":"<ul>\n<li><strong>Apaise l&rsquo;inconfort digestif<\/strong> : La r\u00e9glisse aide \u00e0 r\u00e9duire l&rsquo;irritation et l&rsquo;inconfort de la muqueuse gastrique.<\/li>\n<li><strong>R\u00e9duit les ballonnements<\/strong> : Le gingembre contribue \u00e0 soulager les ballonnements et favorise une vidange gastrique fluide.<\/li>\n<li><strong>Am\u00e9liore l&rsquo;absorption des nutriments<\/strong> : Le poivre noir renforce l&rsquo;absorption des nutriments essentiels provenant des aliments.<\/li>\n<li><strong>Stimule les enzymes digestives<\/strong> : La combinaison aide \u00e0 am\u00e9liorer la digestion en favorisant l&rsquo;activit\u00e9 des enzymes digestives.<\/li>\n<\/ul>\n","protected":false},"featured_media":13150,"comment_status":"open","ping_status":"closed","template":"","meta":{"om_disable_all_campaigns":false,"_monsterinsights_skip_tracking":false,"_monsterinsights_sitenote_active":false,"_monsterinsights_sitenote_note":"","_monsterinsights_sitenote_category":0,"site-sidebar-layout":"default","site-content-layout":"","ast-site-content-layout":"default","site-content-style":"default","site-sidebar-style":"default","ast-global-header-display":"","ast-banner-title-visibility":"","ast-main-header-display":"","ast-hfb-above-header-display":"","ast-hfb-below-header-display":"","ast-hfb-mobile-header-display":"","site-post-title":"","ast-breadcrumbs-content":"","ast-featured-img":"","footer-sml-layout":"","ast-disable-related-posts":"","theme-transparent-header-meta":"default","adv-header-id-meta":"","stick-header-meta":"","header-above-stick-meta":"","header-main-stick-meta":"","header-below-stick-meta":"","astra-migrate-meta-layouts":"set","ast-page-background-enabled":"default","ast-page-background-meta":{"desktop":{"background-color":"","background-image":"","background-repeat":"repeat","background-position":"center center","background-size":"auto","background-attachment":"scroll","background-type":"","background-media":"","overlay-type":"","overlay-color":"","overlay-opacity":"","overlay-gradient":""},"tablet":{"background-color":"","background-image":"","background-repeat":"repeat","background-position":"center center","background-size":"auto","background-attachment":"scroll","background-type":"","background-media":"","overlay-type":"","overlay-color":"","overlay-opacity":"","overlay-gradient":""},"mobile":{"background-color":"","background-image":"","background-repeat":"repeat","background-position":"center center","background-size":"auto","background-attachment":"scroll","background-type":"","background-media":"","overlay-type":"","overlay-color":"","overlay-opacity":"","overlay-gradient":""}},"ast-content-background-meta":{"desktop":{"background-color":"var(--ast-global-color-5)","background-image":"","background-repeat":"repeat","background-position":"center center","background-size":"auto","background-attachment":"scroll","background-type":"","background-media":"","overlay-type":"","overlay-color":"","overlay-opacity":"","overlay-gradient":""},"tablet":{"background-color":"var(--ast-global-color-5)","background-image":"","background-repeat":"repeat","background-position":"center center","background-size":"auto","background-attachment":"scroll","background-type":"","background-media":"","overlay-type":"","overlay-color":"","overlay-opacity":"","overlay-gradient":""},"mobile":{"background-color":"var(--ast-global-color-5)","background-image":"","background-repeat":"repeat","background-position":"center center","background-size":"auto","background-attachment":"scroll","background-type":"","background-media":"","overlay-type":"","overlay-color":"","overlay-opacity":"","overlay-gradient":""}}},"product_brand":[],"product_cat":[1402],"product_tag":[],"class_list":{"0":"post-13158","1":"product","2":"type-product","3":"status-publish","4":"has-post-thumbnail","6":"product_cat-supplements-naturels","7":"desktop-align-left","8":"tablet-align-left","9":"mobile-align-left","10":"ast-product-gallery-layout-vertical","11":"ast-product-gallery-with-no-image","12":"ast-product-tabs-layout-vertical","13":"ast-qv-on-image","15":"first","16":"instock","17":"sale","18":"taxable","19":"shipping-taxable","20":"purchasable","21":"product-type-simple"},"aioseo_notices":[],"jetpack-related-posts":[],"jetpack_sharing_enabled":true,"_links":{"self":[{"href":"https:\/\/niapurenature.com\/fr\/wp-json\/wp\/v2\/product\/13158","targetHints":{"allow":["GET"]}}],"collection":[{"href":"https:\/\/niapurenature.com\/fr\/wp-json\/wp\/v2\/product"}],"about":[{"href":"https:\/\/niapurenature.com\/fr\/wp-json\/wp\/v2\/types\/product"}],"replies":[{"embeddable":true,"href":"https:\/\/niapurenature.com\/fr\/wp-json\/wp\/v2\/comments?post=13158"}],"wp:featuredmedia":[{"embeddable":true,"href":"https:\/\/niapurenature.com\/fr\/wp-json\/wp\/v2\/media\/13150"}],"wp:attachment":[{"href":"https:\/\/niapurenature.com\/fr\/wp-json\/wp\/v2\/media?parent=13158"}],"wp:term":[{"taxonomy":"product_brand","embeddable":true,"href":"https:\/\/niapurenature.com\/fr\/wp-json\/wp\/v2\/product_brand?post=13158"},{"taxonomy":"product_cat","embeddable":true,"href":"https:\/\/niapurenature.com\/fr\/wp-json\/wp\/v2\/product_cat?post=13158"},{"taxonomy":"product_tag","embeddable":true,"href":"https:\/\/niapurenature.com\/fr\/wp-json\/wp\/v2\/product_tag?post=13158"}],"curies":[{"name":"wp","href":"https:\/\/api.w.org\/{rel}","templated":true}]}}