{"id":13212,"date":"2024-10-23T01:41:27","date_gmt":"2024-10-23T05:41:27","guid":{"rendered":"https:\/\/niapurenature.com\/?post_type=product&#038;p=13212"},"modified":"2025-11-03T00:25:23","modified_gmt":"2025-11-03T05:25:23","slug":"nouveau-camu-camu-copy-2","status":"publish","type":"product","link":"https:\/\/niapurenature.com\/fr\/product\/nouveau-camu-camu-copy-2","title":{"rendered":"Nouveau! Cordyceps Sinensis"},"content":{"rendered":"<p><strong>Usage ou But Recommand\u00e9 :<\/strong><\/p>\n<p>Le Cordyceps, un champignon m\u00e9dicinal riche en polysaccharides immunomodulateurs, est utilis\u00e9 en M\u00e9decine Traditionnelle Chinoise pour renforcer les poumons et les reins et \u00e9liminer les mucosit\u00e9s. Il soutient le syst\u00e8me immunitaire, a des effets antioxydants et am\u00e9liore la sant\u00e9 respiratoire, cardiaque et h\u00e9patique, en faisant un suppl\u00e9ment pr\u00e9cieux pour le bien-\u00eatre g\u00e9n\u00e9ral.<\/p>\n<p><strong>Dose Recommand\u00e9e :<\/strong><br \/>\nAdultes : Prendre 1 capsule 3 fois par jour, ou selon les directives d&rsquo;un praticien de soins de sant\u00e9.<\/p>\n<p><strong>Ingr\u00e9dients m\u00e9dicinaux (par capsule) :<\/strong><\/p>\n<p>Cordyceps sinensis (Ophiocordyceps sinensis &#8211; Sporophore (Stroma))&#8230;&#8230;&#8230;&#8230;&#8230;&#8230;&#8230;&#8230;&#8230;500 mg<\/p>\n<p><strong>Ingr\u00e9dients non m\u00e9dicinaux :<\/strong><\/p>\n<p>Pullulan \/ Cellulose v\u00e9g\u00e9tale<\/p>\n<p>Conserver \u00e0 temp\u00e9rature ambiante.<\/p>\n","protected":false},"excerpt":{"rendered":"<ul>\n<li><strong>Renforce le syst\u00e8me immunitaire<\/strong><\/li>\n<li><strong>Am\u00e9liore la fonction respiratoire<\/strong><\/li>\n<li><strong>Augmente l&rsquo;\u00e9nergie et l&rsquo;endurance<\/strong><\/li>\n<li><strong>Soutient la sant\u00e9 du c\u0153ur et des reins<\/strong><\/li>\n<\/ul>\n","protected":false},"featured_media":12936,"comment_status":"open","ping_status":"closed","template":"","meta":{"om_disable_all_campaigns":false,"_monsterinsights_skip_tracking":false,"_monsterinsights_sitenote_active":false,"_monsterinsights_sitenote_note":"","_monsterinsights_sitenote_category":0,"site-sidebar-layout":"default","site-content-layout":"","ast-site-content-layout":"default","site-content-style":"default","site-sidebar-style":"default","ast-global-header-display":"","ast-banner-title-visibility":"","ast-main-header-display":"","ast-hfb-above-header-display":"","ast-hfb-below-header-display":"","ast-hfb-mobile-header-display":"","site-post-title":"","ast-breadcrumbs-content":"","ast-featured-img":"","footer-sml-layout":"","ast-disable-related-posts":"","theme-transparent-header-meta":"default","adv-header-id-meta":"","stick-header-meta":"","header-above-stick-meta":"","header-main-stick-meta":"","header-below-stick-meta":"","astra-migrate-meta-layouts":"set","ast-page-background-enabled":"default","ast-page-background-meta":{"desktop":{"background-color":"","background-image":"","background-repeat":"repeat","background-position":"center center","background-size":"auto","background-attachment":"scroll","background-type":"","background-media":"","overlay-type":"","overlay-color":"","overlay-opacity":"","overlay-gradient":""},"tablet":{"background-color":"","background-image":"","background-repeat":"repeat","background-position":"center center","background-size":"auto","background-attachment":"scroll","background-type":"","background-media":"","overlay-type":"","overlay-color":"","overlay-opacity":"","overlay-gradient":""},"mobile":{"background-color":"","background-image":"","background-repeat":"repeat","background-position":"center center","background-size":"auto","background-attachment":"scroll","background-type":"","background-media":"","overlay-type":"","overlay-color":"","overlay-opacity":"","overlay-gradient":""}},"ast-content-background-meta":{"desktop":{"background-color":"var(--ast-global-color-5)","background-image":"","background-repeat":"repeat","background-position":"center center","background-size":"auto","background-attachment":"scroll","background-type":"","background-media":"","overlay-type":"","overlay-color":"","overlay-opacity":"","overlay-gradient":""},"tablet":{"background-color":"var(--ast-global-color-5)","background-image":"","background-repeat":"repeat","background-position":"center center","background-size":"auto","background-attachment":"scroll","background-type":"","background-media":"","overlay-type":"","overlay-color":"","overlay-opacity":"","overlay-gradient":""},"mobile":{"background-color":"var(--ast-global-color-5)","background-image":"","background-repeat":"repeat","background-position":"center center","background-size":"auto","background-attachment":"scroll","background-type":"","background-media":"","overlay-type":"","overlay-color":"","overlay-opacity":"","overlay-gradient":""}}},"product_brand":[],"product_cat":[1409,1430,1402],"product_tag":[],"class_list":{"0":"post-13212","1":"product","2":"type-product","3":"status-publish","4":"has-post-thumbnail","6":"product_cat-adaptogene","7":"product_cat-boost-immunitaire","8":"product_cat-supplements-naturels","9":"desktop-align-left","10":"tablet-align-left","11":"mobile-align-left","12":"ast-product-gallery-layout-vertical","13":"ast-product-gallery-with-no-image","14":"ast-product-tabs-layout-vertical","15":"ast-qv-on-image","17":"first","18":"instock","19":"taxable","20":"shipping-taxable","21":"purchasable","22":"product-type-simple"},"aioseo_notices":[],"jetpack-related-posts":[],"jetpack_sharing_enabled":true,"_links":{"self":[{"href":"https:\/\/niapurenature.com\/fr\/wp-json\/wp\/v2\/product\/13212","targetHints":{"allow":["GET"]}}],"collection":[{"href":"https:\/\/niapurenature.com\/fr\/wp-json\/wp\/v2\/product"}],"about":[{"href":"https:\/\/niapurenature.com\/fr\/wp-json\/wp\/v2\/types\/product"}],"replies":[{"embeddable":true,"href":"https:\/\/niapurenature.com\/fr\/wp-json\/wp\/v2\/comments?post=13212"}],"wp:featuredmedia":[{"embeddable":true,"href":"https:\/\/niapurenature.com\/fr\/wp-json\/wp\/v2\/media\/12936"}],"wp:attachment":[{"href":"https:\/\/niapurenature.com\/fr\/wp-json\/wp\/v2\/media?parent=13212"}],"wp:term":[{"taxonomy":"product_brand","embeddable":true,"href":"https:\/\/niapurenature.com\/fr\/wp-json\/wp\/v2\/product_brand?post=13212"},{"taxonomy":"product_cat","embeddable":true,"href":"https:\/\/niapurenature.com\/fr\/wp-json\/wp\/v2\/product_cat?post=13212"},{"taxonomy":"product_tag","embeddable":true,"href":"https:\/\/niapurenature.com\/fr\/wp-json\/wp\/v2\/product_tag?post=13212"}],"curies":[{"name":"wp","href":"https:\/\/api.w.org\/{rel}","templated":true}]}}