{"id":13705,"date":"2025-10-23T20:57:00","date_gmt":"2025-10-24T00:57:00","guid":{"rendered":"https:\/\/niapurenature.com\/?post_type=product&#038;p=13705"},"modified":"2025-10-23T20:57:00","modified_gmt":"2025-10-24T00:57:00","slug":"nouveau-graviola-biologique-en-capsules","status":"publish","type":"product","link":"https:\/\/niapurenature.com\/fr\/product\/nouveau-graviola-biologique-en-capsules","title":{"rendered":"Nouveau! Graviola biologique en capsules"},"content":{"rendered":"<p><strong><span dir=\"auto\"><span class=\"\" dir=\"auto\">Utilisation ou objectif recommand\u00e9 :<\/span><\/span><\/strong><\/p>\n<p><span dir=\"auto\">Les feuilles de Graviola (corossol) sont une source d&rsquo;antioxydants qui aident \u00e0 lutter contre les dommages oxydatifs caus\u00e9s par les radicaux libres, offrant ainsi une protection aux cellules du corps.<\/span><\/p>\n<p><strong><span dir=\"auto\">Dose recommand\u00e9e :<\/span><\/strong><\/p>\n<p><span dir=\"auto\">Adultes\u00a0: Prendre 1 capsule 2 fois par jour. Consulter un professionnel de la sant\u00e9 pour toute utilisation au-del\u00e0 de 4 semaines.<\/span><\/p>\n<p><strong><span dir=\"auto\"><span class=\"VIpgJd-yAWNEb-VIpgJd-fmcmS-sn54Q\" dir=\"auto\">Mise en garde :<\/span><\/span><\/strong><span dir=\"auto\"><span class=\"VIpgJd-yAWNEb-VIpgJd-fmcmS-sn54Q\" dir=\"auto\">\u00a0Consultez un professionnel de la sant\u00e9 avant l\u2019utilisation si vous allaitez, si vous souffrez d\u2019hypotension art\u00e9rielle, si vous prenez des m\u00e9dicaments contre l\u2019hypertension art\u00e9rielle ou si vous traitez des troubles cardiaques (y compris des m\u00e9dicaments d\u00e9presseurs cardiaques), des antid\u00e9presseurs ou des inhibiteurs de la MAO.<\/span><\/span><\/p>\n<p><strong><span dir=\"auto\">Contre-indications<\/span><\/strong><\/p>\n<p><span dir=\"auto\">N&rsquo;utilisez pas ce produit si vous \u00eates enceinte ou pr\u00e9voyez une grossesse, ou si vous souffrez de la maladie de Parkinson. Ne l&rsquo;utilisez pas si vous consommez r\u00e9guli\u00e8rement du corossol ou du th\u00e9.<\/span><\/p>\n<p><strong><span dir=\"auto\">Ingr\u00e9dients m\u00e9dicinaux\u00a0<\/span><\/strong><strong><span dir=\"auto\">(par capsule) :<\/span><\/strong><\/p>\n<p><span dir=\"auto\">100% pure feuille de corossol\/Graviola biologique (Annona muricata)\u2026.500 mg<\/span><\/p>\n<p><strong><span dir=\"auto\">Ingr\u00e9dients non m\u00e9dicinaux :<\/span><\/strong><\/p>\n<p><span dir=\"auto\">100% cellulose v\u00e9g\u00e9tarienne<\/span><\/p>\n<p><strong><span dir=\"auto\">Conserver \u00e0 temp\u00e9rature ambiante<\/span><\/strong><\/p>\n","protected":false},"excerpt":{"rendered":"<ul>\n<li><span class=\"a_GcMg font-feature-liga-off font-feature-clig-off font-feature-calt-off text-decoration-none text-strikethrough-none\">Contient des antioxydants qui aident \u00e0 renforcer les d\u00e9fenses naturelles de l\u2019organisme.<\/span><\/li>\n<li><span class=\"a_GcMg font-feature-liga-off font-feature-clig-off font-feature-calt-off text-decoration-none text-strikethrough-none\">Favorise la relaxation et r\u00e9duit le stress.<\/span><\/li>\n<li><span class=\"a_GcMg font-feature-liga-off font-feature-clig-off font-feature-calt-off text-decoration-none text-strikethrough-none\">Aide \u00e0 combattre le stress oxydatif.<\/span><\/li>\n<li><span class=\"a_GcMg font-feature-liga-off font-feature-clig-off font-feature-calt-off text-decoration-none text-strikethrough-none\">Contient des compos\u00e9s qui peuvent soutenir le bon fonctionnement des cellules.<\/span><\/li>\n<\/ul>\n","protected":false},"featured_media":13706,"comment_status":"open","ping_status":"closed","template":"","meta":{"om_disable_all_campaigns":false,"_monsterinsights_skip_tracking":false,"_monsterinsights_sitenote_active":false,"_monsterinsights_sitenote_note":"","_monsterinsights_sitenote_category":0,"site-sidebar-layout":"default","site-content-layout":"","ast-site-content-layout":"default","site-content-style":"default","site-sidebar-style":"default","ast-global-header-display":"","ast-banner-title-visibility":"","ast-main-header-display":"","ast-hfb-above-header-display":"","ast-hfb-below-header-display":"","ast-hfb-mobile-header-display":"","site-post-title":"","ast-breadcrumbs-content":"","ast-featured-img":"","footer-sml-layout":"","ast-disable-related-posts":"","theme-transparent-header-meta":"default","adv-header-id-meta":"","stick-header-meta":"","header-above-stick-meta":"","header-main-stick-meta":"","header-below-stick-meta":"","astra-migrate-meta-layouts":"set","ast-page-background-enabled":"default","ast-page-background-meta":{"desktop":{"background-color":"","background-image":"","background-repeat":"repeat","background-position":"center center","background-size":"auto","background-attachment":"scroll","background-type":"","background-media":"","overlay-type":"","overlay-color":"","overlay-opacity":"","overlay-gradient":""},"tablet":{"background-color":"","background-image":"","background-repeat":"repeat","background-position":"center center","background-size":"auto","background-attachment":"scroll","background-type":"","background-media":"","overlay-type":"","overlay-color":"","overlay-opacity":"","overlay-gradient":""},"mobile":{"background-color":"","background-image":"","background-repeat":"repeat","background-position":"center center","background-size":"auto","background-attachment":"scroll","background-type":"","background-media":"","overlay-type":"","overlay-color":"","overlay-opacity":"","overlay-gradient":""}},"ast-content-background-meta":{"desktop":{"background-color":"var(--ast-global-color-5)","background-image":"","background-repeat":"repeat","background-position":"center center","background-size":"auto","background-attachment":"scroll","background-type":"","background-media":"","overlay-type":"","overlay-color":"","overlay-opacity":"","overlay-gradient":""},"tablet":{"background-color":"var(--ast-global-color-5)","background-image":"","background-repeat":"repeat","background-position":"center center","background-size":"auto","background-attachment":"scroll","background-type":"","background-media":"","overlay-type":"","overlay-color":"","overlay-opacity":"","overlay-gradient":""},"mobile":{"background-color":"var(--ast-global-color-5)","background-image":"","background-repeat":"repeat","background-position":"center center","background-size":"auto","background-attachment":"scroll","background-type":"","background-media":"","overlay-type":"","overlay-color":"","overlay-opacity":"","overlay-gradient":""}}},"product_brand":[],"product_cat":[1204,1402],"product_tag":[],"class_list":{"0":"post-13705","1":"product","2":"type-product","3":"status-publish","4":"has-post-thumbnail","6":"product_cat-antioxydant","7":"product_cat-supplements-naturels","8":"desktop-align-left","9":"tablet-align-left","10":"mobile-align-left","11":"ast-product-gallery-layout-vertical","12":"ast-product-gallery-with-no-image","13":"ast-product-tabs-layout-vertical","14":"ast-qv-on-image","16":"first","17":"instock","18":"taxable","19":"shipping-taxable","20":"purchasable","21":"product-type-simple"},"aioseo_notices":[],"jetpack-related-posts":[],"jetpack_sharing_enabled":true,"_links":{"self":[{"href":"https:\/\/niapurenature.com\/fr\/wp-json\/wp\/v2\/product\/13705","targetHints":{"allow":["GET"]}}],"collection":[{"href":"https:\/\/niapurenature.com\/fr\/wp-json\/wp\/v2\/product"}],"about":[{"href":"https:\/\/niapurenature.com\/fr\/wp-json\/wp\/v2\/types\/product"}],"replies":[{"embeddable":true,"href":"https:\/\/niapurenature.com\/fr\/wp-json\/wp\/v2\/comments?post=13705"}],"wp:featuredmedia":[{"embeddable":true,"href":"https:\/\/niapurenature.com\/fr\/wp-json\/wp\/v2\/media\/13706"}],"wp:attachment":[{"href":"https:\/\/niapurenature.com\/fr\/wp-json\/wp\/v2\/media?parent=13705"}],"wp:term":[{"taxonomy":"product_brand","embeddable":true,"href":"https:\/\/niapurenature.com\/fr\/wp-json\/wp\/v2\/product_brand?post=13705"},{"taxonomy":"product_cat","embeddable":true,"href":"https:\/\/niapurenature.com\/fr\/wp-json\/wp\/v2\/product_cat?post=13705"},{"taxonomy":"product_tag","embeddable":true,"href":"https:\/\/niapurenature.com\/fr\/wp-json\/wp\/v2\/product_tag?post=13705"}],"curies":[{"name":"wp","href":"https:\/\/api.w.org\/{rel}","templated":true}]}}