{"id":2241,"date":"2019-07-23T23:39:59","date_gmt":"2019-07-23T23:39:59","guid":{"rendered":"http:\/\/niapurenature.com\/product\/poudre-biologique-de-feuilles-de-moringa-oleifera-227g-8-onces\/"},"modified":"2025-05-02T07:07:09","modified_gmt":"2025-05-02T11:07:09","slug":"poudre-biologique-de-feuilles-de-moringa-oleifera-227g-8-onces","status":"publish","type":"product","link":"https:\/\/niapurenature.com\/fr\/product\/poudre-biologique-de-feuilles-de-moringa-oleifera-227g-8-onces","title":{"rendered":"Poudre biologique de feuilles de Moringa Oleifera (227g \u2013 8 onces)"},"content":{"rendered":"<h2>Description<\/h2>\n<h2>Description<\/h2>\n<p>Le Moringa figure parmi les super-aliments les plus b\u00e9n\u00e9fiques au monde ! La poudre de Moringa est extraite des feuilles de l&rsquo;arbre Moringa oleifera, originaire d&rsquo;Asie du Sud.<\/p>\n<p>Chaque pot contient 227 grammes de poudre de feuilles de Moringa oleifera biologique brute et pure, ce qui \u00e9quivaut \u00e0 une r\u00e9serve de 3 mois \u00e0 la dose recommand\u00e9e. Voici quelques-uns des avantages pour la sant\u00e9 de la poudre de Moringa :<\/p>\n<ul>\n<li><strong>Riche en nutriments<\/strong> : La poudre de Moringa est hautement nutritive et contient des vitamines essentielles, des min\u00e9raux et des antioxydants.<\/li>\n<li><strong>Propri\u00e9t\u00e9s antioxydantes<\/strong> : Elle aide \u00e0 prot\u00e9ger le corps contre le stress oxydatif et les radicaux libres.<\/li>\n<\/ul>\n<p><strong>Mode d&#8217;emploi<\/strong> : Adultes : M\u00e9langez une demi-cuill\u00e8re \u00e0 caf\u00e9 (2,4 g) une fois par jour avec de l&rsquo;eau ou une boisson, ou prenez-la avec de la nourriture. Source d&rsquo;antioxydants.<\/p>\n<p><strong>Ingr\u00e9dients<\/strong> : Poudre de feuilles de Moringa oleifera biologique pure \u00e0 100 %.<\/p>\n","protected":false},"excerpt":{"rendered":"<p><strong>La poudre de Moringa biologique de Nia Pure Nature<\/strong> est l&rsquo;un des superaliments les plus b\u00e9n\u00e9fiques au monde ! Cette poudre de Moringa est d\u00e9riv\u00e9e des feuilles de l&rsquo;arbre Moringa oleifera, originaire de l&rsquo;Asie du Sud. Ajoutez ce produit \u00e0 votre alimentation quotidienne et profitez de ses incroyables propri\u00e9t\u00e9s antioxydantes !<\/p>\n<ul>\n<li>227 g par contenant<\/li>\n<li>17 fois plus de calcium que le lait<\/li>\n<li>10 fois plus de vitamine A que les carottes<\/li>\n<li>1\/2 fois plus de vitamine C que les oranges<\/li>\n<li>15 fois plus de potassium que les bananes<\/li>\n<li>4 fois plus de chlorophylle que l&rsquo;herbe de bl\u00e9<\/li>\n<li>25 fois plus de fer que les \u00e9pinards<\/li>\n<li>9 fois plus de prot\u00e9ines que le yaourt<\/li>\n<li>V\u00e9g\u00e9talien et naturellement sans gluten<\/li>\n<li>Biologique<\/li>\n<li>Non-OGM<\/li>\n<\/ul>\n","protected":false},"featured_media":13202,"comment_status":"open","ping_status":"closed","template":"","meta":{"om_disable_all_campaigns":false,"_monsterinsights_skip_tracking":false,"_monsterinsights_sitenote_active":false,"_monsterinsights_sitenote_note":"","_monsterinsights_sitenote_category":0,"site-sidebar-layout":"default","site-content-layout":"default","ast-site-content-layout":"default","site-content-style":"default","site-sidebar-style":"default","ast-global-header-display":"","ast-banner-title-visibility":"","ast-main-header-display":"","ast-hfb-above-header-display":"","ast-hfb-below-header-display":"","ast-hfb-mobile-header-display":"","site-post-title":"","ast-breadcrumbs-content":"","ast-featured-img":"","footer-sml-layout":"","ast-disable-related-posts":"","theme-transparent-header-meta":"default","adv-header-id-meta":"","stick-header-meta":"","header-above-stick-meta":"","header-main-stick-meta":"","header-below-stick-meta":"","astra-migrate-meta-layouts":"set","ast-page-background-enabled":"default","ast-page-background-meta":{"desktop":{"background-color":"","background-image":"","background-repeat":"repeat","background-position":"center center","background-size":"auto","background-attachment":"scroll","background-type":"","background-media":"","overlay-type":"","overlay-color":"","overlay-opacity":"","overlay-gradient":""},"tablet":{"background-color":"","background-image":"","background-repeat":"repeat","background-position":"center center","background-size":"auto","background-attachment":"scroll","background-type":"","background-media":"","overlay-type":"","overlay-color":"","overlay-opacity":"","overlay-gradient":""},"mobile":{"background-color":"","background-image":"","background-repeat":"repeat","background-position":"center center","background-size":"auto","background-attachment":"scroll","background-type":"","background-media":"","overlay-type":"","overlay-color":"","overlay-opacity":"","overlay-gradient":""}},"ast-content-background-meta":{"desktop":{"background-color":"var(--ast-global-color-5)","background-image":"","background-repeat":"repeat","background-position":"center center","background-size":"auto","background-attachment":"scroll","background-type":"","background-media":"","overlay-type":"","overlay-color":"","overlay-opacity":"","overlay-gradient":""},"tablet":{"background-color":"var(--ast-global-color-5)","background-image":"","background-repeat":"repeat","background-position":"center center","background-size":"auto","background-attachment":"scroll","background-type":"","background-media":"","overlay-type":"","overlay-color":"","overlay-opacity":"","overlay-gradient":""},"mobile":{"background-color":"var(--ast-global-color-5)","background-image":"","background-repeat":"repeat","background-position":"center center","background-size":"auto","background-attachment":"scroll","background-type":"","background-media":"","overlay-type":"","overlay-color":"","overlay-opacity":"","overlay-gradient":""}}},"product_brand":[],"product_cat":[1204,1213,1211,1402],"product_tag":[],"class_list":{"0":"post-2241","1":"product","2":"type-product","3":"status-publish","4":"has-post-thumbnail","6":"product_cat-antioxydant","7":"product_cat-moringa-fr","8":"product_cat-super-aliment","9":"product_cat-supplements-naturels","10":"desktop-align-left","11":"tablet-align-left","12":"mobile-align-left","13":"ast-product-gallery-layout-vertical","14":"ast-product-tabs-layout-vertical","15":"ast-qv-on-image","17":"first","18":"instock","19":"taxable","20":"shipping-taxable","21":"purchasable","22":"product-type-simple"},"aioseo_notices":[],"jetpack-related-posts":[],"jetpack_sharing_enabled":true,"_links":{"self":[{"href":"https:\/\/niapurenature.com\/fr\/wp-json\/wp\/v2\/product\/2241","targetHints":{"allow":["GET"]}}],"collection":[{"href":"https:\/\/niapurenature.com\/fr\/wp-json\/wp\/v2\/product"}],"about":[{"href":"https:\/\/niapurenature.com\/fr\/wp-json\/wp\/v2\/types\/product"}],"replies":[{"embeddable":true,"href":"https:\/\/niapurenature.com\/fr\/wp-json\/wp\/v2\/comments?post=2241"}],"wp:featuredmedia":[{"embeddable":true,"href":"https:\/\/niapurenature.com\/fr\/wp-json\/wp\/v2\/media\/13202"}],"wp:attachment":[{"href":"https:\/\/niapurenature.com\/fr\/wp-json\/wp\/v2\/media?parent=2241"}],"wp:term":[{"taxonomy":"product_brand","embeddable":true,"href":"https:\/\/niapurenature.com\/fr\/wp-json\/wp\/v2\/product_brand?post=2241"},{"taxonomy":"product_cat","embeddable":true,"href":"https:\/\/niapurenature.com\/fr\/wp-json\/wp\/v2\/product_cat?post=2241"},{"taxonomy":"product_tag","embeddable":true,"href":"https:\/\/niapurenature.com\/fr\/wp-json\/wp\/v2\/product_tag?post=2241"}],"curies":[{"name":"wp","href":"https:\/\/api.w.org\/{rel}","templated":true}]}}