{"id":2244,"date":"2019-07-23T23:32:55","date_gmt":"2019-07-23T23:32:55","guid":{"rendered":"http:\/\/niapurenature.com\/product\/creme-naturelle-pour-le-corps-et-les-mains\/"},"modified":"2023-09-21T11:01:18","modified_gmt":"2023-09-21T15:01:18","slug":"creme-naturelle-pour-le-corps-et-les-mains","status":"publish","type":"product","link":"https:\/\/niapurenature.com\/fr\/product\/creme-naturelle-pour-le-corps-et-les-mains","title":{"rendered":"Cr\u00e8me naturelle pour le corps et les mains"},"content":{"rendered":"<h2>Description<\/h2>\n<p><em><strong>Cette cr\u00e8me corporelle et pour<\/strong> <strong>les mains enti\u00e8rement naturelle<\/strong><\/em> est compos\u00e9e de beurre de cacao, de beurre de mangue, de beurre de cupua\u00e7u et de beurre de karit\u00e9, m\u00e9lang\u00e9s \u00e0 de l&rsquo;huile de graines de Moringa et \u00e0 de l&rsquo;huile de coco. L&rsquo;huile de Moringa biologique contient des niveaux \u00e9lev\u00e9s de tocoph\u00e9rols et de carot\u00e8ne, qui se transforment en vitamine A. Les propri\u00e9t\u00e9s antiseptiques et anti-inflammatoires de l&rsquo;huile de Moringa sont connues pour traiter et gu\u00e9rir les l\u00e9g\u00e8res abrasions cutan\u00e9es, tandis que les antioxydants et les nutriments combattent les dommages caus\u00e9s par les radicaux libres qui peuvent endommager les tissus cutan\u00e9s. Le beurre de cupua\u00e7u aide \u00e0 am\u00e9liorer l&rsquo;\u00e9lasticit\u00e9 de la peau en soutenant les prot\u00e9ines cutan\u00e9es, le collag\u00e8ne et l&rsquo;\u00e9lastine. Chaque beurre a d\u00e9montr\u00e9 son efficacit\u00e9 pour certaines affections et conditions cutan\u00e9es, tout en offrant des propri\u00e9t\u00e9s suppl\u00e9mentaires d&rsquo;\u00e9lasticit\u00e9 et de conditionnement.<\/p>\n<p><em><strong>Cette cr\u00e8me corporelle et pour les mains<\/strong> <\/em>enti\u00e8rement naturelle nourrit et r\u00e9pare votre peau tout au long de la journ\u00e9e. Cette cr\u00e8me \u00e0 absorption rapide s&rsquo;\u00e9tale facilement. Elle est enrichie en puissante huile de graines de Moringa biologique et en beurre de cupua\u00e7u biologique. Elle maintient votre peau douce et hydrat\u00e9e toute la journ\u00e9e.<\/p>\n<p><em><strong>Mode d&#8217;emploi :<\/strong><\/em><br \/>\nAppliquez la cr\u00e8me sur la zone souhait\u00e9e et massez doucement jusqu&rsquo;\u00e0 absorption compl\u00e8te.<\/p>\n<p><em><strong>Ingr\u00e9dients :<\/strong><\/em><br \/>\nBeurre de graines de Theobroma Cacao (Cacao) biologique, Huile de Cocos Nucifera (Noix de coco) biologique, Beurre de Butyrospermum Parkii (Karit\u00e9) biologique, Beurre de graines de Mangifera Indica (Mangue), Huile de graines de Moringa Oleifera biologique, Beurre de Theobroma Grandiflorum (Cupua\u00e7u) biologique, Huile de Elaeis Guineensis (Palmier) biologique, Tocoph\u00e9rol (Vitamine E), Extrait de feuille de Camellia Sinensis (Th\u00e9 vert), Glyc\u00e9rine (V\u00e9g\u00e9tale), Gomme de Xanthane, Glyceryl Caprylate et Sodium Levulinate.<\/p>\n","protected":false},"excerpt":{"rendered":"<p><strong>La cr\u00e8me corporelle et pour les mains enti\u00e8rement naturelle de Nia Pure Nature<\/strong> est hautement concentr\u00e9e. Elle est formul\u00e9e avec des ingr\u00e9dients enti\u00e8rement naturels qui hydratent, r\u00e9parent et nourrissent les mains et le corps tout au long de la journ\u00e9e.<\/p>\n<ul>\n<li>Sans paraben ni ingr\u00e9dients chimiques<\/li>\n<li>Sans huiles min\u00e9rales<\/li>\n<li>Sans colorants synth\u00e9tiques<\/li>\n<li>Sans gluten<\/li>\n<li>Sans phtalates<\/li>\n<\/ul>\n","protected":false},"featured_media":13447,"comment_status":"open","ping_status":"closed","template":"","meta":{"om_disable_all_campaigns":false,"_monsterinsights_skip_tracking":false,"_monsterinsights_sitenote_active":false,"_monsterinsights_sitenote_note":"","_monsterinsights_sitenote_category":0,"site-sidebar-layout":"default","site-content-layout":"default","ast-site-content-layout":"default","site-content-style":"default","site-sidebar-style":"default","ast-global-header-display":"","ast-banner-title-visibility":"","ast-main-header-display":"","ast-hfb-above-header-display":"","ast-hfb-below-header-display":"","ast-hfb-mobile-header-display":"","site-post-title":"","ast-breadcrumbs-content":"","ast-featured-img":"","footer-sml-layout":"","ast-disable-related-posts":"","theme-transparent-header-meta":"default","adv-header-id-meta":"","stick-header-meta":"","header-above-stick-meta":"","header-main-stick-meta":"","header-below-stick-meta":"","astra-migrate-meta-layouts":"default","ast-page-background-enabled":"default","ast-page-background-meta":{"desktop":{"background-color":"","background-image":"","background-repeat":"repeat","background-position":"center center","background-size":"auto","background-attachment":"scroll","background-type":"","background-media":"","overlay-type":"","overlay-color":"","overlay-opacity":"","overlay-gradient":""},"tablet":{"background-color":"","background-image":"","background-repeat":"repeat","background-position":"center center","background-size":"auto","background-attachment":"scroll","background-type":"","background-media":"","overlay-type":"","overlay-color":"","overlay-opacity":"","overlay-gradient":""},"mobile":{"background-color":"","background-image":"","background-repeat":"repeat","background-position":"center center","background-size":"auto","background-attachment":"scroll","background-type":"","background-media":"","overlay-type":"","overlay-color":"","overlay-opacity":"","overlay-gradient":""}},"ast-content-background-meta":{"desktop":{"background-color":"var(--ast-global-color-5)","background-image":"","background-repeat":"repeat","background-position":"center center","background-size":"auto","background-attachment":"scroll","background-type":"","background-media":"","overlay-type":"","overlay-color":"","overlay-opacity":"","overlay-gradient":""},"tablet":{"background-color":"var(--ast-global-color-5)","background-image":"","background-repeat":"repeat","background-position":"center center","background-size":"auto","background-attachment":"scroll","background-type":"","background-media":"","overlay-type":"","overlay-color":"","overlay-opacity":"","overlay-gradient":""},"mobile":{"background-color":"var(--ast-global-color-5)","background-image":"","background-repeat":"repeat","background-position":"center center","background-size":"auto","background-attachment":"scroll","background-type":"","background-media":"","overlay-type":"","overlay-color":"","overlay-opacity":"","overlay-gradient":""}}},"product_brand":[],"product_cat":[1404,1210,1456],"product_tag":[138,132],"class_list":{"0":"post-2244","1":"product","2":"type-product","3":"status-publish","4":"has-post-thumbnail","6":"product_cat-cremes-pour-les-mains-corps","7":"product_cat-hydratant","8":"product_cat-soins-de-la-peau","9":"product_tag-organic-fr","10":"product_tag-personal-care-fr","11":"desktop-align-left","12":"tablet-align-left","13":"mobile-align-left","14":"ast-product-gallery-layout-vertical","15":"ast-product-tabs-layout-vertical","16":"ast-qv-on-image","18":"first","19":"instock","20":"taxable","21":"shipping-taxable","22":"purchasable","23":"product-type-simple"},"aioseo_notices":[],"jetpack-related-posts":[],"jetpack_sharing_enabled":true,"_links":{"self":[{"href":"https:\/\/niapurenature.com\/fr\/wp-json\/wp\/v2\/product\/2244","targetHints":{"allow":["GET"]}}],"collection":[{"href":"https:\/\/niapurenature.com\/fr\/wp-json\/wp\/v2\/product"}],"about":[{"href":"https:\/\/niapurenature.com\/fr\/wp-json\/wp\/v2\/types\/product"}],"replies":[{"embeddable":true,"href":"https:\/\/niapurenature.com\/fr\/wp-json\/wp\/v2\/comments?post=2244"}],"wp:featuredmedia":[{"embeddable":true,"href":"https:\/\/niapurenature.com\/fr\/wp-json\/wp\/v2\/media\/13447"}],"wp:attachment":[{"href":"https:\/\/niapurenature.com\/fr\/wp-json\/wp\/v2\/media?parent=2244"}],"wp:term":[{"taxonomy":"product_brand","embeddable":true,"href":"https:\/\/niapurenature.com\/fr\/wp-json\/wp\/v2\/product_brand?post=2244"},{"taxonomy":"product_cat","embeddable":true,"href":"https:\/\/niapurenature.com\/fr\/wp-json\/wp\/v2\/product_cat?post=2244"},{"taxonomy":"product_tag","embeddable":true,"href":"https:\/\/niapurenature.com\/fr\/wp-json\/wp\/v2\/product_tag?post=2244"}],"curies":[{"name":"wp","href":"https:\/\/api.w.org\/{rel}","templated":true}]}}