{"id":2247,"date":"2019-07-23T23:29:19","date_gmt":"2019-07-23T23:29:19","guid":{"rendered":"http:\/\/niapurenature.com\/product\/huile-de-moringa-biologique-pressee-a-froid-100huile-de-moringa-biologique-pressee-a-froid-100\/"},"modified":"2024-10-31T23:09:21","modified_gmt":"2024-11-01T03:09:21","slug":"huile-de-moringa-biologique-pressee-a-froid-100huile-de-moringa-biologique-pressee-a-froid-100","status":"publish","type":"product","link":"https:\/\/niapurenature.com\/fr\/product\/huile-de-moringa-biologique-pressee-a-froid-100huile-de-moringa-biologique-pressee-a-froid-100","title":{"rendered":"Huile de moringa biologique press\u00e9e \u00e0 froid 100%"},"content":{"rendered":"<h2>Description<\/h2>\n<p><em><strong>L&rsquo;huile de Moringa biologique 100% pure de Nia<\/strong><\/em> est extraite en pressant les graines de l&rsquo;arbre Moringa Oleifera selon un processus de pression \u00e0 froid. Cet arbre est originaire des contreforts de l&rsquo;Himalaya. Il produit de longues gousses qui renferment des graines. La grande valeur de l&rsquo;huile de Moringa \u00e9tait connue des anciennes civilisations, comme les \u00c9gyptiens qui pla\u00e7aient des vases d&rsquo;huile de Moringa dans leurs tombes, pour une utilisation dans l&rsquo;au-del\u00e0. Cette huile extr\u00eamement stable est souvent extraite de ces tombes anciennes, bien pr\u00e9serv\u00e9e, gr\u00e2ce \u00e0 ses puissants antioxydants, ses composants antifongiques et anti-inflammatoires. En raison de sa remarquable stabilit\u00e9, nous l&rsquo;avons incluse dans notre cr\u00e8me de nuit haut de gamme, notre s\u00e9rum pour les yeux et notre cr\u00e8me pour le corps et les mains.<\/p>\n<p><em><strong>Mode d&#8217;emploi :<\/strong><\/em><br \/>\nPr\u00e9levez une petite quantit\u00e9 d&rsquo;huile \u00e0 l&rsquo;aide du compte-gouttes et appliquez-la sur la zone souhait\u00e9e. Massez bien la zone.<\/p>\n<p><em><strong>Ingr\u00e9dients :<\/strong><\/em><br \/>\nHuile de moringa 100% pure.<\/p>\n","protected":false},"excerpt":{"rendered":"<p><strong>L&rsquo;huile de Moringa de Nia Pure Nature<\/strong> poss\u00e8de des propri\u00e9t\u00e9s antiseptiques et anti-inflammatoires. Elle est utilis\u00e9e depuis des si\u00e8cles pour traiter et gu\u00e9rir les petites abrasions cutan\u00e9es telles que les coupures, les ecchymoses, les br\u00fblures, les piq\u00fbres d&rsquo;insectes, les \u00e9ruptions cutan\u00e9es, les coups de soleil et les infections cutan\u00e9es. Les bienfaits de l&rsquo;huile de Moringa incluent des cheveux et des ongles plus forts et en meilleure sant\u00e9.<\/p>\n<ul>\n<li>30 ml d&rsquo;huile de Moringa par bouteille<\/li>\n<li>Cytokinines pour la croissance des cellules<\/li>\n<li>72% d&rsquo;acides ol\u00e9iques qui hydratent profond\u00e9ment la peau<\/li>\n<li>46 types d&rsquo;antioxydants pour inverser les dommages caus\u00e9s par le soleil<\/li>\n<li>36 agents anti-inflammatoires pour r\u00e9duire l&rsquo;acn\u00e9 et les boutons<\/li>\n<li>R\u00e9duit l&rsquo;apparence des rides<\/li>\n<li>Am\u00e9liore la fermet\u00e9 et l&rsquo;\u00e9clat naturel<\/li>\n<li>Favorise la production de collag\u00e8ne<\/li>\n<li>\u00c9limine les points noirs et les boutons<\/li>\n<li>R\u00e9pare les dommages caus\u00e9s par les radicaux libres<\/li>\n<\/ul>\n","protected":false},"featured_media":6193,"comment_status":"open","ping_status":"closed","template":"","meta":{"om_disable_all_campaigns":false,"_monsterinsights_skip_tracking":false,"_monsterinsights_sitenote_active":false,"_monsterinsights_sitenote_note":"","_monsterinsights_sitenote_category":0,"site-sidebar-layout":"default","site-content-layout":"default","ast-site-content-layout":"default","site-content-style":"default","site-sidebar-style":"default","ast-global-header-display":"","ast-banner-title-visibility":"","ast-main-header-display":"","ast-hfb-above-header-display":"","ast-hfb-below-header-display":"","ast-hfb-mobile-header-display":"","site-post-title":"","ast-breadcrumbs-content":"","ast-featured-img":"","footer-sml-layout":"","ast-disable-related-posts":"","theme-transparent-header-meta":"default","adv-header-id-meta":"","stick-header-meta":"","header-above-stick-meta":"","header-main-stick-meta":"","header-below-stick-meta":"","astra-migrate-meta-layouts":"default","ast-page-background-enabled":"default","ast-page-background-meta":{"desktop":{"background-color":"","background-image":"","background-repeat":"repeat","background-position":"center center","background-size":"auto","background-attachment":"scroll","background-type":"","background-media":"","overlay-type":"","overlay-color":"","overlay-opacity":"","overlay-gradient":""},"tablet":{"background-color":"","background-image":"","background-repeat":"repeat","background-position":"center center","background-size":"auto","background-attachment":"scroll","background-type":"","background-media":"","overlay-type":"","overlay-color":"","overlay-opacity":"","overlay-gradient":""},"mobile":{"background-color":"","background-image":"","background-repeat":"repeat","background-position":"center center","background-size":"auto","background-attachment":"scroll","background-type":"","background-media":"","overlay-type":"","overlay-color":"","overlay-opacity":"","overlay-gradient":""}},"ast-content-background-meta":{"desktop":{"background-color":"var(--ast-global-color-5)","background-image":"","background-repeat":"repeat","background-position":"center center","background-size":"auto","background-attachment":"scroll","background-type":"","background-media":"","overlay-type":"","overlay-color":"","overlay-opacity":"","overlay-gradient":""},"tablet":{"background-color":"var(--ast-global-color-5)","background-image":"","background-repeat":"repeat","background-position":"center center","background-size":"auto","background-attachment":"scroll","background-type":"","background-media":"","overlay-type":"","overlay-color":"","overlay-opacity":"","overlay-gradient":""},"mobile":{"background-color":"var(--ast-global-color-5)","background-image":"","background-repeat":"repeat","background-position":"center center","background-size":"auto","background-attachment":"scroll","background-type":"","background-media":"","overlay-type":"","overlay-color":"","overlay-opacity":"","overlay-gradient":""}}},"product_brand":[],"product_cat":[1204,1210,1456],"product_tag":[],"class_list":{"0":"post-2247","1":"product","2":"type-product","3":"status-publish","4":"has-post-thumbnail","6":"product_cat-antioxydant","7":"product_cat-hydratant","8":"product_cat-soins-de-la-peau","9":"desktop-align-left","10":"tablet-align-left","11":"mobile-align-left","12":"ast-product-gallery-layout-vertical","13":"ast-product-tabs-layout-vertical","14":"ast-qv-on-image","16":"first","17":"instock","18":"taxable","19":"shipping-taxable","20":"purchasable","21":"product-type-simple"},"aioseo_notices":[],"jetpack-related-posts":[],"jetpack_sharing_enabled":true,"_links":{"self":[{"href":"https:\/\/niapurenature.com\/fr\/wp-json\/wp\/v2\/product\/2247","targetHints":{"allow":["GET"]}}],"collection":[{"href":"https:\/\/niapurenature.com\/fr\/wp-json\/wp\/v2\/product"}],"about":[{"href":"https:\/\/niapurenature.com\/fr\/wp-json\/wp\/v2\/types\/product"}],"replies":[{"embeddable":true,"href":"https:\/\/niapurenature.com\/fr\/wp-json\/wp\/v2\/comments?post=2247"}],"wp:featuredmedia":[{"embeddable":true,"href":"https:\/\/niapurenature.com\/fr\/wp-json\/wp\/v2\/media\/6193"}],"wp:attachment":[{"href":"https:\/\/niapurenature.com\/fr\/wp-json\/wp\/v2\/media?parent=2247"}],"wp:term":[{"taxonomy":"product_brand","embeddable":true,"href":"https:\/\/niapurenature.com\/fr\/wp-json\/wp\/v2\/product_brand?post=2247"},{"taxonomy":"product_cat","embeddable":true,"href":"https:\/\/niapurenature.com\/fr\/wp-json\/wp\/v2\/product_cat?post=2247"},{"taxonomy":"product_tag","embeddable":true,"href":"https:\/\/niapurenature.com\/fr\/wp-json\/wp\/v2\/product_tag?post=2247"}],"curies":[{"name":"wp","href":"https:\/\/api.w.org\/{rel}","templated":true}]}}