{"id":2248,"date":"2019-07-23T23:26:18","date_gmt":"2019-07-23T23:26:18","guid":{"rendered":"http:\/\/niapurenature.com\/product\/rabais-3120-capsules-de-moringa\/"},"modified":"2024-09-15T19:00:17","modified_gmt":"2024-09-15T23:00:17","slug":"rabais-3120-capsules-de-moringa","status":"publish","type":"product","link":"https:\/\/niapurenature.com\/fr\/product\/rabais-3120-capsules-de-moringa","title":{"rendered":"3*120 Capsules de Moringa &#8211; Rabais en gros"},"content":{"rendered":"<h2>Description<\/h2>\n<ul>\n<li>Sans gluten, v\u00e9g\u00e9talien, sans OGM<\/li>\n<li>Chaque bouteille contient 120 capsules de Pullulan (100% v\u00e9g\u00e9talien et naturel) de poudre de feuilles de Moringa oleifera biologique brute et pure, ce qui correspond \u00e0 un mois d&rsquo;approvisionnement \u00e0 la dose recommand\u00e9e de 2 capsules deux fois par jour.<\/li>\n<li>Chaque capsule offre 500 mg de poudre pure de feuilles de Moringa ( NPN: 80126834)<\/li>\n<li>Les capsules de moringa de Nia sont fabriqu\u00e9es \u00e0 partir de poudre de moringa pure et biologique, sans aucun agent de remplissage ou excipient.<\/li>\n<li>CAPSULES DE MORINGA NATURELLES EN PULLULAN &#8211; Profitez des nombreux bienfaits des plantes super-alimentaires les plus compl\u00e8tes et riches en nutriments de la plan\u00e8te, avec les capsules de moringa biologique de Nia.<\/li>\n<li>POUR UNE NUTRITION ESSENTIELLE &#8211; Les capsules de Moringa oleifera sont un moyen facile d&rsquo;obtenir une abondance de vitamines, de min\u00e9raux et d&rsquo;acides amin\u00e9s inh\u00e9rents, les \u00e9l\u00e9ments constitutifs des prot\u00e9ines.<\/li>\n<li>AU-DEL\u00c0 DE L&rsquo;ORGANIQUE &#8211; Originaire de l&rsquo;Inde, notre moringa est cultiv\u00e9 selon des pratiques agricoles qui respectent non seulement les normes de l&rsquo;agriculture biologique, mais vont au-del\u00e0, pour r\u00e9g\u00e9n\u00e9rer le sol, prot\u00e9ger la biodiversit\u00e9 et \u00eatre totalement \u00e9thique et durable.<\/li>\n<\/ul>\n<p><em><strong>Instructions d&rsquo;utilisation :<\/strong><\/em><br \/>\nDose recommand\u00e9e de 2 capsules deux fois par jour.<\/p>\n<p><em><strong>Ingr\u00e9dients :<\/strong><\/em><br \/>\n100% de poudre pure de feuilles de Moringa.<\/p>\n","protected":false},"excerpt":{"rendered":"<p><strong>Les capsules de Moringa biologique de Nia Pure Nature<\/strong> font partie des superaliments les plus b\u00e9n\u00e9fiques au monde ! La poudre de Moringa est d\u00e9riv\u00e9e des feuilles de l&rsquo;arbre Moringa oleifera, originaire d&rsquo;Asie du Sud. Chaque flacon contient 120 capsules de poudre de feuilles de Moringa oleifera bio brute et pure.<\/p>\n<ul>\n<li>120 capsules par flacon<\/li>\n<li>Superaliment charg\u00e9 en nutriments et antioxydants<\/li>\n<li>Fabriqu\u00e9 \u00e0 partir de poudre de Moringa pure et biologique<\/li>\n<li>Chaque capsule contient 500 mg de poudre pure de feuilles de Moringa<\/li>\n<li>Convient aux v\u00e9g\u00e9taliens et naturellement sans gluten<\/li>\n<li>Biologique<\/li>\n<li>Non-OGM<\/li>\n<\/ul>\n","protected":false},"featured_media":2643,"comment_status":"open","ping_status":"closed","template":"","meta":{"om_disable_all_campaigns":false,"_monsterinsights_skip_tracking":false,"_monsterinsights_sitenote_active":false,"_monsterinsights_sitenote_note":"","_monsterinsights_sitenote_category":0,"site-sidebar-layout":"default","site-content-layout":"default","ast-site-content-layout":"default","site-content-style":"default","site-sidebar-style":"default","ast-global-header-display":"","ast-banner-title-visibility":"","ast-main-header-display":"","ast-hfb-above-header-display":"","ast-hfb-below-header-display":"","ast-hfb-mobile-header-display":"","site-post-title":"","ast-breadcrumbs-content":"","ast-featured-img":"","footer-sml-layout":"","ast-disable-related-posts":"","theme-transparent-header-meta":"default","adv-header-id-meta":"","stick-header-meta":"","header-above-stick-meta":"","header-main-stick-meta":"","header-below-stick-meta":"","astra-migrate-meta-layouts":"set","ast-page-background-enabled":"default","ast-page-background-meta":{"desktop":{"background-color":"","background-image":"","background-repeat":"repeat","background-position":"center center","background-size":"auto","background-attachment":"scroll","background-type":"","background-media":"","overlay-type":"","overlay-color":"","overlay-opacity":"","overlay-gradient":""},"tablet":{"background-color":"","background-image":"","background-repeat":"repeat","background-position":"center center","background-size":"auto","background-attachment":"scroll","background-type":"","background-media":"","overlay-type":"","overlay-color":"","overlay-opacity":"","overlay-gradient":""},"mobile":{"background-color":"","background-image":"","background-repeat":"repeat","background-position":"center center","background-size":"auto","background-attachment":"scroll","background-type":"","background-media":"","overlay-type":"","overlay-color":"","overlay-opacity":"","overlay-gradient":""}},"ast-content-background-meta":{"desktop":{"background-color":"var(--ast-global-color-5)","background-image":"","background-repeat":"repeat","background-position":"center center","background-size":"auto","background-attachment":"scroll","background-type":"","background-media":"","overlay-type":"","overlay-color":"","overlay-opacity":"","overlay-gradient":""},"tablet":{"background-color":"var(--ast-global-color-5)","background-image":"","background-repeat":"repeat","background-position":"center center","background-size":"auto","background-attachment":"scroll","background-type":"","background-media":"","overlay-type":"","overlay-color":"","overlay-opacity":"","overlay-gradient":""},"mobile":{"background-color":"var(--ast-global-color-5)","background-image":"","background-repeat":"repeat","background-position":"center center","background-size":"auto","background-attachment":"scroll","background-type":"","background-media":"","overlay-type":"","overlay-color":"","overlay-opacity":"","overlay-gradient":""}}},"product_brand":[],"product_cat":[1204,1455,1213,1459,1211,1454,1402],"product_tag":[],"class_list":{"0":"post-2248","1":"product","2":"type-product","3":"status-publish","4":"has-post-thumbnail","6":"product_cat-antioxydant","7":"product_cat-ensembles-de-produits","8":"product_cat-moringa-fr","9":"product_cat-produits-en-soldes","10":"product_cat-super-aliment","11":"product_cat-superalimentsen-capsules","12":"product_cat-supplements-naturels","13":"desktop-align-left","14":"tablet-align-left","15":"mobile-align-left","16":"ast-product-gallery-layout-vertical","17":"ast-product-tabs-layout-vertical","18":"ast-qv-on-image","20":"first","21":"instock","22":"sale","23":"taxable","24":"shipping-taxable","25":"purchasable","26":"product-type-simple"},"aioseo_notices":[],"jetpack-related-posts":[],"jetpack_sharing_enabled":true,"_links":{"self":[{"href":"https:\/\/niapurenature.com\/fr\/wp-json\/wp\/v2\/product\/2248","targetHints":{"allow":["GET"]}}],"collection":[{"href":"https:\/\/niapurenature.com\/fr\/wp-json\/wp\/v2\/product"}],"about":[{"href":"https:\/\/niapurenature.com\/fr\/wp-json\/wp\/v2\/types\/product"}],"replies":[{"embeddable":true,"href":"https:\/\/niapurenature.com\/fr\/wp-json\/wp\/v2\/comments?post=2248"}],"wp:featuredmedia":[{"embeddable":true,"href":"https:\/\/niapurenature.com\/fr\/wp-json\/wp\/v2\/media\/2643"}],"wp:attachment":[{"href":"https:\/\/niapurenature.com\/fr\/wp-json\/wp\/v2\/media?parent=2248"}],"wp:term":[{"taxonomy":"product_brand","embeddable":true,"href":"https:\/\/niapurenature.com\/fr\/wp-json\/wp\/v2\/product_brand?post=2248"},{"taxonomy":"product_cat","embeddable":true,"href":"https:\/\/niapurenature.com\/fr\/wp-json\/wp\/v2\/product_cat?post=2248"},{"taxonomy":"product_tag","embeddable":true,"href":"https:\/\/niapurenature.com\/fr\/wp-json\/wp\/v2\/product_tag?post=2248"}],"curies":[{"name":"wp","href":"https:\/\/api.w.org\/{rel}","templated":true}]}}