{"id":2249,"date":"2019-07-23T23:28:05","date_gmt":"2019-07-23T23:28:05","guid":{"rendered":"http:\/\/niapurenature.com\/product\/poudre-de-feuilles-organiques-moringa-oleifera-454g-1-lb\/"},"modified":"2025-03-05T12:59:00","modified_gmt":"2025-03-05T17:59:00","slug":"poudre-de-feuilles-organiques-moringa-oleifera-454g-1-lb","status":"publish","type":"product","link":"https:\/\/niapurenature.com\/fr\/product\/poudre-de-feuilles-organiques-moringa-oleifera-454g-1-lb","title":{"rendered":"Poudre de feuilles organiques Moringa Oleifera (454g \u2013 1 lb.)"},"content":{"rendered":"<h2>Description<\/h2>\n<p>Le Moringa figure parmi les super-aliments les plus b\u00e9n\u00e9fiques au monde ! La poudre de Moringa est extraite des feuilles de l&rsquo;arbre Moringa oleifera, originaire d&rsquo;Asie du Sud.<\/p>\n<p>Chaque pot contient 454 grammes de poudre de feuilles de Moringa oleifera biologique brute et pure, ce qui \u00e9quivaut \u00e0 une r\u00e9serve de 6 mois \u00e0 la dose recommand\u00e9e. Voici quelques-uns des avantages pour la sant\u00e9 de la poudre de Moringa :<\/p>\n<ul>\n<li><strong>Riche en nutriments<\/strong> : La poudre de Moringa est hautement nutritive et contient des vitamines essentielles, des min\u00e9raux et des antioxydants.<\/li>\n<li><strong>Propri\u00e9t\u00e9s antioxydantes<\/strong> : Elle aide \u00e0 prot\u00e9ger le corps contre le stress oxydatif et les radicaux libres.<\/li>\n<\/ul>\n<p><strong>Mode d&#8217;emploi<\/strong> : Adultes : M\u00e9langez une demi-cuill\u00e8re \u00e0 caf\u00e9 (2,4 g) une fois par jour avec de l&rsquo;eau ou une boisson, ou prenez-la avec de la nourriture. Source d&rsquo;antioxydants.<\/p>\n<p><strong>Ingr\u00e9dients<\/strong> : Poudre de feuilles de Moringa oleifera biologique pure \u00e0 100 %.<\/p>\n","protected":false},"excerpt":{"rendered":"<p><strong>La poudre de Moringa biologique de Nia Pure Nature<\/strong> est l&rsquo;un des superaliments les plus b\u00e9n\u00e9fiques au monde ! La poudre de Moringa est d\u00e9riv\u00e9e des feuilles de l&rsquo;arbre Moringa oleifera, originaire d&rsquo;Asie du Sud. Chaque pot contient 454 grammes de poudre de feuilles de Moringa oleifera bio brute et pure, ce qui repr\u00e9sente une r\u00e9serve de 6 mois \u00e0 la dose recommand\u00e9e.<\/p>\n<ul>\n<li>454 g par contenant<\/li>\n<li>17 fois plus de calcium que le lait<\/li>\n<li>10 fois plus de vitamine A que les carottes<\/li>\n<li>1\/2 fois plus de vitamine C que les oranges<\/li>\n<li>15 fois plus de potassium que les bananes<\/li>\n<li>4 fois plus de chlorophylle que le bl\u00e9<\/li>\n<li>25 fois plus de fer que les \u00e9pinards<\/li>\n<li>9 fois plus de prot\u00e9ines que le yaourt<\/li>\n<li>Convient aux v\u00e9g\u00e9taliens et naturellement sans gluten<\/li>\n<li>Biologique<\/li>\n<li>Non-OGM<\/li>\n<\/ul>\n","protected":false},"featured_media":3944,"comment_status":"open","ping_status":"closed","template":"","meta":{"om_disable_all_campaigns":false,"_monsterinsights_skip_tracking":false,"_monsterinsights_sitenote_active":false,"_monsterinsights_sitenote_note":"","_monsterinsights_sitenote_category":0,"site-sidebar-layout":"default","site-content-layout":"default","ast-site-content-layout":"default","site-content-style":"default","site-sidebar-style":"default","ast-global-header-display":"","ast-banner-title-visibility":"","ast-main-header-display":"","ast-hfb-above-header-display":"","ast-hfb-below-header-display":"","ast-hfb-mobile-header-display":"","site-post-title":"","ast-breadcrumbs-content":"","ast-featured-img":"","footer-sml-layout":"","ast-disable-related-posts":"","theme-transparent-header-meta":"default","adv-header-id-meta":"","stick-header-meta":"","header-above-stick-meta":"","header-main-stick-meta":"","header-below-stick-meta":"","astra-migrate-meta-layouts":"set","ast-page-background-enabled":"default","ast-page-background-meta":{"desktop":{"background-color":"","background-image":"","background-repeat":"repeat","background-position":"center center","background-size":"auto","background-attachment":"scroll","background-type":"","background-media":"","overlay-type":"","overlay-color":"","overlay-opacity":"","overlay-gradient":""},"tablet":{"background-color":"","background-image":"","background-repeat":"repeat","background-position":"center center","background-size":"auto","background-attachment":"scroll","background-type":"","background-media":"","overlay-type":"","overlay-color":"","overlay-opacity":"","overlay-gradient":""},"mobile":{"background-color":"","background-image":"","background-repeat":"repeat","background-position":"center center","background-size":"auto","background-attachment":"scroll","background-type":"","background-media":"","overlay-type":"","overlay-color":"","overlay-opacity":"","overlay-gradient":""}},"ast-content-background-meta":{"desktop":{"background-color":"var(--ast-global-color-5)","background-image":"","background-repeat":"repeat","background-position":"center center","background-size":"auto","background-attachment":"scroll","background-type":"","background-media":"","overlay-type":"","overlay-color":"","overlay-opacity":"","overlay-gradient":""},"tablet":{"background-color":"var(--ast-global-color-5)","background-image":"","background-repeat":"repeat","background-position":"center center","background-size":"auto","background-attachment":"scroll","background-type":"","background-media":"","overlay-type":"","overlay-color":"","overlay-opacity":"","overlay-gradient":""},"mobile":{"background-color":"var(--ast-global-color-5)","background-image":"","background-repeat":"repeat","background-position":"center center","background-size":"auto","background-attachment":"scroll","background-type":"","background-media":"","overlay-type":"","overlay-color":"","overlay-opacity":"","overlay-gradient":""}}},"product_brand":[],"product_cat":[1204,1213,1211,1453,1402],"product_tag":[146],"class_list":{"0":"post-2249","1":"product","2":"type-product","3":"status-publish","4":"has-post-thumbnail","6":"product_cat-antioxydant","7":"product_cat-moringa-fr","8":"product_cat-super-aliment","9":"product_cat-superaliments-en-latte","10":"product_cat-supplements-naturels","11":"product_tag-moringa-fr","12":"desktop-align-left","13":"tablet-align-left","14":"mobile-align-left","15":"ast-product-gallery-layout-vertical","16":"ast-product-tabs-layout-vertical","17":"ast-qv-on-image","19":"first","20":"instock","21":"taxable","22":"shipping-taxable","23":"purchasable","24":"product-type-simple"},"aioseo_notices":[],"jetpack-related-posts":[],"jetpack_sharing_enabled":true,"_links":{"self":[{"href":"https:\/\/niapurenature.com\/fr\/wp-json\/wp\/v2\/product\/2249","targetHints":{"allow":["GET"]}}],"collection":[{"href":"https:\/\/niapurenature.com\/fr\/wp-json\/wp\/v2\/product"}],"about":[{"href":"https:\/\/niapurenature.com\/fr\/wp-json\/wp\/v2\/types\/product"}],"replies":[{"embeddable":true,"href":"https:\/\/niapurenature.com\/fr\/wp-json\/wp\/v2\/comments?post=2249"}],"wp:featuredmedia":[{"embeddable":true,"href":"https:\/\/niapurenature.com\/fr\/wp-json\/wp\/v2\/media\/3944"}],"wp:attachment":[{"href":"https:\/\/niapurenature.com\/fr\/wp-json\/wp\/v2\/media?parent=2249"}],"wp:term":[{"taxonomy":"product_brand","embeddable":true,"href":"https:\/\/niapurenature.com\/fr\/wp-json\/wp\/v2\/product_brand?post=2249"},{"taxonomy":"product_cat","embeddable":true,"href":"https:\/\/niapurenature.com\/fr\/wp-json\/wp\/v2\/product_cat?post=2249"},{"taxonomy":"product_tag","embeddable":true,"href":"https:\/\/niapurenature.com\/fr\/wp-json\/wp\/v2\/product_tag?post=2249"}],"curies":[{"name":"wp","href":"https:\/\/api.w.org\/{rel}","templated":true}]}}