{"id":2250,"date":"2019-07-23T22:55:21","date_gmt":"2019-07-23T22:55:21","guid":{"rendered":"http:\/\/niapurenature.com\/product\/nouveau-latte-au-curcuma-golden-nia\/"},"modified":"2025-05-06T12:45:48","modified_gmt":"2025-05-06T16:45:48","slug":"nouveau-latte-au-curcuma-golden-nia","status":"publish","type":"product","link":"https:\/\/niapurenature.com\/fr\/product\/nouveau-latte-au-curcuma-golden-nia","title":{"rendered":"Latt\u00e9 au Curcuma Golden"},"content":{"rendered":"<h2>Description<\/h2>\n<p>Cette d\u00e9licieuse Golden Turmeric Latte est absolument d\u00e9licieuse !<\/p>\n<p>Avec le Golden Turmeric Latte de Nia, vous apporterez de la couleur \u00e0 votre journ\u00e9e ainsi que les d\u00e9licieuses saveurs du curcuma, du gingembre et de la cardamome, ainsi que leurs incroyables bienfaits pour la sant\u00e9. Le curcuma est un puissant antioxydant qui r\u00e9duit l&rsquo;inflammation et favorise la digestion.<\/p>\n<p><em><strong>Mode d&#8217;emploi :<\/strong><\/em><br \/>\nFouettez 1 cuill\u00e8re \u00e0 caf\u00e9 bomb\u00e9e (5 g) dans 1 tasse (250 mL) d&rsquo;eau chaude et ajoutez du lait d&rsquo;amande ou de coco. D\u00e9tendez-vous et savourez votre latte au curcuma !<br \/>\nCe latte pr\u00eat \u00e0 l&#8217;emploi est cru, sans soja, sans produits laitiers, sans colorants artificiels, sans conservateurs et sans ar\u00f4mes artificiels.<\/p>\n<p><em><strong>Ingr\u00e9dients :<\/strong><\/em><br \/>\nRacine de curcuma biologique (Curcuma longa), Poudre de cr\u00e8me de coco, Gingembre biologique (Zingiber officinale), Sucre de coco biologique, Gousse de cardamome biologique (Elettaria cardamomum), Poivre noir biologique (Piper nigrum) et Vanille (Vanilla planifolia A.).<\/p>\n","protected":false},"excerpt":{"rendered":"<p>Le nouveau d\u00e9lice sain de Nia Pure, <strong>le Golden Turmeric Latte<\/strong> ! Cr\u00e9meux et l\u00e9g\u00e8rement sucr\u00e9 avec de <strong>la poudre de cr\u00e8me de coco biologique<\/strong> et <strong>du sucre de coco biologique<\/strong> riche en nutriments. Une petite pinc\u00e9e de<strong> poivre noir<\/strong> est ajout\u00e9e pour favoriser l&rsquo;absorption maximale du curcuma b\u00e9n\u00e9fique !<\/p>\n<ul>\n<li>200 g par contenant<\/li>\n<li>Poss\u00e8de de puissants antioxydants et des propri\u00e9t\u00e9s anti-inflammatoires<\/li>\n<li>Aide \u00e0 la r\u00e9cup\u00e9ration<\/li>\n<li>Fournit de l&rsquo;\u00e9nergie sans caf\u00e9ine<\/li>\n<li>Convient aux v\u00e9g\u00e9taliens et naturellement sans gluten<\/li>\n<li>Biologique<\/li>\n<li>Non-OGM<\/li>\n<\/ul>\n","protected":false},"featured_media":13482,"comment_status":"open","ping_status":"closed","template":"","meta":{"om_disable_all_campaigns":false,"_monsterinsights_skip_tracking":false,"_monsterinsights_sitenote_active":false,"_monsterinsights_sitenote_note":"","_monsterinsights_sitenote_category":0,"site-sidebar-layout":"default","site-content-layout":"default","ast-site-content-layout":"default","site-content-style":"default","site-sidebar-style":"default","ast-global-header-display":"","ast-banner-title-visibility":"","ast-main-header-display":"","ast-hfb-above-header-display":"","ast-hfb-below-header-display":"","ast-hfb-mobile-header-display":"","site-post-title":"","ast-breadcrumbs-content":"","ast-featured-img":"","footer-sml-layout":"","ast-disable-related-posts":"","theme-transparent-header-meta":"default","adv-header-id-meta":"","stick-header-meta":"","header-above-stick-meta":"","header-main-stick-meta":"","header-below-stick-meta":"","astra-migrate-meta-layouts":"default","ast-page-background-enabled":"default","ast-page-background-meta":{"desktop":{"background-color":"","background-image":"","background-repeat":"repeat","background-position":"center center","background-size":"auto","background-attachment":"scroll","background-type":"","background-media":"","overlay-type":"","overlay-color":"","overlay-opacity":"","overlay-gradient":""},"tablet":{"background-color":"","background-image":"","background-repeat":"repeat","background-position":"center center","background-size":"auto","background-attachment":"scroll","background-type":"","background-media":"","overlay-type":"","overlay-color":"","overlay-opacity":"","overlay-gradient":""},"mobile":{"background-color":"","background-image":"","background-repeat":"repeat","background-position":"center center","background-size":"auto","background-attachment":"scroll","background-type":"","background-media":"","overlay-type":"","overlay-color":"","overlay-opacity":"","overlay-gradient":""}},"ast-content-background-meta":{"desktop":{"background-color":"var(--ast-global-color-5)","background-image":"","background-repeat":"repeat","background-position":"center center","background-size":"auto","background-attachment":"scroll","background-type":"","background-media":"","overlay-type":"","overlay-color":"","overlay-opacity":"","overlay-gradient":""},"tablet":{"background-color":"var(--ast-global-color-5)","background-image":"","background-repeat":"repeat","background-position":"center center","background-size":"auto","background-attachment":"scroll","background-type":"","background-media":"","overlay-type":"","overlay-color":"","overlay-opacity":"","overlay-gradient":""},"mobile":{"background-color":"var(--ast-global-color-5)","background-image":"","background-repeat":"repeat","background-position":"center center","background-size":"auto","background-attachment":"scroll","background-type":"","background-media":"","overlay-type":"","overlay-color":"","overlay-opacity":"","overlay-gradient":""}}},"product_brand":[],"product_cat":[1203,1212,1211,1453,1402],"product_tag":[134,135,136,138,139,140],"class_list":{"0":"post-2250","1":"product","2":"type-product","3":"status-publish","4":"has-post-thumbnail","6":"product_cat-anti-inflammatoire","7":"product_cat-curcuma","8":"product_cat-super-aliment","9":"product_cat-superaliments-en-latte","10":"product_cat-supplements-naturels","11":"product_tag-beverage-fr","12":"product_tag-curcuma-fr","13":"product_tag-latte-fr","14":"product_tag-organic-fr","15":"product_tag-tumeric-fr","16":"product_tag-vegan-fr","17":"desktop-align-left","18":"tablet-align-left","19":"mobile-align-left","20":"ast-product-gallery-layout-vertical","21":"ast-product-tabs-layout-vertical","22":"ast-qv-on-image","24":"first","25":"outofstock","26":"taxable","27":"shipping-taxable","28":"purchasable","29":"product-type-simple"},"aioseo_notices":[],"jetpack-related-posts":[],"jetpack_sharing_enabled":true,"_links":{"self":[{"href":"https:\/\/niapurenature.com\/fr\/wp-json\/wp\/v2\/product\/2250","targetHints":{"allow":["GET"]}}],"collection":[{"href":"https:\/\/niapurenature.com\/fr\/wp-json\/wp\/v2\/product"}],"about":[{"href":"https:\/\/niapurenature.com\/fr\/wp-json\/wp\/v2\/types\/product"}],"replies":[{"embeddable":true,"href":"https:\/\/niapurenature.com\/fr\/wp-json\/wp\/v2\/comments?post=2250"}],"wp:featuredmedia":[{"embeddable":true,"href":"https:\/\/niapurenature.com\/fr\/wp-json\/wp\/v2\/media\/13482"}],"wp:attachment":[{"href":"https:\/\/niapurenature.com\/fr\/wp-json\/wp\/v2\/media?parent=2250"}],"wp:term":[{"taxonomy":"product_brand","embeddable":true,"href":"https:\/\/niapurenature.com\/fr\/wp-json\/wp\/v2\/product_brand?post=2250"},{"taxonomy":"product_cat","embeddable":true,"href":"https:\/\/niapurenature.com\/fr\/wp-json\/wp\/v2\/product_cat?post=2250"},{"taxonomy":"product_tag","embeddable":true,"href":"https:\/\/niapurenature.com\/fr\/wp-json\/wp\/v2\/product_tag?post=2250"}],"curies":[{"name":"wp","href":"https:\/\/api.w.org\/{rel}","templated":true}]}}