{"id":2251,"date":"2019-07-07T03:22:02","date_gmt":"2019-07-07T03:22:02","guid":{"rendered":"http:\/\/niapurenature.com\/product\/nouveau-nia-organic-moringa-capsules\/"},"modified":"2023-06-06T13:34:42","modified_gmt":"2023-06-06T17:34:42","slug":"nouveau-nia-organic-moringa-capsules","status":"publish","type":"product","link":"https:\/\/niapurenature.com\/fr\/product\/nouveau-nia-organic-moringa-capsules","title":{"rendered":"Nia Organic Moringa Capsules"},"content":{"rendered":"<h2>Description<\/h2>\n<ul>\n<li>Sans gluten, v\u00e9g\u00e9talien, sans OGM<br \/>\nChaque bouteille contient 120 capsules de Pullulan (100% v\u00e9g\u00e9talien et naturel) de poudre de feuilles de Moringa oleifera crues et pures, qui est un approvisionnement d\u2019un mois \u00e0 la dose recommand\u00e9e de 2 capsules deux fois par jour.<\/li>\n<li>Chaque capsule contient 500 mg de poudre de feuilles de Moringa pur<br \/>\nLe moringa est un superaliment charg\u00e9 de nutriments et de 46 antioxydants.<br \/>\nLes capsules Nia Moringa sont fabriqu\u00e9es \u00e0 partir de poudre de Moringa pure et organique, sans aucune charge ou excipient.<\/li>\n<li>CAPSULES DE MORINGA NATURELLES PULLULIENNES \u2013 Profitez des nombreux bienfaits des plantes super nutritives les plus compl\u00e8tes et les plus riches en nutriments sur Terre, avec les capsules de Moringa Bio de Nia.<\/li>\n<li>POUR LA NUTRITION ESSENTIELLE \u2013 Les capsules de Moringa oleifera sont un moyen facile d\u2019obtenir une abondance de vitamines, de min\u00e9raux et d\u2019acides amin\u00e9s, les \u00e9l\u00e9ments constitutifs des prot\u00e9ines.<\/li>\n<li>AU-DEL\u00c0 DU BIO \u2013 Originaire de l\u2019Inde, notre moringa est cultiv\u00e9 selon des pratiques agricoles qui non seulement respectent les normes de l\u2019agriculture biologique, mais vont au-del\u00e0, r\u00e9g\u00e9n\u00e8rent le sol, prot\u00e8gent la biodiversit\u00e9 et sont enti\u00e8rement \u00e9thiques et durables.<\/li>\n<\/ul>\n<p><em><strong>Directions For Use:<\/strong><\/em><br \/>\nDosage recommand\u00e9 de 2 capsules deux fois par jour.<\/p>\n<p><em><strong>Ingredients:<\/strong><\/em><br \/>\nPoudre de feuilles de Moringa 100% pure.<\/p>\n","protected":false},"excerpt":{"rendered":"<p><strong>Les capsules d&rsquo;Organic Moringa de Nia Pure Nature<\/strong> font partie des super-aliments les plus b\u00e9n\u00e9fiques au monde ! La poudre de Moringa est d\u00e9riv\u00e9e des feuilles de l&rsquo;arbre Moringa oleifera, originaire de l&rsquo;Asie du Sud. Chaque pot contient 120 capsules de poudre de feuilles de Moringa oleifera biologique, crue et pure.<\/p>\n<ul>\n<li>120 capsules par bouteille<\/li>\n<li>Chaque capsule contient 500 mg de pure poudre de feuilles de Moringa<\/li>\n<li>Super-aliment charg\u00e9 en nutriments et antioxydants<\/li>\n<li>Fabriqu\u00e9 \u00e0 partir de Moringa en poudre pure et biologique<\/li>\n<li>Convient aux v\u00e9g\u00e9taliens et naturellement sans gluten<\/li>\n<li>Biologique<\/li>\n<li>Non-OGM<\/li>\n<\/ul>\n","protected":false},"featured_media":2593,"comment_status":"open","ping_status":"closed","template":"","meta":{"om_disable_all_campaigns":false,"_monsterinsights_skip_tracking":false,"_monsterinsights_sitenote_active":false,"_monsterinsights_sitenote_note":"","_monsterinsights_sitenote_category":0,"site-sidebar-layout":"default","site-content-layout":"default","ast-site-content-layout":"default","site-content-style":"default","site-sidebar-style":"default","ast-global-header-display":"","ast-banner-title-visibility":"","ast-main-header-display":"","ast-hfb-above-header-display":"","ast-hfb-below-header-display":"","ast-hfb-mobile-header-display":"","site-post-title":"","ast-breadcrumbs-content":"","ast-featured-img":"","footer-sml-layout":"","ast-disable-related-posts":"","theme-transparent-header-meta":"default","adv-header-id-meta":"","stick-header-meta":"","header-above-stick-meta":"","header-main-stick-meta":"","header-below-stick-meta":"","astra-migrate-meta-layouts":"default","ast-page-background-enabled":"default","ast-page-background-meta":{"desktop":{"background-color":"","background-image":"","background-repeat":"repeat","background-position":"center center","background-size":"auto","background-attachment":"scroll","background-type":"","background-media":"","overlay-type":"","overlay-color":"","overlay-opacity":"","overlay-gradient":""},"tablet":{"background-color":"","background-image":"","background-repeat":"repeat","background-position":"center center","background-size":"auto","background-attachment":"scroll","background-type":"","background-media":"","overlay-type":"","overlay-color":"","overlay-opacity":"","overlay-gradient":""},"mobile":{"background-color":"","background-image":"","background-repeat":"repeat","background-position":"center center","background-size":"auto","background-attachment":"scroll","background-type":"","background-media":"","overlay-type":"","overlay-color":"","overlay-opacity":"","overlay-gradient":""}},"ast-content-background-meta":{"desktop":{"background-color":"var(--ast-global-color-5)","background-image":"","background-repeat":"repeat","background-position":"center center","background-size":"auto","background-attachment":"scroll","background-type":"","background-media":"","overlay-type":"","overlay-color":"","overlay-opacity":"","overlay-gradient":""},"tablet":{"background-color":"var(--ast-global-color-5)","background-image":"","background-repeat":"repeat","background-position":"center center","background-size":"auto","background-attachment":"scroll","background-type":"","background-media":"","overlay-type":"","overlay-color":"","overlay-opacity":"","overlay-gradient":""},"mobile":{"background-color":"var(--ast-global-color-5)","background-image":"","background-repeat":"repeat","background-position":"center center","background-size":"auto","background-attachment":"scroll","background-type":"","background-media":"","overlay-type":"","overlay-color":"","overlay-opacity":"","overlay-gradient":""}}},"product_brand":[],"product_cat":[1213,1211,1454,1402],"product_tag":[],"class_list":{"0":"post-2251","1":"product","2":"type-product","3":"status-publish","4":"has-post-thumbnail","6":"product_cat-moringa-fr","7":"product_cat-super-aliment","8":"product_cat-superalimentsen-capsules","9":"product_cat-supplements-naturels","10":"desktop-align-left","11":"tablet-align-left","12":"mobile-align-left","13":"ast-product-gallery-layout-vertical","14":"ast-product-tabs-layout-vertical","15":"ast-qv-on-image","17":"first","18":"instock","19":"taxable","20":"shipping-taxable","21":"purchasable","22":"product-type-simple"},"aioseo_notices":[],"jetpack-related-posts":[],"jetpack_sharing_enabled":true,"_links":{"self":[{"href":"https:\/\/niapurenature.com\/fr\/wp-json\/wp\/v2\/product\/2251","targetHints":{"allow":["GET"]}}],"collection":[{"href":"https:\/\/niapurenature.com\/fr\/wp-json\/wp\/v2\/product"}],"about":[{"href":"https:\/\/niapurenature.com\/fr\/wp-json\/wp\/v2\/types\/product"}],"replies":[{"embeddable":true,"href":"https:\/\/niapurenature.com\/fr\/wp-json\/wp\/v2\/comments?post=2251"}],"wp:featuredmedia":[{"embeddable":true,"href":"https:\/\/niapurenature.com\/fr\/wp-json\/wp\/v2\/media\/2593"}],"wp:attachment":[{"href":"https:\/\/niapurenature.com\/fr\/wp-json\/wp\/v2\/media?parent=2251"}],"wp:term":[{"taxonomy":"product_brand","embeddable":true,"href":"https:\/\/niapurenature.com\/fr\/wp-json\/wp\/v2\/product_brand?post=2251"},{"taxonomy":"product_cat","embeddable":true,"href":"https:\/\/niapurenature.com\/fr\/wp-json\/wp\/v2\/product_cat?post=2251"},{"taxonomy":"product_tag","embeddable":true,"href":"https:\/\/niapurenature.com\/fr\/wp-json\/wp\/v2\/product_tag?post=2251"}],"curies":[{"name":"wp","href":"https:\/\/api.w.org\/{rel}","templated":true}]}}