{"id":3990,"date":"2020-12-15T09:01:53","date_gmt":"2020-12-15T09:01:53","guid":{"rendered":"http:\/\/niapurenature.com\/?post_type=product&#038;p=3990"},"modified":"2025-02-07T00:02:24","modified_gmt":"2025-02-07T05:02:24","slug":"ageless-creme-de-nuit-naturelle-lift-fermete","status":"publish","type":"product","link":"https:\/\/niapurenature.com\/fr\/product\/ageless-creme-de-nuit-naturelle-lift-fermete","title":{"rendered":"Ageless &#8211; Cr\u00e8me de nuit naturelle Lift &#038; fermet\u00e9"},"content":{"rendered":"<h2><strong>Description<\/strong><\/h2>\n<p><em><strong>La cr\u00e8me de nuit naturelle Lift &amp; fermet\u00e9\u00a0de Nia Pure Nature<\/strong> <\/em>est un hydratant intensif qui contient des antioxydants puissants, d\u2019extraits des plantes raffermissants et un puissant peptide pour repulper, raffermir et adoucir la peau pour une apparence repos\u00e9e et plus jeune.\u00a0Dans cette cr\u00e8me de nuit enti\u00e8rement naturelle, nous avons combin\u00e9 de nombreux ingr\u00e9dients pour couvrir un large \u00e9ventail de types de peau et leurs diff\u00e9rents changements.<\/p>\n<p><strong><em>La cr\u00e8me de nuit naturelle Lift &amp; fermet\u00e9<\/em> de Nia Pure Nature<\/strong> est formul\u00e9e avec des extraits concentr\u00e9s d&rsquo;igname sauvage et de guarana con\u00e7us pour r\u00e9duire consid\u00e9rablement et pr\u00e9venir les rides profondes et les ridules.<\/p>\n<p><strong>ACB Bio-Chelate 5 PF<\/strong> dans cette cr\u00e8me de nuit avanc\u00e9e, contient 5 min\u00e9raux essentiels ferment\u00e9s : Silicium, Magn\u00e9sium, Cuivre, Fer et Zinc, tous d\u00e9riv\u00e9s de la levure de Saccharomyces cerevisiae. La fermentation de ces min\u00e9raux am\u00e9liore leur biodisponibilit\u00e9 et, par cons\u00e9quent, les min\u00e9raux peuvent \u00eatre facilement absorb\u00e9s par la peau. Cet ingr\u00e9dient am\u00e9liore la fonction barri\u00e8re, offre des avantages anti-inflammatoires, augmente l&rsquo;expression des facteurs de croissance, diminue les facteurs li\u00e9s au stress et augmente la production d&rsquo;\u00e9nergie cellulaire.<\/p>\n<p><em><strong>La cr\u00e8me de nuit naturelle Lift &amp; fermet\u00e9 <\/strong><\/em>a \u00e9t\u00e9 con\u00e7ue pour nourrir et revitaliser en profondeur la peau afin de fournir de puissants bienfaits anti-\u00e2ge tout en favorisant un teint plus sain et plus revitalis\u00e9. Cette cr\u00e8me est agr\u00e9ablement et l\u00e9g\u00e8rement parfum\u00e9e avec un m\u00e9lange d\u2019huiles essentielles biologiques de lavande, d\u2019absolue de vanille et d\u2019agrumes.<\/p>\n<p><strong>Cr\u00e8me formul\u00e9e pour peau mature, combinason et huileuse<\/strong><\/p>\n<p><em><strong>Mode d&#8217;emploi :<\/strong> <\/em><\/p>\n<p><span style=\"font-size: 16px;\">Appliquer sur le visage et le cou en massant avec soin jusqu\u2019\u00e0 p\u00e9n\u00e9tration compl\u00e8te.<\/span><\/p>\n<p><strong>Ingr\u00e9dients: <\/strong>eau d\u00e9sionis\u00e9e, Dioscorea Villosa ( igname sauvage), Soja (Soybean) st\u00e9rols de soja, Palmitoyl Pentapeptide-3, Cucumis Sativus (concombre), Vitis Vinifera (raisin), FucusVesiculosus (fucus), Saccharomyces cerevisiae (levure)\/<strong>ACB Bio-Chelate 5 PF<\/strong> (ferment de 5 min\u00e9raux marins), Paullinia Cupana (Guarana), Chamomilla Matricaria (Chamomile\/ camomille), glyc\u00e9rine v\u00e9g\u00e9tale, Camellia Sinensis (th\u00e9 vert japonais), prot\u00e9ine de bl\u00e9 hydrolys\u00e9e, Ganoderma Lucidum (Champignon de Mannentake) &amp; Lentinus Edodes (Champignon Shiitake), extrait d&rsquo;algues, &amp; m\u00e9lange des huiles essentielles biologiques de lavande, d&rsquo;absolue de vanille et d&rsquo;agrumes.<\/p>\n","protected":false},"excerpt":{"rendered":"<p><strong>La Cr\u00e8me de Nuit Naturelle Liftante et Raffermissante de Nia Pure Nature<\/strong> est une cr\u00e8me hydratante intensive qui contient la plus haute concentration d&rsquo;antioxydants, d&rsquo;extraits purs de plantes raffermissantes et d&rsquo;un puissant peptide pour repulper, lifter et raffermir la peau, lui donnant ainsi une apparence plus lisse, repos\u00e9e et jeune. Dans cette cr\u00e8me de nuit enti\u00e8rement naturelle, nous avons combin\u00e9 de nombreux ingr\u00e9dients pour couvrir une large gamme de types de peau et leurs diff\u00e9rents changements.<\/p>\n<ul>\n<li>Lift la peau affaiss\u00e9e<\/li>\n<li>Restaure l&rsquo;\u00e9lasticit\u00e9 et la fermet\u00e9<\/li>\n<li>R\u00e9duit les rides profondes et les ridules<\/li>\n<li>Nourrit et hydrate la peau<\/li>\n<li>Donne \u00e0 la peau un \u00e9clat naturel durable<\/li>\n<li>70 % d&rsquo;ingr\u00e9dients biologiques<\/li>\n<li>Sans parab\u00e8nes ni produits chimiques<\/li>\n<\/ul>\n","protected":false},"featured_media":13450,"comment_status":"open","ping_status":"closed","template":"","meta":{"om_disable_all_campaigns":false,"_monsterinsights_skip_tracking":false,"_monsterinsights_sitenote_active":false,"_monsterinsights_sitenote_note":"","_monsterinsights_sitenote_category":0,"site-sidebar-layout":"default","site-content-layout":"default","ast-site-content-layout":"default","site-content-style":"default","site-sidebar-style":"default","ast-global-header-display":"","ast-banner-title-visibility":"","ast-main-header-display":"","ast-hfb-above-header-display":"","ast-hfb-below-header-display":"","ast-hfb-mobile-header-display":"","site-post-title":"","ast-breadcrumbs-content":"","ast-featured-img":"","footer-sml-layout":"","ast-disable-related-posts":"","theme-transparent-header-meta":"default","adv-header-id-meta":"","stick-header-meta":"","header-above-stick-meta":"","header-main-stick-meta":"","header-below-stick-meta":"","astra-migrate-meta-layouts":"set","ast-page-background-enabled":"default","ast-page-background-meta":{"desktop":{"background-color":"","background-image":"","background-repeat":"repeat","background-position":"center center","background-size":"auto","background-attachment":"scroll","background-type":"","background-media":"","overlay-type":"","overlay-color":"","overlay-opacity":"","overlay-gradient":""},"tablet":{"background-color":"","background-image":"","background-repeat":"repeat","background-position":"center center","background-size":"auto","background-attachment":"scroll","background-type":"","background-media":"","overlay-type":"","overlay-color":"","overlay-opacity":"","overlay-gradient":""},"mobile":{"background-color":"","background-image":"","background-repeat":"repeat","background-position":"center center","background-size":"auto","background-attachment":"scroll","background-type":"","background-media":"","overlay-type":"","overlay-color":"","overlay-opacity":"","overlay-gradient":""}},"ast-content-background-meta":{"desktop":{"background-color":"var(--ast-global-color-5)","background-image":"","background-repeat":"repeat","background-position":"center center","background-size":"auto","background-attachment":"scroll","background-type":"","background-media":"","overlay-type":"","overlay-color":"","overlay-opacity":"","overlay-gradient":""},"tablet":{"background-color":"var(--ast-global-color-5)","background-image":"","background-repeat":"repeat","background-position":"center center","background-size":"auto","background-attachment":"scroll","background-type":"","background-media":"","overlay-type":"","overlay-color":"","overlay-opacity":"","overlay-gradient":""},"mobile":{"background-color":"var(--ast-global-color-5)","background-image":"","background-repeat":"repeat","background-position":"center center","background-size":"auto","background-attachment":"scroll","background-type":"","background-media":"","overlay-type":"","overlay-color":"","overlay-opacity":"","overlay-gradient":""}}},"product_brand":[],"product_cat":[1202,1210,1456],"product_tag":[],"class_list":{"0":"post-3990","1":"product","2":"type-product","3":"status-publish","4":"has-post-thumbnail","6":"product_cat-creme-anti-agecreme-anti-age","7":"product_cat-hydratant","8":"product_cat-soins-de-la-peau","9":"desktop-align-left","10":"tablet-align-left","11":"mobile-align-left","12":"ast-product-gallery-layout-vertical","13":"ast-product-tabs-layout-vertical","14":"ast-qv-on-image","16":"first","17":"instock","18":"sale","19":"taxable","20":"shipping-taxable","21":"purchasable","22":"product-type-simple"},"aioseo_notices":[],"jetpack-related-posts":[],"jetpack_sharing_enabled":true,"_links":{"self":[{"href":"https:\/\/niapurenature.com\/fr\/wp-json\/wp\/v2\/product\/3990","targetHints":{"allow":["GET"]}}],"collection":[{"href":"https:\/\/niapurenature.com\/fr\/wp-json\/wp\/v2\/product"}],"about":[{"href":"https:\/\/niapurenature.com\/fr\/wp-json\/wp\/v2\/types\/product"}],"replies":[{"embeddable":true,"href":"https:\/\/niapurenature.com\/fr\/wp-json\/wp\/v2\/comments?post=3990"}],"wp:featuredmedia":[{"embeddable":true,"href":"https:\/\/niapurenature.com\/fr\/wp-json\/wp\/v2\/media\/13450"}],"wp:attachment":[{"href":"https:\/\/niapurenature.com\/fr\/wp-json\/wp\/v2\/media?parent=3990"}],"wp:term":[{"taxonomy":"product_brand","embeddable":true,"href":"https:\/\/niapurenature.com\/fr\/wp-json\/wp\/v2\/product_brand?post=3990"},{"taxonomy":"product_cat","embeddable":true,"href":"https:\/\/niapurenature.com\/fr\/wp-json\/wp\/v2\/product_cat?post=3990"},{"taxonomy":"product_tag","embeddable":true,"href":"https:\/\/niapurenature.com\/fr\/wp-json\/wp\/v2\/product_tag?post=3990"}],"curies":[{"name":"wp","href":"https:\/\/api.w.org\/{rel}","templated":true}]}}