{"id":3991,"date":"2020-12-15T10:59:32","date_gmt":"2020-12-15T10:59:32","guid":{"rendered":"http:\/\/niapurenature.com\/?post_type=product&#038;p=3991"},"modified":"2023-06-06T13:05:39","modified_gmt":"2023-06-06T17:05:39","slug":"ageless-creme-de-jour-naturelle-fermete-eclat","status":"publish","type":"product","link":"https:\/\/niapurenature.com\/fr\/product\/ageless-creme-de-jour-naturelle-fermete-eclat","title":{"rendered":"Nouveau! Ageless &#8211; Cr\u00e8me de jour naturelle fermet\u00e9 &#038; \u00e9clat"},"content":{"rendered":"<h2>Description<\/h2>\n<p><em><strong>La cr\u00e8me de jour Nia Pure Nature Ageless Firm &amp; Glow<\/strong> <\/em>offre la plus haute concentration d&rsquo;extraits botaniques purs et riches en antioxydants, ainsi qu&rsquo;un puissant peptide pour reconstruire la fermet\u00e9, revitaliser et am\u00e9liorer l&rsquo;\u00e9clat du visage. Dans cette cr\u00e8me de jour enti\u00e8rement naturelle, nous avons combin\u00e9 de nombreux ingr\u00e9dients pour couvrir une large gamme de types de peau et leurs diff\u00e9rents changements.<\/p>\n<p><em><strong>La cr\u00e8me de jour naturelle Nia Pure Nature Ageless Firm &amp; Glow<\/strong> <\/em>est formul\u00e9e avec des extraits concentr\u00e9s de cynorrhodon et de guarana, con\u00e7us pour r\u00e9duire consid\u00e9rablement et pr\u00e9venir les rides profondes et les ridules.<\/p>\n<p><strong>ACB Bio-Chelate 5 PF<\/strong> dans cette cr\u00e8me de jour avanc\u00e9e contient 5 min\u00e9raux essentiels ferment\u00e9s : le silicium, le magn\u00e9sium, le cuivre, le fer et le zinc, tous d\u00e9riv\u00e9s de la levure <strong>Saccharomyces cerevisiae.<\/strong> La fermentation de ces min\u00e9raux am\u00e9liore leur biodisponibilit\u00e9, et donc les min\u00e9raux peuvent \u00eatre facilement absorb\u00e9s par la peau. Cet ingr\u00e9dient am\u00e9liore la fonction barri\u00e8re, offre des bienfaits anti-inflammatoires, augmente l&rsquo;expression des facteurs de croissance, diminue les facteurs li\u00e9s au stress et augmente la production d&rsquo;\u00e9nergie cellulaire.<\/p>\n<p><em><strong>La cr\u00e8me de jour naturelle Nia Pure Nature Ageless Firm &amp; Glow<\/strong><\/em> a \u00e9t\u00e9 con\u00e7ue pour nourrir et conditionner en profondeur la peau et les cheveux afin de fournir de puissants bienfaits anti-\u00e2ge tout en favorisant un teint plus sain et revitalis\u00e9. Cette cr\u00e8me a une fragrance agr\u00e9able et tr\u00e8s l\u00e9g\u00e8re d&rsquo;un m\u00e9lange d&rsquo;huiles essentielles biologiques de lavande, de vanille absolue, de menthe verte et d&rsquo;agrumes.<\/p>\n<p><strong>Formul\u00e9e pour les peaux matures, mixtes et grasses.<\/strong><\/p>\n<p><em><strong>Mode d&#8217;emploi :<\/strong><\/em><br \/>\nAppliquer sur le visage et le cou, masser d\u00e9licatement jusqu&rsquo;\u00e0 absorption compl\u00e8te.<\/p>\n<p><em><strong>Ingr\u00e9dients :<\/strong><\/em><br \/>\nSoja (st\u00e9rols de soja), Palmitoyl Pentapeptide-3, Rosa canina (cynorrhodon\/rose musqu\u00e9e), Cucumis Sativus (concombre), Vitis Vinifera (raisin), Fucus Vesiculosus (varech), Saccharomyces cerevisiae (levure)\/ACB Bio-Chelate 5 PF (5 min\u00e9raux marins ferment\u00e9s), Paullinia Cupana (guarana), Chamomilla Matricaria (camomille), Glyc\u00e9rine v\u00e9g\u00e9tale, Camellia Sinensis (th\u00e9 vert japonais), Prot\u00e9ine de bl\u00e9 hydrolys\u00e9e, Ganoderma Lucidum (champignon Mannentake) &amp; Lentinus Edodes (champignon Shiitake), et extrait d&rsquo;algues.<\/p>\n","protected":false},"excerpt":{"rendered":"<p><strong>La Cr\u00e8me de Jour Naturelle Fermet\u00e9 et \u00c9clat de Nia Pure Nature<\/strong> offre la plus haute concentration d&rsquo;extraits botaniques purs et riches en antioxydants, ainsi qu&rsquo;un puissant peptide pour reconstruire la fermet\u00e9, revitaliser et am\u00e9liorer l&rsquo;\u00e9clat du visage. Dans cette cr\u00e8me de jour enti\u00e8rement naturelle, nous avons combin\u00e9 de nombreux ingr\u00e9dients pour couvrir une large gamme de types de peau et leurs diff\u00e9rents changements.<\/p>\n<ul>\n<li>Restaure l&rsquo;\u00e9lasticit\u00e9 et la fermet\u00e9<\/li>\n<li>R\u00e9duit les rides profondes et les ridules<\/li>\n<li>Nourrit et hydrate en profondeur<\/li>\n<li>Donne \u00e0 la peau un \u00e9clat naturel et durable<\/li>\n<li>Contient des antioxydants pour prot\u00e9ger contre les effets n\u00e9fastes des polluants et divers stress urbains sur la peau<\/li>\n<li>70 % d&rsquo;ingr\u00e9dients biologiques<\/li>\n<li>Sans parab\u00e8nes ni produits chimiques<\/li>\n<\/ul>\n","protected":false},"featured_media":3978,"comment_status":"open","ping_status":"closed","template":"","meta":{"om_disable_all_campaigns":false,"_monsterinsights_skip_tracking":false,"_monsterinsights_sitenote_active":false,"_monsterinsights_sitenote_note":"","_monsterinsights_sitenote_category":0,"site-sidebar-layout":"default","site-content-layout":"default","ast-site-content-layout":"default","site-content-style":"default","site-sidebar-style":"default","ast-global-header-display":"","ast-banner-title-visibility":"","ast-main-header-display":"","ast-hfb-above-header-display":"","ast-hfb-below-header-display":"","ast-hfb-mobile-header-display":"","site-post-title":"","ast-breadcrumbs-content":"","ast-featured-img":"","footer-sml-layout":"","ast-disable-related-posts":"","theme-transparent-header-meta":"default","adv-header-id-meta":"","stick-header-meta":"","header-above-stick-meta":"","header-main-stick-meta":"","header-below-stick-meta":"","astra-migrate-meta-layouts":"default","ast-page-background-enabled":"default","ast-page-background-meta":{"desktop":{"background-color":"","background-image":"","background-repeat":"repeat","background-position":"center center","background-size":"auto","background-attachment":"scroll","background-type":"","background-media":"","overlay-type":"","overlay-color":"","overlay-opacity":"","overlay-gradient":""},"tablet":{"background-color":"","background-image":"","background-repeat":"repeat","background-position":"center center","background-size":"auto","background-attachment":"scroll","background-type":"","background-media":"","overlay-type":"","overlay-color":"","overlay-opacity":"","overlay-gradient":""},"mobile":{"background-color":"","background-image":"","background-repeat":"repeat","background-position":"center center","background-size":"auto","background-attachment":"scroll","background-type":"","background-media":"","overlay-type":"","overlay-color":"","overlay-opacity":"","overlay-gradient":""}},"ast-content-background-meta":{"desktop":{"background-color":"var(--ast-global-color-5)","background-image":"","background-repeat":"repeat","background-position":"center center","background-size":"auto","background-attachment":"scroll","background-type":"","background-media":"","overlay-type":"","overlay-color":"","overlay-opacity":"","overlay-gradient":""},"tablet":{"background-color":"var(--ast-global-color-5)","background-image":"","background-repeat":"repeat","background-position":"center center","background-size":"auto","background-attachment":"scroll","background-type":"","background-media":"","overlay-type":"","overlay-color":"","overlay-opacity":"","overlay-gradient":""},"mobile":{"background-color":"var(--ast-global-color-5)","background-image":"","background-repeat":"repeat","background-position":"center center","background-size":"auto","background-attachment":"scroll","background-type":"","background-media":"","overlay-type":"","overlay-color":"","overlay-opacity":"","overlay-gradient":""}}},"product_brand":[],"product_cat":[1205,1202,1456,1401],"product_tag":[],"class_list":{"0":"post-3991","1":"product","2":"type-product","3":"status-publish","4":"has-post-thumbnail","6":"product_cat-beaute","7":"product_cat-creme-anti-agecreme-anti-age","8":"product_cat-soins-de-la-peau","9":"product_cat-soins-visage-corps-fr","10":"desktop-align-left","11":"tablet-align-left","12":"mobile-align-left","13":"ast-product-gallery-layout-vertical","14":"ast-product-tabs-layout-vertical","15":"ast-qv-on-image","17":"first","18":"instock","19":"taxable","20":"shipping-taxable","21":"purchasable","22":"product-type-simple"},"aioseo_notices":[],"jetpack-related-posts":[],"jetpack_sharing_enabled":true,"_links":{"self":[{"href":"https:\/\/niapurenature.com\/fr\/wp-json\/wp\/v2\/product\/3991","targetHints":{"allow":["GET"]}}],"collection":[{"href":"https:\/\/niapurenature.com\/fr\/wp-json\/wp\/v2\/product"}],"about":[{"href":"https:\/\/niapurenature.com\/fr\/wp-json\/wp\/v2\/types\/product"}],"replies":[{"embeddable":true,"href":"https:\/\/niapurenature.com\/fr\/wp-json\/wp\/v2\/comments?post=3991"}],"wp:featuredmedia":[{"embeddable":true,"href":"https:\/\/niapurenature.com\/fr\/wp-json\/wp\/v2\/media\/3978"}],"wp:attachment":[{"href":"https:\/\/niapurenature.com\/fr\/wp-json\/wp\/v2\/media?parent=3991"}],"wp:term":[{"taxonomy":"product_brand","embeddable":true,"href":"https:\/\/niapurenature.com\/fr\/wp-json\/wp\/v2\/product_brand?post=3991"},{"taxonomy":"product_cat","embeddable":true,"href":"https:\/\/niapurenature.com\/fr\/wp-json\/wp\/v2\/product_cat?post=3991"},{"taxonomy":"product_tag","embeddable":true,"href":"https:\/\/niapurenature.com\/fr\/wp-json\/wp\/v2\/product_tag?post=3991"}],"curies":[{"name":"wp","href":"https:\/\/api.w.org\/{rel}","templated":true}]}}