{"id":4561,"date":"2021-03-08T19:44:44","date_gmt":"2021-03-08T19:44:44","guid":{"rendered":"http:\/\/niapurenature.com\/?post_type=product&#038;p=4561"},"modified":"2024-09-15T19:00:17","modified_gmt":"2024-09-15T23:00:17","slug":"offre-groupee-3-cremes-pour-corps-et-mains","status":"publish","type":"product","link":"https:\/\/niapurenature.com\/fr\/product\/offre-groupee-3-cremes-pour-corps-et-mains","title":{"rendered":"Offre group\u00e9e &#8211; 3 Cr\u00e8mes pour corps et mains"},"content":{"rendered":"<h2>Description<\/h2>\n<p><em><strong>Cette cr\u00e8me pour le corps<\/strong><strong> et les mains enti\u00e8rement naturelle<\/strong><\/em> est compos\u00e9e de beurre de cacao, de beurre de mangue, de beurre de cupua\u00e7u et de beurre de karit\u00e9, m\u00e9lang\u00e9s \u00e0 de l&rsquo;huile de graines de Moringa et d&rsquo;huiles de noix de coco. L&rsquo;huile de Moringa biologique contient des niveaux \u00e9lev\u00e9s de tocoph\u00e9rols et de carot\u00e8ne, qui sont convertis en vitamine A. Les propri\u00e9t\u00e9s antiseptiques et anti-inflammatoires de l&rsquo;huile de Moringa sont connues pour traiter et gu\u00e9rir les l\u00e9g\u00e8res abrasions cutan\u00e9es, tandis que les antioxydants et les nutriments luttent contre les dommages caus\u00e9s par les radicaux libres pouvant endommager les tissus cutan\u00e9s. Le beurre de cupua\u00e7u aide \u00e0 am\u00e9liorer l&rsquo;\u00e9lasticit\u00e9 de la peau en soutenant les prot\u00e9ines de la peau, le collag\u00e8ne et l&rsquo;\u00e9lastine. Chaque beurre a montr\u00e9 son efficacit\u00e9 pour certaines affections cutan\u00e9es tout en offrant des propri\u00e9t\u00e9s suppl\u00e9mentaires d&rsquo;\u00e9lasticit\u00e9 et de conditionnement.<\/p>\n<p><em><strong>Cette cr\u00e8me pour le corps et les mains enti\u00e8rement naturelle<\/strong><\/em> nourrit et r\u00e9pare votre peau tout au long de la journ\u00e9e. Cette cr\u00e8me \u00e0 absorption rapide s&rsquo;\u00e9tale facilement. Elle est enrichie en puissante huile de graines de Moringa biologique et en beurre de cupua\u00e7u biologique. Elle garde votre peau douce et hydrat\u00e9e toute la journ\u00e9e.<\/p>\n<p><em><strong>Mode d&#8217;emploi :<\/strong><\/em><br \/>\nAppliquer la cr\u00e8me sur la zone souhait\u00e9e et masser doucement jusqu&rsquo;\u00e0 absorption compl\u00e8te.<\/p>\n<p><em><strong>Ingr\u00e9dients :<\/strong><\/em><br \/>\nBeurre de cacao biologique (Theobroma Cacao), Huile de coco biologique (Cocos Nucifera), Beurre de karit\u00e9 biologique (Butyrospermum Parkii), Beurre de mangue (Mangifera Indica), Huile de graines de Moringa biologique (Moringa Oleifera), Beurre de cupua\u00e7u biologique (Theobroma Grandiflorum), Huile de palme biologique (Elaeis Guineensis), Tocoph\u00e9rol (Vitamine E), Extrait de feuille de th\u00e9 vert (Camellia Sinensis), Glyc\u00e9rine v\u00e9g\u00e9tale, Gomme xanthane, Glyceryl Caprylate et Sodium Levulinate.<\/p>\n","protected":false},"excerpt":{"rendered":"<p><strong>Le cr\u00e8me pour corps et mains toute naturelle<\/strong> Nia est tr\u00e8s concentr\u00e9e. Elle est formul\u00e9e avec tous les ingr\u00e9dients naturels qui hydratent, r\u00e9parent et nourrissent les mains et le corps tout au long de la journ\u00e9e.<\/p>\n<ul>\n<li>SANS conservateur chimique<\/li>\n<li>SANS parabens<\/li>\n<li>SANS colorant synth\u00e9tique<\/li>\n<li>SANS gluten<\/li>\n<li>SANS phtalates<\/li>\n<li>Vegane<\/li>\n<li>Biologique<\/li>\n<li>100% naturelle<\/li>\n<li>Fabriqu\u00e9 au Canada<\/li>\n<\/ul>\n","protected":false},"featured_media":5299,"comment_status":"open","ping_status":"closed","template":"","meta":{"om_disable_all_campaigns":false,"_monsterinsights_skip_tracking":false,"_monsterinsights_sitenote_active":false,"_monsterinsights_sitenote_note":"","_monsterinsights_sitenote_category":0,"site-sidebar-layout":"default","site-content-layout":"default","ast-site-content-layout":"default","site-content-style":"default","site-sidebar-style":"default","ast-global-header-display":"","ast-banner-title-visibility":"","ast-main-header-display":"","ast-hfb-above-header-display":"","ast-hfb-below-header-display":"","ast-hfb-mobile-header-display":"","site-post-title":"","ast-breadcrumbs-content":"","ast-featured-img":"","footer-sml-layout":"","ast-disable-related-posts":"","theme-transparent-header-meta":"default","adv-header-id-meta":"","stick-header-meta":"","header-above-stick-meta":"","header-main-stick-meta":"","header-below-stick-meta":"","astra-migrate-meta-layouts":"set","ast-page-background-enabled":"default","ast-page-background-meta":{"desktop":{"background-color":"","background-image":"","background-repeat":"repeat","background-position":"center center","background-size":"auto","background-attachment":"scroll","background-type":"","background-media":"","overlay-type":"","overlay-color":"","overlay-opacity":"","overlay-gradient":""},"tablet":{"background-color":"","background-image":"","background-repeat":"repeat","background-position":"center center","background-size":"auto","background-attachment":"scroll","background-type":"","background-media":"","overlay-type":"","overlay-color":"","overlay-opacity":"","overlay-gradient":""},"mobile":{"background-color":"","background-image":"","background-repeat":"repeat","background-position":"center center","background-size":"auto","background-attachment":"scroll","background-type":"","background-media":"","overlay-type":"","overlay-color":"","overlay-opacity":"","overlay-gradient":""}},"ast-content-background-meta":{"desktop":{"background-color":"var(--ast-global-color-5)","background-image":"","background-repeat":"repeat","background-position":"center center","background-size":"auto","background-attachment":"scroll","background-type":"","background-media":"","overlay-type":"","overlay-color":"","overlay-opacity":"","overlay-gradient":""},"tablet":{"background-color":"var(--ast-global-color-5)","background-image":"","background-repeat":"repeat","background-position":"center center","background-size":"auto","background-attachment":"scroll","background-type":"","background-media":"","overlay-type":"","overlay-color":"","overlay-opacity":"","overlay-gradient":""},"mobile":{"background-color":"var(--ast-global-color-5)","background-image":"","background-repeat":"repeat","background-position":"center center","background-size":"auto","background-attachment":"scroll","background-type":"","background-media":"","overlay-type":"","overlay-color":"","overlay-opacity":"","overlay-gradient":""}}},"product_brand":[],"product_cat":[1205,1404,1455,1400,1459,1456],"product_tag":[1012,1013,1024,1016,1014,1025,1019,1018,1017,1015,146,949,138,1023,1041,1042,1040,1033,1021],"class_list":{"0":"post-4561","1":"product","2":"type-product","3":"status-publish","4":"has-post-thumbnail","6":"product_cat-beaute","7":"product_cat-cremes-pour-les-mains-corps","8":"product_cat-ensembles-de-produits","9":"product_cat-offres-groupees","10":"product_cat-produits-en-soldes","11":"product_cat-soins-de-la-peau","12":"product_tag-100-pur","13":"product_tag-biologique","14":"product_tag-chapped","15":"product_tag-corps","16":"product_tag-creme","17":"product_tag-damaged","18":"product_tag-huile","19":"product_tag-hydratant","20":"product_tag-local","21":"product_tag-mains","22":"product_tag-moringa-fr","23":"product_tag-naturel","24":"product_tag-organic-fr","25":"product_tag-personalcare","26":"product_tag-pour-mains-gercees","27":"product_tag-pure-fr","28":"product_tag-sans-cruaute","29":"product_tag-sans-gluten","30":"product_tag-vegane","31":"desktop-align-left","32":"tablet-align-left","33":"mobile-align-left","34":"ast-product-gallery-layout-vertical","35":"ast-product-tabs-layout-vertical","36":"ast-qv-on-image","38":"first","39":"instock","40":"sale","41":"taxable","42":"shipping-taxable","43":"purchasable","44":"product-type-simple"},"aioseo_notices":[],"jetpack-related-posts":[],"jetpack_sharing_enabled":true,"_links":{"self":[{"href":"https:\/\/niapurenature.com\/fr\/wp-json\/wp\/v2\/product\/4561","targetHints":{"allow":["GET"]}}],"collection":[{"href":"https:\/\/niapurenature.com\/fr\/wp-json\/wp\/v2\/product"}],"about":[{"href":"https:\/\/niapurenature.com\/fr\/wp-json\/wp\/v2\/types\/product"}],"replies":[{"embeddable":true,"href":"https:\/\/niapurenature.com\/fr\/wp-json\/wp\/v2\/comments?post=4561"}],"wp:featuredmedia":[{"embeddable":true,"href":"https:\/\/niapurenature.com\/fr\/wp-json\/wp\/v2\/media\/5299"}],"wp:attachment":[{"href":"https:\/\/niapurenature.com\/fr\/wp-json\/wp\/v2\/media?parent=4561"}],"wp:term":[{"taxonomy":"product_brand","embeddable":true,"href":"https:\/\/niapurenature.com\/fr\/wp-json\/wp\/v2\/product_brand?post=4561"},{"taxonomy":"product_cat","embeddable":true,"href":"https:\/\/niapurenature.com\/fr\/wp-json\/wp\/v2\/product_cat?post=4561"},{"taxonomy":"product_tag","embeddable":true,"href":"https:\/\/niapurenature.com\/fr\/wp-json\/wp\/v2\/product_tag?post=4561"}],"curies":[{"name":"wp","href":"https:\/\/api.w.org\/{rel}","templated":true}]}}