{"id":4594,"date":"2021-03-19T03:25:31","date_gmt":"2021-03-19T03:25:31","guid":{"rendered":"http:\/\/niapurenature.com\/?post_type=product&#038;p=4594"},"modified":"2026-01-23T09:38:06","modified_gmt":"2026-01-23T14:38:06","slug":"nouveau-creme-de-nuit-reparatrice-au-moringa-anti-age-pure","status":"publish","type":"product","link":"https:\/\/niapurenature.com\/fr\/product\/nouveau-creme-de-nuit-reparatrice-au-moringa-anti-age-pure","title":{"rendered":"Nouveau! Cr\u00e8me de nuit r\u00e9paratrice au Moringa &#8211; Anti-\u00e2ge PURE"},"content":{"rendered":"<h2>Description<\/h2>\n<p><em><strong>La Cr\u00e8me de Nuit R\u00e9g\u00e9n\u00e9rante Anti-\u00c2ge \u00e0 la Moringa de Nia PURE<\/strong><\/em> est une formule am\u00e9lior\u00e9e de notre Cr\u00e8me de Nuit \u00e0 la Moringa Nia avec l&rsquo;ajout de peptides pour revitaliser en profondeur et am\u00e9liorer la texture et la fermet\u00e9 de la peau pendant la nuit. Elle donne l&rsquo;apparence d&rsquo;une peau repulp\u00e9e, d&rsquo;un teint clarifi\u00e9 et de rides visiblement r\u00e9duites. Lorsque vous l&rsquo;appliquez r\u00e9guli\u00e8rement, vous verrez votre visage rayonner chaque matin.<\/p>\n<p>Chaque ingr\u00e9dient de cette cr\u00e8me a une force, c&rsquo;est pourquoi nous avons combin\u00e9 de nombreux ingr\u00e9dients dans notre complexe pour couvrir une large gamme de types de peau et leurs divers changements.<\/p>\n<ul>\n<li><strong>L&rsquo;huile de moringa biologique<\/strong> contenue dans cette Cr\u00e8me de Nuit \u00e0 la Moringa nourrit et r\u00e9pare votre peau pendant le sommeil. L&rsquo;huile de moringa biologique contient 72 % d&rsquo;acides ol\u00e9iques, 36 types d&rsquo;antioxydants, des vitamines A et E, de l&rsquo;acide linol\u00e9ique, des acides gras om\u00e9ga et 46 types d&rsquo;agents anti-inflammatoires. Elle \u00e9limine et pr\u00e9vient les imperfections, les points noirs et les rides. Elle r\u00e9duit les pores et raffermit la peau pour une peau naturelle, \u00e9clatante et jeune.<\/li>\n<li><strong>Extrait de raisin et th\u00e9 vert japonais :<\/strong> Ces extraits sont riches en flavono\u00efdes, des phytochimiques qui ont des propri\u00e9t\u00e9s antioxydantes similaires \u00e0 la vitamine C et \u00e0 la vitamine E. Les antioxydants sont r\u00e9put\u00e9s pour pr\u00e9venir et contr\u00f4ler de nombreux probl\u00e8mes en prot\u00e9geant les cellules contre les ravages des mol\u00e9cules d&rsquo;oxyg\u00e8ne instables appel\u00e9es radicaux libres, caus\u00e9s par une exposition excessive au soleil et aux agressions environnementales.<\/li>\n<li><strong>Champignon sauvage :<\/strong> Un astringent naturel qui am\u00e9liore la fermet\u00e9 de la peau tout en diminuant l&rsquo;apparence des pores.<\/li>\n<li><strong>Concombre :<\/strong> C&rsquo;est un astringent naturel qui aide \u00e0 resserrer les pores. Il contient du potassium, du silicium et du soufre. Le concombre procure une sensation apaisante lorsqu&rsquo;il est appliqu\u00e9 sur la peau. Cet ingr\u00e9dient agit comme un anti-inflammatoire, un excellent apaisant pour la peau et un composant conditionneur de la peau.<\/li>\n<li><strong>Prot\u00e9ine de pois :<\/strong> Offre des acides amin\u00e9s facilement absorb\u00e9s par la peau. Cet ingr\u00e9dient poss\u00e8de une combinaison de propri\u00e9t\u00e9s \u00e9quilibrantes en mati\u00e8re d&rsquo;hydratation et de formation de film, ce qui procure une sensation apaisante.<\/li>\n<\/ul>\n<p><em><strong>La Cr\u00e8me de Nuit R\u00e9g\u00e9n\u00e9rante Anti-\u00c2ge \u00e0 la Moringa de Nia PURE<\/strong><\/em> est agr\u00e9ablement parfum\u00e9e avec un m\u00e9lange d&rsquo;huiles essentielles biologiques de lavande, de vanille, de menthe verte et d&rsquo;agrumes.<\/p>\n<p><em><strong>Mode d&#8217;emploi :<\/strong><\/em><br \/>\nAppliquer sur le visage et le cou, masser d\u00e9licatement jusqu&rsquo;\u00e0 absorption compl\u00e8te.<\/p>\n<p><em><strong>Ingr\u00e9dients :<\/strong><\/em><\/p>\n<p>Jus de feuille d&rsquo;Aloe Barbadensis, Glyceryl Stearate, Huile d&rsquo;Avocat (Persea Gratissima), Huile de Graines de Moringa Oleifera Biologique, Huile de Jojoba (Simmondsia Chinensis), Huile de P\u00e9pins de Raisin (Vitis Vinifera), Glyc\u00e9rine, Triglyc\u00e9ride Caprylique\/Caprique, Beurre de Karit\u00e9 (Butyrospermum Parkii), Palmitoyl Pentapeptide-3, Concombre (Cucumis Sativus), Camomille Matricaire (Chamomile), Th\u00e9 Vert Japonais (Camellia Sinensis), Peptide de Pois (Pisum Sativum), Ganoderma Lucidum (Champignon Mannentake) et Lentinus Edodes (Champignon Shiitake).<\/p>\n<p>Pour en savoir plus sur <a href=\"\/?page_id=1867\">le Moringa Oleifera<\/a><\/p>\n<p><strong>Pour tous les types de peau<\/strong><\/p>\n","protected":false},"excerpt":{"rendered":"<p><strong>La Cr\u00e8me Nuit R\u00e9g\u00e9n\u00e9rante Anti-\u00c2ge de Nia Pure Nature<\/strong> est une formule am\u00e9lior\u00e9e de notre <strong>Cr\u00e8me Nuit Moringa Nia<\/strong> avec l&rsquo;ajout de peptides pour revitaliser en profondeur et am\u00e9liorer la texture et la fermet\u00e9 de la peau pendant la nuit. Elle donne l&rsquo;apparence d&rsquo;une peau repulp\u00e9e, d&rsquo;un teint \u00e9clairci et de rides visiblement r\u00e9duites. Lorsque vous l&rsquo;appliquez r\u00e9guli\u00e8rement, vous verrez votre visage rayonner chaque matin.<\/p>\n<ul>\n<li>Raffermit la peau<\/li>\n<li>Revitalise la peau<\/li>\n<li>R\u00e9duit les rides<\/li>\n<li>Hydrate en profondeur<\/li>\n<li>Nourrit la peau<\/li>\n<li>Fabriqu\u00e9e avec des extraits purs<\/li>\n<li>80 % d&rsquo;ingr\u00e9dients biologiques<\/li>\n<li>Sans parab\u00e8ne ni ingr\u00e9dients chimiques<\/li>\n<li>Emballage respectueux de l&rsquo;environnement<\/li>\n<\/ul>\n","protected":false},"featured_media":4592,"comment_status":"open","ping_status":"closed","template":"","meta":{"om_disable_all_campaigns":false,"_monsterinsights_skip_tracking":false,"_monsterinsights_sitenote_active":false,"_monsterinsights_sitenote_note":"","_monsterinsights_sitenote_category":0,"site-sidebar-layout":"default","site-content-layout":"default","ast-site-content-layout":"default","site-content-style":"default","site-sidebar-style":"default","ast-global-header-display":"","ast-banner-title-visibility":"","ast-main-header-display":"","ast-hfb-above-header-display":"","ast-hfb-below-header-display":"","ast-hfb-mobile-header-display":"","site-post-title":"","ast-breadcrumbs-content":"","ast-featured-img":"","footer-sml-layout":"","ast-disable-related-posts":"","theme-transparent-header-meta":"default","adv-header-id-meta":"","stick-header-meta":"","header-above-stick-meta":"","header-main-stick-meta":"","header-below-stick-meta":"","astra-migrate-meta-layouts":"default","ast-page-background-enabled":"default","ast-page-background-meta":{"desktop":{"background-color":"","background-image":"","background-repeat":"repeat","background-position":"center center","background-size":"auto","background-attachment":"scroll","background-type":"","background-media":"","overlay-type":"","overlay-color":"","overlay-opacity":"","overlay-gradient":""},"tablet":{"background-color":"","background-image":"","background-repeat":"repeat","background-position":"center center","background-size":"auto","background-attachment":"scroll","background-type":"","background-media":"","overlay-type":"","overlay-color":"","overlay-opacity":"","overlay-gradient":""},"mobile":{"background-color":"","background-image":"","background-repeat":"repeat","background-position":"center center","background-size":"auto","background-attachment":"scroll","background-type":"","background-media":"","overlay-type":"","overlay-color":"","overlay-opacity":"","overlay-gradient":""}},"ast-content-background-meta":{"desktop":{"background-color":"var(--ast-global-color-5)","background-image":"","background-repeat":"repeat","background-position":"center center","background-size":"auto","background-attachment":"scroll","background-type":"","background-media":"","overlay-type":"","overlay-color":"","overlay-opacity":"","overlay-gradient":""},"tablet":{"background-color":"var(--ast-global-color-5)","background-image":"","background-repeat":"repeat","background-position":"center center","background-size":"auto","background-attachment":"scroll","background-type":"","background-media":"","overlay-type":"","overlay-color":"","overlay-opacity":"","overlay-gradient":""},"mobile":{"background-color":"var(--ast-global-color-5)","background-image":"","background-repeat":"repeat","background-position":"center center","background-size":"auto","background-attachment":"scroll","background-type":"","background-media":"","overlay-type":"","overlay-color":"","overlay-opacity":"","overlay-gradient":""}}},"product_brand":[],"product_cat":[1202,1210,1456],"product_tag":[146,138],"class_list":{"0":"post-4594","1":"product","2":"type-product","3":"status-publish","4":"has-post-thumbnail","6":"product_cat-creme-anti-agecreme-anti-age","7":"product_cat-hydratant","8":"product_cat-soins-de-la-peau","9":"product_tag-moringa-fr","10":"product_tag-organic-fr","11":"desktop-align-left","12":"tablet-align-left","13":"mobile-align-left","14":"ast-product-gallery-layout-vertical","15":"ast-product-tabs-layout-vertical","16":"ast-qv-on-image","18":"first","19":"instock","20":"taxable","21":"shipping-taxable","22":"purchasable","23":"product-type-simple"},"aioseo_notices":[],"jetpack-related-posts":[],"jetpack_sharing_enabled":true,"_links":{"self":[{"href":"https:\/\/niapurenature.com\/fr\/wp-json\/wp\/v2\/product\/4594","targetHints":{"allow":["GET"]}}],"collection":[{"href":"https:\/\/niapurenature.com\/fr\/wp-json\/wp\/v2\/product"}],"about":[{"href":"https:\/\/niapurenature.com\/fr\/wp-json\/wp\/v2\/types\/product"}],"replies":[{"embeddable":true,"href":"https:\/\/niapurenature.com\/fr\/wp-json\/wp\/v2\/comments?post=4594"}],"wp:featuredmedia":[{"embeddable":true,"href":"https:\/\/niapurenature.com\/fr\/wp-json\/wp\/v2\/media\/4592"}],"wp:attachment":[{"href":"https:\/\/niapurenature.com\/fr\/wp-json\/wp\/v2\/media?parent=4594"}],"wp:term":[{"taxonomy":"product_brand","embeddable":true,"href":"https:\/\/niapurenature.com\/fr\/wp-json\/wp\/v2\/product_brand?post=4594"},{"taxonomy":"product_cat","embeddable":true,"href":"https:\/\/niapurenature.com\/fr\/wp-json\/wp\/v2\/product_cat?post=4594"},{"taxonomy":"product_tag","embeddable":true,"href":"https:\/\/niapurenature.com\/fr\/wp-json\/wp\/v2\/product_tag?post=4594"}],"curies":[{"name":"wp","href":"https:\/\/api.w.org\/{rel}","templated":true}]}}