{"id":4597,"date":"2021-03-19T05:44:39","date_gmt":"2021-03-19T05:44:39","guid":{"rendered":"http:\/\/niapurenature.com\/?post_type=product&#038;p=4597"},"modified":"2023-06-06T12:57:46","modified_gmt":"2023-06-06T16:57:46","slug":"nouveau-serum-contour-des-yeux-au-moringa","status":"publish","type":"product","link":"https:\/\/niapurenature.com\/fr\/product\/nouveau-serum-contour-des-yeux-au-moringa","title":{"rendered":"Nouveau! S\u00e9rum Contour des Yeux au Moringa"},"content":{"rendered":"<h2>Description<\/h2>\n<p>Ce s\u00e9rum contour des yeux <strong>Nia PURE \u00e0 haute puissance<\/strong> est concentr\u00e9 en extraits actifs naturels rajeunissants et en antioxydants pour aider \u00e0 att\u00e9nuer l&rsquo;apparence des rides et des cernes sous les yeux. Les peptides renforcent la fermet\u00e9 et la tonicit\u00e9 de la zone des yeux, tandis que les extraits de guarana et de th\u00e9 vert riches en caf\u00e9ine stimulent la production de collag\u00e8ne et am\u00e9liorent l&rsquo;apparence des poches sous les yeux. Ce s\u00e9rum procure un effet rafra\u00eechissant sur la peau qui soulage les poches et les cernes sous les yeux.<\/p>\n<ul>\n<li>Ce s\u00e9rum pur hydrate en profondeur, tonifie et raffermit la peau autour des yeux, vous laissant une sensation de fra\u00eecheur. Utilisez ce s\u00e9rum contour des yeux matin et soir pour r\u00e9v\u00e9ler un aspect plus lumineux et plus jeune.<\/li>\n<li>Ce s\u00e9rum hydrate en profondeur pour laisser la zone d\u00e9licate des yeux douce, apais\u00e9e et rafra\u00eechie.<\/li>\n<li>Il contient 100% d&rsquo;ingr\u00e9dients naturels purs.<\/li>\n<\/ul>\n<p><em><strong>Mode d&#8217;emploi :<\/strong><\/em><br \/>\nAppliquer matin et soir sur la peau autour de la zone des yeux.<\/p>\n<p><em><strong>Ingr\u00e9dients :<\/strong><\/em><br \/>\nSt\u00e9rols de soja (soja), palmitoyl pentapeptide-3, huile d&rsquo;Organic Moringa Oleifera, Cucumis Sativus (concombre), Dioscorea Villosa (igname sauvage), Vitis Vinifera (raisin), Fucus Vesiculosus (varech), Saccharomyces (ferment min\u00e9ral marin), Paullinia Cupana (guarana), Chamomilla Matricaria (camomille), glyc\u00e9rine v\u00e9g\u00e9tale, Camellia Sinensis (th\u00e9 vert japonais), prot\u00e9ine de bl\u00e9 hydrolys\u00e9e, Ganoderma Lucidum (champignon Mannentake) et Lentinus Edodes (champignon Shiitake), extrait d&rsquo;algues et Vanilla planifolia (vanille).<\/p>\n","protected":false},"excerpt":{"rendered":"<p><strong>Ce s\u00e9rum contour des yeux Nia PURE \u00e0 base de Moringa<\/strong> \u00e0 haute concentration est enrichi d&rsquo;extraits actifs naturels r\u00e9g\u00e9n\u00e9rants et d&rsquo;antioxydants pour aider \u00e0 att\u00e9nuer l&rsquo;apparence des rides et des cernes sous les yeux. Ce s\u00e9rum procure une sensation de fra\u00eecheur sur la peau qui stimule la production de collag\u00e8ne et am\u00e9liore l&rsquo;apparence g\u00e9n\u00e9rale des poches sous les yeux.<\/p>\n<ul>\n<li>Apaise les poches et les cernes sous les yeux<\/li>\n<li>R\u00e9duit les cernes et les pattes d&rsquo;oie<\/li>\n<li>Att\u00e9nue les ridules et les rides<\/li>\n<li>Non gras et facilement absorb\u00e9<\/li>\n<li>100 % d&rsquo;extraits purs<\/li>\n<li>Conservateur naturel<\/li>\n<li>80 % d&rsquo;ingr\u00e9dients biologiques<\/li>\n<li>Sans parab\u00e8ne<\/li>\n<li>Non test\u00e9 sur les animaux<\/li>\n<li>Emballage respectueux de l&rsquo;environnement<\/li>\n<\/ul>\n","protected":false},"featured_media":4538,"comment_status":"open","ping_status":"closed","template":"","meta":{"om_disable_all_campaigns":false,"_monsterinsights_skip_tracking":false,"_monsterinsights_sitenote_active":false,"_monsterinsights_sitenote_note":"","_monsterinsights_sitenote_category":0,"site-sidebar-layout":"default","site-content-layout":"default","ast-site-content-layout":"default","site-content-style":"default","site-sidebar-style":"default","ast-global-header-display":"","ast-banner-title-visibility":"","ast-main-header-display":"","ast-hfb-above-header-display":"","ast-hfb-below-header-display":"","ast-hfb-mobile-header-display":"","site-post-title":"","ast-breadcrumbs-content":"","ast-featured-img":"","footer-sml-layout":"","ast-disable-related-posts":"","theme-transparent-header-meta":"default","adv-header-id-meta":"","stick-header-meta":"","header-above-stick-meta":"","header-main-stick-meta":"","header-below-stick-meta":"","astra-migrate-meta-layouts":"default","ast-page-background-enabled":"default","ast-page-background-meta":{"desktop":{"background-color":"","background-image":"","background-repeat":"repeat","background-position":"center center","background-size":"auto","background-attachment":"scroll","background-type":"","background-media":"","overlay-type":"","overlay-color":"","overlay-opacity":"","overlay-gradient":""},"tablet":{"background-color":"","background-image":"","background-repeat":"repeat","background-position":"center center","background-size":"auto","background-attachment":"scroll","background-type":"","background-media":"","overlay-type":"","overlay-color":"","overlay-opacity":"","overlay-gradient":""},"mobile":{"background-color":"","background-image":"","background-repeat":"repeat","background-position":"center center","background-size":"auto","background-attachment":"scroll","background-type":"","background-media":"","overlay-type":"","overlay-color":"","overlay-opacity":"","overlay-gradient":""}},"ast-content-background-meta":{"desktop":{"background-color":"var(--ast-global-color-5)","background-image":"","background-repeat":"repeat","background-position":"center center","background-size":"auto","background-attachment":"scroll","background-type":"","background-media":"","overlay-type":"","overlay-color":"","overlay-opacity":"","overlay-gradient":""},"tablet":{"background-color":"var(--ast-global-color-5)","background-image":"","background-repeat":"repeat","background-position":"center center","background-size":"auto","background-attachment":"scroll","background-type":"","background-media":"","overlay-type":"","overlay-color":"","overlay-opacity":"","overlay-gradient":""},"mobile":{"background-color":"var(--ast-global-color-5)","background-image":"","background-repeat":"repeat","background-position":"center center","background-size":"auto","background-attachment":"scroll","background-type":"","background-media":"","overlay-type":"","overlay-color":"","overlay-opacity":"","overlay-gradient":""}}},"product_brand":[],"product_cat":[1202,1210,1207,1456],"product_tag":[146,138],"class_list":{"0":"post-4597","1":"product","2":"type-product","3":"status-publish","4":"has-post-thumbnail","6":"product_cat-creme-anti-agecreme-anti-age","7":"product_cat-hydratant","8":"product_cat-serum-contour-des-yeux","9":"product_cat-soins-de-la-peau","10":"product_tag-moringa-fr","11":"product_tag-organic-fr","12":"desktop-align-left","13":"tablet-align-left","14":"mobile-align-left","15":"ast-product-gallery-layout-vertical","16":"ast-product-tabs-layout-vertical","17":"ast-qv-on-image","19":"first","20":"instock","21":"taxable","22":"shipping-taxable","23":"purchasable","24":"product-type-simple"},"aioseo_notices":[],"jetpack-related-posts":[],"jetpack_sharing_enabled":true,"_links":{"self":[{"href":"https:\/\/niapurenature.com\/fr\/wp-json\/wp\/v2\/product\/4597","targetHints":{"allow":["GET"]}}],"collection":[{"href":"https:\/\/niapurenature.com\/fr\/wp-json\/wp\/v2\/product"}],"about":[{"href":"https:\/\/niapurenature.com\/fr\/wp-json\/wp\/v2\/types\/product"}],"replies":[{"embeddable":true,"href":"https:\/\/niapurenature.com\/fr\/wp-json\/wp\/v2\/comments?post=4597"}],"wp:featuredmedia":[{"embeddable":true,"href":"https:\/\/niapurenature.com\/fr\/wp-json\/wp\/v2\/media\/4538"}],"wp:attachment":[{"href":"https:\/\/niapurenature.com\/fr\/wp-json\/wp\/v2\/media?parent=4597"}],"wp:term":[{"taxonomy":"product_brand","embeddable":true,"href":"https:\/\/niapurenature.com\/fr\/wp-json\/wp\/v2\/product_brand?post=4597"},{"taxonomy":"product_cat","embeddable":true,"href":"https:\/\/niapurenature.com\/fr\/wp-json\/wp\/v2\/product_cat?post=4597"},{"taxonomy":"product_tag","embeddable":true,"href":"https:\/\/niapurenature.com\/fr\/wp-json\/wp\/v2\/product_tag?post=4597"}],"curies":[{"name":"wp","href":"https:\/\/api.w.org\/{rel}","templated":true}]}}