{"id":4604,"date":"2021-03-19T08:21:55","date_gmt":"2021-03-19T08:21:55","guid":{"rendered":"http:\/\/niapurenature.com\/?post_type=product&#038;p=4604"},"modified":"2023-06-06T12:49:16","modified_gmt":"2023-06-06T16:49:16","slug":"nouveau-nia-pure-qasil-nettoyant-facial-doux","status":"publish","type":"product","link":"https:\/\/niapurenature.com\/fr\/product\/nouveau-nia-pure-qasil-nettoyant-facial-doux","title":{"rendered":"Nouveau! Nia PURE Qasil &#8211; Nettoyant facial doux"},"content":{"rendered":"<h2>Description<\/h2>\n<p><strong>Nia PURE Qasil<\/strong> est un nettoyant doux avec une grande \u00e9mollience et des propri\u00e9t\u00e9s hydratantes d&rsquo;une lotion. Son action moussante l\u00e9g\u00e8re est d\u00e9riv\u00e9e <strong>du ma\u00efs<\/strong>, <strong>de la noix de coco<\/strong> et <strong>de la betterave \u00e0 sucre<\/strong>, \u00e9mulsionn\u00e9e pour obtenir une consistance cr\u00e9meuse. Les ingr\u00e9dients de ce nettoyant sont utilis\u00e9s pour apaiser, tonifier et agir comme antioxydant sur la peau.<\/p>\n<ul>\n<li><strong>La feuille de Qasil<\/strong>, ingr\u00e9dient secret de ce nettoyant, est ce qui a permis aux femmes somaliennes de conserver un aspect jeune et \u00e9clatant depuis des si\u00e8cles. Cette lotion \u00e0 base de plantes cr\u00e9meuse nettoie en douceur et conditionne la peau, la laissant propre, tonifi\u00e9e et \u00e9clatante !<\/li>\n<li><strong>Les extraits de camomille, d&rsquo;aloe vera, de concombre<\/strong> et <strong>de th\u00e9 vert japonais<\/strong> dans ce nettoyant doux sont utilis\u00e9s pour apaiser, tonifier et agir comme antioxydant sur la peau. Ces extraits botaniques peuvent aider en cas de probl\u00e8mes \u00e9pidermiques et d&rsquo;inflammation. Chacun de ces ingr\u00e9dients a \u00e9t\u00e9 choisi pour ce nettoyant en raison de leur abondance de donn\u00e9es historiques et scientifiques.<\/li>\n<\/ul>\n<p><em><strong>Mode d&#8217;emploi :<\/strong><\/em><br \/>\nAppliquer une quantit\u00e9 de la taille d&rsquo;une pi\u00e8ce de monnaie dans la paume de la main et laver. Rincer abondamment, puis s\u00e9cher en tapotant avec une serviette propre. Peut \u00eatre utilis\u00e9 pour enlever le maquillage. Utiliser ensuite l&rsquo;huile de moringa de Nia Pure Nature. Convient \u00e0 tous les types de peau, m\u00eame les plus sensibles, et peut \u00eatre utilis\u00e9 quotidiennement.<\/p>\n<p><em><strong>Ingr\u00e9dients :<\/strong><\/em><br \/>\nEau d\u00e9sionis\u00e9e, Disodium Cocoamphodiacetate (nettoyant doux et neutre en pH d\u00e9riv\u00e9 de la noix de coco), Decyl Glucoside (nettoyant doux \u00e0 base de sucre), Sucrose Cocoate, Glyceryl Stearate, Extrait de fleur de camomille (camomille), Jus de feuille d&rsquo;aloe vera, Ziziphus mauritiana (feuille de Qasil), Extrait de fruit de concombre, Extrait de feuille de th\u00e9 vert japonais, Cire \u00e9mulsifiante NF, Ph\u00e9noxy\u00e9thanol et Caprylyl Glycol (Optiphen\u00ae), Huile d&rsquo;orange douce, Huile de menthe verte, Huile de lavande et Huile de sapin baumier.<\/p>\n","protected":false},"excerpt":{"rendered":"<p><strong>Le PURE Qasil &#8211; Nettoyant Cr\u00e8me Visage de Nia Pure Nature<\/strong> est un nettoyant doux avec une grande \u00e9mollience et des propri\u00e9t\u00e9s hydratantes d&rsquo;une lotion. Son action moussante l\u00e9g\u00e8re est d\u00e9riv\u00e9e du ma\u00efs, de la noix de coco et de la betterave sucri\u00e8re, et est \u00e9mulsionn\u00e9e pour obtenir une consistance cr\u00e9meuse.<\/p>\n<ul>\n<li>Nettoyage en profondeur harmonisant<\/li>\n<li>Exfolie la peau<\/li>\n<li>Am\u00e9liore la fermet\u00e9<\/li>\n<li>Donne au visage un \u00e9clat naturel<\/li>\n<li>Durable<\/li>\n<li>Non test\u00e9 sur les animaux<\/li>\n<li>Composants biologiques<\/li>\n<li>Sans parab\u00e8ne et sans SLS<\/li>\n<li>Emballage respectueux de l&rsquo;environnement<\/li>\n<\/ul>\n","protected":false},"featured_media":4536,"comment_status":"open","ping_status":"closed","template":"","meta":{"om_disable_all_campaigns":false,"_monsterinsights_skip_tracking":false,"_monsterinsights_sitenote_active":false,"_monsterinsights_sitenote_note":"","_monsterinsights_sitenote_category":0,"site-sidebar-layout":"default","site-content-layout":"default","ast-site-content-layout":"default","site-content-style":"default","site-sidebar-style":"default","ast-global-header-display":"","ast-banner-title-visibility":"","ast-main-header-display":"","ast-hfb-above-header-display":"","ast-hfb-below-header-display":"","ast-hfb-mobile-header-display":"","site-post-title":"","ast-breadcrumbs-content":"","ast-featured-img":"","footer-sml-layout":"","ast-disable-related-posts":"","theme-transparent-header-meta":"default","adv-header-id-meta":"","stick-header-meta":"","header-above-stick-meta":"","header-main-stick-meta":"","header-below-stick-meta":"","astra-migrate-meta-layouts":"default","ast-page-background-enabled":"default","ast-page-background-meta":{"desktop":{"background-color":"","background-image":"","background-repeat":"repeat","background-position":"center center","background-size":"auto","background-attachment":"scroll","background-type":"","background-media":"","overlay-type":"","overlay-color":"","overlay-opacity":"","overlay-gradient":""},"tablet":{"background-color":"","background-image":"","background-repeat":"repeat","background-position":"center center","background-size":"auto","background-attachment":"scroll","background-type":"","background-media":"","overlay-type":"","overlay-color":"","overlay-opacity":"","overlay-gradient":""},"mobile":{"background-color":"","background-image":"","background-repeat":"repeat","background-position":"center center","background-size":"auto","background-attachment":"scroll","background-type":"","background-media":"","overlay-type":"","overlay-color":"","overlay-opacity":"","overlay-gradient":""}},"ast-content-background-meta":{"desktop":{"background-color":"var(--ast-global-color-5)","background-image":"","background-repeat":"repeat","background-position":"center center","background-size":"auto","background-attachment":"scroll","background-type":"","background-media":"","overlay-type":"","overlay-color":"","overlay-opacity":"","overlay-gradient":""},"tablet":{"background-color":"var(--ast-global-color-5)","background-image":"","background-repeat":"repeat","background-position":"center center","background-size":"auto","background-attachment":"scroll","background-type":"","background-media":"","overlay-type":"","overlay-color":"","overlay-opacity":"","overlay-gradient":""},"mobile":{"background-color":"var(--ast-global-color-5)","background-image":"","background-repeat":"repeat","background-position":"center center","background-size":"auto","background-attachment":"scroll","background-type":"","background-media":"","overlay-type":"","overlay-color":"","overlay-opacity":"","overlay-gradient":""}}},"product_brand":[],"product_cat":[1209,1456],"product_tag":[140],"class_list":{"0":"post-4604","1":"product","2":"type-product","3":"status-publish","4":"has-post-thumbnail","6":"product_cat-nettoyant-botanique-facial","7":"product_cat-soins-de-la-peau","8":"product_tag-vegan-fr","9":"desktop-align-left","10":"tablet-align-left","11":"mobile-align-left","12":"ast-product-gallery-layout-vertical","13":"ast-product-tabs-layout-vertical","14":"ast-qv-on-image","16":"first","17":"instock","18":"taxable","19":"shipping-taxable","20":"purchasable","21":"product-type-simple"},"aioseo_notices":[],"jetpack-related-posts":[],"jetpack_sharing_enabled":true,"_links":{"self":[{"href":"https:\/\/niapurenature.com\/fr\/wp-json\/wp\/v2\/product\/4604","targetHints":{"allow":["GET"]}}],"collection":[{"href":"https:\/\/niapurenature.com\/fr\/wp-json\/wp\/v2\/product"}],"about":[{"href":"https:\/\/niapurenature.com\/fr\/wp-json\/wp\/v2\/types\/product"}],"replies":[{"embeddable":true,"href":"https:\/\/niapurenature.com\/fr\/wp-json\/wp\/v2\/comments?post=4604"}],"wp:featuredmedia":[{"embeddable":true,"href":"https:\/\/niapurenature.com\/fr\/wp-json\/wp\/v2\/media\/4536"}],"wp:attachment":[{"href":"https:\/\/niapurenature.com\/fr\/wp-json\/wp\/v2\/media?parent=4604"}],"wp:term":[{"taxonomy":"product_brand","embeddable":true,"href":"https:\/\/niapurenature.com\/fr\/wp-json\/wp\/v2\/product_brand?post=4604"},{"taxonomy":"product_cat","embeddable":true,"href":"https:\/\/niapurenature.com\/fr\/wp-json\/wp\/v2\/product_cat?post=4604"},{"taxonomy":"product_tag","embeddable":true,"href":"https:\/\/niapurenature.com\/fr\/wp-json\/wp\/v2\/product_tag?post=4604"}],"curies":[{"name":"wp","href":"https:\/\/api.w.org\/{rel}","templated":true}]}}