{"id":4607,"date":"2021-03-19T09:37:00","date_gmt":"2021-03-19T09:37:00","guid":{"rendered":"http:\/\/niapurenature.com\/?post_type=product&#038;p=4607"},"modified":"2026-01-23T00:51:56","modified_gmt":"2026-01-23T05:51:56","slug":"nouveau-creme-de-jour-hydratante-au-moringa-anti-age-pure","status":"publish","type":"product","link":"https:\/\/niapurenature.com\/fr\/product\/nouveau-creme-de-jour-hydratante-au-moringa-anti-age-pure","title":{"rendered":"Nouveau! Cr\u00e8me de jour hydratante au Moringa &#8211; Anti-\u00e2ge PURE"},"content":{"rendered":"<h2>Description<\/h2>\n<p><em><strong>La cr\u00e8me hydratante anti-\u00e2ge Nia PURE<\/strong> <\/em>nourrit en profondeur et aide \u00e0 restaurer l&rsquo;apparence jeune de la peau. Avec une utilisation continue, les rides para\u00eetront moins visibles, laissant votre peau visiblement plus jeune et en meilleure sant\u00e9.<\/p>\n<p>Chaque ingr\u00e9dient de cette cr\u00e8me a ses propres bienfaits, c&rsquo;est pourquoi nous avons combin\u00e9 plusieurs ingr\u00e9dients dans notre formule pour couvrir une large gamme de types de peau et leurs divers changements.<\/p>\n<ul>\n<li><strong>L&rsquo;huile d&rsquo;Organic Moringa<\/strong> contenue dans cette cr\u00e8me nourrit et r\u00e9pare votre peau pendant la journ\u00e9e. L&rsquo;huile d&rsquo;Organic Moringa contient 72 % d&rsquo;acides ol\u00e9iques, 36 types d&rsquo;antioxydants, des vitamines A et E, de l&rsquo;acide linol\u00e9ique, des acides gras om\u00e9ga et 46 types d&rsquo;agents anti-inflammatoires. Elle \u00e9limine et pr\u00e9vient les imperfections, les points noirs et les rides. Elle r\u00e9duit l&rsquo;apparence des pores et raffermit la peau pour une apparence naturelle, lumineuse et jeune.<\/li>\n<li><strong>Extrait de raisin et th\u00e9 vert japonais :<\/strong> Ces extraits sont riches en flavono\u00efdes, des phytochimiques ayant des propri\u00e9t\u00e9s antioxydantes similaires \u00e0 la vitamine C et \u00e0 la vitamine E. Les antioxydants sont r\u00e9put\u00e9s pour pr\u00e9venir et contr\u00f4ler de nombreux probl\u00e8mes en prot\u00e9geant les cellules contre les effets n\u00e9fastes des mol\u00e9cules d&rsquo;oxyg\u00e8ne instables appel\u00e9es radicaux libres, caus\u00e9s par une exposition excessive au soleil et aux agressions environnementales.<\/li>\n<li><strong>Champignon sauvage :<\/strong> Un astringent naturel qui am\u00e9liore la fermet\u00e9 et la tonicit\u00e9 de la peau tout en r\u00e9duisant l&rsquo;apparence des pores.<\/li>\n<li><strong>Concombre : <\/strong><span style=\"font-size: 16px;\">Un astringent naturel qui aide \u00e0 resserrer les pores. Il contient du potassium, du silicium et du soufre. Le concombre procure une sensation apaisante lorsqu&rsquo;il est appliqu\u00e9 sur la peau. Cet ingr\u00e9dient agit comme un anti-inflammatoire, un excellent apaisant cutan\u00e9 et un composant hydratant.<\/span><\/li>\n<li><strong>Prot\u00e9ine de pois :<\/strong> Offre des acides amin\u00e9s facilement absorb\u00e9s par la peau. Cet ingr\u00e9dient poss\u00e8de des propri\u00e9t\u00e9s \u00e9quilibrantes en mati\u00e8re d&rsquo;hydratation et de formation de film, ce qui procure une sensation apaisante.<\/li>\n<\/ul>\n<p><em><strong>Mode d&#8217;emploi :<\/strong><\/em><br \/>\nAppliquer sur le visage et le cou en massant doucement jusqu&rsquo;\u00e0 absorption compl\u00e8te.<\/p>\n<p><em><strong>Ingr\u00e9dients :<\/strong><\/em><br \/>\nJus de feuille d&rsquo;Aloe Barbadensis, Glyceryl Stearate, Huile d&rsquo;Avocat (Persea Gratissima), Huile de Jojoba (Simmondsia Chinensis), Huile de P\u00e9pins de Raisin (Vitis Vinifera), Glyc\u00e9rine, Caprylic\/ Capric Triglyceride, Huile de Graines d&rsquo;Organic Moringa Oleifera, Beurre de Karit\u00e9 (Butyrospermum Parkii), Palmitoyl Pentapeptide-3, Concombre (Cucumis Sativus), Camomille Matricaire (Chamomilla), Th\u00e9 Vert Japonais (Camellia Sinensis), Peptide de Pois (Pisum Sativum), Champignon Mannentake (Ganoderma Lucidum) et Champignon Shiitake (Lentinus Edodes).<\/p>\n<p><strong>Pour tous les types de peau.<\/strong><\/p>\n","protected":false},"excerpt":{"rendered":"<p><strong>La cr\u00e8me hydratante anti-\u00e2ge de Nia Pure Nature<\/strong> hydrate en profondeur et aide \u00e0 restaurer l&rsquo;apparence jeune de la peau. Avec une utilisation r\u00e9guli\u00e8re, les rides para\u00eetront moins visibles, laissant votre peau visiblement plus jeune et en meilleure sant\u00e9. Appliquez simplement une petite quantit\u00e9 sur votre main et massez soigneusement la zone souhait\u00e9e.<\/p>\n<ul>\n<li>Raffermit la peau<\/li>\n<li>Revitalise la peau<\/li>\n<li>R\u00e9duit les ridules<\/li>\n<li>Hydrate en profondeur<\/li>\n<li>Nourrit la peau<\/li>\n<li>Fabriqu\u00e9e avec des extraits purs<\/li>\n<li>80 % d&rsquo;ingr\u00e9dients biologiques<\/li>\n<li>Sans parab\u00e8ne ni produits chimiques<\/li>\n<\/ul>\n","protected":false},"featured_media":4532,"comment_status":"open","ping_status":"closed","template":"","meta":{"om_disable_all_campaigns":false,"_monsterinsights_skip_tracking":false,"_monsterinsights_sitenote_active":false,"_monsterinsights_sitenote_note":"","_monsterinsights_sitenote_category":0,"site-sidebar-layout":"default","site-content-layout":"default","ast-site-content-layout":"default","site-content-style":"default","site-sidebar-style":"default","ast-global-header-display":"","ast-banner-title-visibility":"","ast-main-header-display":"","ast-hfb-above-header-display":"","ast-hfb-below-header-display":"","ast-hfb-mobile-header-display":"","site-post-title":"","ast-breadcrumbs-content":"","ast-featured-img":"","footer-sml-layout":"","ast-disable-related-posts":"","theme-transparent-header-meta":"default","adv-header-id-meta":"","stick-header-meta":"","header-above-stick-meta":"","header-main-stick-meta":"","header-below-stick-meta":"","astra-migrate-meta-layouts":"default","ast-page-background-enabled":"default","ast-page-background-meta":{"desktop":{"background-color":"","background-image":"","background-repeat":"repeat","background-position":"center center","background-size":"auto","background-attachment":"scroll","background-type":"","background-media":"","overlay-type":"","overlay-color":"","overlay-opacity":"","overlay-gradient":""},"tablet":{"background-color":"","background-image":"","background-repeat":"repeat","background-position":"center center","background-size":"auto","background-attachment":"scroll","background-type":"","background-media":"","overlay-type":"","overlay-color":"","overlay-opacity":"","overlay-gradient":""},"mobile":{"background-color":"","background-image":"","background-repeat":"repeat","background-position":"center center","background-size":"auto","background-attachment":"scroll","background-type":"","background-media":"","overlay-type":"","overlay-color":"","overlay-opacity":"","overlay-gradient":""}},"ast-content-background-meta":{"desktop":{"background-color":"var(--ast-global-color-5)","background-image":"","background-repeat":"repeat","background-position":"center center","background-size":"auto","background-attachment":"scroll","background-type":"","background-media":"","overlay-type":"","overlay-color":"","overlay-opacity":"","overlay-gradient":""},"tablet":{"background-color":"var(--ast-global-color-5)","background-image":"","background-repeat":"repeat","background-position":"center center","background-size":"auto","background-attachment":"scroll","background-type":"","background-media":"","overlay-type":"","overlay-color":"","overlay-opacity":"","overlay-gradient":""},"mobile":{"background-color":"var(--ast-global-color-5)","background-image":"","background-repeat":"repeat","background-position":"center center","background-size":"auto","background-attachment":"scroll","background-type":"","background-media":"","overlay-type":"","overlay-color":"","overlay-opacity":"","overlay-gradient":""}}},"product_brand":[],"product_cat":[1202,1210,1456],"product_tag":[146,138],"class_list":{"0":"post-4607","1":"product","2":"type-product","3":"status-publish","4":"has-post-thumbnail","6":"product_cat-creme-anti-agecreme-anti-age","7":"product_cat-hydratant","8":"product_cat-soins-de-la-peau","9":"product_tag-moringa-fr","10":"product_tag-organic-fr","11":"desktop-align-left","12":"tablet-align-left","13":"mobile-align-left","14":"ast-product-gallery-layout-vertical","15":"ast-product-tabs-layout-vertical","16":"ast-qv-on-image","18":"first","19":"instock","20":"taxable","21":"shipping-taxable","22":"purchasable","23":"product-type-simple"},"aioseo_notices":[],"jetpack-related-posts":[],"jetpack_sharing_enabled":true,"_links":{"self":[{"href":"https:\/\/niapurenature.com\/fr\/wp-json\/wp\/v2\/product\/4607","targetHints":{"allow":["GET"]}}],"collection":[{"href":"https:\/\/niapurenature.com\/fr\/wp-json\/wp\/v2\/product"}],"about":[{"href":"https:\/\/niapurenature.com\/fr\/wp-json\/wp\/v2\/types\/product"}],"replies":[{"embeddable":true,"href":"https:\/\/niapurenature.com\/fr\/wp-json\/wp\/v2\/comments?post=4607"}],"wp:featuredmedia":[{"embeddable":true,"href":"https:\/\/niapurenature.com\/fr\/wp-json\/wp\/v2\/media\/4532"}],"wp:attachment":[{"href":"https:\/\/niapurenature.com\/fr\/wp-json\/wp\/v2\/media?parent=4607"}],"wp:term":[{"taxonomy":"product_brand","embeddable":true,"href":"https:\/\/niapurenature.com\/fr\/wp-json\/wp\/v2\/product_brand?post=4607"},{"taxonomy":"product_cat","embeddable":true,"href":"https:\/\/niapurenature.com\/fr\/wp-json\/wp\/v2\/product_cat?post=4607"},{"taxonomy":"product_tag","embeddable":true,"href":"https:\/\/niapurenature.com\/fr\/wp-json\/wp\/v2\/product_tag?post=4607"}],"curies":[{"name":"wp","href":"https:\/\/api.w.org\/{rel}","templated":true}]}}