{"id":5195,"date":"2021-11-26T05:57:34","date_gmt":"2021-11-26T05:57:34","guid":{"rendered":"https:\/\/niapurenature.com\/?post_type=product&#038;p=5195"},"modified":"2023-06-06T12:40:13","modified_gmt":"2023-06-06T16:40:13","slug":"offre-groupee-gamme-anti-age-au-moringa-biologique","status":"publish","type":"product","link":"https:\/\/niapurenature.com\/fr\/product\/offre-groupee-gamme-anti-age-au-moringa-biologique","title":{"rendered":"Offre group\u00e9e &#8211; Gamme Anti-\u00e2ge au Moringa Biologique"},"content":{"rendered":"<h2>Description<\/h2>\n<p><a href=\"\/?p=4594\">La Cr\u00e8me de Nuit Anti-\u00e2ge R\u00e9paratrice au Moringa de Nia PURE<\/a> est une formule am\u00e9lior\u00e9e de notre pr\u00e9c\u00e9dente Cr\u00e8me de Nuit au Moringa Nia, avec l&rsquo;ajout de peptides pour revitaliser en profondeur et am\u00e9liorer la texture et la fermet\u00e9 de la peau pendant la nuit. Elle donne l&rsquo;apparence d&rsquo;une peau repulp\u00e9e, d&rsquo;un teint clarifi\u00e9 et de rides visiblement r\u00e9duites. Lorsque vous l&rsquo;appliquez r\u00e9guli\u00e8rement, vous verrez votre visage rayonner chaque matin.<\/p>\n<p><a href=\"\/?p=4607\">La Cr\u00e8me de Jour Hydratante Anti-\u00e2ge de Nia PURE<\/a> hydrate en profondeur et contribue \u00e0 restaurer l&rsquo;apparence jeune de la peau. Avec une utilisation continue, les rides seront moins visibles, laissant votre peau visiblement plus jeune et en meilleure sant\u00e9.<\/p>\n<p><a href=\"\/?p=4597\">Le S\u00e9rum Contour des Yeux au Moringa de Nia PURE<\/a> est concentr\u00e9 en extraits naturellement actifs et antioxydants revitalisants pour aider \u00e0 diminuer l&rsquo;apparence des rides et des cernes sous les yeux. Les peptides renforcent la fermet\u00e9 et la tonicit\u00e9 de la zone autour des yeux, tandis que les extraits de guarana riches en caf\u00e9ine et de th\u00e9 vert stimulent la production de collag\u00e8ne et am\u00e9liorent l&rsquo;apparence des poches sous les yeux. Ce s\u00e9rum procure une sensation de fra\u00eecheur sur la peau qui soulage les poches et les cernes sous les yeux.<\/p>\n<p><em><strong>Mode d&#8217;emploi :<\/strong><\/em><br \/>\nConsultez chaque produit s\u00e9par\u00e9ment pour les instructions d&rsquo;application.<\/p>\n<p><em><strong>Ingr\u00e9dients :<\/strong><\/em><br \/>\nConsultez chaque produit s\u00e9par\u00e9ment pour les diff\u00e9rents ingr\u00e9dients de chaque article.<\/p>\n","protected":false},"excerpt":{"rendered":"<p><strong>Le lot anti-\u00e2ge \u00e0 la Moringa biologique de Nia Pure Nature<\/strong> hydrate et restaure l&rsquo;apparence de votre peau tout au long de la journ\u00e9e et de la nuit. <strong>Notre s\u00e9rum contour des yeux \u00e0 la Moringa<\/strong> est concentr\u00e9 en extraits naturellement actifs et antioxydants rajeunissants pour aider \u00e0 att\u00e9nuer l&rsquo;apparence des rides et des cernes sous les yeux.<\/p>\n<ul>\n<li>Nettoie la peau<\/li>\n<li>Tonifie la peau<\/li>\n<li>Raffermit la peau<\/li>\n<li>R\u00e9duit les poches<\/li>\n<li>R\u00e9duit l&rsquo;apparence des ridules<\/li>\n<li>Hydrate en profondeur<\/li>\n<li>Nourrit la peau<\/li>\n<\/ul>\n","protected":false},"featured_media":5297,"comment_status":"open","ping_status":"closed","template":"","meta":{"om_disable_all_campaigns":false,"_monsterinsights_skip_tracking":false,"_monsterinsights_sitenote_active":false,"_monsterinsights_sitenote_note":"","_monsterinsights_sitenote_category":0,"site-sidebar-layout":"default","site-content-layout":"default","ast-site-content-layout":"default","site-content-style":"default","site-sidebar-style":"default","ast-global-header-display":"","ast-banner-title-visibility":"","ast-main-header-display":"","ast-hfb-above-header-display":"","ast-hfb-below-header-display":"","ast-hfb-mobile-header-display":"","site-post-title":"","ast-breadcrumbs-content":"","ast-featured-img":"","footer-sml-layout":"","ast-disable-related-posts":"","theme-transparent-header-meta":"default","adv-header-id-meta":"","stick-header-meta":"","header-above-stick-meta":"","header-main-stick-meta":"","header-below-stick-meta":"","astra-migrate-meta-layouts":"default","ast-page-background-enabled":"default","ast-page-background-meta":{"desktop":{"background-color":"","background-image":"","background-repeat":"repeat","background-position":"center center","background-size":"auto","background-attachment":"scroll","background-type":"","background-media":"","overlay-type":"","overlay-color":"","overlay-opacity":"","overlay-gradient":""},"tablet":{"background-color":"","background-image":"","background-repeat":"repeat","background-position":"center center","background-size":"auto","background-attachment":"scroll","background-type":"","background-media":"","overlay-type":"","overlay-color":"","overlay-opacity":"","overlay-gradient":""},"mobile":{"background-color":"","background-image":"","background-repeat":"repeat","background-position":"center center","background-size":"auto","background-attachment":"scroll","background-type":"","background-media":"","overlay-type":"","overlay-color":"","overlay-opacity":"","overlay-gradient":""}},"ast-content-background-meta":{"desktop":{"background-color":"var(--ast-global-color-5)","background-image":"","background-repeat":"repeat","background-position":"center center","background-size":"auto","background-attachment":"scroll","background-type":"","background-media":"","overlay-type":"","overlay-color":"","overlay-opacity":"","overlay-gradient":""},"tablet":{"background-color":"var(--ast-global-color-5)","background-image":"","background-repeat":"repeat","background-position":"center center","background-size":"auto","background-attachment":"scroll","background-type":"","background-media":"","overlay-type":"","overlay-color":"","overlay-opacity":"","overlay-gradient":""},"mobile":{"background-color":"var(--ast-global-color-5)","background-image":"","background-repeat":"repeat","background-position":"center center","background-size":"auto","background-attachment":"scroll","background-type":"","background-media":"","overlay-type":"","overlay-color":"","overlay-opacity":"","overlay-gradient":""}}},"product_brand":[],"product_cat":[1202,1455,1210,1459,1207,1456],"product_tag":[],"class_list":{"0":"post-5195","1":"product","2":"type-product","3":"status-publish","4":"has-post-thumbnail","6":"product_cat-creme-anti-agecreme-anti-age","7":"product_cat-ensembles-de-produits","8":"product_cat-hydratant","9":"product_cat-produits-en-soldes","10":"product_cat-serum-contour-des-yeux","11":"product_cat-soins-de-la-peau","12":"desktop-align-left","13":"tablet-align-left","14":"mobile-align-left","15":"ast-product-gallery-layout-vertical","16":"ast-product-tabs-layout-vertical","17":"ast-qv-on-image","19":"first","20":"instock","21":"sale","22":"taxable","23":"shipping-taxable","24":"purchasable","25":"product-type-simple"},"aioseo_notices":[],"jetpack-related-posts":[],"jetpack_sharing_enabled":true,"_links":{"self":[{"href":"https:\/\/niapurenature.com\/fr\/wp-json\/wp\/v2\/product\/5195","targetHints":{"allow":["GET"]}}],"collection":[{"href":"https:\/\/niapurenature.com\/fr\/wp-json\/wp\/v2\/product"}],"about":[{"href":"https:\/\/niapurenature.com\/fr\/wp-json\/wp\/v2\/types\/product"}],"replies":[{"embeddable":true,"href":"https:\/\/niapurenature.com\/fr\/wp-json\/wp\/v2\/comments?post=5195"}],"wp:featuredmedia":[{"embeddable":true,"href":"https:\/\/niapurenature.com\/fr\/wp-json\/wp\/v2\/media\/5297"}],"wp:attachment":[{"href":"https:\/\/niapurenature.com\/fr\/wp-json\/wp\/v2\/media?parent=5195"}],"wp:term":[{"taxonomy":"product_brand","embeddable":true,"href":"https:\/\/niapurenature.com\/fr\/wp-json\/wp\/v2\/product_brand?post=5195"},{"taxonomy":"product_cat","embeddable":true,"href":"https:\/\/niapurenature.com\/fr\/wp-json\/wp\/v2\/product_cat?post=5195"},{"taxonomy":"product_tag","embeddable":true,"href":"https:\/\/niapurenature.com\/fr\/wp-json\/wp\/v2\/product_tag?post=5195"}],"curies":[{"name":"wp","href":"https:\/\/api.w.org\/{rel}","templated":true}]}}