{"id":5202,"date":"2021-11-26T06:24:45","date_gmt":"2021-11-26T06:24:45","guid":{"rendered":"https:\/\/niapurenature.com\/?post_type=product&#038;p=5202"},"modified":"2023-06-06T12:37:16","modified_gmt":"2023-06-06T16:37:16","slug":"offre-groupee-gamme-anti-age-au-moringa-bio-nettoyant-qasil","status":"publish","type":"product","link":"https:\/\/niapurenature.com\/fr\/product\/offre-groupee-gamme-anti-age-au-moringa-bio-nettoyant-qasil","title":{"rendered":"Offre group\u00e9e &#8211; Gamme anti-\u00e2ge au Moringa bio &#038; Nettoyant Qasil"},"content":{"rendered":"<h2>Description<\/h2>\n<p><a href=\"\/?p=4594\">La cr\u00e8me de nuit anti-\u00e2ge r\u00e9g\u00e9n\u00e9rante Nia PURE<\/a> est une formule am\u00e9lior\u00e9e de notre cr\u00e8me de nuit Nia Moringa avec l&rsquo;ajout de peptides pour revitaliser en profondeur et am\u00e9liorer la texture et la fermet\u00e9 de la peau pendant la nuit. Elle donne l&rsquo;apparence d&rsquo;une peau repulp\u00e9e, d&rsquo;un teint \u00e9clairci et de rides visiblement r\u00e9duites. Lorsque vous l&rsquo;appliquez r\u00e9guli\u00e8rement, vous verrez votre visage rayonner chaque matin.<\/p>\n<p><a href=\"\/?p=4607\">La cr\u00e8me de jour hydratante anti-\u00e2ge de Nia PURE<\/a> hydrate en profondeur et contribue \u00e0 restaurer l&rsquo;apparence jeune de la peau. Avec une utilisation continue, les rides seront moins visibles, laissant votre peau visiblement plus jeune et en meilleure sant\u00e9.<\/p>\n<p><a href=\"\/?p=4604\">Le Qasil de Nia PURE<\/a> est un nettoyant doux aux propri\u00e9t\u00e9s \u00e9mollientes exceptionnelles qui agit \u00e9galement comme une lotion adoucissante. Son action l\u00e9g\u00e8rement moussante est d\u00e9riv\u00e9e <strong>du ma\u00efs,<\/strong> <strong>de la noix de coco<\/strong> et <strong>de la betterave \u00e0 sucre<\/strong> et \u00e9mulsionn\u00e9e pour obtenir une consistance cr\u00e9meuse. Les ingr\u00e9dients de ce nettoyant apaisent, resserrent et agissent comme des antioxydants sur la peau. <strong>La feuille de Qasil<\/strong>, l&rsquo;ingr\u00e9dient secret de ce nettoyant, est ce qui a permis aux femmes somaliennes de conserver jeunesse et \u00e9clat pendant des si\u00e8cles. Cette lotion \u00e0 base d&rsquo;herbes cr\u00e9meuse nettoie en douceur et revitalise la peau, laissant une sensation de propret\u00e9, de fermet\u00e9 et d&rsquo;\u00e9clat.<\/p>\n<p><em><strong>Mode d&#8217;emploi :<\/strong><\/em><br \/>\nConsultez chaque produit s\u00e9par\u00e9ment pour conna\u00eetre les instructions d&rsquo;application.<\/p>\n<p><em><strong>Ingr\u00e9dients :<\/strong><\/em><br \/>\nConsultez chaque produit s\u00e9par\u00e9ment pour conna\u00eetre les diff\u00e9rents ingr\u00e9dients de chaque article.<\/p>\n","protected":false},"excerpt":{"rendered":"<p>Pr\u00e9venez le vieillissement de votre peau avec le lot anti-\u00e2ge \u00e0 la <strong>Moringa biologique et nettoyant Qasil de Nia Pure Nature<\/strong>. Hydratez et restaurez l&rsquo;apparence de votre peau tout au long de la journ\u00e9e et de la nuit avec ce lot de soins de la peau. Notre nettoyant pur Qasil est extr\u00eamement efficace pour resserrer la peau et agir comme antioxydant.<\/p>\n<ul>\n<li>Nettoie la peau<\/li>\n<li>Tonifie la peau<\/li>\n<li>Raffermit la peau<\/li>\n<li>Revitalise la peau<\/li>\n<li>R\u00e9duit l&rsquo;apparence des ridules<\/li>\n<li>Hydrate en profondeur<\/li>\n<li>Nourrit la peau<\/li>\n<\/ul>\n","protected":false},"featured_media":5283,"comment_status":"open","ping_status":"closed","template":"","meta":{"om_disable_all_campaigns":false,"_monsterinsights_skip_tracking":false,"_monsterinsights_sitenote_active":false,"_monsterinsights_sitenote_note":"","_monsterinsights_sitenote_category":0,"site-sidebar-layout":"default","site-content-layout":"default","ast-site-content-layout":"default","site-content-style":"default","site-sidebar-style":"default","ast-global-header-display":"","ast-banner-title-visibility":"","ast-main-header-display":"","ast-hfb-above-header-display":"","ast-hfb-below-header-display":"","ast-hfb-mobile-header-display":"","site-post-title":"","ast-breadcrumbs-content":"","ast-featured-img":"","footer-sml-layout":"","ast-disable-related-posts":"","theme-transparent-header-meta":"default","adv-header-id-meta":"","stick-header-meta":"","header-above-stick-meta":"","header-main-stick-meta":"","header-below-stick-meta":"","astra-migrate-meta-layouts":"default","ast-page-background-enabled":"default","ast-page-background-meta":{"desktop":{"background-color":"","background-image":"","background-repeat":"repeat","background-position":"center center","background-size":"auto","background-attachment":"scroll","background-type":"","background-media":"","overlay-type":"","overlay-color":"","overlay-opacity":"","overlay-gradient":""},"tablet":{"background-color":"","background-image":"","background-repeat":"repeat","background-position":"center center","background-size":"auto","background-attachment":"scroll","background-type":"","background-media":"","overlay-type":"","overlay-color":"","overlay-opacity":"","overlay-gradient":""},"mobile":{"background-color":"","background-image":"","background-repeat":"repeat","background-position":"center center","background-size":"auto","background-attachment":"scroll","background-type":"","background-media":"","overlay-type":"","overlay-color":"","overlay-opacity":"","overlay-gradient":""}},"ast-content-background-meta":{"desktop":{"background-color":"var(--ast-global-color-5)","background-image":"","background-repeat":"repeat","background-position":"center center","background-size":"auto","background-attachment":"scroll","background-type":"","background-media":"","overlay-type":"","overlay-color":"","overlay-opacity":"","overlay-gradient":""},"tablet":{"background-color":"var(--ast-global-color-5)","background-image":"","background-repeat":"repeat","background-position":"center center","background-size":"auto","background-attachment":"scroll","background-type":"","background-media":"","overlay-type":"","overlay-color":"","overlay-opacity":"","overlay-gradient":""},"mobile":{"background-color":"var(--ast-global-color-5)","background-image":"","background-repeat":"repeat","background-position":"center center","background-size":"auto","background-attachment":"scroll","background-type":"","background-media":"","overlay-type":"","overlay-color":"","overlay-opacity":"","overlay-gradient":""}}},"product_brand":[],"product_cat":[1202,1455,1210,1209,1459,1456],"product_tag":[],"class_list":{"0":"post-5202","1":"product","2":"type-product","3":"status-publish","4":"has-post-thumbnail","6":"product_cat-creme-anti-agecreme-anti-age","7":"product_cat-ensembles-de-produits","8":"product_cat-hydratant","9":"product_cat-nettoyant-botanique-facial","10":"product_cat-produits-en-soldes","11":"product_cat-soins-de-la-peau","12":"desktop-align-left","13":"tablet-align-left","14":"mobile-align-left","15":"ast-product-gallery-layout-vertical","16":"ast-product-tabs-layout-vertical","17":"ast-qv-on-image","19":"first","20":"instock","21":"sale","22":"taxable","23":"shipping-taxable","24":"purchasable","25":"product-type-simple"},"aioseo_notices":[],"jetpack-related-posts":[],"jetpack_sharing_enabled":true,"_links":{"self":[{"href":"https:\/\/niapurenature.com\/fr\/wp-json\/wp\/v2\/product\/5202","targetHints":{"allow":["GET"]}}],"collection":[{"href":"https:\/\/niapurenature.com\/fr\/wp-json\/wp\/v2\/product"}],"about":[{"href":"https:\/\/niapurenature.com\/fr\/wp-json\/wp\/v2\/types\/product"}],"replies":[{"embeddable":true,"href":"https:\/\/niapurenature.com\/fr\/wp-json\/wp\/v2\/comments?post=5202"}],"wp:featuredmedia":[{"embeddable":true,"href":"https:\/\/niapurenature.com\/fr\/wp-json\/wp\/v2\/media\/5283"}],"wp:attachment":[{"href":"https:\/\/niapurenature.com\/fr\/wp-json\/wp\/v2\/media?parent=5202"}],"wp:term":[{"taxonomy":"product_brand","embeddable":true,"href":"https:\/\/niapurenature.com\/fr\/wp-json\/wp\/v2\/product_brand?post=5202"},{"taxonomy":"product_cat","embeddable":true,"href":"https:\/\/niapurenature.com\/fr\/wp-json\/wp\/v2\/product_cat?post=5202"},{"taxonomy":"product_tag","embeddable":true,"href":"https:\/\/niapurenature.com\/fr\/wp-json\/wp\/v2\/product_tag?post=5202"}],"curies":[{"name":"wp","href":"https:\/\/api.w.org\/{rel}","templated":true}]}}