{"id":5204,"date":"2021-11-26T07:10:39","date_gmt":"2021-11-26T07:10:39","guid":{"rendered":"https:\/\/niapurenature.com\/?post_type=product&#038;p=5204"},"modified":"2023-06-06T12:26:03","modified_gmt":"2023-06-06T16:26:03","slug":"offre-groupee-2-ageless-nettoyant-facial-qasil","status":"publish","type":"product","link":"https:\/\/niapurenature.com\/fr\/product\/offre-groupee-2-ageless-nettoyant-facial-qasil","title":{"rendered":"Offre group\u00e9e &#8211; 2* Ageless &#038; Nettoyant facial Qasil"},"content":{"rendered":"<h2>Description<\/h2>\n<p><a href=\"\/?p=3991\">La cr\u00e8me de jour Ageless Firm &amp; Glow de Nia Pure Nature<\/a> offre la plus haute concentration d&rsquo;extraits botaniques riches en antioxydants et purs, ainsi qu&rsquo;un puissant peptide pour reconstruire la fermet\u00e9, revitaliser et am\u00e9liorer l&rsquo;\u00e9clat du visage. Dans cette cr\u00e8me de jour enti\u00e8rement naturelle, nous avons combin\u00e9 de nombreux ingr\u00e9dients pour couvrir un large \u00e9ventail de types de peau et de leurs diff\u00e9rents changements.<\/p>\n<p><a href=\"\/?p=3990\">La cr\u00e8me de nuit Ageless Lift &amp; Firm de Nia Pure Nature<\/a> est un hydratant intensif qui contient la plus haute concentration d&rsquo;antioxydants, d&rsquo;extraits purs raffermissants de plantes et d&rsquo;un puissant peptide pour repulper, lifter et raffermir la peau, pour une apparence plus lisse, repos\u00e9e et plus jeune. Dans cette cr\u00e8me de nuit enti\u00e8rement naturelle, nous avons combin\u00e9 de nombreux ingr\u00e9dients pour couvrir un large \u00e9ventail de types de peau et de leurs diff\u00e9rents changements.<\/p>\n<p><a href=\"\/?p=4604\">Le PURE Qasil de Nia<\/a> est un nettoyant doux avec une grande \u00e9mollience et poss\u00e8de les propri\u00e9t\u00e9s hydratantes d&rsquo;une lotion. L&rsquo;action moussante douce est d\u00e9riv\u00e9e du ma\u00efs, de la noix de coco et de la betterave sucri\u00e8re, \u00e9mulsionn\u00e9e jusqu&rsquo;\u00e0 obtenir une consistance cr\u00e9meuse. Les ingr\u00e9dients de ce nettoyant sont utilis\u00e9s pour apaiser, resserrer et agir comme antioxydant sur la peau. La feuille de Qasil, l&rsquo;ingr\u00e9dient secret de ce nettoyant, est ce qui a permis aux femmes somaliennes de conserver leur jeunesse et leur \u00e9clat depuis des si\u00e8cles. Cette lotion cr\u00e9meuse \u00e0 base d&rsquo;herbes nettoie en douceur et hydrate la peau, laissant une sensation de propret\u00e9, de fermet\u00e9 et de luminosit\u00e9 !<\/p>\n<p><em><strong>Mode d&#8217;emploi :<\/strong><\/em><br \/>\nVoir chaque produit individuellement pour les instructions d&rsquo;application.<\/p>\n<p><em><strong>Ingr\u00e9dients :<\/strong><\/em><br \/>\nVoir chaque produit individuellement pour les diff\u00e9rents ingr\u00e9dients de chaque article.<\/p>\n","protected":false},"excerpt":{"rendered":"<p><strong>Le lot Ageless &amp; Qasil Cleanser de Nia Pure Nature<\/strong> donnera \u00e0 votre peau un aspect sain et incroyable en un rien de temps ! Nous utilisons la plus haute qualit\u00e9 et concentration d&rsquo;antioxydants et d&rsquo;extraits de plantes pour garder votre peau au meilleur de sa forme. \u00c9vitez les rides, les ridules et raffermissez votre peau avec ce lot incroyable de soins anti-\u00e2ge.<\/p>\n<ul>\n<li>Nettoie en profondeur<\/li>\n<li>Tonifie la peau<\/li>\n<li>Remonte la peau affaiss\u00e9e<\/li>\n<li>Restaure l&rsquo;\u00e9lasticit\u00e9 et la fermet\u00e9<\/li>\n<li>R\u00e9duit les rides profondes et les ridules<\/li>\n<li>Nourrit et hydrate la peau<\/li>\n<li>Donne \u00e0 la peau un \u00e9clat radieux et durable naturellement<\/li>\n<\/ul>\n","protected":false},"featured_media":5281,"comment_status":"open","ping_status":"closed","template":"","meta":{"om_disable_all_campaigns":false,"_monsterinsights_skip_tracking":false,"_monsterinsights_sitenote_active":false,"_monsterinsights_sitenote_note":"","_monsterinsights_sitenote_category":0,"site-sidebar-layout":"default","site-content-layout":"default","ast-site-content-layout":"default","site-content-style":"default","site-sidebar-style":"default","ast-global-header-display":"","ast-banner-title-visibility":"","ast-main-header-display":"","ast-hfb-above-header-display":"","ast-hfb-below-header-display":"","ast-hfb-mobile-header-display":"","site-post-title":"","ast-breadcrumbs-content":"","ast-featured-img":"","footer-sml-layout":"","ast-disable-related-posts":"","theme-transparent-header-meta":"default","adv-header-id-meta":"","stick-header-meta":"","header-above-stick-meta":"","header-main-stick-meta":"","header-below-stick-meta":"","astra-migrate-meta-layouts":"default","ast-page-background-enabled":"default","ast-page-background-meta":{"desktop":{"background-color":"","background-image":"","background-repeat":"repeat","background-position":"center center","background-size":"auto","background-attachment":"scroll","background-type":"","background-media":"","overlay-type":"","overlay-color":"","overlay-opacity":"","overlay-gradient":""},"tablet":{"background-color":"","background-image":"","background-repeat":"repeat","background-position":"center center","background-size":"auto","background-attachment":"scroll","background-type":"","background-media":"","overlay-type":"","overlay-color":"","overlay-opacity":"","overlay-gradient":""},"mobile":{"background-color":"","background-image":"","background-repeat":"repeat","background-position":"center center","background-size":"auto","background-attachment":"scroll","background-type":"","background-media":"","overlay-type":"","overlay-color":"","overlay-opacity":"","overlay-gradient":""}},"ast-content-background-meta":{"desktop":{"background-color":"var(--ast-global-color-5)","background-image":"","background-repeat":"repeat","background-position":"center center","background-size":"auto","background-attachment":"scroll","background-type":"","background-media":"","overlay-type":"","overlay-color":"","overlay-opacity":"","overlay-gradient":""},"tablet":{"background-color":"var(--ast-global-color-5)","background-image":"","background-repeat":"repeat","background-position":"center center","background-size":"auto","background-attachment":"scroll","background-type":"","background-media":"","overlay-type":"","overlay-color":"","overlay-opacity":"","overlay-gradient":""},"mobile":{"background-color":"var(--ast-global-color-5)","background-image":"","background-repeat":"repeat","background-position":"center center","background-size":"auto","background-attachment":"scroll","background-type":"","background-media":"","overlay-type":"","overlay-color":"","overlay-opacity":"","overlay-gradient":""}}},"product_brand":[],"product_cat":[1202,1455,1209,1456],"product_tag":[],"class_list":{"0":"post-5204","1":"product","2":"type-product","3":"status-publish","4":"has-post-thumbnail","6":"product_cat-creme-anti-agecreme-anti-age","7":"product_cat-ensembles-de-produits","8":"product_cat-nettoyant-botanique-facial","9":"product_cat-soins-de-la-peau","10":"desktop-align-left","11":"tablet-align-left","12":"mobile-align-left","13":"ast-product-gallery-layout-vertical","14":"ast-product-tabs-layout-vertical","15":"ast-qv-on-image","17":"first","18":"instock","19":"sale","20":"featured","21":"taxable","22":"shipping-taxable","23":"purchasable","24":"product-type-simple"},"aioseo_notices":[],"jetpack-related-posts":[],"jetpack_sharing_enabled":true,"_links":{"self":[{"href":"https:\/\/niapurenature.com\/fr\/wp-json\/wp\/v2\/product\/5204","targetHints":{"allow":["GET"]}}],"collection":[{"href":"https:\/\/niapurenature.com\/fr\/wp-json\/wp\/v2\/product"}],"about":[{"href":"https:\/\/niapurenature.com\/fr\/wp-json\/wp\/v2\/types\/product"}],"replies":[{"embeddable":true,"href":"https:\/\/niapurenature.com\/fr\/wp-json\/wp\/v2\/comments?post=5204"}],"wp:featuredmedia":[{"embeddable":true,"href":"https:\/\/niapurenature.com\/fr\/wp-json\/wp\/v2\/media\/5281"}],"wp:attachment":[{"href":"https:\/\/niapurenature.com\/fr\/wp-json\/wp\/v2\/media?parent=5204"}],"wp:term":[{"taxonomy":"product_brand","embeddable":true,"href":"https:\/\/niapurenature.com\/fr\/wp-json\/wp\/v2\/product_brand?post=5204"},{"taxonomy":"product_cat","embeddable":true,"href":"https:\/\/niapurenature.com\/fr\/wp-json\/wp\/v2\/product_cat?post=5204"},{"taxonomy":"product_tag","embeddable":true,"href":"https:\/\/niapurenature.com\/fr\/wp-json\/wp\/v2\/product_tag?post=5204"}],"curies":[{"name":"wp","href":"https:\/\/api.w.org\/{rel}","templated":true}]}}