{"id":5209,"date":"2021-11-26T08:58:35","date_gmt":"2021-11-26T08:58:35","guid":{"rendered":"https:\/\/niapurenature.com\/?post_type=product&#038;p=5209"},"modified":"2025-05-04T09:45:25","modified_gmt":"2025-05-04T13:45:25","slug":"offre-groupee-3-nia-pure-qasil-nettoyant-facial-doux","status":"publish","type":"product","link":"https:\/\/niapurenature.com\/fr\/product\/offre-groupee-3-nia-pure-qasil-nettoyant-facial-doux","title":{"rendered":"Offre group\u00e9e &#8211; 3* Nia PURE Qasil \u2013 Nettoyant facial doux"},"content":{"rendered":"<h2>Description:<\/h2>\n<p><strong>Nia PURE Qasil<\/strong> est un nettoyant doux dot\u00e9 d&rsquo;une grande \u00e9mollience et poss\u00e8de les propri\u00e9t\u00e9s conditionnantes d&rsquo;une lotion. L&rsquo;action moussante l\u00e9g\u00e8re est obtenue \u00e0 partir <strong>de ma\u00efs<\/strong>, <strong>de noix de coco <\/strong>et<strong> de betteraves \u00e0 sucre<\/strong>, et est \u00e9mulsionn\u00e9e pour obtenir une consistance cr\u00e9meuse. Les ingr\u00e9dients de ce nettoyant sont utilis\u00e9s pour apaiser, raffermir et agir comme antioxydant sur la peau.<\/p>\n<ul>\n<li><strong>La feuille de Qasil<\/strong>, ingr\u00e9dient secret de ce nettoyant, est ce qui a permis aux femmes somaliennes de conserver une apparence jeune et \u00e9clatante depuis des si\u00e8cles. Cette lotion herbale cr\u00e9meuse nettoie en douceur et nourrit la peau, la laissant propre, ferme et \u00e9clatante !<\/li>\n<li><strong>La camomille, l&rsquo;aloe vera,<\/strong> <strong>le concombre<\/strong> et les extraits de th\u00e9 vert japonais pr\u00e9sents dans ce nettoyant doux sont utilis\u00e9s pour apaiser, raffermir et agir comme antioxydant sur la peau. Ces extraits botaniques peuvent aider \u00e0 r\u00e9soudre les probl\u00e8mes \u00e9pidermiques et l&rsquo;inflammation. Chacun de ces ingr\u00e9dients a \u00e9t\u00e9 choisi dans la formulation de ce nettoyant en raison de leurs donn\u00e9es historiques et scientifiques \u00e9tendues.<\/li>\n<\/ul>\n<p><em><strong>Mode d&#8217;emploi:<\/strong><\/em><br \/>\nAppliquer une quantit\u00e9 de la taille d&rsquo;une pi\u00e8ce de 25 cents dans la paume de la main et laver. Bien rincer, puis s\u00e9cher en tapotant avec une serviette propre. Peut \u00eatre utilis\u00e9 pour enlever le maquillage. Suivre avec l&rsquo;huile de moringa Nia Pure Nature. Convient \u00e0 tous les types de peau et peut \u00eatre utilis\u00e9 quotidiennement.<\/p>\n<p><em><strong>Ingr\u00e9dients:<\/strong><\/em><br \/>\nEau d\u00e9ionis\u00e9e, Disodium Cocoamphodiacetate (agent nettoyant doux et pH neutre d\u00e9riv\u00e9 de la noix de coco), Decyl Glucoside (agent nettoyant doux \u00e0 base de sucre), Sucrose Cocoate, Glyceryl Stearate, Extrait de fleur de Chamomilla Recutita (camomille), Jus de feuille d&rsquo;Aloe Barbadensis, Ziziphus mauritiana (feuille de Qasil), Extrait de fruit de Cucumis Sativus (concombre), Extrait de feuille de Camellia Sinensis (th\u00e9 vert japonais), Cire \u00e9mulsionnante NF, Ph\u00e9noxy\u00e9thanol et Caprylyl Glycol (Optiphen\u00ae), Huile de Citrus aurantium dulcis (orange), Huile de Mentha spicata (menthe verte), Huile de Lavandula (lavande) et Abies balsamea (sapin baumier).<\/p>\n","protected":false},"excerpt":{"rendered":"<p><strong>Le Nettoyant Cr\u00e8me Visage PURE Qasil de Nia Pure Nature<\/strong> est un nettoyant doux avec une grande \u00e9mollience et poss\u00e8de les propri\u00e9t\u00e9s hydratantes d&rsquo;une lotion. Son action moussante l\u00e9g\u00e8re est d\u00e9riv\u00e9e du ma\u00efs, de la noix de coco et des betteraves sucri\u00e8res, et \u00e9mulsionn\u00e9e pour obtenir une consistance cr\u00e9meuse.<\/p>\n<ul>\n<li>Nettoyage en profondeur et harmonisant<\/li>\n<li>Exfolie la peau<\/li>\n<li>Am\u00e9liore la fermet\u00e9<\/li>\n<li>Donne un \u00e9clat naturel au visage<\/li>\n<li>Durable<\/li>\n<li>Non test\u00e9 sur les animaux<\/li>\n<li>Composants biologiques<\/li>\n<li>Sans paraben et sans SLS<\/li>\n<li>Emballage respectueux de l&rsquo;environnement<\/li>\n<\/ul>\n","protected":false},"featured_media":5275,"comment_status":"open","ping_status":"closed","template":"","meta":{"om_disable_all_campaigns":false,"_monsterinsights_skip_tracking":false,"_monsterinsights_sitenote_active":false,"_monsterinsights_sitenote_note":"","_monsterinsights_sitenote_category":0,"site-sidebar-layout":"default","site-content-layout":"default","ast-site-content-layout":"default","site-content-style":"default","site-sidebar-style":"default","ast-global-header-display":"","ast-banner-title-visibility":"","ast-main-header-display":"","ast-hfb-above-header-display":"","ast-hfb-below-header-display":"","ast-hfb-mobile-header-display":"","site-post-title":"","ast-breadcrumbs-content":"","ast-featured-img":"","footer-sml-layout":"","ast-disable-related-posts":"","theme-transparent-header-meta":"default","adv-header-id-meta":"","stick-header-meta":"","header-above-stick-meta":"","header-main-stick-meta":"","header-below-stick-meta":"","astra-migrate-meta-layouts":"default","ast-page-background-enabled":"default","ast-page-background-meta":{"desktop":{"background-color":"","background-image":"","background-repeat":"repeat","background-position":"center center","background-size":"auto","background-attachment":"scroll","background-type":"","background-media":"","overlay-type":"","overlay-color":"","overlay-opacity":"","overlay-gradient":""},"tablet":{"background-color":"","background-image":"","background-repeat":"repeat","background-position":"center center","background-size":"auto","background-attachment":"scroll","background-type":"","background-media":"","overlay-type":"","overlay-color":"","overlay-opacity":"","overlay-gradient":""},"mobile":{"background-color":"","background-image":"","background-repeat":"repeat","background-position":"center center","background-size":"auto","background-attachment":"scroll","background-type":"","background-media":"","overlay-type":"","overlay-color":"","overlay-opacity":"","overlay-gradient":""}},"ast-content-background-meta":{"desktop":{"background-color":"var(--ast-global-color-5)","background-image":"","background-repeat":"repeat","background-position":"center center","background-size":"auto","background-attachment":"scroll","background-type":"","background-media":"","overlay-type":"","overlay-color":"","overlay-opacity":"","overlay-gradient":""},"tablet":{"background-color":"var(--ast-global-color-5)","background-image":"","background-repeat":"repeat","background-position":"center center","background-size":"auto","background-attachment":"scroll","background-type":"","background-media":"","overlay-type":"","overlay-color":"","overlay-opacity":"","overlay-gradient":""},"mobile":{"background-color":"var(--ast-global-color-5)","background-image":"","background-repeat":"repeat","background-position":"center center","background-size":"auto","background-attachment":"scroll","background-type":"","background-media":"","overlay-type":"","overlay-color":"","overlay-opacity":"","overlay-gradient":""}}},"product_brand":[],"product_cat":[1455,1209,1459,1456],"product_tag":[],"class_list":{"0":"post-5209","1":"product","2":"type-product","3":"status-publish","4":"has-post-thumbnail","6":"product_cat-ensembles-de-produits","7":"product_cat-nettoyant-botanique-facial","8":"product_cat-produits-en-soldes","9":"product_cat-soins-de-la-peau","10":"desktop-align-left","11":"tablet-align-left","12":"mobile-align-left","13":"ast-product-gallery-layout-vertical","14":"ast-product-tabs-layout-vertical","15":"ast-qv-on-image","17":"first","18":"instock","19":"sale","20":"taxable","21":"shipping-taxable","22":"purchasable","23":"product-type-simple"},"aioseo_notices":[],"jetpack-related-posts":[],"jetpack_sharing_enabled":true,"_links":{"self":[{"href":"https:\/\/niapurenature.com\/fr\/wp-json\/wp\/v2\/product\/5209","targetHints":{"allow":["GET"]}}],"collection":[{"href":"https:\/\/niapurenature.com\/fr\/wp-json\/wp\/v2\/product"}],"about":[{"href":"https:\/\/niapurenature.com\/fr\/wp-json\/wp\/v2\/types\/product"}],"replies":[{"embeddable":true,"href":"https:\/\/niapurenature.com\/fr\/wp-json\/wp\/v2\/comments?post=5209"}],"wp:featuredmedia":[{"embeddable":true,"href":"https:\/\/niapurenature.com\/fr\/wp-json\/wp\/v2\/media\/5275"}],"wp:attachment":[{"href":"https:\/\/niapurenature.com\/fr\/wp-json\/wp\/v2\/media?parent=5209"}],"wp:term":[{"taxonomy":"product_brand","embeddable":true,"href":"https:\/\/niapurenature.com\/fr\/wp-json\/wp\/v2\/product_brand?post=5209"},{"taxonomy":"product_cat","embeddable":true,"href":"https:\/\/niapurenature.com\/fr\/wp-json\/wp\/v2\/product_cat?post=5209"},{"taxonomy":"product_tag","embeddable":true,"href":"https:\/\/niapurenature.com\/fr\/wp-json\/wp\/v2\/product_tag?post=5209"}],"curies":[{"name":"wp","href":"https:\/\/api.w.org\/{rel}","templated":true}]}}