{"id":5241,"date":"2021-12-23T07:22:02","date_gmt":"2021-12-23T07:22:02","guid":{"rendered":"https:\/\/niapurenature.com\/?post_type=product&#038;p=5241"},"modified":"2024-09-27T21:45:54","modified_gmt":"2024-09-28T01:45:54","slug":"nouveau-poudre-de-betterave-bio","status":"publish","type":"product","link":"https:\/\/niapurenature.com\/fr\/product\/nouveau-poudre-de-betterave-bio","title":{"rendered":"Nouveau! Poudre de Betterave bio"},"content":{"rendered":"<h2>Description<\/h2>\n<p><em><strong>Nia Pure Nature&rsquo;s Beetroot Powder<\/strong> <\/em>est une source riche en vitamines, min\u00e9raux et compos\u00e9s v\u00e9g\u00e9taux puissants. Il en fait une v\u00e9ritable mine nutritionnelle. Les bienfaits de la poudre de betterave sont principalement dus aux quantit\u00e9s \u00e9lev\u00e9es de nitrates naturellement pr\u00e9sents. Notre poudre de betterave 100 % pure et biologique peut vous aider \u00e0 augmenter votre endurance et vos performances sportives. Elle peut \u00e9galement am\u00e9liorer significativement vos niveaux d&rsquo;endurance, favoriser la circulation sanguine optimale, promouvoir une peau \u00e9clatante de sant\u00e9, soutenir la sant\u00e9 cardiaque, \u00e9liminer les toxines, am\u00e9liorer la sant\u00e9 digestive et renforcer l&rsquo;immunit\u00e9.<\/p>\n<p>Notre poudre de betterave 100 % pure et biologique est remplie de nutriments puissants et offre un go\u00fbt irr\u00e9sistible. De qualit\u00e9 sup\u00e9rieure, la betterave de Nia Pure Nature est certifi\u00e9e biologique. Elle poss\u00e8de un go\u00fbt incroyable et se m\u00e9lange exceptionnellement bien.<\/p>\n<p><em><strong>Mode d&#8217;emploi :<\/strong><\/em><br \/>\nM\u00e9langez une portion (1 cuill\u00e8re \u00e0 caf\u00e9) (5 g) dans de l&rsquo;eau, des smoothies, des jus, des milk-shakes, des sauces, des soupes et des trempettes, ou saupoudrez-la sur vos aliments.<\/p>\n<p><em><strong>Ingr\u00e9dients :<\/strong><\/em><br \/>\nPoudre de betterave 100 % biologique.<\/p>\n","protected":false},"excerpt":{"rendered":"<p><strong>La poudre de betterave 100 % pure et biologique de Nia Pure Nature<\/strong> regorge de nutriments parmi les plus puissants, et elle est aussi irr\u00e9sistiblement d\u00e9licieuse. D&rsquo;une qualit\u00e9 exceptionnelle, la betterave de Nia Pure Nature est certifi\u00e9e biologique. Elle a un go\u00fbt incroyable et se m\u00e9lange exceptionnellement bien.<\/p>\n<ul>\n<li>200 g par contenant<\/li>\n<li>Aide \u00e0 augmenter l&rsquo;\u00e9nergie et l&rsquo;endurance<\/li>\n<li>Aide \u00e0 am\u00e9liorer l&rsquo;endurance athl\u00e9tique<\/li>\n<li>Promeut la sant\u00e9 cardiovasculaire<\/li>\n<li>Soutient une r\u00e9ponse naturelle et saine \u00e0 l&rsquo;inflammation<\/li>\n<li>Optimise l&rsquo;endurance et les performances athl\u00e9tiques<\/li>\n<li>Soutient la d\u00e9toxification<\/li>\n<li>Aide \u00e0 soulager la constipation<\/li>\n<li>Renforce l&rsquo;immunit\u00e9<\/li>\n<li>Soutient une gestion saine du poids<\/li>\n<li>V\u00e9g\u00e9talien et naturellement sans gluten<\/li>\n<li>Biologique<\/li>\n<li>Non-OGM<\/li>\n<\/ul>\n","protected":false},"featured_media":13188,"comment_status":"open","ping_status":"closed","template":"","meta":{"om_disable_all_campaigns":false,"_monsterinsights_skip_tracking":false,"_monsterinsights_sitenote_active":false,"_monsterinsights_sitenote_note":"","_monsterinsights_sitenote_category":0,"site-sidebar-layout":"default","site-content-layout":"default","ast-site-content-layout":"default","site-content-style":"default","site-sidebar-style":"default","ast-global-header-display":"","ast-banner-title-visibility":"","ast-main-header-display":"","ast-hfb-above-header-display":"","ast-hfb-below-header-display":"","ast-hfb-mobile-header-display":"","site-post-title":"","ast-breadcrumbs-content":"","ast-featured-img":"","footer-sml-layout":"","ast-disable-related-posts":"","theme-transparent-header-meta":"default","adv-header-id-meta":"","stick-header-meta":"","header-above-stick-meta":"","header-main-stick-meta":"","header-below-stick-meta":"","astra-migrate-meta-layouts":"default","ast-page-background-enabled":"default","ast-page-background-meta":{"desktop":{"background-color":"","background-image":"","background-repeat":"repeat","background-position":"center center","background-size":"auto","background-attachment":"scroll","background-type":"","background-media":"","overlay-type":"","overlay-color":"","overlay-opacity":"","overlay-gradient":""},"tablet":{"background-color":"","background-image":"","background-repeat":"repeat","background-position":"center center","background-size":"auto","background-attachment":"scroll","background-type":"","background-media":"","overlay-type":"","overlay-color":"","overlay-opacity":"","overlay-gradient":""},"mobile":{"background-color":"","background-image":"","background-repeat":"repeat","background-position":"center center","background-size":"auto","background-attachment":"scroll","background-type":"","background-media":"","overlay-type":"","overlay-color":"","overlay-opacity":"","overlay-gradient":""}},"ast-content-background-meta":{"desktop":{"background-color":"var(--ast-global-color-5)","background-image":"","background-repeat":"repeat","background-position":"center center","background-size":"auto","background-attachment":"scroll","background-type":"","background-media":"","overlay-type":"","overlay-color":"","overlay-opacity":"","overlay-gradient":""},"tablet":{"background-color":"var(--ast-global-color-5)","background-image":"","background-repeat":"repeat","background-position":"center center","background-size":"auto","background-attachment":"scroll","background-type":"","background-media":"","overlay-type":"","overlay-color":"","overlay-opacity":"","overlay-gradient":""},"mobile":{"background-color":"var(--ast-global-color-5)","background-image":"","background-repeat":"repeat","background-position":"center center","background-size":"auto","background-attachment":"scroll","background-type":"","background-media":"","overlay-type":"","overlay-color":"","overlay-opacity":"","overlay-gradient":""}}},"product_brand":[],"product_cat":[1211,1453,1402],"product_tag":[],"class_list":{"0":"post-5241","1":"product","2":"type-product","3":"status-publish","4":"has-post-thumbnail","6":"product_cat-super-aliment","7":"product_cat-superaliments-en-latte","8":"product_cat-supplements-naturels","9":"desktop-align-left","10":"tablet-align-left","11":"mobile-align-left","12":"ast-product-gallery-layout-vertical","13":"ast-product-tabs-layout-vertical","14":"ast-qv-on-image","16":"first","17":"instock","18":"taxable","19":"shipping-taxable","20":"purchasable","21":"product-type-simple"},"aioseo_notices":[],"jetpack-related-posts":[],"jetpack_sharing_enabled":true,"_links":{"self":[{"href":"https:\/\/niapurenature.com\/fr\/wp-json\/wp\/v2\/product\/5241","targetHints":{"allow":["GET"]}}],"collection":[{"href":"https:\/\/niapurenature.com\/fr\/wp-json\/wp\/v2\/product"}],"about":[{"href":"https:\/\/niapurenature.com\/fr\/wp-json\/wp\/v2\/types\/product"}],"replies":[{"embeddable":true,"href":"https:\/\/niapurenature.com\/fr\/wp-json\/wp\/v2\/comments?post=5241"}],"wp:featuredmedia":[{"embeddable":true,"href":"https:\/\/niapurenature.com\/fr\/wp-json\/wp\/v2\/media\/13188"}],"wp:attachment":[{"href":"https:\/\/niapurenature.com\/fr\/wp-json\/wp\/v2\/media?parent=5241"}],"wp:term":[{"taxonomy":"product_brand","embeddable":true,"href":"https:\/\/niapurenature.com\/fr\/wp-json\/wp\/v2\/product_brand?post=5241"},{"taxonomy":"product_cat","embeddable":true,"href":"https:\/\/niapurenature.com\/fr\/wp-json\/wp\/v2\/product_cat?post=5241"},{"taxonomy":"product_tag","embeddable":true,"href":"https:\/\/niapurenature.com\/fr\/wp-json\/wp\/v2\/product_tag?post=5241"}],"curies":[{"name":"wp","href":"https:\/\/api.w.org\/{rel}","templated":true}]}}