{"id":5484,"date":"2022-01-28T02:41:44","date_gmt":"2022-01-28T02:41:44","guid":{"rendered":"https:\/\/niapurenature.com\/?post_type=product&#038;p=5484"},"modified":"2023-06-06T12:09:46","modified_gmt":"2023-06-06T16:09:46","slug":"nouveau-poudre-de-feuilles-de-corossol-bio","status":"publish","type":"product","link":"https:\/\/niapurenature.com\/fr\/product\/nouveau-poudre-de-feuilles-de-corossol-bio","title":{"rendered":"Nouveau! Poudre de feuilles de Corossol Bio"},"content":{"rendered":"<h2>Description<\/h2>\n<p>La poudre de feuilles de soursop biologique Nia Pure est riche en antioxydants et en nombreux nutriments importants. Un th\u00e9 pr\u00e9par\u00e9 \u00e0 partir de cette poudre de feuilles peut avoir une action apaisante et calmante, mais aussi d&rsquo;autres bienfaits pour la sant\u00e9. Le soursop, \u00e9galement connu sous le nom de graviola ou de guanabana, est un arbre tropical appr\u00e9ci\u00e9 pour son fruit d\u00e9licieux et nutritif. Les feuilles ont \u00e9t\u00e9 utilis\u00e9es par de nombreuses cultures indig\u00e8nes et en m\u00e9decine traditionnelle depuis des si\u00e8cles.<\/p>\n<p>Les feuilles de soursop sont riches en fer et contiennent de nombreux antioxydants tels que des flavono\u00efdes, des phytost\u00e9rols et des tanins. Les antioxydants jouent un r\u00f4le dans votre sant\u00e9 globale et aident \u00e0 prot\u00e9ger contre divers probl\u00e8mes de sant\u00e9.<\/p>\n<p><em><strong>Mode d&#8217;emploi:<\/strong><\/em><br \/>\nM\u00e9langez 1\/4 de cuill\u00e8re \u00e0 caf\u00e9 de poudre de feuilles de soursop avec de l&rsquo;eau chaude ou une boisson de votre choix, ou selon les indications d&rsquo;un professionnel de la sant\u00e9. Conservez \u00e0 temp\u00e9rature ambiante.<\/p>\n<p><em><strong>Ingr\u00e9dients:<\/strong><\/em><br \/>\n100% de feuilles de soursop biologiques pures. Ces feuilles de graviola (soursop) sont lyophilis\u00e9es pour conserver les m\u00eames propri\u00e9t\u00e9s que les feuilles enti\u00e8res, elles n&rsquo;ont donc subi aucun traitement chimique ou thermique.<\/p>\n<p><em><strong>Attention:<\/strong><\/em> Le th\u00e9 pr\u00e9par\u00e9 \u00e0 partir des feuilles doit \u00eatre \u00e9vit\u00e9 pendant la grossesse. Ne pas prendre de th\u00e9 pendant de longues p\u00e9riodes et \u00e9viter l&rsquo;utilisation chez les jeunes enfants.<\/p>\n","protected":false},"excerpt":{"rendered":"<p><strong>La poudre de feuille de corossol biologique de Nia Pure<\/strong> est riche en antioxydants et en vitamine C. Elle aide \u00e0 enrichir votre alimentation quotidienne, renforce votre syst\u00e8me immunitaire et favorise votre sant\u00e9 globale. Vous pouvez en faire du th\u00e9, l&rsquo;ajouter \u00e0 votre jus pr\u00e9f\u00e9r\u00e9, \u00e0 vos smoothies ou \u00e0 vos plats.<\/p>\n<ul>\n<li>100 g par contenant<\/li>\n<li>100 % brut<\/li>\n<li>Riche en fer<\/li>\n<li>\u00c9lev\u00e9 en antioxydants<\/li>\n<li>Ne contient pas de sucres, d&rsquo;agents de remplissage, de produits laitiers ni d&rsquo;autres additifs<\/li>\n<li>V\u00e9g\u00e9talien et naturellement sans gluten<\/li>\n<li>Biologique<\/li>\n<li>Non-OGM<\/li>\n<\/ul>\n","protected":false},"featured_media":12772,"comment_status":"open","ping_status":"closed","template":"","meta":{"om_disable_all_campaigns":false,"_monsterinsights_skip_tracking":false,"_monsterinsights_sitenote_active":false,"_monsterinsights_sitenote_note":"","_monsterinsights_sitenote_category":0,"site-sidebar-layout":"default","site-content-layout":"default","ast-site-content-layout":"default","site-content-style":"default","site-sidebar-style":"default","ast-global-header-display":"","ast-banner-title-visibility":"","ast-main-header-display":"","ast-hfb-above-header-display":"","ast-hfb-below-header-display":"","ast-hfb-mobile-header-display":"","site-post-title":"","ast-breadcrumbs-content":"","ast-featured-img":"","footer-sml-layout":"","ast-disable-related-posts":"","theme-transparent-header-meta":"default","adv-header-id-meta":"","stick-header-meta":"","header-above-stick-meta":"","header-main-stick-meta":"","header-below-stick-meta":"","astra-migrate-meta-layouts":"default","ast-page-background-enabled":"default","ast-page-background-meta":{"desktop":{"background-color":"","background-image":"","background-repeat":"repeat","background-position":"center center","background-size":"auto","background-attachment":"scroll","background-type":"","background-media":"","overlay-type":"","overlay-color":"","overlay-opacity":"","overlay-gradient":""},"tablet":{"background-color":"","background-image":"","background-repeat":"repeat","background-position":"center center","background-size":"auto","background-attachment":"scroll","background-type":"","background-media":"","overlay-type":"","overlay-color":"","overlay-opacity":"","overlay-gradient":""},"mobile":{"background-color":"","background-image":"","background-repeat":"repeat","background-position":"center center","background-size":"auto","background-attachment":"scroll","background-type":"","background-media":"","overlay-type":"","overlay-color":"","overlay-opacity":"","overlay-gradient":""}},"ast-content-background-meta":{"desktop":{"background-color":"var(--ast-global-color-5)","background-image":"","background-repeat":"repeat","background-position":"center center","background-size":"auto","background-attachment":"scroll","background-type":"","background-media":"","overlay-type":"","overlay-color":"","overlay-opacity":"","overlay-gradient":""},"tablet":{"background-color":"var(--ast-global-color-5)","background-image":"","background-repeat":"repeat","background-position":"center center","background-size":"auto","background-attachment":"scroll","background-type":"","background-media":"","overlay-type":"","overlay-color":"","overlay-opacity":"","overlay-gradient":""},"mobile":{"background-color":"var(--ast-global-color-5)","background-image":"","background-repeat":"repeat","background-position":"center center","background-size":"auto","background-attachment":"scroll","background-type":"","background-media":"","overlay-type":"","overlay-color":"","overlay-opacity":"","overlay-gradient":""}}},"product_brand":[],"product_cat":[1204,1453,1402],"product_tag":[],"class_list":{"0":"post-5484","1":"product","2":"type-product","3":"status-publish","4":"has-post-thumbnail","6":"product_cat-antioxydant","7":"product_cat-superaliments-en-latte","8":"product_cat-supplements-naturels","9":"desktop-align-left","10":"tablet-align-left","11":"mobile-align-left","12":"ast-product-gallery-layout-vertical","13":"ast-product-tabs-layout-vertical","14":"ast-qv-on-image","16":"first","17":"instock","18":"taxable","19":"shipping-taxable","20":"purchasable","21":"product-type-simple"},"aioseo_notices":[],"jetpack-related-posts":[],"jetpack_sharing_enabled":true,"_links":{"self":[{"href":"https:\/\/niapurenature.com\/fr\/wp-json\/wp\/v2\/product\/5484","targetHints":{"allow":["GET"]}}],"collection":[{"href":"https:\/\/niapurenature.com\/fr\/wp-json\/wp\/v2\/product"}],"about":[{"href":"https:\/\/niapurenature.com\/fr\/wp-json\/wp\/v2\/types\/product"}],"replies":[{"embeddable":true,"href":"https:\/\/niapurenature.com\/fr\/wp-json\/wp\/v2\/comments?post=5484"}],"wp:featuredmedia":[{"embeddable":true,"href":"https:\/\/niapurenature.com\/fr\/wp-json\/wp\/v2\/media\/12772"}],"wp:attachment":[{"href":"https:\/\/niapurenature.com\/fr\/wp-json\/wp\/v2\/media?parent=5484"}],"wp:term":[{"taxonomy":"product_brand","embeddable":true,"href":"https:\/\/niapurenature.com\/fr\/wp-json\/wp\/v2\/product_brand?post=5484"},{"taxonomy":"product_cat","embeddable":true,"href":"https:\/\/niapurenature.com\/fr\/wp-json\/wp\/v2\/product_cat?post=5484"},{"taxonomy":"product_tag","embeddable":true,"href":"https:\/\/niapurenature.com\/fr\/wp-json\/wp\/v2\/product_tag?post=5484"}],"curies":[{"name":"wp","href":"https:\/\/api.w.org\/{rel}","templated":true}]}}