{"id":5497,"date":"2022-02-02T22:05:51","date_gmt":"2022-02-02T22:05:51","guid":{"rendered":"https:\/\/niapurenature.com\/?post_type=product&#038;p=5497"},"modified":"2025-10-24T11:07:30","modified_gmt":"2025-10-24T15:07:30","slug":"nia-pure-max-power-copy","status":"publish","type":"product","link":"https:\/\/niapurenature.com\/fr\/product\/nia-pure-max-power-copy","title":{"rendered":"Nia Pure MAX POWER"},"content":{"rendered":"<h2>Description :<\/h2>\n<p>Le d\u00e9licieux Max Power Latte de Nia Pure Nature soutient les fonctions physiologiques du corps, aide \u00e0 renforcer le syst\u00e8me immunitaire, stimule l&rsquo;\u00e9nergie et favorise les fonctions cognitives, contribuant ainsi \u00e0 r\u00e9duire le stress et les sautes d&rsquo;humeur.<\/p>\n<p><em><strong>Mode d&#8217;emploi :<\/strong><\/em><br \/>\nM\u00e9langez 1\/2 cuill\u00e8re \u00e0 caf\u00e9 (5 g) dans 1 tasse (250 ml) d&rsquo;eau, de jus ou d&rsquo;un smoothie deux fois par jour.<\/p>\n<p><em><strong>Ingr\u00e9dients :<\/strong><\/em><br \/>\nCurcuma et Haritaki, Amla indienne, Moringa, Gotu kola et Ashwagandha, Triglyc\u00e9rides \u00e0 cha\u00eene moyenne (TCM), Poivre noir et cacao.<\/p>\n","protected":false},"excerpt":{"rendered":"<p><strong>MAX POWER de Nia Pure<\/strong> est une combinaison avanc\u00e9e et unique d&rsquo;ingr\u00e9dients con\u00e7ue pour vous aider \u00e0 retrouver et \u00e0 maintenir votre \u00e9nergie tout en r\u00e9duisant le stress et en vous offrant un \u00e9tat optimal de concentration pour accomplir toutes les t\u00e2ches de la journ\u00e9e. Performez au meilleur de vos capacit\u00e9s avec ce m\u00e9lange d\u00e9licieux et biologique d&rsquo;ingr\u00e9dients!<\/p>\n<ul>\n<li>200 g par contenant<\/li>\n<li>R\u00e9duit les niveaux de cortisol<\/li>\n<li>Am\u00e9liore les fonctions cognitives<\/li>\n<li>Augmente l&rsquo;\u00e9nergie<\/li>\n<li>Accro\u00eet la concentration<\/li>\n<li>Contribue \u00e0 am\u00e9liorer la libido<\/li>\n<li>Favorise la r\u00e9cup\u00e9ration<\/li>\n<li>Renforce le syst\u00e8me immunitaire du corps<\/li>\n<li>V\u00e9g\u00e9talien et naturellement sans gluten<\/li>\n<li>Biologique<\/li>\n<li>Non-OGM<\/li>\n<\/ul>\n","protected":false},"featured_media":5481,"comment_status":"open","ping_status":"closed","template":"","meta":{"om_disable_all_campaigns":false,"_monsterinsights_skip_tracking":false,"_monsterinsights_sitenote_active":false,"_monsterinsights_sitenote_note":"","_monsterinsights_sitenote_category":0,"site-sidebar-layout":"default","site-content-layout":"default","ast-site-content-layout":"default","site-content-style":"default","site-sidebar-style":"default","ast-global-header-display":"","ast-banner-title-visibility":"","ast-main-header-display":"","ast-hfb-above-header-display":"","ast-hfb-below-header-display":"","ast-hfb-mobile-header-display":"","site-post-title":"","ast-breadcrumbs-content":"","ast-featured-img":"","footer-sml-layout":"","ast-disable-related-posts":"","theme-transparent-header-meta":"default","adv-header-id-meta":"","stick-header-meta":"","header-above-stick-meta":"","header-main-stick-meta":"","header-below-stick-meta":"","astra-migrate-meta-layouts":"default","ast-page-background-enabled":"default","ast-page-background-meta":{"desktop":{"background-color":"","background-image":"","background-repeat":"repeat","background-position":"center center","background-size":"auto","background-attachment":"scroll","background-type":"","background-media":"","overlay-type":"","overlay-color":"","overlay-opacity":"","overlay-gradient":""},"tablet":{"background-color":"","background-image":"","background-repeat":"repeat","background-position":"center center","background-size":"auto","background-attachment":"scroll","background-type":"","background-media":"","overlay-type":"","overlay-color":"","overlay-opacity":"","overlay-gradient":""},"mobile":{"background-color":"","background-image":"","background-repeat":"repeat","background-position":"center center","background-size":"auto","background-attachment":"scroll","background-type":"","background-media":"","overlay-type":"","overlay-color":"","overlay-opacity":"","overlay-gradient":""}},"ast-content-background-meta":{"desktop":{"background-color":"var(--ast-global-color-5)","background-image":"","background-repeat":"repeat","background-position":"center center","background-size":"auto","background-attachment":"scroll","background-type":"","background-media":"","overlay-type":"","overlay-color":"","overlay-opacity":"","overlay-gradient":""},"tablet":{"background-color":"var(--ast-global-color-5)","background-image":"","background-repeat":"repeat","background-position":"center center","background-size":"auto","background-attachment":"scroll","background-type":"","background-media":"","overlay-type":"","overlay-color":"","overlay-opacity":"","overlay-gradient":""},"mobile":{"background-color":"var(--ast-global-color-5)","background-image":"","background-repeat":"repeat","background-position":"center center","background-size":"auto","background-attachment":"scroll","background-type":"","background-media":"","overlay-type":"","overlay-color":"","overlay-opacity":"","overlay-gradient":""}}},"product_brand":[],"product_cat":[1204,1455,1451,1211,1453,1402],"product_tag":[141,142,145,146,138,128],"class_list":{"0":"post-5497","1":"product","2":"type-product","3":"status-publish","4":"has-post-thumbnail","6":"product_cat-antioxydant","7":"product_cat-ensembles-de-produits","8":"product_cat-sante-des-hommes","9":"product_cat-super-aliment","10":"product_cat-superaliments-en-latte","11":"product_cat-supplements-naturels","12":"product_tag-amla-fr","13":"product_tag-energy-fr","14":"product_tag-indian-gooseberry-fr","15":"product_tag-moringa-fr","16":"product_tag-organic-fr","17":"product_tag-superfood-fr","18":"desktop-align-left","19":"tablet-align-left","20":"mobile-align-left","21":"ast-product-gallery-layout-vertical","22":"ast-product-tabs-layout-vertical","23":"ast-qv-on-image","25":"first","26":"instock","27":"sale","28":"taxable","29":"shipping-taxable","30":"purchasable","31":"product-type-simple"},"aioseo_notices":[],"jetpack-related-posts":[],"jetpack_sharing_enabled":true,"_links":{"self":[{"href":"https:\/\/niapurenature.com\/fr\/wp-json\/wp\/v2\/product\/5497","targetHints":{"allow":["GET"]}}],"collection":[{"href":"https:\/\/niapurenature.com\/fr\/wp-json\/wp\/v2\/product"}],"about":[{"href":"https:\/\/niapurenature.com\/fr\/wp-json\/wp\/v2\/types\/product"}],"replies":[{"embeddable":true,"href":"https:\/\/niapurenature.com\/fr\/wp-json\/wp\/v2\/comments?post=5497"}],"wp:featuredmedia":[{"embeddable":true,"href":"https:\/\/niapurenature.com\/fr\/wp-json\/wp\/v2\/media\/5481"}],"wp:attachment":[{"href":"https:\/\/niapurenature.com\/fr\/wp-json\/wp\/v2\/media?parent=5497"}],"wp:term":[{"taxonomy":"product_brand","embeddable":true,"href":"https:\/\/niapurenature.com\/fr\/wp-json\/wp\/v2\/product_brand?post=5497"},{"taxonomy":"product_cat","embeddable":true,"href":"https:\/\/niapurenature.com\/fr\/wp-json\/wp\/v2\/product_cat?post=5497"},{"taxonomy":"product_tag","embeddable":true,"href":"https:\/\/niapurenature.com\/fr\/wp-json\/wp\/v2\/product_tag?post=5497"}],"curies":[{"name":"wp","href":"https:\/\/api.w.org\/{rel}","templated":true}]}}