{"id":7313,"date":"2023-02-13T16:41:37","date_gmt":"2023-02-14T06:46:29","guid":{"rendered":"https:\/\/niapurenature.com\/?post_type=product&#038;p=7313"},"modified":"2024-05-08T14:08:32","modified_gmt":"2024-05-08T18:08:32","slug":"nouveau-latte-woman-up","status":"publish","type":"product","link":"https:\/\/niapurenature.com\/fr\/product\/nouveau-latte-woman-up","title":{"rendered":"Nouveau! Latt\u00e9 Woman Up"},"content":{"rendered":"<h2>Description<\/h2>\n<p>Le latt\u00e9 Woman Up de Nia Pure Nature est formul\u00e9 pour offrir une concoction synergique d&rsquo;ingr\u00e9dients 100% naturels et adaptog\u00e8nes. Ce m\u00e9lange tonique convient \u00e0 toutes les femmes et \u00e0 toutes les \u00e9tapes de leur vie. Nia Pure\u2019s Woman Up est formul\u00e9 pour offrir la concoction synergique 100% naturelle la plus puissante, un tonique revitalisant pour les femmes \u00e0 toutes les \u00e9tapes de leur vie. Ce d\u00e9licieux Latte est une combinaison \u00e9prouv\u00e9e de botaniques purs que nous avons assembl\u00e9s pour aider \u00e0 augmenter votre ENDURANCE, VITALIT\u00c9, et \u00e9quilibre interne.<\/p>\n<ul>\n<li><strong>M\u00e9lange Dynamisant <\/strong> :Le latte Woman Up de Nia Pure Nature est con\u00e7u pour soutenir la vitalit\u00e9 et le bien-\u00eatre f\u00e9minins, combinant la sagesse ancienne de l&rsquo;Ayurveda avec des ingr\u00e9dients biologiques.<\/li>\n<li><strong>Adaptog\u00e8nes Cl\u00e9s<\/strong> : Contient de l&rsquo;Organic Shatavari et de l&rsquo;Organic Ashwagandha, reconnus pour promouvoir l&rsquo;\u00e9quilibre hormonal et am\u00e9liorer la vitalit\u00e9.<\/li>\n<li><strong>Boost d&rsquo;\u00c9nergie<\/strong> : Contient du fruit de Tribulus biologique, connu pour ses propri\u00e9t\u00e9s de renforcement de la vitalit\u00e9.<\/li>\n<li><strong>Cr\u00e9meux et Savoureux<\/strong> : Infus\u00e9 avec du lait de coco biologique pour une texture douce et cr\u00e9meuse et un soup\u00e7on de saveur tropicale.<\/li>\n<li><strong>\u00c9pic\u00e9 \u00e0 la Perfection<\/strong> : Enrichi avec de l&rsquo;Organic Nutmeg Fruit, de l&rsquo;Organic Cardamom Fruit, et de l&rsquo;Organic Ceylon Cinnamon Bark pour une \u00e9pice chaude et accueillante.<\/li>\n<li><strong>Riche en Antioxydants<\/strong> : Contient de la betterave biologique et de la fleur d&rsquo;hibiscus biologique, ajoutant une couleur vibrante et des bienfaits antioxydants.<\/li>\n<li><strong>Plaisir Polyvalent<\/strong> : Parfait pour commencer votre journ\u00e9e, comme remontant en milieu d&rsquo;apr\u00e8s-midi ou comme traitement relaxant en soir\u00e9e, transformant chaque gorg\u00e9e en une c\u00e9l\u00e9bration de la sant\u00e9 et de l&rsquo;autonomisation f\u00e9minine.<\/li>\n<\/ul>\n<p><strong>Mode d&#8217;emploi :<\/strong><\/p>\n<p>Ajoutez une cuill\u00e8re \u00e0 caf\u00e9 du m\u00e9lange de latte Woman Up dans votre tasse pr\u00e9f\u00e9r\u00e9e. Chauffez environ 250 ml (environ 1 tasse) de votre lait ou eau pr\u00e9f\u00e9r\u00e9. Pour un latte plus cr\u00e9meux, utilisez une vari\u00e9t\u00e9 de lait comme l&rsquo;amande, la noix de coco, ou le laitier. Versez le liquide chaud dans la tasse avec le m\u00e9lange de latte. Remuez bien jusqu&rsquo;\u00e0 ce que le m\u00e9lange de latte soit compl\u00e8tement dissous. Pour une texture plus lisse, vous pouvez utiliser un mousseur ou mixer bri\u00e8vement. Si vous pr\u00e9f\u00e9rez votre latte froid, ajoutez une poign\u00e9e de gla\u00e7ons dans le mixeur et pulsez jusqu&rsquo;\u00e0 la consistance d\u00e9sir\u00e9e, ou versez simplement le latte m\u00e9lang\u00e9 sur des gla\u00e7ons dans un verre.<\/p>\n<p>Bonne d\u00e9gustation!<\/p>\n<p><em><strong>Ingr\u00e9dients:<br \/>\n<\/strong><\/em>Shatavari bio, Tribulus bio, Lait de coco bio, Racine d&rsquo;ashwagandha bio, Noix de muscade bio, Sucre de palme bio, Betterave bio, Fleur d&rsquo;hibiscus biologique, fruit de cardamome biologique et \u00e9corce de cannelle de Ceylan biologique.<\/p>\n","protected":false},"excerpt":{"rendered":"<p><strong>Woman Up<\/strong> contient des vitamines et des min\u00e9raux essentiels qui soutiennent la sant\u00e9 des femmes. Ce suppl\u00e9ment est une solution tout-en-un pour les femmes qui souhaitent prendre le contr\u00f4le de leur sant\u00e9 et se sentir au mieux de leur forme.<\/p>\n<ul>\n<li>Favorise l&rsquo;endurance et la vitalit\u00e9<\/li>\n<li>Aide \u00e0 favoriser une r\u00e9gulation hormonale saine<\/li>\n<li>Soutient le m\u00e9tabolisme et l&rsquo;endurance<\/li>\n<li>Aide \u00e0 am\u00e9liorer la concentration et la m\u00e9moire<\/li>\n<li>Aide \u00e0 soulager le stress et l&rsquo;anxi\u00e9t\u00e9<\/li>\n<li>V\u00e9g\u00e9talien et naturellement sans gluten<\/li>\n<li>Biologique<\/li>\n<li>Non-OGM<\/li>\n<\/ul>\n","protected":false},"featured_media":7271,"comment_status":"open","ping_status":"closed","template":"","meta":{"om_disable_all_campaigns":false,"_monsterinsights_skip_tracking":false,"_monsterinsights_sitenote_active":false,"_monsterinsights_sitenote_note":"","_monsterinsights_sitenote_category":0,"site-sidebar-layout":"default","site-content-layout":"default","ast-site-content-layout":"default","site-content-style":"default","site-sidebar-style":"default","ast-global-header-display":"","ast-banner-title-visibility":"","ast-main-header-display":"","ast-hfb-above-header-display":"","ast-hfb-below-header-display":"","ast-hfb-mobile-header-display":"","site-post-title":"","ast-breadcrumbs-content":"","ast-featured-img":"","footer-sml-layout":"","ast-disable-related-posts":"","theme-transparent-header-meta":"default","adv-header-id-meta":"","stick-header-meta":"","header-above-stick-meta":"","header-main-stick-meta":"","header-below-stick-meta":"","astra-migrate-meta-layouts":"set","ast-page-background-enabled":"default","ast-page-background-meta":{"desktop":{"background-color":"","background-image":"","background-repeat":"repeat","background-position":"center center","background-size":"auto","background-attachment":"scroll","background-type":"","background-media":"","overlay-type":"","overlay-color":"","overlay-opacity":"","overlay-gradient":""},"tablet":{"background-color":"","background-image":"","background-repeat":"repeat","background-position":"center center","background-size":"auto","background-attachment":"scroll","background-type":"","background-media":"","overlay-type":"","overlay-color":"","overlay-opacity":"","overlay-gradient":""},"mobile":{"background-color":"","background-image":"","background-repeat":"repeat","background-position":"center center","background-size":"auto","background-attachment":"scroll","background-type":"","background-media":"","overlay-type":"","overlay-color":"","overlay-opacity":"","overlay-gradient":""}},"ast-content-background-meta":{"desktop":{"background-color":"var(--ast-global-color-5)","background-image":"","background-repeat":"repeat","background-position":"center center","background-size":"auto","background-attachment":"scroll","background-type":"","background-media":"","overlay-type":"","overlay-color":"","overlay-opacity":"","overlay-gradient":""},"tablet":{"background-color":"var(--ast-global-color-5)","background-image":"","background-repeat":"repeat","background-position":"center center","background-size":"auto","background-attachment":"scroll","background-type":"","background-media":"","overlay-type":"","overlay-color":"","overlay-opacity":"","overlay-gradient":""},"mobile":{"background-color":"var(--ast-global-color-5)","background-image":"","background-repeat":"repeat","background-position":"center center","background-size":"auto","background-attachment":"scroll","background-type":"","background-media":"","overlay-type":"","overlay-color":"","overlay-opacity":"","overlay-gradient":""}}},"product_brand":[],"product_cat":[1452,1453,1402],"product_tag":[],"class_list":{"0":"post-7313","1":"product","2":"type-product","3":"status-publish","4":"has-post-thumbnail","6":"product_cat-sante-des-femmes","7":"product_cat-superaliments-en-latte","8":"product_cat-supplements-naturels","9":"desktop-align-left","10":"tablet-align-left","11":"mobile-align-left","12":"ast-product-gallery-layout-vertical","13":"ast-product-tabs-layout-vertical","14":"ast-qv-on-image","16":"first","17":"instock","18":"taxable","19":"shipping-taxable","20":"purchasable","21":"product-type-simple"},"aioseo_notices":[],"jetpack-related-posts":[],"jetpack_sharing_enabled":true,"_links":{"self":[{"href":"https:\/\/niapurenature.com\/fr\/wp-json\/wp\/v2\/product\/7313","targetHints":{"allow":["GET"]}}],"collection":[{"href":"https:\/\/niapurenature.com\/fr\/wp-json\/wp\/v2\/product"}],"about":[{"href":"https:\/\/niapurenature.com\/fr\/wp-json\/wp\/v2\/types\/product"}],"replies":[{"embeddable":true,"href":"https:\/\/niapurenature.com\/fr\/wp-json\/wp\/v2\/comments?post=7313"}],"wp:featuredmedia":[{"embeddable":true,"href":"https:\/\/niapurenature.com\/fr\/wp-json\/wp\/v2\/media\/7271"}],"wp:attachment":[{"href":"https:\/\/niapurenature.com\/fr\/wp-json\/wp\/v2\/media?parent=7313"}],"wp:term":[{"taxonomy":"product_brand","embeddable":true,"href":"https:\/\/niapurenature.com\/fr\/wp-json\/wp\/v2\/product_brand?post=7313"},{"taxonomy":"product_cat","embeddable":true,"href":"https:\/\/niapurenature.com\/fr\/wp-json\/wp\/v2\/product_cat?post=7313"},{"taxonomy":"product_tag","embeddable":true,"href":"https:\/\/niapurenature.com\/fr\/wp-json\/wp\/v2\/product_tag?post=7313"}],"curies":[{"name":"wp","href":"https:\/\/api.w.org\/{rel}","templated":true}]}}